{"id":27973,"date":"2024-06-11T21:50:05","date_gmt":"2024-06-11T21:50:05","guid":{"rendered":"https:\/\/strippercollection.com\/stripteaseurs-madrid-evjf-ricky\/"},"modified":"2025-11-06T10:51:48","modified_gmt":"2025-11-06T10:51:48","slug":"stripteaseurs-madrid-evjf-ricky","status":"publish","type":"page","link":"https:\/\/strippercollection.com\/fr\/stripteaseurs-madrid-evjf-ricky\/","title":{"rendered":"Stripteaseurs Madrid EVJF Ricky"},"content":{"rendered":"\t\t<div data-elementor-type=\"wp-page\" data-elementor-id=\"27973\" class=\"elementor elementor-27973 elementor-27881\" data-elementor-post-type=\"page\">\n\t\t\t\t\t\t<section class=\"elementor-section elementor-top-section elementor-element elementor-element-1e3f94b cabeceraweb elementor-section-boxed elementor-section-height-default elementor-section-height-default\" data-id=\"1e3f94b\" data-element_type=\"section\" data-e-type=\"section\">\n\t\t\t\t\t\t<div class=\"elementor-container elementor-column-gap-default\">\n\t\t\t\t\t<div class=\"elementor-column elementor-col-100 elementor-top-column elementor-element elementor-element-229c4ad\" data-id=\"229c4ad\" data-element_type=\"column\" data-e-type=\"column\">\n\t\t\t<div class=\"elementor-widget-wrap elementor-element-populated\">\n\t\t\t\t\t\t<div class=\"elementor-element elementor-element-92ce577 elementor-widget elementor-widget-heading\" data-id=\"92ce577\" data-element_type=\"widget\" data-e-type=\"widget\" data-widget_type=\"heading.default\">\n\t\t\t\t\t<h1 class=\"elementor-heading-title elementor-size-default\">RICKY<\/h1>\t\t\t\t<\/div>\n\t\t\t\t\t<\/div>\n\t\t<\/div>\n\t\t\t\t\t<\/div>\n\t\t<\/section>\n\t\t\t\t<section class=\"elementor-section elementor-top-section elementor-element elementor-element-b281dea elementor-section-stretched elementor-section-boxed elementor-section-height-default elementor-section-height-default\" data-id=\"b281dea\" data-element_type=\"section\" data-e-type=\"section\" data-settings=\"{&quot;stretch_section&quot;:&quot;section-stretched&quot;,&quot;background_background&quot;:&quot;classic&quot;}\">\n\t\t\t\t\t\t<div class=\"elementor-container elementor-column-gap-default\">\n\t\t\t\t\t<div class=\"elementor-column elementor-col-100 elementor-top-column elementor-element elementor-element-df78b06\" data-id=\"df78b06\" data-element_type=\"column\" data-e-type=\"column\">\n\t\t\t<div class=\"elementor-widget-wrap elementor-element-populated\">\n\t\t\t\t\t\t<div class=\"elementor-element elementor-element-d598437 elementor-pagination-position-outside elementor-widget elementor-widget-image-carousel\" data-id=\"d598437\" data-element_type=\"widget\" data-e-type=\"widget\" data-settings=\"{&quot;slides_to_show&quot;:&quot;3&quot;,&quot;slides_to_scroll&quot;:&quot;3&quot;,&quot;navigation&quot;:&quot;dots&quot;,&quot;autoplay&quot;:&quot;no&quot;,&quot;slides_to_show_mobile&quot;:&quot;1&quot;,&quot;infinite&quot;:&quot;no&quot;,&quot;speed&quot;:500}\" data-widget_type=\"image-carousel.default\">\n\t\t\t\t\t\t\t<div class=\"elementor-image-carousel-wrapper swiper\" role=\"region\" aria-roledescription=\"carousel\" aria-label=\"Carrusel de im\u00e1genes\" dir=\"ltr\">\n\t\t\t<div class=\"elementor-image-carousel swiper-wrapper\" aria-live=\"polite\">\n\t\t\t\t\t\t\t\t<div class=\"swiper-slide\" role=\"group\" aria-roledescription=\"slide\" aria-label=\"1 sur 4\"><a data-elementor-open-lightbox=\"yes\" data-elementor-lightbox-slideshow=\"d598437\" data-e-action-hash=\"#elementor-action%3Aaction%3Dlightbox%26settings%3DeyJpZCI6Mjc4OTgsInVybCI6Imh0dHBzOlwvXC9zdHJpcHBlcmNvbGxlY3Rpb24uY29tXC93cC1jb250ZW50XC91cGxvYWRzXC8yMDI0XC8wNlwvMTcxODE0MjAyOTI3Ny5qcGciLCJzbGlkZXNob3ciOiJkNTk4NDM3In0%3D\" href=\"https:\/\/strippercollection.com\/wp-content\/uploads\/2024\/06\/1718142029277.jpg\"><figure class=\"swiper-slide-inner\"><img decoding=\"async\" class=\"swiper-slide-image\" src=\"https:\/\/strippercollection.com\/wp-content\/uploads\/elementor\/thumbs\/1718142029277-r5cbmiii29qkr5hy94yosnmk4n771myomd6sf2srd4.jpg\" alt=\"B\" \/><\/figure><\/a><\/div><div class=\"swiper-slide\" role=\"group\" aria-roledescription=\"slide\" aria-label=\"2 sur 4\"><a data-elementor-open-lightbox=\"yes\" data-elementor-lightbox-slideshow=\"d598437\" data-e-action-hash=\"#elementor-action%3Aaction%3Dlightbox%26settings%3DeyJpZCI6Mjc4OTAsInVybCI6Imh0dHBzOlwvXC9zdHJpcHBlcmNvbGxlY3Rpb24uY29tXC93cC1jb250ZW50XC91cGxvYWRzXC8yMDI0XC8wNlwvMTcxODE0MjAyOTI0NS5qcGciLCJzbGlkZXNob3ciOiJkNTk4NDM3In0%3D\" href=\"https:\/\/strippercollection.com\/wp-content\/uploads\/2024\/06\/1718142029245.jpg\"><figure class=\"swiper-slide-inner\"><img decoding=\"async\" class=\"swiper-slide-image\" src=\"https:\/\/strippercollection.com\/wp-content\/uploads\/elementor\/thumbs\/1718142029245-r5cbmgmtolo03xkok45fno3mxvggm8r7y3vtgivjpk.jpg\" alt=\"Boys en Tetuan despedidas\" \/><\/figure><\/a><\/div><div class=\"swiper-slide\" role=\"group\" aria-roledescription=\"slide\" aria-label=\"3 sur 4\"><a data-elementor-open-lightbox=\"yes\" data-elementor-lightbox-slideshow=\"d598437\" data-e-action-hash=\"#elementor-action%3Aaction%3Dlightbox%26settings%3DeyJpZCI6Mjc4ODYsInVybCI6Imh0dHBzOlwvXC9zdHJpcHBlcmNvbGxlY3Rpb24uY29tXC93cC1jb250ZW50XC91cGxvYWRzXC8yMDI0XC8wNlwvMTcxODE0MjAyOTIzMS5qcGciLCJzbGlkZXNob3ciOiJkNTk4NDM3In0%3D\" href=\"https:\/\/strippercollection.com\/wp-content\/uploads\/2024\/06\/1718142029231.jpg\"><figure class=\"swiper-slide-inner\"><img decoding=\"async\" class=\"swiper-slide-image\" src=\"https:\/\/strippercollection.com\/wp-content\/uploads\/elementor\/thumbs\/1718142029231-r5cbmfozhrmpsbm1plqt36c6chl3ejnhlz8bz8wxvs.jpg\" alt=\"Boys en Alcala de henares\" \/><\/figure><\/a><\/div><div class=\"swiper-slide\" role=\"group\" aria-roledescription=\"slide\" aria-label=\"4 sur 4\"><a data-elementor-open-lightbox=\"yes\" data-elementor-lightbox-slideshow=\"d598437\" data-e-action-hash=\"#elementor-action%3Aaction%3Dlightbox%26settings%3DeyJpZCI6Mjc4OTQsInVybCI6Imh0dHBzOlwvXC9zdHJpcHBlcmNvbGxlY3Rpb24uY29tXC93cC1jb250ZW50XC91cGxvYWRzXC8yMDI0XC8wNlwvMTcxODE0MjAyOTI1OS5qcGciLCJzbGlkZXNob3ciOiJkNTk4NDM3In0%3D\" href=\"https:\/\/strippercollection.com\/wp-content\/uploads\/2024\/06\/1718142029259.jpg\"><figure class=\"swiper-slide-inner\"><img decoding=\"async\" class=\"swiper-slide-image\" src=\"https:\/\/strippercollection.com\/wp-content\/uploads\/elementor\/thumbs\/1718142029259-r5cbmhknvfpafjjbemk285v3j9bttxuya8jaxsu5jc.jpg\" alt=\"1718142029259\" \/><\/figure><\/a><\/div>\t\t\t<\/div>\n\t\t\t\t\t\t\t\n\t\t\t\t\t\t\t\t\t<div class=\"swiper-pagination\"><\/div>\n\t\t\t\t\t\t\t\t\t<\/div>\n\t\t\t\t\t\t<\/div>\n\t\t\t\t\t<\/div>\n\t\t<\/div>\n\t\t\t\t\t<\/div>\n\t\t<\/section>\n\t\t\t\t<section class=\"elementor-section elementor-top-section elementor-element elementor-element-a2b2509 elementor-section-boxed elementor-section-height-default elementor-section-height-default\" data-id=\"a2b2509\" data-element_type=\"section\" data-e-type=\"section\">\n\t\t\t\t\t\t<div class=\"elementor-container elementor-column-gap-default\">\n\t\t\t\t\t<div class=\"elementor-column elementor-col-100 elementor-top-column elementor-element elementor-element-47e35fc\" data-id=\"47e35fc\" data-element_type=\"column\" data-e-type=\"column\">\n\t\t\t<div class=\"elementor-widget-wrap elementor-element-populated\">\n\t\t\t\t\t\t<div class=\"elementor-element elementor-element-305c67a elementor-widget elementor-widget-text-editor\" data-id=\"305c67a\" data-element_type=\"widget\" data-e-type=\"widget\" data-widget_type=\"text-editor.default\">\n\t\t\t\t\t\t\t\t\t<h2><span style=\"text-decoration: underline;\"><span style=\"color: #000000; text-decoration: underline;\">RICKY<\/span><\/span><\/h2>\n<h4><span style=\"color: #000000;\">La dur\u00e9e du spectacle de l&rsquo;artiste est de 15 \u00e0 20 minutes. Apr\u00e8s le spectacle, le stripteaseur reste g\u00e9n\u00e9ralement avec vous pendant un certain temps pour que vous puissiez prendre des photos avec lui.<\/span><\/h4>\n<h2><span style=\"color: #000000;\"><u>VESTIAIRES DE SPECTACLE<\/u><\/span><\/h2>\n<h4>Policier<\/h4>\n<h4><span style=\"color: #000000;\">Sexy Butler<\/span><\/h4>\n<h4><span style=\"color: #000000;\">Gentleman<\/span><\/h4>\n<h4> <\/h4>\n<h4 style=\"text-align: center;\"> <\/h4>\n\t\t\t\t\t\t\t\t<\/div>\n\t\t\t\t\t<\/div>\n\t\t<\/div>\n\t\t\t\t\t<\/div>\n\t\t<\/section>\n\t\t\t\t<section class=\"elementor-section elementor-top-section elementor-element elementor-element-f25e37a elementor-section-boxed elementor-section-height-default elementor-section-height-default\" data-id=\"f25e37a\" data-element_type=\"section\" data-e-type=\"section\" data-settings=\"{&quot;background_background&quot;:&quot;classic&quot;}\">\n\t\t\t\t\t\t<div class=\"elementor-container elementor-column-gap-default\">\n\t\t\t\t\t<div class=\"elementor-column elementor-col-100 elementor-top-column elementor-element elementor-element-55bc4e2\" data-id=\"55bc4e2\" data-element_type=\"column\" data-e-type=\"column\">\n\t\t\t<div class=\"elementor-widget-wrap elementor-element-populated\">\n\t\t\t\t\t\t<div class=\"elementor-element elementor-element-34cfe12 elementor-align-center elementor-widget elementor-widget-button\" data-id=\"34cfe12\" data-element_type=\"widget\" data-e-type=\"widget\" data-widget_type=\"button.default\">\n\t\t\t\t\t\t\t\t\t\t<a class=\"elementor-button elementor-button-link elementor-size-md\" href=\"https:\/\/strippercollection.com\/fr\/stripteaseurs-madrid-evjf\/\">\n\t\t\t\t\t\t<span class=\"elementor-button-content-wrapper\">\n\t\t\t\t\t\t\t\t\t<span class=\"elementor-button-text\">RETOUR \u00c0 STRIPTEASEURS \u00c0 MADRID<\/span>\n\t\t\t\t\t<\/span>\n\t\t\t\t\t<\/a>\n\t\t\t\t\t\t\t\t<\/div>\n\t\t\t\t\t<\/div>\n\t\t<\/div>\n\t\t\t\t\t<\/div>\n\t\t<\/section>\n\t\t\t\t<\/div>\n\t\t","protected":false},"excerpt":{"rendered":"<p>RICKY RICKY La dur\u00e9e du spectacle de l&rsquo;artiste est de 15 \u00e0 20 minutes. Apr\u00e8s le spectacle, le stripteaseur reste g\u00e9n\u00e9ralement avec vous pendant un certain temps pour que vous puissiez prendre des photos avec lui. VESTIAIRES DE SPECTACLE Policier Sexy Butler Gentleman RETOUR \u00c0 STRIPTEASEURS \u00c0 MADRID<\/p>\n","protected":false},"author":1,"featured_media":0,"parent":0,"menu_order":0,"comment_status":"closed","ping_status":"closed","template":"elementor_header_footer","meta":{"_monsterinsights_skip_tracking":false,"_monsterinsights_sitenote_active":false,"_monsterinsights_sitenote_note":"","_monsterinsights_sitenote_category":0,"footnotes":""},"class_list":["post-27973","page","type-page","status-publish"],"yoast_head":"<!-- This site is optimized with the Yoast SEO plugin v27.3 - https:\/\/yoast.com\/product\/yoast-seo-wordpress\/ -->\n<title>Stripteaseurs Madrid EVJF Ricky<\/title>\n<meta name=\"description\" content=\"RICKY            RICKY La dur\u00e9e du spectacle de l&#039;artiste est de 15 \u00e0 20 minutes. Apr\u00e8s le spectacle, le stripteaseur reste g\u00e9n\u00e9ralement avec vous pendant un certain temps pour que vous puissiez prendre des photos avec lui. VESTIAIRES DE SPECTACLE Policier Sexy Butler Gentleman            RETOUR \u00c0 STRIPTEASEURS \u00c0 MADRID\" \/>\n<meta name=\"robots\" content=\"index, follow, max-snippet:-1, max-image-preview:large, max-video-preview:-1\" \/>\n<link rel=\"canonical\" href=\"https:\/\/strippercollection.com\/fr\/stripteaseurs-madrid-evjf-ricky\/\" \/>\n<meta property=\"og:locale\" content=\"fr_FR\" \/>\n<meta property=\"og:type\" content=\"article\" \/>\n<meta property=\"og:title\" content=\"Stripteaseurs Madrid EVJF Ricky\" \/>\n<meta property=\"og:description\" content=\"RICKY            RICKY La dur\u00e9e du spectacle de l&#039;artiste est de 15 \u00e0 20 minutes. Apr\u00e8s le spectacle, le stripteaseur reste g\u00e9n\u00e9ralement avec vous pendant un certain temps pour que vous puissiez prendre des photos avec lui. VESTIAIRES DE SPECTACLE Policier Sexy Butler Gentleman            RETOUR \u00c0 STRIPTEASEURS \u00c0 MADRID\" \/>\n<meta property=\"og:url\" content=\"https:\/\/strippercollection.com\/fr\/stripteaseurs-madrid-evjf-ricky\/\" \/>\n<meta property=\"og:site_name\" content=\"Stripper Collection\" \/>\n<meta property=\"article:publisher\" content=\"https:\/\/www.facebook.com\/profile.php?id=100090786345031\" \/>\n<meta property=\"article:modified_time\" content=\"2025-11-06T10:51:48+00:00\" \/>\n<meta property=\"og:image\" content=\"https:\/\/strippercollection.com\/wp-content\/uploads\/elementor\/thumbs\/1718142029277-r5cbmiii29qkr5hy94yosnmk4n771myomd6sf2srd4.jpg\" \/>\n<script type=\"application\/ld+json\" class=\"yoast-schema-graph\">{\"@context\":\"https:\\\/\\\/schema.org\",\"@graph\":[{\"@type\":\"WebPage\",\"@id\":\"https:\\\/\\\/strippercollection.com\\\/fr\\\/stripteaseurs-madrid-evjf-ricky\\\/\",\"url\":\"https:\\\/\\\/strippercollection.com\\\/fr\\\/stripteaseurs-madrid-evjf-ricky\\\/\",\"name\":\"Stripteaseurs Madrid EVJF Ricky\",\"isPartOf\":{\"@id\":\"https:\\\/\\\/strippercollection.com\\\/fr\\\/#website\"},\"primaryImageOfPage\":{\"@id\":\"https:\\\/\\\/strippercollection.com\\\/fr\\\/stripteaseurs-madrid-evjf-ricky\\\/#primaryimage\"},\"image\":{\"@id\":\"https:\\\/\\\/strippercollection.com\\\/fr\\\/stripteaseurs-madrid-evjf-ricky\\\/#primaryimage\"},\"thumbnailUrl\":\"https:\\\/\\\/strippercollection.com\\\/wp-content\\\/uploads\\\/elementor\\\/thumbs\\\/1718142029277-r5cbmiii29qkr5hy94yosnmk4n771myomd6sf2srd4.jpg\",\"datePublished\":\"2024-06-11T21:50:05+00:00\",\"dateModified\":\"2025-11-06T10:51:48+00:00\",\"description\":\"RICKY RICKY La dur\u00e9e du spectacle de l'artiste est de 15 \u00e0 20 minutes. Apr\u00e8s le spectacle, le stripteaseur reste g\u00e9n\u00e9ralement avec vous pendant un certain temps pour que vous puissiez prendre des photos avec lui. VESTIAIRES DE SPECTACLE Policier Sexy Butler Gentleman RETOUR \u00c0 STRIPTEASEURS \u00c0 MADRID\",\"breadcrumb\":{\"@id\":\"https:\\\/\\\/strippercollection.com\\\/fr\\\/stripteaseurs-madrid-evjf-ricky\\\/#breadcrumb\"},\"inLanguage\":\"fr-FR\",\"potentialAction\":[{\"@type\":\"ReadAction\",\"target\":[\"https:\\\/\\\/strippercollection.com\\\/fr\\\/stripteaseurs-madrid-evjf-ricky\\\/\"]}]},{\"@type\":\"ImageObject\",\"inLanguage\":\"fr-FR\",\"@id\":\"https:\\\/\\\/strippercollection.com\\\/fr\\\/stripteaseurs-madrid-evjf-ricky\\\/#primaryimage\",\"url\":\"https:\\\/\\\/strippercollection.com\\\/wp-content\\\/uploads\\\/elementor\\\/thumbs\\\/1718142029277-r5cbmiii29qkr5hy94yosnmk4n771myomd6sf2srd4.jpg\",\"contentUrl\":\"https:\\\/\\\/strippercollection.com\\\/wp-content\\\/uploads\\\/elementor\\\/thumbs\\\/1718142029277-r5cbmiii29qkr5hy94yosnmk4n771myomd6sf2srd4.jpg\"},{\"@type\":\"BreadcrumbList\",\"@id\":\"https:\\\/\\\/strippercollection.com\\\/fr\\\/stripteaseurs-madrid-evjf-ricky\\\/#breadcrumb\",\"itemListElement\":[{\"@type\":\"ListItem\",\"position\":1,\"name\":\"Portada\",\"item\":\"https:\\\/\\\/strippercollection.com\\\/fr\\\/\"},{\"@type\":\"ListItem\",\"position\":2,\"name\":\"Stripteaseurs Madrid EVJF Ricky\"}]},{\"@type\":\"WebSite\",\"@id\":\"https:\\\/\\\/strippercollection.com\\\/fr\\\/#website\",\"url\":\"https:\\\/\\\/strippercollection.com\\\/fr\\\/\",\"name\":\"Stripper Collection\",\"description\":\"Organizaci\u00f3n de despedidas de soltera\\\/o y eventos en toda Espa\u00f1a\",\"publisher\":{\"@id\":\"https:\\\/\\\/strippercollection.com\\\/fr\\\/#organization\"},\"potentialAction\":[{\"@type\":\"SearchAction\",\"target\":{\"@type\":\"EntryPoint\",\"urlTemplate\":\"https:\\\/\\\/strippercollection.com\\\/fr\\\/?s={search_term_string}\"},\"query-input\":{\"@type\":\"PropertyValueSpecification\",\"valueRequired\":true,\"valueName\":\"search_term_string\"}}],\"inLanguage\":\"fr-FR\"},{\"@type\":\"Organization\",\"@id\":\"https:\\\/\\\/strippercollection.com\\\/fr\\\/#organization\",\"name\":\"Stripper Collection\",\"url\":\"https:\\\/\\\/strippercollection.com\\\/fr\\\/\",\"logo\":{\"@type\":\"ImageObject\",\"inLanguage\":\"fr-FR\",\"@id\":\"https:\\\/\\\/strippercollection.com\\\/fr\\\/#\\\/schema\\\/logo\\\/image\\\/\",\"url\":\"https:\\\/\\\/strippercollection.com\\\/wp-content\\\/uploads\\\/2023\\\/04\\\/STRIPPER-COLLECTION-LOGO-WEB-TRANSPARENTE-EDIT.png\",\"contentUrl\":\"https:\\\/\\\/strippercollection.com\\\/wp-content\\\/uploads\\\/2023\\\/04\\\/STRIPPER-COLLECTION-LOGO-WEB-TRANSPARENTE-EDIT.png\",\"width\":169,\"height\":151,\"caption\":\"Stripper Collection\"},\"image\":{\"@id\":\"https:\\\/\\\/strippercollection.com\\\/fr\\\/#\\\/schema\\\/logo\\\/image\\\/\"},\"sameAs\":[\"https:\\\/\\\/www.facebook.com\\\/profile.php?id=100090786345031\",\"https:\\\/\\\/www.instagram.com\\\/stripper_collection\\\/\"]}]}<\/script>\n<!-- \/ Yoast SEO plugin. -->","yoast_head_json":{"title":"Stripteaseurs Madrid EVJF Ricky","description":"RICKY            RICKY La dur\u00e9e du spectacle de l'artiste est de 15 \u00e0 20 minutes. Apr\u00e8s le spectacle, le stripteaseur reste g\u00e9n\u00e9ralement avec vous pendant un certain temps pour que vous puissiez prendre des photos avec lui. VESTIAIRES DE SPECTACLE Policier Sexy Butler Gentleman            RETOUR \u00c0 STRIPTEASEURS \u00c0 MADRID","robots":{"index":"index","follow":"follow","max-snippet":"max-snippet:-1","max-image-preview":"max-image-preview:large","max-video-preview":"max-video-preview:-1"},"canonical":"https:\/\/strippercollection.com\/fr\/stripteaseurs-madrid-evjf-ricky\/","og_locale":"fr_FR","og_type":"article","og_title":"Stripteaseurs Madrid EVJF Ricky","og_description":"RICKY            RICKY La dur\u00e9e du spectacle de l'artiste est de 15 \u00e0 20 minutes. Apr\u00e8s le spectacle, le stripteaseur reste g\u00e9n\u00e9ralement avec vous pendant un certain temps pour que vous puissiez prendre des photos avec lui. VESTIAIRES DE SPECTACLE Policier Sexy Butler Gentleman            RETOUR \u00c0 STRIPTEASEURS \u00c0 MADRID","og_url":"https:\/\/strippercollection.com\/fr\/stripteaseurs-madrid-evjf-ricky\/","og_site_name":"Stripper Collection","article_publisher":"https:\/\/www.facebook.com\/profile.php?id=100090786345031","article_modified_time":"2025-11-06T10:51:48+00:00","og_image":[{"url":"https:\/\/strippercollection.com\/wp-content\/uploads\/elementor\/thumbs\/1718142029277-r5cbmiii29qkr5hy94yosnmk4n771myomd6sf2srd4.jpg","type":"","width":"","height":""}],"schema":{"@context":"https:\/\/schema.org","@graph":[{"@type":"WebPage","@id":"https:\/\/strippercollection.com\/fr\/stripteaseurs-madrid-evjf-ricky\/","url":"https:\/\/strippercollection.com\/fr\/stripteaseurs-madrid-evjf-ricky\/","name":"Stripteaseurs Madrid EVJF Ricky","isPartOf":{"@id":"https:\/\/strippercollection.com\/fr\/#website"},"primaryImageOfPage":{"@id":"https:\/\/strippercollection.com\/fr\/stripteaseurs-madrid-evjf-ricky\/#primaryimage"},"image":{"@id":"https:\/\/strippercollection.com\/fr\/stripteaseurs-madrid-evjf-ricky\/#primaryimage"},"thumbnailUrl":"https:\/\/strippercollection.com\/wp-content\/uploads\/elementor\/thumbs\/1718142029277-r5cbmiii29qkr5hy94yosnmk4n771myomd6sf2srd4.jpg","datePublished":"2024-06-11T21:50:05+00:00","dateModified":"2025-11-06T10:51:48+00:00","description":"RICKY RICKY La dur\u00e9e du spectacle de l'artiste est de 15 \u00e0 20 minutes. Apr\u00e8s le spectacle, le stripteaseur reste g\u00e9n\u00e9ralement avec vous pendant un certain temps pour que vous puissiez prendre des photos avec lui. VESTIAIRES DE SPECTACLE Policier Sexy Butler Gentleman RETOUR \u00c0 STRIPTEASEURS \u00c0 MADRID","breadcrumb":{"@id":"https:\/\/strippercollection.com\/fr\/stripteaseurs-madrid-evjf-ricky\/#breadcrumb"},"inLanguage":"fr-FR","potentialAction":[{"@type":"ReadAction","target":["https:\/\/strippercollection.com\/fr\/stripteaseurs-madrid-evjf-ricky\/"]}]},{"@type":"ImageObject","inLanguage":"fr-FR","@id":"https:\/\/strippercollection.com\/fr\/stripteaseurs-madrid-evjf-ricky\/#primaryimage","url":"https:\/\/strippercollection.com\/wp-content\/uploads\/elementor\/thumbs\/1718142029277-r5cbmiii29qkr5hy94yosnmk4n771myomd6sf2srd4.jpg","contentUrl":"https:\/\/strippercollection.com\/wp-content\/uploads\/elementor\/thumbs\/1718142029277-r5cbmiii29qkr5hy94yosnmk4n771myomd6sf2srd4.jpg"},{"@type":"BreadcrumbList","@id":"https:\/\/strippercollection.com\/fr\/stripteaseurs-madrid-evjf-ricky\/#breadcrumb","itemListElement":[{"@type":"ListItem","position":1,"name":"Portada","item":"https:\/\/strippercollection.com\/fr\/"},{"@type":"ListItem","position":2,"name":"Stripteaseurs Madrid EVJF Ricky"}]},{"@type":"WebSite","@id":"https:\/\/strippercollection.com\/fr\/#website","url":"https:\/\/strippercollection.com\/fr\/","name":"Stripper Collection","description":"Organizaci\u00f3n de despedidas de soltera\/o y eventos en toda Espa\u00f1a","publisher":{"@id":"https:\/\/strippercollection.com\/fr\/#organization"},"potentialAction":[{"@type":"SearchAction","target":{"@type":"EntryPoint","urlTemplate":"https:\/\/strippercollection.com\/fr\/?s={search_term_string}"},"query-input":{"@type":"PropertyValueSpecification","valueRequired":true,"valueName":"search_term_string"}}],"inLanguage":"fr-FR"},{"@type":"Organization","@id":"https:\/\/strippercollection.com\/fr\/#organization","name":"Stripper Collection","url":"https:\/\/strippercollection.com\/fr\/","logo":{"@type":"ImageObject","inLanguage":"fr-FR","@id":"https:\/\/strippercollection.com\/fr\/#\/schema\/logo\/image\/","url":"https:\/\/strippercollection.com\/wp-content\/uploads\/2023\/04\/STRIPPER-COLLECTION-LOGO-WEB-TRANSPARENTE-EDIT.png","contentUrl":"https:\/\/strippercollection.com\/wp-content\/uploads\/2023\/04\/STRIPPER-COLLECTION-LOGO-WEB-TRANSPARENTE-EDIT.png","width":169,"height":151,"caption":"Stripper Collection"},"image":{"@id":"https:\/\/strippercollection.com\/fr\/#\/schema\/logo\/image\/"},"sameAs":["https:\/\/www.facebook.com\/profile.php?id=100090786345031","https:\/\/www.instagram.com\/stripper_collection\/"]}]}},"_links":{"self":[{"href":"https:\/\/strippercollection.com\/fr\/wp-json\/wp\/v2\/pages\/27973","targetHints":{"allow":["GET"]}}],"collection":[{"href":"https:\/\/strippercollection.com\/fr\/wp-json\/wp\/v2\/pages"}],"about":[{"href":"https:\/\/strippercollection.com\/fr\/wp-json\/wp\/v2\/types\/page"}],"author":[{"embeddable":true,"href":"https:\/\/strippercollection.com\/fr\/wp-json\/wp\/v2\/users\/1"}],"replies":[{"embeddable":true,"href":"https:\/\/strippercollection.com\/fr\/wp-json\/wp\/v2\/comments?post=27973"}],"version-history":[{"count":3,"href":"https:\/\/strippercollection.com\/fr\/wp-json\/wp\/v2\/pages\/27973\/revisions"}],"predecessor-version":[{"id":39224,"href":"https:\/\/strippercollection.com\/fr\/wp-json\/wp\/v2\/pages\/27973\/revisions\/39224"}],"wp:attachment":[{"href":"https:\/\/strippercollection.com\/fr\/wp-json\/wp\/v2\/media?parent=27973"}],"curies":[{"name":"wp","href":"https:\/\/api.w.org\/{rel}","templated":true}]}}