{"id":27176,"date":"2024-01-31T11:31:44","date_gmt":"2024-01-31T11:31:44","guid":{"rendered":"https:\/\/strippercollection.com\/packs-evg-et-evjf-a-alicante\/"},"modified":"2026-01-07T11:36:55","modified_gmt":"2026-01-07T11:36:55","slug":"packs-evg-et-evjf-a-alicante","status":"publish","type":"page","link":"https:\/\/strippercollection.com\/fr\/packs-evg-et-evjf-a-alicante\/","title":{"rendered":"PACKS EVG et EVJF \u00c0 ALICANTE"},"content":{"rendered":"\t\t<div data-elementor-type=\"wp-page\" data-elementor-id=\"27176\" class=\"elementor elementor-27176 elementor-25338\" data-elementor-post-type=\"page\">\n\t\t\t\t\t\t<section class=\"elementor-section elementor-top-section elementor-element elementor-element-bb1bd56 cabeceraweb elementor-section-boxed elementor-section-height-default elementor-section-height-default\" data-id=\"bb1bd56\" data-element_type=\"section\" data-e-type=\"section\">\n\t\t\t\t\t\t<div class=\"elementor-container elementor-column-gap-default\">\n\t\t\t\t\t<div class=\"elementor-column elementor-col-100 elementor-top-column elementor-element elementor-element-0582f47\" data-id=\"0582f47\" data-element_type=\"column\" data-e-type=\"column\">\n\t\t\t<div class=\"elementor-widget-wrap elementor-element-populated\">\n\t\t\t\t\t\t<div class=\"elementor-element elementor-element-f6e10e2 elementor-widget elementor-widget-heading\" data-id=\"f6e10e2\" data-element_type=\"widget\" data-e-type=\"widget\" data-widget_type=\"heading.default\">\n\t\t\t\t\t<h1 class=\"elementor-heading-title elementor-size-default\">PACKS EVG et EVJF \u00c0 ALICANTE<\/h1>\t\t\t\t<\/div>\n\t\t\t\t\t<\/div>\n\t\t<\/div>\n\t\t\t\t\t<\/div>\n\t\t<\/section>\n\t\t\t\t<section class=\"elementor-section elementor-top-section elementor-element elementor-element-53418da elementor-section-stretched elementor-section-boxed elementor-section-height-default elementor-section-height-default\" data-id=\"53418da\" data-element_type=\"section\" data-e-type=\"section\" data-settings=\"{&quot;background_background&quot;:&quot;classic&quot;,&quot;stretch_section&quot;:&quot;section-stretched&quot;}\">\n\t\t\t\t\t\t<div class=\"elementor-container elementor-column-gap-default\">\n\t\t\t\t\t<div class=\"elementor-column elementor-col-33 elementor-top-column elementor-element elementor-element-4cb25c7 packs\" data-id=\"4cb25c7\" data-element_type=\"column\" data-e-type=\"column\">\n\t\t\t<div class=\"elementor-widget-wrap elementor-element-populated\">\n\t\t\t\t\t\t<div class=\"elementor-element elementor-element-0c0a037 elementor-widget elementor-widget-image\" data-id=\"0c0a037\" data-element_type=\"widget\" data-e-type=\"widget\" data-widget_type=\"image.default\">\n\t\t\t\t\t\t\t\t\t\t\t\t\t\t\t\t<a href=\"https:\/\/strippercollection.com\/packs-despedidas-alicante-copas-show\/\">\n\t\t\t\t\t\t\t<img decoding=\"async\" src=\"https:\/\/strippercollection.com\/wp-content\/uploads\/elementor\/thumbs\/1738706296485-r115bu3tqjuuqq630646rq4vmmf1lce40q6yy3oars.jpg\" title=\"1738706296485\" alt=\"Copa + show striptease Alicante\" loading=\"lazy\" \/>\t\t\t\t\t\t\t\t<\/a>\n\t\t\t\t\t\t\t\t\t\t\t\t\t\t\t<\/div>\n\t\t\t\t<div class=\"elementor-element elementor-element-7be03ed elementor-align-center elementor-widget elementor-widget-button\" data-id=\"7be03ed\" data-element_type=\"widget\" data-e-type=\"widget\" data-widget_type=\"button.default\">\n\t\t\t\t\t\t\t\t\t\t<a class=\"elementor-button elementor-button-link elementor-size-xs\" href=\"https:\/\/strippercollection.com\/packs-despedidas-alicante-copas-show\/\">\n\t\t\t\t\t\t<span class=\"elementor-button-content-wrapper\">\n\t\t\t\t\t\t\t\t\t<span class=\"elementor-button-text\">VOIR PACK<\/span>\n\t\t\t\t\t<\/span>\n\t\t\t\t\t<\/a>\n\t\t\t\t\t\t\t\t<\/div>\n\t\t\t\t<div class=\"elementor-element elementor-element-7a3a155 elementor-widget__width-initial elementor-widget elementor-widget-heading\" data-id=\"7a3a155\" data-element_type=\"widget\" data-e-type=\"widget\" data-widget_type=\"heading.default\">\n\t\t\t\t\t<h2 class=\"elementor-heading-title elementor-size-default\"><a href=\"https:\/\/strippercollection.com\/packs-despedidas-alicante-copas-show\/\">2 BOISSONS + SHOW<\/a><\/h2>\t\t\t\t<\/div>\n\t\t\t\t\t<\/div>\n\t\t<\/div>\n\t\t\t\t<div class=\"elementor-column elementor-col-33 elementor-top-column elementor-element elementor-element-1e08c4b packs\" data-id=\"1e08c4b\" data-element_type=\"column\" data-e-type=\"column\">\n\t\t\t<div class=\"elementor-widget-wrap elementor-element-populated\">\n\t\t\t\t\t\t<div class=\"elementor-element elementor-element-c4cabff elementor-widget elementor-widget-image\" data-id=\"c4cabff\" data-element_type=\"widget\" data-e-type=\"widget\" data-widget_type=\"image.default\">\n\t\t\t\t\t\t\t\t\t\t\t\t\t\t\t\t<a href=\"https:\/\/strippercollection.com\/cena-con-show-striper-boys-alicante-despedidas\/\">\n\t\t\t\t\t\t\t<img decoding=\"async\" src=\"https:\/\/strippercollection.com\/wp-content\/uploads\/elementor\/thumbs\/Restaurante-despedidas-y-eventos-en-Elche-1-qgo9u9rj9vn4czquehlmwuo3yp5hcc4x7noioluqo8.jpg\" title=\"Restaurante despedidas y eventos en Elche\" alt=\"Pack despedidas Alicante Cena + show\" loading=\"lazy\" \/>\t\t\t\t\t\t\t\t<\/a>\n\t\t\t\t\t\t\t\t\t\t\t\t\t\t\t<\/div>\n\t\t\t\t<div class=\"elementor-element elementor-element-344f8c1 elementor-align-center elementor-widget elementor-widget-button\" data-id=\"344f8c1\" data-element_type=\"widget\" data-e-type=\"widget\" data-widget_type=\"button.default\">\n\t\t\t\t\t\t\t\t\t\t<a class=\"elementor-button elementor-button-link elementor-size-xs\" href=\"https:\/\/strippercollection.com\/fr\/diner-avec-spectacle-stripteaseurs-stripteaseuses-alicante\/\">\n\t\t\t\t\t\t<span class=\"elementor-button-content-wrapper\">\n\t\t\t\t\t\t\t\t\t<span class=\"elementor-button-text\">VOIR PACK<\/span>\n\t\t\t\t\t<\/span>\n\t\t\t\t\t<\/a>\n\t\t\t\t\t\t\t\t<\/div>\n\t\t\t\t<div class=\"elementor-element elementor-element-24b11c3 elementor-widget__width-initial elementor-widget elementor-widget-heading\" data-id=\"24b11c3\" data-element_type=\"widget\" data-e-type=\"widget\" data-widget_type=\"heading.default\">\n\t\t\t\t\t<h2 class=\"elementor-heading-title elementor-size-default\"><a href=\"https:\/\/strippercollection.com\/fr\/diner-avec-spectacle-stripteaseurs-stripteaseuses-alicante\/\">D\u00ceNER + SPECTACLE<\/a><\/h2>\t\t\t\t<\/div>\n\t\t\t\t\t<\/div>\n\t\t<\/div>\n\t\t\t\t<div class=\"elementor-column elementor-col-33 elementor-top-column elementor-element elementor-element-4831b32 packs\" data-id=\"4831b32\" data-element_type=\"column\" data-e-type=\"column\">\n\t\t\t<div class=\"elementor-widget-wrap\">\n\t\t\t\t\t\t\t<\/div>\n\t\t<\/div>\n\t\t\t\t\t<\/div>\n\t\t<\/section>\n\t\t\t\t<section class=\"elementor-section elementor-top-section elementor-element elementor-element-0eaf4b5 elementor-section-full_width elementor-section-stretched elementor-section-height-default elementor-section-height-default\" data-id=\"0eaf4b5\" data-element_type=\"section\" data-e-type=\"section\" data-settings=\"{&quot;stretch_section&quot;:&quot;section-stretched&quot;,&quot;background_background&quot;:&quot;classic&quot;}\">\n\t\t\t\t\t\t<div class=\"elementor-container elementor-column-gap-default\">\n\t\t\t\t\t<div class=\"elementor-column elementor-col-100 elementor-top-column elementor-element elementor-element-194cae4\" data-id=\"194cae4\" data-element_type=\"column\" data-e-type=\"column\">\n\t\t\t<div class=\"elementor-widget-wrap elementor-element-populated\">\n\t\t\t\t\t\t<div class=\"elementor-element elementor-element-2875687 elementor-widget elementor-widget-text-editor\" data-id=\"2875687\" data-element_type=\"widget\" data-e-type=\"widget\" data-widget_type=\"text-editor.default\">\n\t\t\t\t\t\t\t\t\t<h2><span style=\"text-decoration: underline;\"><span style=\"color: #0b9654; text-decoration: underline;\">Quels packs avons-nous pr\u00e9par\u00e9s pour EVG et EVJF \u00e0 Alicante?<\/span><\/span><\/h2><h3><strong>Packs de EVG et EVJF \u00e0 Alicante<\/strong>, nous avons pr\u00e9par\u00e9 le <strong>pack id\u00e9al au meilleur prix<\/strong> <strong>pour<\/strong> <strong>EVG et EVJF \u00e0 Alicante<\/strong> avec Stripper Collection.<\/h3><h2><span style=\"text-decoration: underline;\"><span style=\"color: #0b9654; text-decoration: underline;\">Organisez votre EVG ou EVJF \u00e0 Alicante<\/span><\/span><\/h2><h3>Nous organisons votre EVG et EVJF \u00e0 <span style=\"color: #000000;\"><a style=\"color: #000000;\" href=\"https:\/\/fr.wikipedia.org\/wiki\/Alicante\">Alicante<\/a><\/span>.<\/h3><h3>Situ\u00e9e sur la c\u00f4te m\u00e9diterran\u00e9enne dans la communaut\u00e9 valencienne en raison de son climat, de sa gastronomie et de son bon ambiance, c&rsquo;est la destination id\u00e9ale pour des EVG et EVJF inoubliables.<\/h3><h3>Comment organiser les meilleures EVG et EVJF \u00e0 Alicante, en \u00e9levant l&rsquo;exp\u00e9rience \u00e0 un autre niveau avec Stripper Collection.<\/h3><h3>Alicante est la destination parfaite pour des EVG et EVJF amusants avec des strip-tease, des f\u00eates d&rsquo;anniversaire, des d\u00eeners d&rsquo;entreprise&#8230;<\/h3><h3>Avant de plonger dans les d\u00e9tails, il est essentiel de comprendre pourquoi Alicante est le choix parfait pour un enterrement de vie de gar\u00e7on ou de jeune fille.<\/h3><h2><span style=\"text-decoration: underline;\"><span style=\"color: #0b9654; text-decoration: underline;\">EVG et EVJF \u00e0 domicile \u00e0 Alicante<\/span><\/span> <strong>: <\/strong><\/h2><h3>L&rsquo;une des tendances les plus populaires dans l&rsquo;organisation des enterrements de vie de jeune fille ou de gar\u00e7on \u00e0 Alicante est d&rsquo;amener la c\u00e9l\u00e9bration directement sur le lieu d&rsquo;h\u00e9bergement.<\/h3><h3>Ce n&rsquo;est pas seulement une question de commodit\u00e9, c&rsquo;est aussi la possibilit\u00e9 de personnaliser l&rsquo;exp\u00e9rience. Avec l&rsquo;organisation de Stripper Collection vous pouvez transformer n&rsquo;importe quel endroit en une sc\u00e8ne pleine de plaisir et de sensualit\u00e9.<\/h3><h2><span style=\"text-decoration: underline;\"><span style=\"color: #0b9654; text-decoration: underline;\">Packs d&rsquo;activit\u00e9s et de services pour les EVG et EVJF \u00e0 Alicante<\/span><\/span><\/h2><h3>Nos <strong>packs d&rsquo;activit\u00e9s et de services pour les EVG et EVJF \u00e0 Alicante<\/strong> incluent tout ce dont vous avez besoin pour vivre une exp\u00e9rience inoubliable.<\/h3><h3>Des <span style=\"text-decoration: underline; color: #0b9654;\"><a style=\"color: #0b9654; text-decoration: underline;\" href=\"https:\/\/strippercollection.com\/fr\/restaurants-pour-enterrement-de-vie-de-garcon-ou-de-jeune-fille-murcia\/\"><strong>restaurants avec salon priv\u00e9 \u00e0 Alicante<\/strong><\/a><\/span> aux spectacles de <span style=\"text-decoration: underline;\"><span style=\"color: #0b9654; text-decoration: underline;\"><a style=\"color: #0b9654; text-decoration: underline;\" href=\"https:\/\/strippercollection.com\/fr\/stripteaseuses-alicante-evg\/\">strip-tease professionnels<\/a><\/span><\/span> avec <span style=\"text-decoration: underline;\"><span style=\"color: #0b9654; text-decoration: underline;\"><a style=\"color: #0b9654; text-decoration: underline;\" href=\"https:\/\/strippercollection.com\/fr\/stripteaseurs-alicante\/\">stripteaseurs et stripteaseuses<\/a><\/span><\/span>, ainsi que des promenades en limousine glamour ou m\u00eame la <span style=\"text-decoration: underline; color: #0b9654;\"><a style=\"color: #0b9654;\" href=\"https:\/\/strippercollection.com\/fr\/limousines\/\"><strong>r\u00e9servation de limousine \u00e0 Alicante<\/strong><\/a><\/span> pour votre arriv\u00e9e \u00e0 l&rsquo;a\u00e9roport.<\/h3><h3>Vous pourrez \u00e9galement profiter des incroyables plages d&rsquo;Alicante ou des excursions vers des \u00eeles voisines comme Tabarca.<\/h3><h2><span style=\"text-decoration: underline;\"><span style=\"color: #0b9654; text-decoration: underline;\">Offre de packs pour les f\u00eates de d\u00e9part \u00e0 Alicante<\/span><\/span><\/h2><h3>Avec ces <strong>offres de packs pour les f\u00eates de d\u00e9part \u00e0 Alicante<\/strong>, vous aurez l&rsquo;opportunit\u00e9 de profiter pleinement de votre EVG ou EVJF.<\/h3><h3>Dans cette section, vous pourrez d\u00e9couvrir la vari\u00e9t\u00e9 et l&rsquo;offre de services et d&rsquo;activit\u00e9s que nous vous proposons avec nos <strong>packs 100% personnalis\u00e9s<\/strong> pour que vous profitiez au maximum de votre <strong>\u00e9v\u00e9nement \u00e0 Alicante<\/strong>.<\/h3>\t\t\t\t\t\t\t\t<\/div>\n\t\t\t\t\t<\/div>\n\t\t<\/div>\n\t\t\t\t\t<\/div>\n\t\t<\/section>\n\t\t\t\t<\/div>\n\t\t","protected":false},"excerpt":{"rendered":"<p>PACKS EVG et EVJF \u00c0 ALICANTE VOIR PACK 2 BOISSONS + SHOW VOIR PACK D\u00ceNER + SPECTACLE Quels packs avons-nous pr\u00e9par\u00e9s pour EVG et EVJF \u00e0 Alicante? Packs de EVG et EVJF \u00e0 Alicante, nous avons pr\u00e9par\u00e9 le pack id\u00e9al au meilleur prix pour EVG et EVJF \u00e0 Alicante avec Stripper Collection. Organisez votre EVG &#8230; <a title=\"PACKS EVG et EVJF \u00c0 ALICANTE\" class=\"read-more\" href=\"https:\/\/strippercollection.com\/fr\/packs-evg-et-evjf-a-alicante\/\" aria-label=\"En savoir plus sur PACKS EVG et EVJF \u00c0 ALICANTE\">Lire la suite<\/a><\/p>\n","protected":false},"author":1,"featured_media":0,"parent":0,"menu_order":0,"comment_status":"closed","ping_status":"closed","template":"elementor_header_footer","meta":{"_monsterinsights_skip_tracking":false,"_monsterinsights_sitenote_active":false,"_monsterinsights_sitenote_note":"","_monsterinsights_sitenote_category":0,"footnotes":""},"class_list":["post-27176","page","type-page","status-publish"],"yoast_head":"<!-- This site is optimized with the Yoast SEO plugin v27.3 - https:\/\/yoast.com\/product\/yoast-seo-wordpress\/ -->\n<title>Packs EVG et EVJF \u00e0 Alicante au meilleur prix | Stripper Collection<\/title>\n<meta name=\"description\" content=\"Packs pour EVG et EVJF \u00e0 Alicante Restaurant avec spectacle de striptease \u00e0 Alicante, EVG\/ EVJF \u00e0 domicile au meilleur prix !\" \/>\n<meta name=\"robots\" content=\"index, follow, max-snippet:-1, max-image-preview:large, max-video-preview:-1\" \/>\n<link rel=\"canonical\" href=\"https:\/\/strippercollection.com\/fr\/packs-evg-et-evjf-a-alicante\/\" \/>\n<meta property=\"og:locale\" content=\"fr_FR\" \/>\n<meta property=\"og:type\" content=\"article\" \/>\n<meta property=\"og:title\" content=\"Packs EVG et EVJF \u00e0 Alicante au meilleur prix | Stripper Collection\" \/>\n<meta property=\"og:description\" content=\"Packs pour EVG et EVJF \u00e0 Alicante Restaurant avec spectacle de striptease \u00e0 Alicante, EVG\/ EVJF \u00e0 domicile au meilleur prix !\" \/>\n<meta property=\"og:url\" content=\"https:\/\/strippercollection.com\/fr\/packs-evg-et-evjf-a-alicante\/\" \/>\n<meta property=\"og:site_name\" content=\"Stripper Collection\" \/>\n<meta property=\"article:publisher\" content=\"https:\/\/www.facebook.com\/profile.php?id=100090786345031\" \/>\n<meta property=\"article:modified_time\" content=\"2026-01-07T11:36:55+00:00\" \/>\n<meta property=\"og:image\" content=\"https:\/\/strippercollection.com\/wp-content\/uploads\/elementor\/thumbs\/1738706296485-r115bu3tqjuuqq630646rq4vmmf1lce40q6yy3oars.jpg\" \/>\n<script type=\"application\/ld+json\" class=\"yoast-schema-graph\">{\"@context\":\"https:\\\/\\\/schema.org\",\"@graph\":[{\"@type\":\"WebPage\",\"@id\":\"https:\\\/\\\/strippercollection.com\\\/fr\\\/packs-evg-et-evjf-a-alicante\\\/\",\"url\":\"https:\\\/\\\/strippercollection.com\\\/fr\\\/packs-evg-et-evjf-a-alicante\\\/\",\"name\":\"Packs EVG et EVJF \u00e0 Alicante au meilleur prix | Stripper Collection\",\"isPartOf\":{\"@id\":\"https:\\\/\\\/strippercollection.com\\\/fr\\\/#website\"},\"primaryImageOfPage\":{\"@id\":\"https:\\\/\\\/strippercollection.com\\\/fr\\\/packs-evg-et-evjf-a-alicante\\\/#primaryimage\"},\"image\":{\"@id\":\"https:\\\/\\\/strippercollection.com\\\/fr\\\/packs-evg-et-evjf-a-alicante\\\/#primaryimage\"},\"thumbnailUrl\":\"https:\\\/\\\/strippercollection.com\\\/wp-content\\\/uploads\\\/elementor\\\/thumbs\\\/1738706296485-r115bu3tqjuuqq630646rq4vmmf1lce40q6yy3oars.jpg\",\"datePublished\":\"2024-01-31T11:31:44+00:00\",\"dateModified\":\"2026-01-07T11:36:55+00:00\",\"description\":\"Packs pour EVG et EVJF \u00e0 Alicante Restaurant avec spectacle de striptease \u00e0 Alicante, EVG\\\/ EVJF \u00e0 domicile au meilleur prix !\",\"breadcrumb\":{\"@id\":\"https:\\\/\\\/strippercollection.com\\\/fr\\\/packs-evg-et-evjf-a-alicante\\\/#breadcrumb\"},\"inLanguage\":\"fr-FR\",\"potentialAction\":[{\"@type\":\"ReadAction\",\"target\":[\"https:\\\/\\\/strippercollection.com\\\/fr\\\/packs-evg-et-evjf-a-alicante\\\/\"]}]},{\"@type\":\"ImageObject\",\"inLanguage\":\"fr-FR\",\"@id\":\"https:\\\/\\\/strippercollection.com\\\/fr\\\/packs-evg-et-evjf-a-alicante\\\/#primaryimage\",\"url\":\"https:\\\/\\\/strippercollection.com\\\/wp-content\\\/uploads\\\/elementor\\\/thumbs\\\/1738706296485-r115bu3tqjuuqq630646rq4vmmf1lce40q6yy3oars.jpg\",\"contentUrl\":\"https:\\\/\\\/strippercollection.com\\\/wp-content\\\/uploads\\\/elementor\\\/thumbs\\\/1738706296485-r115bu3tqjuuqq630646rq4vmmf1lce40q6yy3oars.jpg\"},{\"@type\":\"BreadcrumbList\",\"@id\":\"https:\\\/\\\/strippercollection.com\\\/fr\\\/packs-evg-et-evjf-a-alicante\\\/#breadcrumb\",\"itemListElement\":[{\"@type\":\"ListItem\",\"position\":1,\"name\":\"Portada\",\"item\":\"https:\\\/\\\/strippercollection.com\\\/fr\\\/\"},{\"@type\":\"ListItem\",\"position\":2,\"name\":\"PACKS EVG et EVJF \u00c0 ALICANTE\"}]},{\"@type\":\"WebSite\",\"@id\":\"https:\\\/\\\/strippercollection.com\\\/fr\\\/#website\",\"url\":\"https:\\\/\\\/strippercollection.com\\\/fr\\\/\",\"name\":\"Stripper Collection\",\"description\":\"Organizaci\u00f3n de despedidas de soltera\\\/o y eventos en toda Espa\u00f1a\",\"publisher\":{\"@id\":\"https:\\\/\\\/strippercollection.com\\\/fr\\\/#organization\"},\"potentialAction\":[{\"@type\":\"SearchAction\",\"target\":{\"@type\":\"EntryPoint\",\"urlTemplate\":\"https:\\\/\\\/strippercollection.com\\\/fr\\\/?s={search_term_string}\"},\"query-input\":{\"@type\":\"PropertyValueSpecification\",\"valueRequired\":true,\"valueName\":\"search_term_string\"}}],\"inLanguage\":\"fr-FR\"},{\"@type\":\"Organization\",\"@id\":\"https:\\\/\\\/strippercollection.com\\\/fr\\\/#organization\",\"name\":\"Stripper Collection\",\"url\":\"https:\\\/\\\/strippercollection.com\\\/fr\\\/\",\"logo\":{\"@type\":\"ImageObject\",\"inLanguage\":\"fr-FR\",\"@id\":\"https:\\\/\\\/strippercollection.com\\\/fr\\\/#\\\/schema\\\/logo\\\/image\\\/\",\"url\":\"https:\\\/\\\/strippercollection.com\\\/wp-content\\\/uploads\\\/2023\\\/04\\\/STRIPPER-COLLECTION-LOGO-WEB-TRANSPARENTE-EDIT.png\",\"contentUrl\":\"https:\\\/\\\/strippercollection.com\\\/wp-content\\\/uploads\\\/2023\\\/04\\\/STRIPPER-COLLECTION-LOGO-WEB-TRANSPARENTE-EDIT.png\",\"width\":169,\"height\":151,\"caption\":\"Stripper Collection\"},\"image\":{\"@id\":\"https:\\\/\\\/strippercollection.com\\\/fr\\\/#\\\/schema\\\/logo\\\/image\\\/\"},\"sameAs\":[\"https:\\\/\\\/www.facebook.com\\\/profile.php?id=100090786345031\",\"https:\\\/\\\/www.instagram.com\\\/stripper_collection\\\/\"]}]}<\/script>\n<!-- \/ Yoast SEO plugin. -->","yoast_head_json":{"title":"Packs EVG et EVJF \u00e0 Alicante au meilleur prix | Stripper Collection","description":"Packs pour EVG et EVJF \u00e0 Alicante Restaurant avec spectacle de striptease \u00e0 Alicante, EVG\/ EVJF \u00e0 domicile au meilleur prix !","robots":{"index":"index","follow":"follow","max-snippet":"max-snippet:-1","max-image-preview":"max-image-preview:large","max-video-preview":"max-video-preview:-1"},"canonical":"https:\/\/strippercollection.com\/fr\/packs-evg-et-evjf-a-alicante\/","og_locale":"fr_FR","og_type":"article","og_title":"Packs EVG et EVJF \u00e0 Alicante au meilleur prix | Stripper Collection","og_description":"Packs pour EVG et EVJF \u00e0 Alicante Restaurant avec spectacle de striptease \u00e0 Alicante, EVG\/ EVJF \u00e0 domicile au meilleur prix !","og_url":"https:\/\/strippercollection.com\/fr\/packs-evg-et-evjf-a-alicante\/","og_site_name":"Stripper Collection","article_publisher":"https:\/\/www.facebook.com\/profile.php?id=100090786345031","article_modified_time":"2026-01-07T11:36:55+00:00","og_image":[{"url":"https:\/\/strippercollection.com\/wp-content\/uploads\/elementor\/thumbs\/1738706296485-r115bu3tqjuuqq630646rq4vmmf1lce40q6yy3oars.jpg","type":"","width":"","height":""}],"schema":{"@context":"https:\/\/schema.org","@graph":[{"@type":"WebPage","@id":"https:\/\/strippercollection.com\/fr\/packs-evg-et-evjf-a-alicante\/","url":"https:\/\/strippercollection.com\/fr\/packs-evg-et-evjf-a-alicante\/","name":"Packs EVG et EVJF \u00e0 Alicante au meilleur prix | Stripper Collection","isPartOf":{"@id":"https:\/\/strippercollection.com\/fr\/#website"},"primaryImageOfPage":{"@id":"https:\/\/strippercollection.com\/fr\/packs-evg-et-evjf-a-alicante\/#primaryimage"},"image":{"@id":"https:\/\/strippercollection.com\/fr\/packs-evg-et-evjf-a-alicante\/#primaryimage"},"thumbnailUrl":"https:\/\/strippercollection.com\/wp-content\/uploads\/elementor\/thumbs\/1738706296485-r115bu3tqjuuqq630646rq4vmmf1lce40q6yy3oars.jpg","datePublished":"2024-01-31T11:31:44+00:00","dateModified":"2026-01-07T11:36:55+00:00","description":"Packs pour EVG et EVJF \u00e0 Alicante Restaurant avec spectacle de striptease \u00e0 Alicante, EVG\/ EVJF \u00e0 domicile au meilleur prix !","breadcrumb":{"@id":"https:\/\/strippercollection.com\/fr\/packs-evg-et-evjf-a-alicante\/#breadcrumb"},"inLanguage":"fr-FR","potentialAction":[{"@type":"ReadAction","target":["https:\/\/strippercollection.com\/fr\/packs-evg-et-evjf-a-alicante\/"]}]},{"@type":"ImageObject","inLanguage":"fr-FR","@id":"https:\/\/strippercollection.com\/fr\/packs-evg-et-evjf-a-alicante\/#primaryimage","url":"https:\/\/strippercollection.com\/wp-content\/uploads\/elementor\/thumbs\/1738706296485-r115bu3tqjuuqq630646rq4vmmf1lce40q6yy3oars.jpg","contentUrl":"https:\/\/strippercollection.com\/wp-content\/uploads\/elementor\/thumbs\/1738706296485-r115bu3tqjuuqq630646rq4vmmf1lce40q6yy3oars.jpg"},{"@type":"BreadcrumbList","@id":"https:\/\/strippercollection.com\/fr\/packs-evg-et-evjf-a-alicante\/#breadcrumb","itemListElement":[{"@type":"ListItem","position":1,"name":"Portada","item":"https:\/\/strippercollection.com\/fr\/"},{"@type":"ListItem","position":2,"name":"PACKS EVG et EVJF \u00c0 ALICANTE"}]},{"@type":"WebSite","@id":"https:\/\/strippercollection.com\/fr\/#website","url":"https:\/\/strippercollection.com\/fr\/","name":"Stripper Collection","description":"Organizaci\u00f3n de despedidas de soltera\/o y eventos en toda Espa\u00f1a","publisher":{"@id":"https:\/\/strippercollection.com\/fr\/#organization"},"potentialAction":[{"@type":"SearchAction","target":{"@type":"EntryPoint","urlTemplate":"https:\/\/strippercollection.com\/fr\/?s={search_term_string}"},"query-input":{"@type":"PropertyValueSpecification","valueRequired":true,"valueName":"search_term_string"}}],"inLanguage":"fr-FR"},{"@type":"Organization","@id":"https:\/\/strippercollection.com\/fr\/#organization","name":"Stripper Collection","url":"https:\/\/strippercollection.com\/fr\/","logo":{"@type":"ImageObject","inLanguage":"fr-FR","@id":"https:\/\/strippercollection.com\/fr\/#\/schema\/logo\/image\/","url":"https:\/\/strippercollection.com\/wp-content\/uploads\/2023\/04\/STRIPPER-COLLECTION-LOGO-WEB-TRANSPARENTE-EDIT.png","contentUrl":"https:\/\/strippercollection.com\/wp-content\/uploads\/2023\/04\/STRIPPER-COLLECTION-LOGO-WEB-TRANSPARENTE-EDIT.png","width":169,"height":151,"caption":"Stripper Collection"},"image":{"@id":"https:\/\/strippercollection.com\/fr\/#\/schema\/logo\/image\/"},"sameAs":["https:\/\/www.facebook.com\/profile.php?id=100090786345031","https:\/\/www.instagram.com\/stripper_collection\/"]}]}},"_links":{"self":[{"href":"https:\/\/strippercollection.com\/fr\/wp-json\/wp\/v2\/pages\/27176","targetHints":{"allow":["GET"]}}],"collection":[{"href":"https:\/\/strippercollection.com\/fr\/wp-json\/wp\/v2\/pages"}],"about":[{"href":"https:\/\/strippercollection.com\/fr\/wp-json\/wp\/v2\/types\/page"}],"author":[{"embeddable":true,"href":"https:\/\/strippercollection.com\/fr\/wp-json\/wp\/v2\/users\/1"}],"replies":[{"embeddable":true,"href":"https:\/\/strippercollection.com\/fr\/wp-json\/wp\/v2\/comments?post=27176"}],"version-history":[{"count":6,"href":"https:\/\/strippercollection.com\/fr\/wp-json\/wp\/v2\/pages\/27176\/revisions"}],"predecessor-version":[{"id":40256,"href":"https:\/\/strippercollection.com\/fr\/wp-json\/wp\/v2\/pages\/27176\/revisions\/40256"}],"wp:attachment":[{"href":"https:\/\/strippercollection.com\/fr\/wp-json\/wp\/v2\/media?parent=27176"}],"curies":[{"name":"wp","href":"https:\/\/api.w.org\/{rel}","templated":true}]}}