{"id":26165,"date":"2024-01-21T17:39:27","date_gmt":"2024-01-21T17:39:27","guid":{"rendered":"https:\/\/strippercollection.com\/stripteaseuses-barcelona-milana\/"},"modified":"2025-10-24T13:59:57","modified_gmt":"2025-10-24T13:59:57","slug":"stripteaseuses-barcelona-milana","status":"publish","type":"page","link":"https:\/\/strippercollection.com\/fr\/stripteaseuses-barcelona-milana\/","title":{"rendered":"STRIPTEASEUSES BARCELONA MILANA"},"content":{"rendered":"\t\t<div data-elementor-type=\"wp-page\" data-elementor-id=\"26165\" class=\"elementor elementor-26165 elementor-25048\" data-elementor-post-type=\"page\">\n\t\t\t\t\t\t<section class=\"elementor-section elementor-top-section elementor-element elementor-element-7b5587f cabeceraweb elementor-section-boxed elementor-section-height-default elementor-section-height-default\" data-id=\"7b5587f\" data-element_type=\"section\" data-e-type=\"section\">\n\t\t\t\t\t\t<div class=\"elementor-container elementor-column-gap-default\">\n\t\t\t\t\t<div class=\"elementor-column elementor-col-100 elementor-top-column elementor-element elementor-element-719fada\" data-id=\"719fada\" data-element_type=\"column\" data-e-type=\"column\">\n\t\t\t<div class=\"elementor-widget-wrap elementor-element-populated\">\n\t\t\t\t\t\t<div class=\"elementor-element elementor-element-f1cc8f1 elementor-widget elementor-widget-heading\" data-id=\"f1cc8f1\" data-element_type=\"widget\" data-e-type=\"widget\" data-widget_type=\"heading.default\">\n\t\t\t\t\t<h1 class=\"elementor-heading-title elementor-size-default\">MILANA<\/h1>\t\t\t\t<\/div>\n\t\t\t\t\t<\/div>\n\t\t<\/div>\n\t\t\t\t\t<\/div>\n\t\t<\/section>\n\t\t\t\t<section class=\"elementor-section elementor-top-section elementor-element elementor-element-922350a elementor-section-boxed elementor-section-height-default elementor-section-height-default\" data-id=\"922350a\" data-element_type=\"section\" data-e-type=\"section\">\n\t\t\t\t\t\t<div class=\"elementor-container elementor-column-gap-default\">\n\t\t\t\t\t<div class=\"elementor-column elementor-col-100 elementor-top-column elementor-element elementor-element-315615e\" data-id=\"315615e\" data-element_type=\"column\" data-e-type=\"column\">\n\t\t\t<div class=\"elementor-widget-wrap elementor-element-populated\">\n\t\t\t\t\t\t<div class=\"elementor-element elementor-element-581909f elementor-pagination-position-outside elementor-widget elementor-widget-image-carousel\" data-id=\"581909f\" data-element_type=\"widget\" data-e-type=\"widget\" data-settings=\"{&quot;slides_to_show&quot;:&quot;3&quot;,&quot;slides_to_scroll&quot;:&quot;3&quot;,&quot;navigation&quot;:&quot;dots&quot;,&quot;autoplay&quot;:&quot;no&quot;,&quot;slides_to_show_mobile&quot;:&quot;1&quot;,&quot;infinite&quot;:&quot;no&quot;,&quot;speed&quot;:500}\" data-widget_type=\"image-carousel.default\">\n\t\t\t\t\t\t\t<div class=\"elementor-image-carousel-wrapper swiper\" role=\"region\" aria-roledescription=\"carousel\" aria-label=\"Carrusel de im\u00e1genes\" dir=\"ltr\">\n\t\t\t<div class=\"elementor-image-carousel swiper-wrapper\" aria-live=\"polite\">\n\t\t\t\t\t\t\t\t<div class=\"swiper-slide\" role=\"group\" aria-roledescription=\"slide\" aria-label=\"1 sur 6\"><a data-elementor-open-lightbox=\"yes\" data-elementor-lightbox-slideshow=\"581909f\" data-e-action-hash=\"#elementor-action%3Aaction%3Dlightbox%26settings%3DeyJpZCI6MjUwNDMsInVybCI6Imh0dHBzOlwvXC9zdHJpcHBlcmNvbGxlY3Rpb24uY29tXC93cC1jb250ZW50XC91cGxvYWRzXC8yMDI0XC8wMVwvTWlsYW5hLXN0cmlwZXItVGFycmFnb25hLmpwZyIsInNsaWRlc2hvdyI6IjU4MTkwOWYifQ%3D%3D\" href=\"https:\/\/strippercollection.com\/wp-content\/uploads\/2024\/01\/Milana-striper-Tarragona.jpg\"><figure class=\"swiper-slide-inner\"><img decoding=\"async\" class=\"swiper-slide-image\" src=\"https:\/\/strippercollection.com\/wp-content\/uploads\/elementor\/thumbs\/Milana-striper-Tarragona-qinbtfzk4w1fdtzlzoc46z346b75b3tvcufluza93c.jpg\" alt=\"Milana striper Tarragona\" \/><\/figure><\/a><\/div><div class=\"swiper-slide\" role=\"group\" aria-roledescription=\"slide\" aria-label=\"2 sur 6\"><a data-elementor-open-lightbox=\"yes\" data-elementor-lightbox-slideshow=\"581909f\" data-e-action-hash=\"#elementor-action%3Aaction%3Dlightbox%26settings%3DeyJpZCI6MjUwMjcsInVybCI6Imh0dHBzOlwvXC9zdHJpcHBlcmNvbGxlY3Rpb24uY29tXC93cC1jb250ZW50XC91cGxvYWRzXC8yMDI0XC8wMVwvTWlsYW5hLXN0cmlwZXItYS1kb21pY2lsaW8tQmFyY2Vsb25hLmpwZyIsInNsaWRlc2hvdyI6IjU4MTkwOWYifQ%3D%3D\" href=\"https:\/\/strippercollection.com\/wp-content\/uploads\/2024\/01\/Milana-striper-a-domicilio-Barcelona.jpg\"><figure class=\"swiper-slide-inner\"><img decoding=\"async\" class=\"swiper-slide-image\" src=\"https:\/\/strippercollection.com\/wp-content\/uploads\/elementor\/thumbs\/Milana-striper-a-domicilio-Barcelona-qinb28jqbisnc5iauwyv0u8t6taoihtka6nnsnmh6w.jpg\" alt=\"Milana striper a domicilio Barcelona\" \/><\/figure><\/a><\/div><div class=\"swiper-slide\" role=\"group\" aria-roledescription=\"slide\" aria-label=\"3 sur 6\"><a data-elementor-open-lightbox=\"yes\" data-elementor-lightbox-slideshow=\"581909f\" data-e-action-hash=\"#elementor-action%3Aaction%3Dlightbox%26settings%3DeyJpZCI6MjUwMzUsInVybCI6Imh0dHBzOlwvXC9zdHJpcHBlcmNvbGxlY3Rpb24uY29tXC93cC1jb250ZW50XC91cGxvYWRzXC8yMDI0XC8wMVwvTWlsYW5hLXN0cmlwZXItR2Vyb25hLmpwZyIsInNsaWRlc2hvdyI6IjU4MTkwOWYifQ%3D%3D\" href=\"https:\/\/strippercollection.com\/wp-content\/uploads\/2024\/01\/Milana-striper-Gerona.jpg\"><figure class=\"swiper-slide-inner\"><img decoding=\"async\" class=\"swiper-slide-image\" src=\"https:\/\/strippercollection.com\/wp-content\/uploads\/elementor\/thumbs\/Milana-striper-Gerona-qinbtacizvtpg67swlwcs0iclzyy0x7hc2iozbim4o.jpg\" alt=\"Milana striper Gerona\" \/><\/figure><\/a><\/div><div class=\"swiper-slide\" role=\"group\" aria-roledescription=\"slide\" aria-label=\"4 sur 6\"><a data-elementor-open-lightbox=\"yes\" data-elementor-lightbox-slideshow=\"581909f\" data-e-action-hash=\"#elementor-action%3Aaction%3Dlightbox%26settings%3DeyJpZCI6MjUwMzEsInVybCI6Imh0dHBzOlwvXC9zdHJpcHBlcmNvbGxlY3Rpb24uY29tXC93cC1jb250ZW50XC91cGxvYWRzXC8yMDI0XC8wMVwvTWlsYW5hLXN0cmlwZXItQmFyY2Vsb25hLmpwZyIsInNsaWRlc2hvdyI6IjU4MTkwOWYifQ%3D%3D\" href=\"https:\/\/strippercollection.com\/wp-content\/uploads\/2024\/01\/Milana-striper-Barcelona.jpg\"><figure class=\"swiper-slide-inner\"><img decoding=\"async\" class=\"swiper-slide-image\" src=\"https:\/\/strippercollection.com\/wp-content\/uploads\/elementor\/thumbs\/Milana-striper-Barcelona-qinb9wwa4tay5icw18f6dwibu3gldianc6gew08qdk.jpg\" alt=\"Milana striper Barcelona\" \/><\/figure><\/a><\/div><div class=\"swiper-slide\" role=\"group\" aria-roledescription=\"slide\" aria-label=\"5 sur 6\"><a data-elementor-open-lightbox=\"yes\" data-elementor-lightbox-slideshow=\"581909f\" data-e-action-hash=\"#elementor-action%3Aaction%3Dlightbox%26settings%3DeyJpZCI6MjUwMzksInVybCI6Imh0dHBzOlwvXC9zdHJpcHBlcmNvbGxlY3Rpb24uY29tXC93cC1jb250ZW50XC91cGxvYWRzXC8yMDI0XC8wMVwvTWlsYW5hLXN0cmlwZXItc2Vuc3VhbC1CYXJjZWxvbmEuanBnIiwic2xpZGVzaG93IjoiNTgxOTA5ZiJ9\" href=\"https:\/\/strippercollection.com\/wp-content\/uploads\/2024\/01\/Milana-striper-sensual-Barcelona.jpg\"><figure class=\"swiper-slide-inner\"><img decoding=\"async\" class=\"swiper-slide-image\" src=\"https:\/\/strippercollection.com\/wp-content\/uploads\/elementor\/thumbs\/Milana-striper-sensual-Barcelona-qinbt9eot1sf4k9623hq7iqw0m3kt83qzxv7i1k0aw.jpg\" alt=\"Milana striper Tarragona\" \/><\/figure><\/a><\/div><div class=\"swiper-slide\" role=\"group\" aria-roledescription=\"slide\" aria-label=\"6 sur 6\"><a data-elementor-open-lightbox=\"yes\" data-elementor-lightbox-slideshow=\"581909f\" data-e-action-hash=\"#elementor-action%3Aaction%3Dlightbox%26settings%3DeyJpZCI6MjUwMjMsInVybCI6Imh0dHBzOlwvXC9zdHJpcHBlcmNvbGxlY3Rpb24uY29tXC93cC1jb250ZW50XC91cGxvYWRzXC8yMDI0XC8wMVwvMTY5MjY1NDczNjY4OC5qcGciLCJzbGlkZXNob3ciOiI1ODE5MDlmIn0%3D\" href=\"https:\/\/strippercollection.com\/wp-content\/uploads\/2024\/01\/1692654736688.jpg\"><figure class=\"swiper-slide-inner\"><img decoding=\"async\" class=\"swiper-slide-image\" src=\"https:\/\/strippercollection.com\/wp-content\/uploads\/elementor\/thumbs\/1692654736688-qinb23ujdcm7q3p4mcxq6dfi7vxug0awlje8e9tg20.jpg\" alt=\"1692654736688\" \/><\/figure><\/a><\/div>\t\t\t<\/div>\n\t\t\t\t\t\t\t\n\t\t\t\t\t\t\t\t\t<div class=\"swiper-pagination\"><\/div>\n\t\t\t\t\t\t\t\t\t<\/div>\n\t\t\t\t\t\t<\/div>\n\t\t\t\t\t<\/div>\n\t\t<\/div>\n\t\t\t\t\t<\/div>\n\t\t<\/section>\n\t\t\t\t<section class=\"elementor-section elementor-top-section elementor-element elementor-element-50347f9 elementor-section-boxed elementor-section-height-default elementor-section-height-default\" data-id=\"50347f9\" data-element_type=\"section\" data-e-type=\"section\">\n\t\t\t\t\t\t<div class=\"elementor-container elementor-column-gap-default\">\n\t\t\t\t\t<div class=\"elementor-column elementor-col-100 elementor-top-column elementor-element elementor-element-5962dd9\" data-id=\"5962dd9\" data-element_type=\"column\" data-e-type=\"column\">\n\t\t\t<div class=\"elementor-widget-wrap elementor-element-populated\">\n\t\t\t\t\t\t<div class=\"elementor-element elementor-element-5b3d2ea elementor-widget elementor-widget-text-editor\" data-id=\"5b3d2ea\" data-element_type=\"widget\" data-e-type=\"widget\" data-widget_type=\"text-editor.default\">\n\t\t\t\t\t\t\t\t\t<h2><span style=\"color: #000000;\"><u>MILANA<\/u><\/span><\/h2>\n<h4><span style=\"color: #000000;\">La dur\u00e9e du spectacle de l&rsquo;artiste est de 15 \u00e0 20 minutes. Apr\u00e8s la fin du spectacle, la strip-teaseuse reste g\u00e9n\u00e9ralement avec vous pendant un certain temps afin que vous puissiez prendre des photos avec elle.<\/span><\/h4>\n<h4> <\/h4>\n<h4 style=\"text-align: center;\"> <\/h4>\n\t\t\t\t\t\t\t\t<\/div>\n\t\t\t\t\t<\/div>\n\t\t<\/div>\n\t\t\t\t\t<\/div>\n\t\t<\/section>\n\t\t\t\t<section class=\"elementor-section elementor-top-section elementor-element elementor-element-3697c10 elementor-section-boxed elementor-section-height-default elementor-section-height-default\" data-id=\"3697c10\" data-element_type=\"section\" data-e-type=\"section\">\n\t\t\t\t\t\t<div class=\"elementor-container elementor-column-gap-default\">\n\t\t\t\t\t<div class=\"elementor-column elementor-col-100 elementor-top-column elementor-element elementor-element-6194868\" data-id=\"6194868\" data-element_type=\"column\" data-e-type=\"column\">\n\t\t\t<div class=\"elementor-widget-wrap elementor-element-populated\">\n\t\t\t\t\t\t<div class=\"elementor-element elementor-element-e13a636 elementor-align-center elementor-widget elementor-widget-button\" data-id=\"e13a636\" data-element_type=\"widget\" data-e-type=\"widget\" data-widget_type=\"button.default\">\n\t\t\t\t\t\t\t\t\t\t<a class=\"elementor-button elementor-button-link elementor-size-md\" href=\"https:\/\/strippercollection.com\/fr\/la-reservation-dartistes-ou-de-services\/\">\n\t\t\t\t\t\t<span class=\"elementor-button-content-wrapper\">\n\t\t\t\t\t\t\t\t\t<span class=\"elementor-button-text\">CLIQUEZ ICI POUR R\u00c9SERVER<\/span>\n\t\t\t\t\t<\/span>\n\t\t\t\t\t<\/a>\n\t\t\t\t\t\t\t\t<\/div>\n\t\t\t\t\t<\/div>\n\t\t<\/div>\n\t\t\t\t\t<\/div>\n\t\t<\/section>\n\t\t\t\t<section class=\"elementor-section elementor-top-section elementor-element elementor-element-2a7a803 elementor-section-boxed elementor-section-height-default elementor-section-height-default\" data-id=\"2a7a803\" data-element_type=\"section\" data-e-type=\"section\" data-settings=\"{&quot;background_background&quot;:&quot;classic&quot;}\">\n\t\t\t\t\t\t<div class=\"elementor-container elementor-column-gap-default\">\n\t\t\t\t\t<div class=\"elementor-column elementor-col-100 elementor-top-column elementor-element elementor-element-c33eec8\" data-id=\"c33eec8\" data-element_type=\"column\" data-e-type=\"column\">\n\t\t\t<div class=\"elementor-widget-wrap elementor-element-populated\">\n\t\t\t\t\t\t<div class=\"elementor-element elementor-element-503c937 elementor-align-center elementor-widget elementor-widget-button\" data-id=\"503c937\" data-element_type=\"widget\" data-e-type=\"widget\" data-widget_type=\"button.default\">\n\t\t\t\t\t\t\t\t\t\t<a class=\"elementor-button elementor-button-link elementor-size-md\" href=\"https:\/\/strippercollection.com\/fr\/stripteaseuses-barcelone\/\">\n\t\t\t\t\t\t<span class=\"elementor-button-content-wrapper\">\n\t\t\t\t\t\t\t\t\t<span class=\"elementor-button-text\">RETOUR \u00c0 STRIPTEASEUSES \u00c0 BARCELONA<\/span>\n\t\t\t\t\t<\/span>\n\t\t\t\t\t<\/a>\n\t\t\t\t\t\t\t\t<\/div>\n\t\t\t\t\t<\/div>\n\t\t<\/div>\n\t\t\t\t\t<\/div>\n\t\t<\/section>\n\t\t\t\t<\/div>\n\t\t","protected":false},"excerpt":{"rendered":"<p>MILANA MILANA La dur\u00e9e du spectacle de l&rsquo;artiste est de 15 \u00e0 20 minutes. Apr\u00e8s la fin du spectacle, la strip-teaseuse reste g\u00e9n\u00e9ralement avec vous pendant un certain temps afin que vous puissiez prendre des photos avec elle. CLIQUEZ ICI POUR R\u00c9SERVER RETOUR \u00c0 STRIPTEASEUSES \u00c0 BARCELONA<\/p>\n","protected":false},"author":1,"featured_media":0,"parent":0,"menu_order":0,"comment_status":"closed","ping_status":"closed","template":"elementor_header_footer","meta":{"_monsterinsights_skip_tracking":false,"_monsterinsights_sitenote_active":false,"_monsterinsights_sitenote_note":"","_monsterinsights_sitenote_category":0,"footnotes":""},"class_list":["post-26165","page","type-page","status-publish"],"yoast_head":"<!-- This site is optimized with the Yoast SEO plugin v27.3 - https:\/\/yoast.com\/product\/yoast-seo-wordpress\/ -->\n<title>STRIPTEASEUSES BARCELONA MILANA<\/title>\n<meta name=\"description\" content=\"MILANA            MILANA La dur\u00e9e du spectacle de l&#039;artiste est de 15 \u00e0 20 minutes. Apr\u00e8s la fin du spectacle, la strip-teaseuse reste g\u00e9n\u00e9ralement avec vous pendant un certain temps afin que vous puissiez prendre des photos avec elle.            CLIQUEZ ICI POUR R\u00c9SERVER                RETOUR \u00c0 STRIPTEASEUSES \u00c0 BARCELONA\" \/>\n<meta name=\"robots\" content=\"index, follow, max-snippet:-1, max-image-preview:large, max-video-preview:-1\" \/>\n<link rel=\"canonical\" href=\"https:\/\/strippercollection.com\/fr\/stripteaseuses-barcelona-milana\/\" \/>\n<meta property=\"og:locale\" content=\"fr_FR\" \/>\n<meta property=\"og:type\" content=\"article\" \/>\n<meta property=\"og:title\" content=\"STRIPTEASEUSES BARCELONA MILANA\" \/>\n<meta property=\"og:description\" content=\"MILANA            MILANA La dur\u00e9e du spectacle de l&#039;artiste est de 15 \u00e0 20 minutes. Apr\u00e8s la fin du spectacle, la strip-teaseuse reste g\u00e9n\u00e9ralement avec vous pendant un certain temps afin que vous puissiez prendre des photos avec elle.            CLIQUEZ ICI POUR R\u00c9SERVER                RETOUR \u00c0 STRIPTEASEUSES \u00c0 BARCELONA\" \/>\n<meta property=\"og:url\" content=\"https:\/\/strippercollection.com\/fr\/stripteaseuses-barcelona-milana\/\" \/>\n<meta property=\"og:site_name\" content=\"Stripper Collection\" \/>\n<meta property=\"article:publisher\" content=\"https:\/\/www.facebook.com\/profile.php?id=100090786345031\" \/>\n<meta property=\"article:modified_time\" content=\"2025-10-24T13:59:57+00:00\" \/>\n<meta property=\"og:image\" content=\"https:\/\/strippercollection.com\/wp-content\/uploads\/elementor\/thumbs\/Milana-striper-Tarragona-qinbtfzk4w1fdtzlzoc46z346b75b3tvcufluza93c.jpg\" \/>\n<script type=\"application\/ld+json\" class=\"yoast-schema-graph\">{\"@context\":\"https:\\\/\\\/schema.org\",\"@graph\":[{\"@type\":\"WebPage\",\"@id\":\"https:\\\/\\\/strippercollection.com\\\/fr\\\/stripteaseuses-barcelona-milana\\\/\",\"url\":\"https:\\\/\\\/strippercollection.com\\\/fr\\\/stripteaseuses-barcelona-milana\\\/\",\"name\":\"STRIPTEASEUSES BARCELONA MILANA\",\"isPartOf\":{\"@id\":\"https:\\\/\\\/strippercollection.com\\\/fr\\\/#website\"},\"primaryImageOfPage\":{\"@id\":\"https:\\\/\\\/strippercollection.com\\\/fr\\\/stripteaseuses-barcelona-milana\\\/#primaryimage\"},\"image\":{\"@id\":\"https:\\\/\\\/strippercollection.com\\\/fr\\\/stripteaseuses-barcelona-milana\\\/#primaryimage\"},\"thumbnailUrl\":\"https:\\\/\\\/strippercollection.com\\\/wp-content\\\/uploads\\\/elementor\\\/thumbs\\\/Milana-striper-Tarragona-qinbtfzk4w1fdtzlzoc46z346b75b3tvcufluza93c.jpg\",\"datePublished\":\"2024-01-21T17:39:27+00:00\",\"dateModified\":\"2025-10-24T13:59:57+00:00\",\"description\":\"MILANA MILANA La dur\u00e9e du spectacle de l'artiste est de 15 \u00e0 20 minutes. Apr\u00e8s la fin du spectacle, la strip-teaseuse reste g\u00e9n\u00e9ralement avec vous pendant un certain temps afin que vous puissiez prendre des photos avec elle. CLIQUEZ ICI POUR R\u00c9SERVER RETOUR \u00c0 STRIPTEASEUSES \u00c0 BARCELONA\",\"breadcrumb\":{\"@id\":\"https:\\\/\\\/strippercollection.com\\\/fr\\\/stripteaseuses-barcelona-milana\\\/#breadcrumb\"},\"inLanguage\":\"fr-FR\",\"potentialAction\":[{\"@type\":\"ReadAction\",\"target\":[\"https:\\\/\\\/strippercollection.com\\\/fr\\\/stripteaseuses-barcelona-milana\\\/\"]}]},{\"@type\":\"ImageObject\",\"inLanguage\":\"fr-FR\",\"@id\":\"https:\\\/\\\/strippercollection.com\\\/fr\\\/stripteaseuses-barcelona-milana\\\/#primaryimage\",\"url\":\"https:\\\/\\\/strippercollection.com\\\/wp-content\\\/uploads\\\/elementor\\\/thumbs\\\/Milana-striper-Tarragona-qinbtfzk4w1fdtzlzoc46z346b75b3tvcufluza93c.jpg\",\"contentUrl\":\"https:\\\/\\\/strippercollection.com\\\/wp-content\\\/uploads\\\/elementor\\\/thumbs\\\/Milana-striper-Tarragona-qinbtfzk4w1fdtzlzoc46z346b75b3tvcufluza93c.jpg\"},{\"@type\":\"BreadcrumbList\",\"@id\":\"https:\\\/\\\/strippercollection.com\\\/fr\\\/stripteaseuses-barcelona-milana\\\/#breadcrumb\",\"itemListElement\":[{\"@type\":\"ListItem\",\"position\":1,\"name\":\"Portada\",\"item\":\"https:\\\/\\\/strippercollection.com\\\/fr\\\/\"},{\"@type\":\"ListItem\",\"position\":2,\"name\":\"STRIPTEASEUSES BARCELONA MILANA\"}]},{\"@type\":\"WebSite\",\"@id\":\"https:\\\/\\\/strippercollection.com\\\/fr\\\/#website\",\"url\":\"https:\\\/\\\/strippercollection.com\\\/fr\\\/\",\"name\":\"Stripper Collection\",\"description\":\"Organizaci\u00f3n de despedidas de soltera\\\/o y eventos en toda Espa\u00f1a\",\"publisher\":{\"@id\":\"https:\\\/\\\/strippercollection.com\\\/fr\\\/#organization\"},\"potentialAction\":[{\"@type\":\"SearchAction\",\"target\":{\"@type\":\"EntryPoint\",\"urlTemplate\":\"https:\\\/\\\/strippercollection.com\\\/fr\\\/?s={search_term_string}\"},\"query-input\":{\"@type\":\"PropertyValueSpecification\",\"valueRequired\":true,\"valueName\":\"search_term_string\"}}],\"inLanguage\":\"fr-FR\"},{\"@type\":\"Organization\",\"@id\":\"https:\\\/\\\/strippercollection.com\\\/fr\\\/#organization\",\"name\":\"Stripper Collection\",\"url\":\"https:\\\/\\\/strippercollection.com\\\/fr\\\/\",\"logo\":{\"@type\":\"ImageObject\",\"inLanguage\":\"fr-FR\",\"@id\":\"https:\\\/\\\/strippercollection.com\\\/fr\\\/#\\\/schema\\\/logo\\\/image\\\/\",\"url\":\"https:\\\/\\\/strippercollection.com\\\/wp-content\\\/uploads\\\/2023\\\/04\\\/STRIPPER-COLLECTION-LOGO-WEB-TRANSPARENTE-EDIT.png\",\"contentUrl\":\"https:\\\/\\\/strippercollection.com\\\/wp-content\\\/uploads\\\/2023\\\/04\\\/STRIPPER-COLLECTION-LOGO-WEB-TRANSPARENTE-EDIT.png\",\"width\":169,\"height\":151,\"caption\":\"Stripper Collection\"},\"image\":{\"@id\":\"https:\\\/\\\/strippercollection.com\\\/fr\\\/#\\\/schema\\\/logo\\\/image\\\/\"},\"sameAs\":[\"https:\\\/\\\/www.facebook.com\\\/profile.php?id=100090786345031\",\"https:\\\/\\\/www.instagram.com\\\/stripper_collection\\\/\"]}]}<\/script>\n<!-- \/ Yoast SEO plugin. -->","yoast_head_json":{"title":"STRIPTEASEUSES BARCELONA MILANA","description":"MILANA            MILANA La dur\u00e9e du spectacle de l'artiste est de 15 \u00e0 20 minutes. Apr\u00e8s la fin du spectacle, la strip-teaseuse reste g\u00e9n\u00e9ralement avec vous pendant un certain temps afin que vous puissiez prendre des photos avec elle.            CLIQUEZ ICI POUR R\u00c9SERVER                RETOUR \u00c0 STRIPTEASEUSES \u00c0 BARCELONA","robots":{"index":"index","follow":"follow","max-snippet":"max-snippet:-1","max-image-preview":"max-image-preview:large","max-video-preview":"max-video-preview:-1"},"canonical":"https:\/\/strippercollection.com\/fr\/stripteaseuses-barcelona-milana\/","og_locale":"fr_FR","og_type":"article","og_title":"STRIPTEASEUSES BARCELONA MILANA","og_description":"MILANA            MILANA La dur\u00e9e du spectacle de l'artiste est de 15 \u00e0 20 minutes. Apr\u00e8s la fin du spectacle, la strip-teaseuse reste g\u00e9n\u00e9ralement avec vous pendant un certain temps afin que vous puissiez prendre des photos avec elle.            CLIQUEZ ICI POUR R\u00c9SERVER                RETOUR \u00c0 STRIPTEASEUSES \u00c0 BARCELONA","og_url":"https:\/\/strippercollection.com\/fr\/stripteaseuses-barcelona-milana\/","og_site_name":"Stripper Collection","article_publisher":"https:\/\/www.facebook.com\/profile.php?id=100090786345031","article_modified_time":"2025-10-24T13:59:57+00:00","og_image":[{"url":"https:\/\/strippercollection.com\/wp-content\/uploads\/elementor\/thumbs\/Milana-striper-Tarragona-qinbtfzk4w1fdtzlzoc46z346b75b3tvcufluza93c.jpg","type":"","width":"","height":""}],"schema":{"@context":"https:\/\/schema.org","@graph":[{"@type":"WebPage","@id":"https:\/\/strippercollection.com\/fr\/stripteaseuses-barcelona-milana\/","url":"https:\/\/strippercollection.com\/fr\/stripteaseuses-barcelona-milana\/","name":"STRIPTEASEUSES BARCELONA MILANA","isPartOf":{"@id":"https:\/\/strippercollection.com\/fr\/#website"},"primaryImageOfPage":{"@id":"https:\/\/strippercollection.com\/fr\/stripteaseuses-barcelona-milana\/#primaryimage"},"image":{"@id":"https:\/\/strippercollection.com\/fr\/stripteaseuses-barcelona-milana\/#primaryimage"},"thumbnailUrl":"https:\/\/strippercollection.com\/wp-content\/uploads\/elementor\/thumbs\/Milana-striper-Tarragona-qinbtfzk4w1fdtzlzoc46z346b75b3tvcufluza93c.jpg","datePublished":"2024-01-21T17:39:27+00:00","dateModified":"2025-10-24T13:59:57+00:00","description":"MILANA MILANA La dur\u00e9e du spectacle de l'artiste est de 15 \u00e0 20 minutes. Apr\u00e8s la fin du spectacle, la strip-teaseuse reste g\u00e9n\u00e9ralement avec vous pendant un certain temps afin que vous puissiez prendre des photos avec elle. CLIQUEZ ICI POUR R\u00c9SERVER RETOUR \u00c0 STRIPTEASEUSES \u00c0 BARCELONA","breadcrumb":{"@id":"https:\/\/strippercollection.com\/fr\/stripteaseuses-barcelona-milana\/#breadcrumb"},"inLanguage":"fr-FR","potentialAction":[{"@type":"ReadAction","target":["https:\/\/strippercollection.com\/fr\/stripteaseuses-barcelona-milana\/"]}]},{"@type":"ImageObject","inLanguage":"fr-FR","@id":"https:\/\/strippercollection.com\/fr\/stripteaseuses-barcelona-milana\/#primaryimage","url":"https:\/\/strippercollection.com\/wp-content\/uploads\/elementor\/thumbs\/Milana-striper-Tarragona-qinbtfzk4w1fdtzlzoc46z346b75b3tvcufluza93c.jpg","contentUrl":"https:\/\/strippercollection.com\/wp-content\/uploads\/elementor\/thumbs\/Milana-striper-Tarragona-qinbtfzk4w1fdtzlzoc46z346b75b3tvcufluza93c.jpg"},{"@type":"BreadcrumbList","@id":"https:\/\/strippercollection.com\/fr\/stripteaseuses-barcelona-milana\/#breadcrumb","itemListElement":[{"@type":"ListItem","position":1,"name":"Portada","item":"https:\/\/strippercollection.com\/fr\/"},{"@type":"ListItem","position":2,"name":"STRIPTEASEUSES BARCELONA MILANA"}]},{"@type":"WebSite","@id":"https:\/\/strippercollection.com\/fr\/#website","url":"https:\/\/strippercollection.com\/fr\/","name":"Stripper Collection","description":"Organizaci\u00f3n de despedidas de soltera\/o y eventos en toda Espa\u00f1a","publisher":{"@id":"https:\/\/strippercollection.com\/fr\/#organization"},"potentialAction":[{"@type":"SearchAction","target":{"@type":"EntryPoint","urlTemplate":"https:\/\/strippercollection.com\/fr\/?s={search_term_string}"},"query-input":{"@type":"PropertyValueSpecification","valueRequired":true,"valueName":"search_term_string"}}],"inLanguage":"fr-FR"},{"@type":"Organization","@id":"https:\/\/strippercollection.com\/fr\/#organization","name":"Stripper Collection","url":"https:\/\/strippercollection.com\/fr\/","logo":{"@type":"ImageObject","inLanguage":"fr-FR","@id":"https:\/\/strippercollection.com\/fr\/#\/schema\/logo\/image\/","url":"https:\/\/strippercollection.com\/wp-content\/uploads\/2023\/04\/STRIPPER-COLLECTION-LOGO-WEB-TRANSPARENTE-EDIT.png","contentUrl":"https:\/\/strippercollection.com\/wp-content\/uploads\/2023\/04\/STRIPPER-COLLECTION-LOGO-WEB-TRANSPARENTE-EDIT.png","width":169,"height":151,"caption":"Stripper Collection"},"image":{"@id":"https:\/\/strippercollection.com\/fr\/#\/schema\/logo\/image\/"},"sameAs":["https:\/\/www.facebook.com\/profile.php?id=100090786345031","https:\/\/www.instagram.com\/stripper_collection\/"]}]}},"_links":{"self":[{"href":"https:\/\/strippercollection.com\/fr\/wp-json\/wp\/v2\/pages\/26165","targetHints":{"allow":["GET"]}}],"collection":[{"href":"https:\/\/strippercollection.com\/fr\/wp-json\/wp\/v2\/pages"}],"about":[{"href":"https:\/\/strippercollection.com\/fr\/wp-json\/wp\/v2\/types\/page"}],"author":[{"embeddable":true,"href":"https:\/\/strippercollection.com\/fr\/wp-json\/wp\/v2\/users\/1"}],"replies":[{"embeddable":true,"href":"https:\/\/strippercollection.com\/fr\/wp-json\/wp\/v2\/comments?post=26165"}],"version-history":[{"count":3,"href":"https:\/\/strippercollection.com\/fr\/wp-json\/wp\/v2\/pages\/26165\/revisions"}],"predecessor-version":[{"id":38218,"href":"https:\/\/strippercollection.com\/fr\/wp-json\/wp\/v2\/pages\/26165\/revisions\/38218"}],"wp:attachment":[{"href":"https:\/\/strippercollection.com\/fr\/wp-json\/wp\/v2\/media?parent=26165"}],"curies":[{"name":"wp","href":"https:\/\/api.w.org\/{rel}","templated":true}]}}