{"id":18706,"date":"2023-04-12T21:41:59","date_gmt":"2023-04-12T21:41:59","guid":{"rendered":"https:\/\/strippercollection.com\/stripteaseuses-girona-kristhin\/"},"modified":"2025-10-24T14:08:26","modified_gmt":"2025-10-24T14:08:26","slug":"stripteaseuses-girona-kristhin","status":"publish","type":"page","link":"https:\/\/strippercollection.com\/fr\/stripteaseuses-girona-kristhin\/","title":{"rendered":"STRIPTEASEUSES GIRONA KRISTHIN"},"content":{"rendered":"\t\t<div data-elementor-type=\"wp-page\" data-elementor-id=\"18706\" class=\"elementor elementor-18706 elementor-9118\" data-elementor-post-type=\"page\">\n\t\t\t\t\t\t<section class=\"elementor-section elementor-top-section elementor-element elementor-element-dcaf6fc cabeceraweb elementor-section-boxed elementor-section-height-default elementor-section-height-default\" data-id=\"dcaf6fc\" data-element_type=\"section\" data-e-type=\"section\">\n\t\t\t\t\t\t<div class=\"elementor-container elementor-column-gap-default\">\n\t\t\t\t\t<div class=\"elementor-column elementor-col-100 elementor-top-column elementor-element elementor-element-416442e\" data-id=\"416442e\" data-element_type=\"column\" data-e-type=\"column\">\n\t\t\t<div class=\"elementor-widget-wrap elementor-element-populated\">\n\t\t\t\t\t\t<div class=\"elementor-element elementor-element-15708b1 elementor-widget elementor-widget-heading\" data-id=\"15708b1\" data-element_type=\"widget\" data-e-type=\"widget\" data-widget_type=\"heading.default\">\n\t\t\t\t\t<h1 class=\"elementor-heading-title elementor-size-default\">KRISTHIN<\/h1>\t\t\t\t<\/div>\n\t\t\t\t\t<\/div>\n\t\t<\/div>\n\t\t\t\t\t<\/div>\n\t\t<\/section>\n\t\t\t\t<section class=\"elementor-section elementor-top-section elementor-element elementor-element-8fce1af elementor-section-boxed elementor-section-height-default elementor-section-height-default\" data-id=\"8fce1af\" data-element_type=\"section\" data-e-type=\"section\">\n\t\t\t\t\t\t<div class=\"elementor-container elementor-column-gap-default\">\n\t\t\t\t\t<div class=\"elementor-column elementor-col-100 elementor-top-column elementor-element elementor-element-1bc3312\" data-id=\"1bc3312\" data-element_type=\"column\" data-e-type=\"column\">\n\t\t\t<div class=\"elementor-widget-wrap elementor-element-populated\">\n\t\t\t\t\t\t<div class=\"elementor-element elementor-element-05fdb96 elementor-pagination-position-outside elementor-widget elementor-widget-image-carousel\" data-id=\"05fdb96\" data-element_type=\"widget\" data-e-type=\"widget\" data-settings=\"{&quot;slides_to_show&quot;:&quot;3&quot;,&quot;slides_to_scroll&quot;:&quot;3&quot;,&quot;navigation&quot;:&quot;dots&quot;,&quot;autoplay&quot;:&quot;no&quot;,&quot;slides_to_show_mobile&quot;:&quot;1&quot;,&quot;infinite&quot;:&quot;no&quot;,&quot;speed&quot;:500}\" data-widget_type=\"image-carousel.default\">\n\t\t\t\t\t\t\t<div class=\"elementor-image-carousel-wrapper swiper\" role=\"region\" aria-roledescription=\"carousel\" aria-label=\"Carrusel de im\u00e1genes\" dir=\"ltr\">\n\t\t\t<div class=\"elementor-image-carousel swiper-wrapper\" aria-live=\"polite\">\n\t\t\t\t\t\t\t\t<div class=\"swiper-slide\" role=\"group\" aria-roledescription=\"slide\" aria-label=\"1 sur 6\"><a data-elementor-open-lightbox=\"yes\" data-elementor-lightbox-slideshow=\"05fdb96\" data-e-action-hash=\"#elementor-action%3Aaction%3Dlightbox%26settings%3DeyJpZCI6MTM1MDAsInVybCI6Imh0dHBzOlwvXC9zdHJpcHBlcmNvbGxlY3Rpb24uY29tXC93cC1jb250ZW50XC91cGxvYWRzXC8yMDIzXC8wNFwvU3RyaXBwZXItVGFycmFnb25hLmpwZyIsInNsaWRlc2hvdyI6IjA1ZmRiOTYifQ%3D%3D\" href=\"https:\/\/strippercollection.com\/wp-content\/uploads\/2023\/04\/Stripper-Tarragona.jpg\"><figure class=\"swiper-slide-inner\"><img decoding=\"async\" class=\"swiper-slide-image\" src=\"https:\/\/strippercollection.com\/wp-content\/uploads\/elementor\/thumbs\/Stripper-Tarragona-qymx6olvifkh9f4okrmwimrygacdte4illtbirni14.jpg\" alt=\"Stripper Tarragona\" \/><\/figure><\/a><\/div><div class=\"swiper-slide\" role=\"group\" aria-roledescription=\"slide\" aria-label=\"2 sur 6\"><a data-elementor-open-lightbox=\"yes\" data-elementor-lightbox-slideshow=\"05fdb96\" data-e-action-hash=\"#elementor-action%3Aaction%3Dlightbox%26settings%3DeyJpZCI6MTM0ODgsInVybCI6Imh0dHBzOlwvXC9zdHJpcHBlcmNvbGxlY3Rpb24uY29tXC93cC1jb250ZW50XC91cGxvYWRzXC8yMDIzXC8wNFwvS3Jpc3RoaW4tU3RyaXBwZXItVGFycmFnb25hLmpwZyIsInNsaWRlc2hvdyI6IjA1ZmRiOTYifQ%3D%3D\" href=\"https:\/\/strippercollection.com\/wp-content\/uploads\/2023\/04\/Kristhin-Stripper-Tarragona.jpg\"><figure class=\"swiper-slide-inner\"><img decoding=\"async\" class=\"swiper-slide-image\" src=\"https:\/\/strippercollection.com\/wp-content\/uploads\/elementor\/thumbs\/Kristhin-Stripper-Tarragona-qymx6jwok9e1ndbic7lro5ynhczjqwluwyjw4dugw8.jpg\" alt=\"Kristhin Stripper Tarragona\" \/><\/figure><\/a><\/div><div class=\"swiper-slide\" role=\"group\" aria-roledescription=\"slide\" aria-label=\"3 sur 6\"><a data-elementor-open-lightbox=\"yes\" data-elementor-lightbox-slideshow=\"05fdb96\" data-e-action-hash=\"#elementor-action%3Aaction%3Dlightbox%26settings%3DeyJpZCI6MTM0OTYsInVybCI6Imh0dHBzOlwvXC9zdHJpcHBlcmNvbGxlY3Rpb24uY29tXC93cC1jb250ZW50XC91cGxvYWRzXC8yMDIzXC8wNFwvU3RyaXBwZXItc2V4eS1CYXJjZWxvbmEuanBnIiwic2xpZGVzaG93IjoiMDVmZGI5NiJ9\" href=\"https:\/\/strippercollection.com\/wp-content\/uploads\/2023\/04\/Stripper-sexy-Barcelona.jpg\"><figure class=\"swiper-slide-inner\"><img decoding=\"async\" class=\"swiper-slide-image\" src=\"https:\/\/strippercollection.com\/wp-content\/uploads\/elementor\/thumbs\/Stripper-sexy-Barcelona-qymx6mq74rhwm77evqtndn919ilndzx1xcick7qadk.jpg\" alt=\"Stripper sexy Barcelona\" \/><\/figure><\/a><\/div><div class=\"swiper-slide\" role=\"group\" aria-roledescription=\"slide\" aria-label=\"4 sur 6\"><a data-elementor-open-lightbox=\"yes\" data-elementor-lightbox-slideshow=\"05fdb96\" data-e-action-hash=\"#elementor-action%3Aaction%3Dlightbox%26settings%3DeyJpZCI6MTM0OTIsInVybCI6Imh0dHBzOlwvXC9zdHJpcHBlcmNvbGxlY3Rpb24uY29tXC93cC1jb250ZW50XC91cGxvYWRzXC8yMDIzXC8wNFwvU3RyaXBwZXItZW4tQmFyY2Vsb25hLmpwZyIsInNsaWRlc2hvdyI6IjA1ZmRiOTYifQ%3D%3D\" href=\"https:\/\/strippercollection.com\/wp-content\/uploads\/2023\/04\/Stripper-en-Barcelona.jpg\"><figure class=\"swiper-slide-inner\"><img decoding=\"async\" class=\"swiper-slide-image\" src=\"https:\/\/strippercollection.com\/wp-content\/uploads\/elementor\/thumbs\/Stripper-en-Barcelona-qymx6kuir3fbyza56q0e8nq42quwylpl937dlnt2q0.jpg\" alt=\"Stripper en Barcelona\" \/><\/figure><\/a><\/div><div class=\"swiper-slide\" role=\"group\" aria-roledescription=\"slide\" aria-label=\"5 sur 6\"><a data-elementor-open-lightbox=\"yes\" data-elementor-lightbox-slideshow=\"05fdb96\" data-e-action-hash=\"#elementor-action%3Aaction%3Dlightbox%26settings%3DeyJpZCI6MTM0ODAsInVybCI6Imh0dHBzOlwvXC9zdHJpcHBlcmNvbGxlY3Rpb24uY29tXC93cC1jb250ZW50XC91cGxvYWRzXC8yMDIzXC8wNFwvQm9hdC1QYXJ0eS1TdHJpcHBlci1CYXJjZWxvbmEuanBnIiwic2xpZGVzaG93IjoiMDVmZGI5NiJ9\" href=\"https:\/\/strippercollection.com\/wp-content\/uploads\/2023\/04\/Boat-Party-Stripper-Barcelona.jpg\"><figure class=\"swiper-slide-inner\"><img decoding=\"async\" class=\"swiper-slide-image\" src=\"https:\/\/strippercollection.com\/wp-content\/uploads\/elementor\/thumbs\/Boat-Party-Stripper-Barcelona-qymx6h35zra6ojflsodvyoo9p7dg3tanwklfojynew.jpg\" alt=\"Boat Party Stripper Barcelona\" \/><\/figure><\/a><\/div><div class=\"swiper-slide\" role=\"group\" aria-roledescription=\"slide\" aria-label=\"6 sur 6\"><a data-elementor-open-lightbox=\"yes\" data-elementor-lightbox-slideshow=\"05fdb96\" data-e-action-hash=\"#elementor-action%3Aaction%3Dlightbox%26settings%3DeyJpZCI6MTM0ODQsInVybCI6Imh0dHBzOlwvXC9zdHJpcHBlcmNvbGxlY3Rpb24uY29tXC93cC1jb250ZW50XC91cGxvYWRzXC8yMDIzXC8wNFwvRGVzcGVkaWRhcy1CYXJjZWxvbmEuanBnIiwic2xpZGVzaG93IjoiMDVmZGI5NiJ9\" href=\"https:\/\/strippercollection.com\/wp-content\/uploads\/2023\/04\/Despedidas-Barcelona.jpg\"><figure class=\"swiper-slide-inner\"><img decoding=\"async\" class=\"swiper-slide-image\" src=\"https:\/\/strippercollection.com\/wp-content\/uploads\/elementor\/thumbs\/Despedidas-Barcelona-qymx6i106lbh05e8n6sij6fqal8tbiee8p8x5tx98o.jpg\" alt=\"Despedidas Barcelona\" \/><\/figure><\/a><\/div>\t\t\t<\/div>\n\t\t\t\t\t\t\t\n\t\t\t\t\t\t\t\t\t<div class=\"swiper-pagination\"><\/div>\n\t\t\t\t\t\t\t\t\t<\/div>\n\t\t\t\t\t\t<\/div>\n\t\t\t\t\t<\/div>\n\t\t<\/div>\n\t\t\t\t\t<\/div>\n\t\t<\/section>\n\t\t\t\t<section class=\"elementor-section elementor-top-section elementor-element elementor-element-48ce954 elementor-section-boxed elementor-section-height-default elementor-section-height-default\" data-id=\"48ce954\" data-element_type=\"section\" data-e-type=\"section\">\n\t\t\t\t\t\t<div class=\"elementor-container elementor-column-gap-default\">\n\t\t\t\t\t<div class=\"elementor-column elementor-col-100 elementor-top-column elementor-element elementor-element-08d0795\" data-id=\"08d0795\" data-element_type=\"column\" data-e-type=\"column\">\n\t\t\t<div class=\"elementor-widget-wrap elementor-element-populated\">\n\t\t\t\t\t\t<div class=\"elementor-element elementor-element-7def607 elementor-widget elementor-widget-text-editor\" data-id=\"7def607\" data-element_type=\"widget\" data-e-type=\"widget\" data-widget_type=\"text-editor.default\">\n\t\t\t\t\t\t\t\t\t<h2><span style=\"color: #000000;\"><u>KRISTHIN<\/u><\/span><\/h2><h4><span style=\"color: #000000;\">Kristhin est une incroyable playboy blonde, sympathique avec des courbes incroyables, des seins et un show qui vous laissera bouche b\u00e9e.<\/span><\/h4><h4><span style=\"color: #000000;\">La dur\u00e9e du spectacle de l&rsquo;artiste est de 15 \u00e0 20 minutes. Apr\u00e8s la fin du spectacle, la strip-teaseuse reste g\u00e9n\u00e9ralement avec vous pendant un certain temps afin que vous puissiez prendre des photos avec elle.<\/span><\/h4><p>\u00a0<\/p><h4 style=\"text-align: center;\">\u00a0<\/h4>\t\t\t\t\t\t\t\t<\/div>\n\t\t\t\t\t<\/div>\n\t\t<\/div>\n\t\t\t\t\t<\/div>\n\t\t<\/section>\n\t\t\t\t<section class=\"elementor-section elementor-top-section elementor-element elementor-element-dfd21b2 elementor-section-boxed elementor-section-height-default elementor-section-height-default\" data-id=\"dfd21b2\" data-element_type=\"section\" data-e-type=\"section\">\n\t\t\t\t\t\t<div class=\"elementor-container elementor-column-gap-default\">\n\t\t\t\t\t<div class=\"elementor-column elementor-col-100 elementor-top-column elementor-element elementor-element-70f9d33\" data-id=\"70f9d33\" data-element_type=\"column\" data-e-type=\"column\">\n\t\t\t<div class=\"elementor-widget-wrap elementor-element-populated\">\n\t\t\t\t\t\t<div class=\"elementor-element elementor-element-1895e36 elementor-align-center elementor-widget elementor-widget-button\" data-id=\"1895e36\" data-element_type=\"widget\" data-e-type=\"widget\" data-widget_type=\"button.default\">\n\t\t\t\t\t\t\t\t\t\t<a class=\"elementor-button elementor-button-link elementor-size-md\" href=\"https:\/\/strippercollection.com\/fr\/la-reservation-dartistes-ou-de-services\/\">\n\t\t\t\t\t\t<span class=\"elementor-button-content-wrapper\">\n\t\t\t\t\t\t\t\t\t<span class=\"elementor-button-text\">CLIQUEZ ICI POUR R\u00c9SERVER<\/span>\n\t\t\t\t\t<\/span>\n\t\t\t\t\t<\/a>\n\t\t\t\t\t\t\t\t<\/div>\n\t\t\t\t\t<\/div>\n\t\t<\/div>\n\t\t\t\t\t<\/div>\n\t\t<\/section>\n\t\t\t\t<section class=\"elementor-section elementor-top-section elementor-element elementor-element-27f3983 elementor-section-boxed elementor-section-height-default elementor-section-height-default\" data-id=\"27f3983\" data-element_type=\"section\" data-e-type=\"section\" data-settings=\"{&quot;background_background&quot;:&quot;classic&quot;}\">\n\t\t\t\t\t\t<div class=\"elementor-container elementor-column-gap-default\">\n\t\t\t\t\t<div class=\"elementor-column elementor-col-100 elementor-top-column elementor-element elementor-element-e218902\" data-id=\"e218902\" data-element_type=\"column\" data-e-type=\"column\">\n\t\t\t<div class=\"elementor-widget-wrap elementor-element-populated\">\n\t\t\t\t\t\t<div class=\"elementor-element elementor-element-9cbc5eb elementor-align-center elementor-widget elementor-widget-button\" data-id=\"9cbc5eb\" data-element_type=\"widget\" data-e-type=\"widget\" data-widget_type=\"button.default\">\n\t\t\t\t\t\t\t\t\t\t<a class=\"elementor-button elementor-button-link elementor-size-md\" href=\"https:\/\/strippercollection.com\/fr\/stripteaseuses-girona\/\">\n\t\t\t\t\t\t<span class=\"elementor-button-content-wrapper\">\n\t\t\t\t\t\t\t\t\t<span class=\"elementor-button-text\">RETOUR \u00c0 STRIPTEASEUSES \u00c0 GIRONA<\/span>\n\t\t\t\t\t<\/span>\n\t\t\t\t\t<\/a>\n\t\t\t\t\t\t\t\t<\/div>\n\t\t\t\t\t<\/div>\n\t\t<\/div>\n\t\t\t\t\t<\/div>\n\t\t<\/section>\n\t\t\t\t<\/div>\n\t\t","protected":false},"excerpt":{"rendered":"<p>KRISTHIN KRISTHIN Kristhin est une incroyable playboy blonde, sympathique avec des courbes incroyables, des seins et un show qui vous laissera bouche b\u00e9e. La dur\u00e9e du spectacle de l&rsquo;artiste est de 15 \u00e0 20 minutes. Apr\u00e8s la fin du spectacle, la strip-teaseuse reste g\u00e9n\u00e9ralement avec vous pendant un certain temps afin que vous puissiez prendre &#8230; <a title=\"STRIPTEASEUSES GIRONA KRISTHIN\" class=\"read-more\" href=\"https:\/\/strippercollection.com\/fr\/stripteaseuses-girona-kristhin\/\" aria-label=\"En savoir plus sur STRIPTEASEUSES GIRONA KRISTHIN\">Lire la suite<\/a><\/p>\n","protected":false},"author":1,"featured_media":0,"parent":0,"menu_order":0,"comment_status":"closed","ping_status":"closed","template":"elementor_header_footer","meta":{"_monsterinsights_skip_tracking":false,"_monsterinsights_sitenote_active":false,"_monsterinsights_sitenote_note":"","_monsterinsights_sitenote_category":0,"footnotes":""},"class_list":["post-18706","page","type-page","status-publish"],"yoast_head":"<!-- This site is optimized with the Yoast SEO plugin v27.3 - https:\/\/yoast.com\/product\/yoast-seo-wordpress\/ -->\n<title>Stripteaseuses Girona Kristhin | EVG | Bachelor party Girona<\/title>\n<meta name=\"description\" content=\"Kristhin est une incroyable playboy blonde, sympathique avec des courbes incroyables, des seins et un show qui vous laissera bouche b\u00e9e...\" \/>\n<meta name=\"robots\" content=\"index, follow, max-snippet:-1, max-image-preview:large, max-video-preview:-1\" \/>\n<link rel=\"canonical\" href=\"https:\/\/strippercollection.com\/fr\/stripteaseuses-girona-kristhin\/\" \/>\n<meta property=\"og:locale\" content=\"fr_FR\" \/>\n<meta property=\"og:type\" content=\"article\" \/>\n<meta property=\"og:title\" content=\"Stripteaseuses Girona Kristhin | EVG | Bachelor party Girona\" \/>\n<meta property=\"og:description\" content=\"Kristhin est une incroyable playboy blonde, sympathique avec des courbes incroyables, des seins et un show qui vous laissera bouche b\u00e9e...\" \/>\n<meta property=\"og:url\" content=\"https:\/\/strippercollection.com\/fr\/stripteaseuses-girona-kristhin\/\" \/>\n<meta property=\"og:site_name\" content=\"Stripper Collection\" \/>\n<meta property=\"article:publisher\" content=\"https:\/\/www.facebook.com\/profile.php?id=100090786345031\" \/>\n<meta property=\"article:modified_time\" content=\"2025-10-24T14:08:26+00:00\" \/>\n<meta property=\"og:image\" content=\"https:\/\/strippercollection.com\/wp-content\/uploads\/elementor\/thumbs\/Stripper-Tarragona-qymx6olvifkh9f4okrmwimrygacdte4illtbirni14.jpg\" \/>\n<script type=\"application\/ld+json\" class=\"yoast-schema-graph\">{\"@context\":\"https:\\\/\\\/schema.org\",\"@graph\":[{\"@type\":\"WebPage\",\"@id\":\"https:\\\/\\\/strippercollection.com\\\/fr\\\/stripteaseuses-girona-kristhin\\\/\",\"url\":\"https:\\\/\\\/strippercollection.com\\\/fr\\\/stripteaseuses-girona-kristhin\\\/\",\"name\":\"Stripteaseuses Girona Kristhin | EVG | Bachelor party Girona\",\"isPartOf\":{\"@id\":\"https:\\\/\\\/strippercollection.com\\\/fr\\\/#website\"},\"primaryImageOfPage\":{\"@id\":\"https:\\\/\\\/strippercollection.com\\\/fr\\\/stripteaseuses-girona-kristhin\\\/#primaryimage\"},\"image\":{\"@id\":\"https:\\\/\\\/strippercollection.com\\\/fr\\\/stripteaseuses-girona-kristhin\\\/#primaryimage\"},\"thumbnailUrl\":\"https:\\\/\\\/strippercollection.com\\\/wp-content\\\/uploads\\\/elementor\\\/thumbs\\\/Stripper-Tarragona-qymx6olvifkh9f4okrmwimrygacdte4illtbirni14.jpg\",\"datePublished\":\"2023-04-12T21:41:59+00:00\",\"dateModified\":\"2025-10-24T14:08:26+00:00\",\"description\":\"Kristhin est une incroyable playboy blonde, sympathique avec des courbes incroyables, des seins et un show qui vous laissera bouche b\u00e9e...\",\"breadcrumb\":{\"@id\":\"https:\\\/\\\/strippercollection.com\\\/fr\\\/stripteaseuses-girona-kristhin\\\/#breadcrumb\"},\"inLanguage\":\"fr-FR\",\"potentialAction\":[{\"@type\":\"ReadAction\",\"target\":[\"https:\\\/\\\/strippercollection.com\\\/fr\\\/stripteaseuses-girona-kristhin\\\/\"]}]},{\"@type\":\"ImageObject\",\"inLanguage\":\"fr-FR\",\"@id\":\"https:\\\/\\\/strippercollection.com\\\/fr\\\/stripteaseuses-girona-kristhin\\\/#primaryimage\",\"url\":\"https:\\\/\\\/strippercollection.com\\\/wp-content\\\/uploads\\\/elementor\\\/thumbs\\\/Stripper-Tarragona-qymx6olvifkh9f4okrmwimrygacdte4illtbirni14.jpg\",\"contentUrl\":\"https:\\\/\\\/strippercollection.com\\\/wp-content\\\/uploads\\\/elementor\\\/thumbs\\\/Stripper-Tarragona-qymx6olvifkh9f4okrmwimrygacdte4illtbirni14.jpg\"},{\"@type\":\"BreadcrumbList\",\"@id\":\"https:\\\/\\\/strippercollection.com\\\/fr\\\/stripteaseuses-girona-kristhin\\\/#breadcrumb\",\"itemListElement\":[{\"@type\":\"ListItem\",\"position\":1,\"name\":\"Portada\",\"item\":\"https:\\\/\\\/strippercollection.com\\\/fr\\\/\"},{\"@type\":\"ListItem\",\"position\":2,\"name\":\"STRIPTEASEUSES GIRONA KRISTHIN\"}]},{\"@type\":\"WebSite\",\"@id\":\"https:\\\/\\\/strippercollection.com\\\/fr\\\/#website\",\"url\":\"https:\\\/\\\/strippercollection.com\\\/fr\\\/\",\"name\":\"Stripper Collection\",\"description\":\"Organizaci\u00f3n de despedidas de soltera\\\/o y eventos en toda Espa\u00f1a\",\"publisher\":{\"@id\":\"https:\\\/\\\/strippercollection.com\\\/fr\\\/#organization\"},\"potentialAction\":[{\"@type\":\"SearchAction\",\"target\":{\"@type\":\"EntryPoint\",\"urlTemplate\":\"https:\\\/\\\/strippercollection.com\\\/fr\\\/?s={search_term_string}\"},\"query-input\":{\"@type\":\"PropertyValueSpecification\",\"valueRequired\":true,\"valueName\":\"search_term_string\"}}],\"inLanguage\":\"fr-FR\"},{\"@type\":\"Organization\",\"@id\":\"https:\\\/\\\/strippercollection.com\\\/fr\\\/#organization\",\"name\":\"Stripper Collection\",\"url\":\"https:\\\/\\\/strippercollection.com\\\/fr\\\/\",\"logo\":{\"@type\":\"ImageObject\",\"inLanguage\":\"fr-FR\",\"@id\":\"https:\\\/\\\/strippercollection.com\\\/fr\\\/#\\\/schema\\\/logo\\\/image\\\/\",\"url\":\"https:\\\/\\\/strippercollection.com\\\/wp-content\\\/uploads\\\/2023\\\/04\\\/STRIPPER-COLLECTION-LOGO-WEB-TRANSPARENTE-EDIT.png\",\"contentUrl\":\"https:\\\/\\\/strippercollection.com\\\/wp-content\\\/uploads\\\/2023\\\/04\\\/STRIPPER-COLLECTION-LOGO-WEB-TRANSPARENTE-EDIT.png\",\"width\":169,\"height\":151,\"caption\":\"Stripper Collection\"},\"image\":{\"@id\":\"https:\\\/\\\/strippercollection.com\\\/fr\\\/#\\\/schema\\\/logo\\\/image\\\/\"},\"sameAs\":[\"https:\\\/\\\/www.facebook.com\\\/profile.php?id=100090786345031\",\"https:\\\/\\\/www.instagram.com\\\/stripper_collection\\\/\"]}]}<\/script>\n<!-- \/ Yoast SEO plugin. -->","yoast_head_json":{"title":"Stripteaseuses Girona Kristhin | EVG | Bachelor party Girona","description":"Kristhin est une incroyable playboy blonde, sympathique avec des courbes incroyables, des seins et un show qui vous laissera bouche b\u00e9e...","robots":{"index":"index","follow":"follow","max-snippet":"max-snippet:-1","max-image-preview":"max-image-preview:large","max-video-preview":"max-video-preview:-1"},"canonical":"https:\/\/strippercollection.com\/fr\/stripteaseuses-girona-kristhin\/","og_locale":"fr_FR","og_type":"article","og_title":"Stripteaseuses Girona Kristhin | EVG | Bachelor party Girona","og_description":"Kristhin est une incroyable playboy blonde, sympathique avec des courbes incroyables, des seins et un show qui vous laissera bouche b\u00e9e...","og_url":"https:\/\/strippercollection.com\/fr\/stripteaseuses-girona-kristhin\/","og_site_name":"Stripper Collection","article_publisher":"https:\/\/www.facebook.com\/profile.php?id=100090786345031","article_modified_time":"2025-10-24T14:08:26+00:00","og_image":[{"url":"https:\/\/strippercollection.com\/wp-content\/uploads\/elementor\/thumbs\/Stripper-Tarragona-qymx6olvifkh9f4okrmwimrygacdte4illtbirni14.jpg","type":"","width":"","height":""}],"schema":{"@context":"https:\/\/schema.org","@graph":[{"@type":"WebPage","@id":"https:\/\/strippercollection.com\/fr\/stripteaseuses-girona-kristhin\/","url":"https:\/\/strippercollection.com\/fr\/stripteaseuses-girona-kristhin\/","name":"Stripteaseuses Girona Kristhin | EVG | Bachelor party Girona","isPartOf":{"@id":"https:\/\/strippercollection.com\/fr\/#website"},"primaryImageOfPage":{"@id":"https:\/\/strippercollection.com\/fr\/stripteaseuses-girona-kristhin\/#primaryimage"},"image":{"@id":"https:\/\/strippercollection.com\/fr\/stripteaseuses-girona-kristhin\/#primaryimage"},"thumbnailUrl":"https:\/\/strippercollection.com\/wp-content\/uploads\/elementor\/thumbs\/Stripper-Tarragona-qymx6olvifkh9f4okrmwimrygacdte4illtbirni14.jpg","datePublished":"2023-04-12T21:41:59+00:00","dateModified":"2025-10-24T14:08:26+00:00","description":"Kristhin est une incroyable playboy blonde, sympathique avec des courbes incroyables, des seins et un show qui vous laissera bouche b\u00e9e...","breadcrumb":{"@id":"https:\/\/strippercollection.com\/fr\/stripteaseuses-girona-kristhin\/#breadcrumb"},"inLanguage":"fr-FR","potentialAction":[{"@type":"ReadAction","target":["https:\/\/strippercollection.com\/fr\/stripteaseuses-girona-kristhin\/"]}]},{"@type":"ImageObject","inLanguage":"fr-FR","@id":"https:\/\/strippercollection.com\/fr\/stripteaseuses-girona-kristhin\/#primaryimage","url":"https:\/\/strippercollection.com\/wp-content\/uploads\/elementor\/thumbs\/Stripper-Tarragona-qymx6olvifkh9f4okrmwimrygacdte4illtbirni14.jpg","contentUrl":"https:\/\/strippercollection.com\/wp-content\/uploads\/elementor\/thumbs\/Stripper-Tarragona-qymx6olvifkh9f4okrmwimrygacdte4illtbirni14.jpg"},{"@type":"BreadcrumbList","@id":"https:\/\/strippercollection.com\/fr\/stripteaseuses-girona-kristhin\/#breadcrumb","itemListElement":[{"@type":"ListItem","position":1,"name":"Portada","item":"https:\/\/strippercollection.com\/fr\/"},{"@type":"ListItem","position":2,"name":"STRIPTEASEUSES GIRONA KRISTHIN"}]},{"@type":"WebSite","@id":"https:\/\/strippercollection.com\/fr\/#website","url":"https:\/\/strippercollection.com\/fr\/","name":"Stripper Collection","description":"Organizaci\u00f3n de despedidas de soltera\/o y eventos en toda Espa\u00f1a","publisher":{"@id":"https:\/\/strippercollection.com\/fr\/#organization"},"potentialAction":[{"@type":"SearchAction","target":{"@type":"EntryPoint","urlTemplate":"https:\/\/strippercollection.com\/fr\/?s={search_term_string}"},"query-input":{"@type":"PropertyValueSpecification","valueRequired":true,"valueName":"search_term_string"}}],"inLanguage":"fr-FR"},{"@type":"Organization","@id":"https:\/\/strippercollection.com\/fr\/#organization","name":"Stripper Collection","url":"https:\/\/strippercollection.com\/fr\/","logo":{"@type":"ImageObject","inLanguage":"fr-FR","@id":"https:\/\/strippercollection.com\/fr\/#\/schema\/logo\/image\/","url":"https:\/\/strippercollection.com\/wp-content\/uploads\/2023\/04\/STRIPPER-COLLECTION-LOGO-WEB-TRANSPARENTE-EDIT.png","contentUrl":"https:\/\/strippercollection.com\/wp-content\/uploads\/2023\/04\/STRIPPER-COLLECTION-LOGO-WEB-TRANSPARENTE-EDIT.png","width":169,"height":151,"caption":"Stripper Collection"},"image":{"@id":"https:\/\/strippercollection.com\/fr\/#\/schema\/logo\/image\/"},"sameAs":["https:\/\/www.facebook.com\/profile.php?id=100090786345031","https:\/\/www.instagram.com\/stripper_collection\/"]}]}},"_links":{"self":[{"href":"https:\/\/strippercollection.com\/fr\/wp-json\/wp\/v2\/pages\/18706","targetHints":{"allow":["GET"]}}],"collection":[{"href":"https:\/\/strippercollection.com\/fr\/wp-json\/wp\/v2\/pages"}],"about":[{"href":"https:\/\/strippercollection.com\/fr\/wp-json\/wp\/v2\/types\/page"}],"author":[{"embeddable":true,"href":"https:\/\/strippercollection.com\/fr\/wp-json\/wp\/v2\/users\/1"}],"replies":[{"embeddable":true,"href":"https:\/\/strippercollection.com\/fr\/wp-json\/wp\/v2\/comments?post=18706"}],"version-history":[{"count":3,"href":"https:\/\/strippercollection.com\/fr\/wp-json\/wp\/v2\/pages\/18706\/revisions"}],"predecessor-version":[{"id":38245,"href":"https:\/\/strippercollection.com\/fr\/wp-json\/wp\/v2\/pages\/18706\/revisions\/38245"}],"wp:attachment":[{"href":"https:\/\/strippercollection.com\/fr\/wp-json\/wp\/v2\/media?parent=18706"}],"curies":[{"name":"wp","href":"https:\/\/api.w.org\/{rel}","templated":true}]}}