{"id":17537,"date":"2023-06-03T02:00:37","date_gmt":"2023-06-03T02:00:37","guid":{"rendered":"https:\/\/strippercollection.com\/stripteaseurs-lleida-emilio-elmano\/"},"modified":"2025-11-06T10:38:28","modified_gmt":"2025-11-06T10:38:28","slug":"stripteaseurs-lleida-emilio-elmano","status":"publish","type":"page","link":"https:\/\/strippercollection.com\/fr\/stripteaseurs-lleida-emilio-elmano\/","title":{"rendered":"STRIPTEASEURS LLEIDA EMILIO ELMA\u00d1O"},"content":{"rendered":"\t\t<div data-elementor-type=\"wp-page\" data-elementor-id=\"17537\" class=\"elementor elementor-17537 elementor-11933\" data-elementor-post-type=\"page\">\n\t\t\t\t\t\t<section class=\"elementor-section elementor-top-section elementor-element elementor-element-737c6a5 cabeceraweb elementor-section-boxed elementor-section-height-default elementor-section-height-default\" data-id=\"737c6a5\" data-element_type=\"section\" data-e-type=\"section\">\n\t\t\t\t\t\t<div class=\"elementor-container elementor-column-gap-default\">\n\t\t\t\t\t<div class=\"elementor-column elementor-col-100 elementor-top-column elementor-element elementor-element-fdcbbef\" data-id=\"fdcbbef\" data-element_type=\"column\" data-e-type=\"column\">\n\t\t\t<div class=\"elementor-widget-wrap elementor-element-populated\">\n\t\t\t\t\t\t<div class=\"elementor-element elementor-element-2198eac elementor-widget elementor-widget-heading\" data-id=\"2198eac\" data-element_type=\"widget\" data-e-type=\"widget\" data-widget_type=\"heading.default\">\n\t\t\t\t\t<h1 class=\"elementor-heading-title elementor-size-default\">EMILIO ELMA\u00d1O<\/h1>\t\t\t\t<\/div>\n\t\t\t\t\t<\/div>\n\t\t<\/div>\n\t\t\t\t\t<\/div>\n\t\t<\/section>\n\t\t\t\t<section class=\"elementor-section elementor-top-section elementor-element elementor-element-7ec9ea0 elementor-section-stretched elementor-section-boxed elementor-section-height-default elementor-section-height-default\" data-id=\"7ec9ea0\" data-element_type=\"section\" data-e-type=\"section\" data-settings=\"{&quot;stretch_section&quot;:&quot;section-stretched&quot;,&quot;background_background&quot;:&quot;classic&quot;}\">\n\t\t\t\t\t\t<div class=\"elementor-container elementor-column-gap-default\">\n\t\t\t\t\t<div class=\"elementor-column elementor-col-100 elementor-top-column elementor-element elementor-element-7df5454\" data-id=\"7df5454\" data-element_type=\"column\" data-e-type=\"column\">\n\t\t\t<div class=\"elementor-widget-wrap elementor-element-populated\">\n\t\t\t\t\t\t<div class=\"elementor-element elementor-element-e9291fd elementor-pagination-position-outside elementor-widget elementor-widget-image-carousel\" data-id=\"e9291fd\" data-element_type=\"widget\" data-e-type=\"widget\" data-settings=\"{&quot;slides_to_show&quot;:&quot;3&quot;,&quot;slides_to_scroll&quot;:&quot;3&quot;,&quot;navigation&quot;:&quot;dots&quot;,&quot;autoplay&quot;:&quot;no&quot;,&quot;slides_to_show_mobile&quot;:&quot;1&quot;,&quot;infinite&quot;:&quot;no&quot;,&quot;speed&quot;:500}\" data-widget_type=\"image-carousel.default\">\n\t\t\t\t\t\t\t<div class=\"elementor-image-carousel-wrapper swiper\" role=\"region\" aria-roledescription=\"carousel\" aria-label=\"Carrusel de im\u00e1genes\" dir=\"ltr\">\n\t\t\t<div class=\"elementor-image-carousel swiper-wrapper\" aria-live=\"polite\">\n\t\t\t\t\t\t\t\t<div class=\"swiper-slide\" role=\"group\" aria-roledescription=\"slide\" aria-label=\"1 sur 4\"><a data-elementor-open-lightbox=\"yes\" data-elementor-lightbox-slideshow=\"e9291fd\" data-e-action-hash=\"#elementor-action%3Aaction%3Dlightbox%26settings%3DeyJpZCI6MTM0MDQsInVybCI6Imh0dHBzOlwvXC9zdHJpcHBlcmNvbGxlY3Rpb24uY29tXC93cC1jb250ZW50XC91cGxvYWRzXC8yMDIzXC8wM1wvRW1pbGlvLWRlc3BlZGlkYS1zb2x0ZXJhLUJhcmNlbG9uYS5qcGciLCJzbGlkZXNob3ciOiJlOTI5MWZkIn0%3D\" href=\"https:\/\/strippercollection.com\/wp-content\/uploads\/2023\/03\/Emilio-despedida-soltera-Barcelona.jpg\"><figure class=\"swiper-slide-inner\"><img decoding=\"async\" class=\"swiper-slide-image\" src=\"https:\/\/strippercollection.com\/wp-content\/uploads\/elementor\/thumbs\/Emilio-despedida-soltera-Barcelona-qy4qqjxh05ne1wg96hkht1vlhmndnox31yioka3hxk.jpg\" alt=\"Emilio despedida soltera Barcelona\" \/><\/figure><\/a><\/div><div class=\"swiper-slide\" role=\"group\" aria-roledescription=\"slide\" aria-label=\"2 sur 4\"><a data-elementor-open-lightbox=\"yes\" data-elementor-lightbox-slideshow=\"e9291fd\" data-e-action-hash=\"#elementor-action%3Aaction%3Dlightbox%26settings%3DeyJpZCI6MTM0MDgsInVybCI6Imh0dHBzOlwvXC9zdHJpcHBlcmNvbGxlY3Rpb24uY29tXC93cC1jb250ZW50XC91cGxvYWRzXC8yMDIzXC8wM1wvRW1pbGlvLWRlc3BlZGlkYXMtQmFyY2Vsb25hLWUxNjgwMjY1MjA2NTA5LmpwZyIsInNsaWRlc2hvdyI6ImU5MjkxZmQifQ%3D%3D\" href=\"https:\/\/strippercollection.com\/wp-content\/uploads\/2023\/03\/Emilio-despedidas-Barcelona-e1680265206509.jpg\"><figure class=\"swiper-slide-inner\"><img decoding=\"async\" class=\"swiper-slide-image\" src=\"https:\/\/strippercollection.com\/wp-content\/uploads\/elementor\/thumbs\/Emilio-despedidas-Barcelona-e1680265206509-qy4qqomnybttny9ff1lmniowgk07q6fqqls3ynwj2g.jpg\" alt=\"Stripteaseurs EVJF \u00e0 Barcelone-Tarragone\" \/><\/figure><\/a><\/div><div class=\"swiper-slide\" role=\"group\" aria-roledescription=\"slide\" aria-label=\"3 sur 4\"><a data-elementor-open-lightbox=\"yes\" data-elementor-lightbox-slideshow=\"e9291fd\" data-e-action-hash=\"#elementor-action%3Aaction%3Dlightbox%26settings%3DeyJpZCI6MTM0MTIsInVybCI6Imh0dHBzOlwvXC9zdHJpcHBlcmNvbGxlY3Rpb24uY29tXC93cC1jb250ZW50XC91cGxvYWRzXC8yMDIzXC8wM1wvRW1pbGlvLWRlc3BlZGlkYXMteS1ldmVudG9zLUJhcmNlbG9uYS5qcGciLCJzbGlkZXNob3ciOiJlOTI5MWZkIn0%3D\" href=\"https:\/\/strippercollection.com\/wp-content\/uploads\/2023\/03\/Emilio-despedidas-y-eventos-Barcelona.jpg\"><figure class=\"swiper-slide-inner\"><img decoding=\"async\" class=\"swiper-slide-image\" src=\"https:\/\/strippercollection.com\/wp-content\/uploads\/elementor\/thumbs\/Emilio-despedidas-y-eventos-Barcelona-qy4qqu9p3c1jlm18i41e2h9o0v8f0d24rdp0ubo614.jpg\" alt=\"Emilio despedidas y eventos Barcelona\" \/><\/figure><\/a><\/div><div class=\"swiper-slide\" role=\"group\" aria-roledescription=\"slide\" aria-label=\"4 sur 4\"><a data-elementor-open-lightbox=\"yes\" data-elementor-lightbox-slideshow=\"e9291fd\" data-e-action-hash=\"#elementor-action%3Aaction%3Dlightbox%26settings%3DeyJpZCI6MTM0MDAsInVybCI6Imh0dHBzOlwvXC9zdHJpcHBlcmNvbGxlY3Rpb24uY29tXC93cC1jb250ZW50XC91cGxvYWRzXC8yMDIzXC8wM1wvRW1pbGlvLUJveS1CYXJjZWxvbmEuanBnIiwic2xpZGVzaG93IjoiZTkyOTFmZCJ9\" href=\"https:\/\/strippercollection.com\/wp-content\/uploads\/2023\/03\/Emilio-Boy-Barcelona.jpg\"><figure class=\"swiper-slide-inner\"><img decoding=\"async\" class=\"swiper-slide-image\" src=\"https:\/\/strippercollection.com\/wp-content\/uploads\/elementor\/thumbs\/Emilio-Boy-Barcelona-qy4qqdclobedsmpt8wq3tljdbxjt5t6yp1ya7cd954.jpg\" alt=\"Emilio Boy Barcelona\" \/><\/figure><\/a><\/div>\t\t\t<\/div>\n\t\t\t\t\t\t\t\n\t\t\t\t\t\t\t\t\t<div class=\"swiper-pagination\"><\/div>\n\t\t\t\t\t\t\t\t\t<\/div>\n\t\t\t\t\t\t<\/div>\n\t\t\t\t\t<\/div>\n\t\t<\/div>\n\t\t\t\t\t<\/div>\n\t\t<\/section>\n\t\t\t\t<section class=\"elementor-section elementor-top-section elementor-element elementor-element-ccbfe2e elementor-section-boxed elementor-section-height-default elementor-section-height-default\" data-id=\"ccbfe2e\" data-element_type=\"section\" data-e-type=\"section\">\n\t\t\t\t\t\t<div class=\"elementor-container elementor-column-gap-default\">\n\t\t\t\t\t<div class=\"elementor-column elementor-col-100 elementor-top-column elementor-element elementor-element-23b5b57\" data-id=\"23b5b57\" data-element_type=\"column\" data-e-type=\"column\">\n\t\t\t<div class=\"elementor-widget-wrap elementor-element-populated\">\n\t\t\t\t\t\t<div class=\"elementor-element elementor-element-8aeea8c elementor-widget elementor-widget-text-editor\" data-id=\"8aeea8c\" data-element_type=\"widget\" data-e-type=\"widget\" data-widget_type=\"text-editor.default\">\n\t\t\t\t\t\t\t\t\t<h2><span style=\"color: #000000;\">EMILIO ELMA\u00d1O<\/span><\/h2><h4><span style=\"color: #000000;\"> Emilio Elma\u00f1o vous ravira tous par sa sympathie et sa dr\u00f4lerie.<\/span><\/h4><h4><span style=\"color: #000000;\">Un spectacle professionnel, dr\u00f4le ET \u00e9rotique&#8230;<\/span><\/h4><h4><span style=\"color: #000000;\">La dur\u00e9e du spectacle de l&rsquo;artiste est de 15 \u00e0 20 minutes. Apr\u00e8s le spectacle, le stripteaseur reste g\u00e9n\u00e9ralement avec vous pendant un certain temps pour que vous puissiez prendre des photos avec lui.<\/span><\/h4><h2><span style=\"color: #000000;\"><u>VESTIAIRES DE SPECTACLE<\/u><\/span><\/h2><h4><span style=\"color: #000000;\">SHERIFF<\/span><\/h4><h4><span style=\"color: #000000;\">POMPIER<\/span><\/h4><h4><span style=\"color: #000000;\">GENTLEMAN<\/span><\/h4><h4>MILITAIRE<\/h4><p>\u00a0<\/p><p>\u00a0<\/p><p>\u00a0<\/p>\t\t\t\t\t\t\t\t<\/div>\n\t\t\t\t\t<\/div>\n\t\t<\/div>\n\t\t\t\t\t<\/div>\n\t\t<\/section>\n\t\t\t\t<section class=\"elementor-section elementor-top-section elementor-element elementor-element-4c7336e elementor-section-boxed elementor-section-height-default elementor-section-height-default\" data-id=\"4c7336e\" data-element_type=\"section\" data-e-type=\"section\">\n\t\t\t\t\t\t<div class=\"elementor-container elementor-column-gap-default\">\n\t\t\t\t\t<div class=\"elementor-column elementor-col-100 elementor-top-column elementor-element elementor-element-8a16d8e\" data-id=\"8a16d8e\" data-element_type=\"column\" data-e-type=\"column\">\n\t\t\t<div class=\"elementor-widget-wrap elementor-element-populated\">\n\t\t\t\t\t\t<div class=\"elementor-element elementor-element-5c1d813 elementor-align-center elementor-widget elementor-widget-button\" data-id=\"5c1d813\" data-element_type=\"widget\" data-e-type=\"widget\" data-widget_type=\"button.default\">\n\t\t\t\t\t\t\t\t\t\t<a class=\"elementor-button elementor-button-link elementor-size-md\" href=\"https:\/\/strippercollection.com\/fr\/la-reservation-dartistes-ou-de-services\/\">\n\t\t\t\t\t\t<span class=\"elementor-button-content-wrapper\">\n\t\t\t\t\t\t\t\t\t<span class=\"elementor-button-text\">CLIQUEZ ICI POUR R\u00c9SERVER<\/span>\n\t\t\t\t\t<\/span>\n\t\t\t\t\t<\/a>\n\t\t\t\t\t\t\t\t<\/div>\n\t\t\t\t\t<\/div>\n\t\t<\/div>\n\t\t\t\t\t<\/div>\n\t\t<\/section>\n\t\t\t\t<section class=\"elementor-section elementor-top-section elementor-element elementor-element-0983d77 elementor-section-boxed elementor-section-height-default elementor-section-height-default\" data-id=\"0983d77\" data-element_type=\"section\" data-e-type=\"section\" data-settings=\"{&quot;background_background&quot;:&quot;classic&quot;}\">\n\t\t\t\t\t\t<div class=\"elementor-container elementor-column-gap-default\">\n\t\t\t\t\t<div class=\"elementor-column elementor-col-100 elementor-top-column elementor-element elementor-element-46dacd4\" data-id=\"46dacd4\" data-element_type=\"column\" data-e-type=\"column\">\n\t\t\t<div class=\"elementor-widget-wrap elementor-element-populated\">\n\t\t\t\t\t\t<div class=\"elementor-element elementor-element-5dde029 elementor-align-center elementor-widget elementor-widget-button\" data-id=\"5dde029\" data-element_type=\"widget\" data-e-type=\"widget\" data-widget_type=\"button.default\">\n\t\t\t\t\t\t\t\t\t\t<a class=\"elementor-button elementor-button-link elementor-size-md\" href=\"https:\/\/strippercollection.com\/fr\/stripteaseurs-lleida\/\">\n\t\t\t\t\t\t<span class=\"elementor-button-content-wrapper\">\n\t\t\t\t\t\t\t\t\t<span class=\"elementor-button-text\">RETOUR AUX STRIPTEASEURS LLEIDA<\/span>\n\t\t\t\t\t<\/span>\n\t\t\t\t\t<\/a>\n\t\t\t\t\t\t\t\t<\/div>\n\t\t\t\t\t<\/div>\n\t\t<\/div>\n\t\t\t\t\t<\/div>\n\t\t<\/section>\n\t\t\t\t<\/div>\n\t\t","protected":false},"excerpt":{"rendered":"<p>EMILIO ELMA\u00d1O EMILIO ELMA\u00d1O Emilio Elma\u00f1o vous ravira tous par sa sympathie et sa dr\u00f4lerie. Un spectacle professionnel, dr\u00f4le ET \u00e9rotique&#8230; La dur\u00e9e du spectacle de l&rsquo;artiste est de 15 \u00e0 20 minutes. Apr\u00e8s le spectacle, le stripteaseur reste g\u00e9n\u00e9ralement avec vous pendant un certain temps pour que vous puissiez prendre des photos avec lui. &#8230; <a title=\"STRIPTEASEURS LLEIDA EMILIO ELMA\u00d1O\" class=\"read-more\" href=\"https:\/\/strippercollection.com\/fr\/stripteaseurs-lleida-emilio-elmano\/\" aria-label=\"En savoir plus sur STRIPTEASEURS LLEIDA EMILIO ELMA\u00d1O\">Lire la suite<\/a><\/p>\n","protected":false},"author":1,"featured_media":0,"parent":0,"menu_order":0,"comment_status":"closed","ping_status":"closed","template":"elementor_header_footer","meta":{"_monsterinsights_skip_tracking":false,"_monsterinsights_sitenote_active":false,"_monsterinsights_sitenote_note":"","_monsterinsights_sitenote_category":0,"footnotes":""},"class_list":["post-17537","page","type-page","status-publish"],"yoast_head":"<!-- This site is optimized with the Yoast SEO plugin v27.3 - https:\/\/yoast.com\/product\/yoast-seo-wordpress\/ -->\n<title>Stripteaseurs Lleida Emilio EVJF | Bachelorette party Lleida<\/title>\n<meta name=\"description\" content=\"Emilio Elma\u00f1o vous ravira tous par sa sympathie et sa dr\u00f4lerie.Un spectacle professionnel, dr\u00f4le ET \u00e9rotique...La dur\u00e9e du spectacle...\" \/>\n<meta name=\"robots\" content=\"index, follow, max-snippet:-1, max-image-preview:large, max-video-preview:-1\" \/>\n<link rel=\"canonical\" href=\"https:\/\/strippercollection.com\/fr\/stripteaseurs-lleida-emilio-elmano\/\" \/>\n<meta property=\"og:locale\" content=\"fr_FR\" \/>\n<meta property=\"og:type\" content=\"article\" \/>\n<meta property=\"og:title\" content=\"Stripteaseurs Lleida Emilio EVJF | Bachelorette party Lleida\" \/>\n<meta property=\"og:description\" content=\"Emilio Elma\u00f1o vous ravira tous par sa sympathie et sa dr\u00f4lerie.Un spectacle professionnel, dr\u00f4le ET \u00e9rotique...La dur\u00e9e du spectacle...\" \/>\n<meta property=\"og:url\" content=\"https:\/\/strippercollection.com\/fr\/stripteaseurs-lleida-emilio-elmano\/\" \/>\n<meta property=\"og:site_name\" content=\"Stripper Collection\" \/>\n<meta property=\"article:publisher\" content=\"https:\/\/www.facebook.com\/profile.php?id=100090786345031\" \/>\n<meta property=\"article:modified_time\" content=\"2025-11-06T10:38:28+00:00\" \/>\n<meta property=\"og:image\" content=\"https:\/\/strippercollection.com\/wp-content\/uploads\/elementor\/thumbs\/Emilio-despedida-soltera-Barcelona-qy4qqjxh05ne1wg96hkht1vlhmndnox31yioka3hxk.jpg\" \/>\n<script type=\"application\/ld+json\" class=\"yoast-schema-graph\">{\"@context\":\"https:\\\/\\\/schema.org\",\"@graph\":[{\"@type\":\"WebPage\",\"@id\":\"https:\\\/\\\/strippercollection.com\\\/fr\\\/stripteaseurs-lleida-emilio-elmano\\\/\",\"url\":\"https:\\\/\\\/strippercollection.com\\\/fr\\\/stripteaseurs-lleida-emilio-elmano\\\/\",\"name\":\"Stripteaseurs Lleida Emilio EVJF | Bachelorette party Lleida\",\"isPartOf\":{\"@id\":\"https:\\\/\\\/strippercollection.com\\\/fr\\\/#website\"},\"primaryImageOfPage\":{\"@id\":\"https:\\\/\\\/strippercollection.com\\\/fr\\\/stripteaseurs-lleida-emilio-elmano\\\/#primaryimage\"},\"image\":{\"@id\":\"https:\\\/\\\/strippercollection.com\\\/fr\\\/stripteaseurs-lleida-emilio-elmano\\\/#primaryimage\"},\"thumbnailUrl\":\"https:\\\/\\\/strippercollection.com\\\/wp-content\\\/uploads\\\/elementor\\\/thumbs\\\/Emilio-despedida-soltera-Barcelona-qy4qqjxh05ne1wg96hkht1vlhmndnox31yioka3hxk.jpg\",\"datePublished\":\"2023-06-03T02:00:37+00:00\",\"dateModified\":\"2025-11-06T10:38:28+00:00\",\"description\":\"Emilio Elma\u00f1o vous ravira tous par sa sympathie et sa dr\u00f4lerie.Un spectacle professionnel, dr\u00f4le ET \u00e9rotique...La dur\u00e9e du spectacle...\",\"breadcrumb\":{\"@id\":\"https:\\\/\\\/strippercollection.com\\\/fr\\\/stripteaseurs-lleida-emilio-elmano\\\/#breadcrumb\"},\"inLanguage\":\"fr-FR\",\"potentialAction\":[{\"@type\":\"ReadAction\",\"target\":[\"https:\\\/\\\/strippercollection.com\\\/fr\\\/stripteaseurs-lleida-emilio-elmano\\\/\"]}]},{\"@type\":\"ImageObject\",\"inLanguage\":\"fr-FR\",\"@id\":\"https:\\\/\\\/strippercollection.com\\\/fr\\\/stripteaseurs-lleida-emilio-elmano\\\/#primaryimage\",\"url\":\"https:\\\/\\\/strippercollection.com\\\/wp-content\\\/uploads\\\/elementor\\\/thumbs\\\/Emilio-despedida-soltera-Barcelona-qy4qqjxh05ne1wg96hkht1vlhmndnox31yioka3hxk.jpg\",\"contentUrl\":\"https:\\\/\\\/strippercollection.com\\\/wp-content\\\/uploads\\\/elementor\\\/thumbs\\\/Emilio-despedida-soltera-Barcelona-qy4qqjxh05ne1wg96hkht1vlhmndnox31yioka3hxk.jpg\"},{\"@type\":\"BreadcrumbList\",\"@id\":\"https:\\\/\\\/strippercollection.com\\\/fr\\\/stripteaseurs-lleida-emilio-elmano\\\/#breadcrumb\",\"itemListElement\":[{\"@type\":\"ListItem\",\"position\":1,\"name\":\"Portada\",\"item\":\"https:\\\/\\\/strippercollection.com\\\/fr\\\/\"},{\"@type\":\"ListItem\",\"position\":2,\"name\":\"STRIPTEASEURS LLEIDA EMILIO ELMA\u00d1O\"}]},{\"@type\":\"WebSite\",\"@id\":\"https:\\\/\\\/strippercollection.com\\\/fr\\\/#website\",\"url\":\"https:\\\/\\\/strippercollection.com\\\/fr\\\/\",\"name\":\"Stripper Collection\",\"description\":\"Organizaci\u00f3n de despedidas de soltera\\\/o y eventos en toda Espa\u00f1a\",\"publisher\":{\"@id\":\"https:\\\/\\\/strippercollection.com\\\/fr\\\/#organization\"},\"potentialAction\":[{\"@type\":\"SearchAction\",\"target\":{\"@type\":\"EntryPoint\",\"urlTemplate\":\"https:\\\/\\\/strippercollection.com\\\/fr\\\/?s={search_term_string}\"},\"query-input\":{\"@type\":\"PropertyValueSpecification\",\"valueRequired\":true,\"valueName\":\"search_term_string\"}}],\"inLanguage\":\"fr-FR\"},{\"@type\":\"Organization\",\"@id\":\"https:\\\/\\\/strippercollection.com\\\/fr\\\/#organization\",\"name\":\"Stripper Collection\",\"url\":\"https:\\\/\\\/strippercollection.com\\\/fr\\\/\",\"logo\":{\"@type\":\"ImageObject\",\"inLanguage\":\"fr-FR\",\"@id\":\"https:\\\/\\\/strippercollection.com\\\/fr\\\/#\\\/schema\\\/logo\\\/image\\\/\",\"url\":\"https:\\\/\\\/strippercollection.com\\\/wp-content\\\/uploads\\\/2023\\\/04\\\/STRIPPER-COLLECTION-LOGO-WEB-TRANSPARENTE-EDIT.png\",\"contentUrl\":\"https:\\\/\\\/strippercollection.com\\\/wp-content\\\/uploads\\\/2023\\\/04\\\/STRIPPER-COLLECTION-LOGO-WEB-TRANSPARENTE-EDIT.png\",\"width\":169,\"height\":151,\"caption\":\"Stripper Collection\"},\"image\":{\"@id\":\"https:\\\/\\\/strippercollection.com\\\/fr\\\/#\\\/schema\\\/logo\\\/image\\\/\"},\"sameAs\":[\"https:\\\/\\\/www.facebook.com\\\/profile.php?id=100090786345031\",\"https:\\\/\\\/www.instagram.com\\\/stripper_collection\\\/\"]}]}<\/script>\n<!-- \/ Yoast SEO plugin. -->","yoast_head_json":{"title":"Stripteaseurs Lleida Emilio EVJF | Bachelorette party Lleida","description":"Emilio Elma\u00f1o vous ravira tous par sa sympathie et sa dr\u00f4lerie.Un spectacle professionnel, dr\u00f4le ET \u00e9rotique...La dur\u00e9e du spectacle...","robots":{"index":"index","follow":"follow","max-snippet":"max-snippet:-1","max-image-preview":"max-image-preview:large","max-video-preview":"max-video-preview:-1"},"canonical":"https:\/\/strippercollection.com\/fr\/stripteaseurs-lleida-emilio-elmano\/","og_locale":"fr_FR","og_type":"article","og_title":"Stripteaseurs Lleida Emilio EVJF | Bachelorette party Lleida","og_description":"Emilio Elma\u00f1o vous ravira tous par sa sympathie et sa dr\u00f4lerie.Un spectacle professionnel, dr\u00f4le ET \u00e9rotique...La dur\u00e9e du spectacle...","og_url":"https:\/\/strippercollection.com\/fr\/stripteaseurs-lleida-emilio-elmano\/","og_site_name":"Stripper Collection","article_publisher":"https:\/\/www.facebook.com\/profile.php?id=100090786345031","article_modified_time":"2025-11-06T10:38:28+00:00","og_image":[{"url":"https:\/\/strippercollection.com\/wp-content\/uploads\/elementor\/thumbs\/Emilio-despedida-soltera-Barcelona-qy4qqjxh05ne1wg96hkht1vlhmndnox31yioka3hxk.jpg","type":"","width":"","height":""}],"schema":{"@context":"https:\/\/schema.org","@graph":[{"@type":"WebPage","@id":"https:\/\/strippercollection.com\/fr\/stripteaseurs-lleida-emilio-elmano\/","url":"https:\/\/strippercollection.com\/fr\/stripteaseurs-lleida-emilio-elmano\/","name":"Stripteaseurs Lleida Emilio EVJF | Bachelorette party Lleida","isPartOf":{"@id":"https:\/\/strippercollection.com\/fr\/#website"},"primaryImageOfPage":{"@id":"https:\/\/strippercollection.com\/fr\/stripteaseurs-lleida-emilio-elmano\/#primaryimage"},"image":{"@id":"https:\/\/strippercollection.com\/fr\/stripteaseurs-lleida-emilio-elmano\/#primaryimage"},"thumbnailUrl":"https:\/\/strippercollection.com\/wp-content\/uploads\/elementor\/thumbs\/Emilio-despedida-soltera-Barcelona-qy4qqjxh05ne1wg96hkht1vlhmndnox31yioka3hxk.jpg","datePublished":"2023-06-03T02:00:37+00:00","dateModified":"2025-11-06T10:38:28+00:00","description":"Emilio Elma\u00f1o vous ravira tous par sa sympathie et sa dr\u00f4lerie.Un spectacle professionnel, dr\u00f4le ET \u00e9rotique...La dur\u00e9e du spectacle...","breadcrumb":{"@id":"https:\/\/strippercollection.com\/fr\/stripteaseurs-lleida-emilio-elmano\/#breadcrumb"},"inLanguage":"fr-FR","potentialAction":[{"@type":"ReadAction","target":["https:\/\/strippercollection.com\/fr\/stripteaseurs-lleida-emilio-elmano\/"]}]},{"@type":"ImageObject","inLanguage":"fr-FR","@id":"https:\/\/strippercollection.com\/fr\/stripteaseurs-lleida-emilio-elmano\/#primaryimage","url":"https:\/\/strippercollection.com\/wp-content\/uploads\/elementor\/thumbs\/Emilio-despedida-soltera-Barcelona-qy4qqjxh05ne1wg96hkht1vlhmndnox31yioka3hxk.jpg","contentUrl":"https:\/\/strippercollection.com\/wp-content\/uploads\/elementor\/thumbs\/Emilio-despedida-soltera-Barcelona-qy4qqjxh05ne1wg96hkht1vlhmndnox31yioka3hxk.jpg"},{"@type":"BreadcrumbList","@id":"https:\/\/strippercollection.com\/fr\/stripteaseurs-lleida-emilio-elmano\/#breadcrumb","itemListElement":[{"@type":"ListItem","position":1,"name":"Portada","item":"https:\/\/strippercollection.com\/fr\/"},{"@type":"ListItem","position":2,"name":"STRIPTEASEURS LLEIDA EMILIO ELMA\u00d1O"}]},{"@type":"WebSite","@id":"https:\/\/strippercollection.com\/fr\/#website","url":"https:\/\/strippercollection.com\/fr\/","name":"Stripper Collection","description":"Organizaci\u00f3n de despedidas de soltera\/o y eventos en toda Espa\u00f1a","publisher":{"@id":"https:\/\/strippercollection.com\/fr\/#organization"},"potentialAction":[{"@type":"SearchAction","target":{"@type":"EntryPoint","urlTemplate":"https:\/\/strippercollection.com\/fr\/?s={search_term_string}"},"query-input":{"@type":"PropertyValueSpecification","valueRequired":true,"valueName":"search_term_string"}}],"inLanguage":"fr-FR"},{"@type":"Organization","@id":"https:\/\/strippercollection.com\/fr\/#organization","name":"Stripper Collection","url":"https:\/\/strippercollection.com\/fr\/","logo":{"@type":"ImageObject","inLanguage":"fr-FR","@id":"https:\/\/strippercollection.com\/fr\/#\/schema\/logo\/image\/","url":"https:\/\/strippercollection.com\/wp-content\/uploads\/2023\/04\/STRIPPER-COLLECTION-LOGO-WEB-TRANSPARENTE-EDIT.png","contentUrl":"https:\/\/strippercollection.com\/wp-content\/uploads\/2023\/04\/STRIPPER-COLLECTION-LOGO-WEB-TRANSPARENTE-EDIT.png","width":169,"height":151,"caption":"Stripper Collection"},"image":{"@id":"https:\/\/strippercollection.com\/fr\/#\/schema\/logo\/image\/"},"sameAs":["https:\/\/www.facebook.com\/profile.php?id=100090786345031","https:\/\/www.instagram.com\/stripper_collection\/"]}]}},"_links":{"self":[{"href":"https:\/\/strippercollection.com\/fr\/wp-json\/wp\/v2\/pages\/17537","targetHints":{"allow":["GET"]}}],"collection":[{"href":"https:\/\/strippercollection.com\/fr\/wp-json\/wp\/v2\/pages"}],"about":[{"href":"https:\/\/strippercollection.com\/fr\/wp-json\/wp\/v2\/types\/page"}],"author":[{"embeddable":true,"href":"https:\/\/strippercollection.com\/fr\/wp-json\/wp\/v2\/users\/1"}],"replies":[{"embeddable":true,"href":"https:\/\/strippercollection.com\/fr\/wp-json\/wp\/v2\/comments?post=17537"}],"version-history":[{"count":3,"href":"https:\/\/strippercollection.com\/fr\/wp-json\/wp\/v2\/pages\/17537\/revisions"}],"predecessor-version":[{"id":39184,"href":"https:\/\/strippercollection.com\/fr\/wp-json\/wp\/v2\/pages\/17537\/revisions\/39184"}],"wp:attachment":[{"href":"https:\/\/strippercollection.com\/fr\/wp-json\/wp\/v2\/media?parent=17537"}],"curies":[{"name":"wp","href":"https:\/\/api.w.org\/{rel}","templated":true}]}}