{"id":17459,"date":"2023-05-22T18:23:50","date_gmt":"2023-05-22T18:23:50","guid":{"rendered":"https:\/\/strippercollection.com\/stripteaseuses-mallorca-alba\/"},"modified":"2023-08-29T22:46:22","modified_gmt":"2023-08-29T22:46:22","slug":"stripteaseuses-majorque-alba","status":"publish","type":"page","link":"https:\/\/strippercollection.com\/fr\/stripteaseuses-majorque-alba\/","title":{"rendered":"STRIPTEASEUSES MALLORCA ALBA"},"content":{"rendered":"\t\t<div data-elementor-type=\"wp-page\" data-elementor-id=\"17459\" class=\"elementor elementor-17459 elementor-10924\" data-elementor-post-type=\"page\">\n\t\t\t\t\t\t<section class=\"elementor-section elementor-top-section elementor-element elementor-element-3abb2d2 elementor-section-boxed elementor-section-height-default elementor-section-height-default\" data-id=\"3abb2d2\" data-element_type=\"section\" data-e-type=\"section\">\n\t\t\t\t\t\t<div class=\"elementor-container elementor-column-gap-default\">\n\t\t\t\t\t<div class=\"elementor-column elementor-col-100 elementor-top-column elementor-element elementor-element-89498c4\" data-id=\"89498c4\" data-element_type=\"column\" data-e-type=\"column\">\n\t\t\t<div class=\"elementor-widget-wrap elementor-element-populated\">\n\t\t\t\t\t\t<div class=\"elementor-element elementor-element-3cd966e elementor-widget elementor-widget-heading\" data-id=\"3cd966e\" data-element_type=\"widget\" data-e-type=\"widget\" data-widget_type=\"heading.default\">\n\t\t\t\t\t<h1 class=\"elementor-heading-title elementor-size-default\">ALBA<\/h1>\t\t\t\t<\/div>\n\t\t\t\t\t<\/div>\n\t\t<\/div>\n\t\t\t\t\t<\/div>\n\t\t<\/section>\n\t\t\t\t<section class=\"elementor-section elementor-top-section elementor-element elementor-element-6731618 elementor-section-boxed elementor-section-height-default elementor-section-height-default\" data-id=\"6731618\" data-element_type=\"section\" data-e-type=\"section\">\n\t\t\t\t\t\t<div class=\"elementor-container elementor-column-gap-default\">\n\t\t\t\t\t<div class=\"elementor-column elementor-col-100 elementor-top-column elementor-element elementor-element-b006bef\" data-id=\"b006bef\" data-element_type=\"column\" data-e-type=\"column\">\n\t\t\t<div class=\"elementor-widget-wrap elementor-element-populated\">\n\t\t\t\t\t\t<div class=\"elementor-element elementor-element-110eed8 elementor-pagination-position-outside elementor-widget elementor-widget-image-carousel\" data-id=\"110eed8\" data-element_type=\"widget\" data-e-type=\"widget\" data-settings=\"{&quot;slides_to_show&quot;:&quot;3&quot;,&quot;slides_to_scroll&quot;:&quot;3&quot;,&quot;navigation&quot;:&quot;dots&quot;,&quot;autoplay&quot;:&quot;no&quot;,&quot;slides_to_show_mobile&quot;:&quot;1&quot;,&quot;infinite&quot;:&quot;no&quot;,&quot;speed&quot;:500}\" data-widget_type=\"image-carousel.default\">\n\t\t\t\t\t\t\t<div class=\"elementor-image-carousel-wrapper swiper\" role=\"region\" aria-roledescription=\"carousel\" aria-label=\"Carrousel d\u2019images\" dir=\"ltr\">\n\t\t\t<div class=\"elementor-image-carousel swiper-wrapper\" aria-live=\"polite\">\n\t\t\t\t\t\t\t\t<div class=\"swiper-slide\" role=\"group\" aria-roledescription=\"slide\" aria-label=\"1 sur 6\"><a data-elementor-open-lightbox=\"yes\" data-elementor-lightbox-slideshow=\"110eed8\" data-e-action-hash=\"#elementor-action%3Aaction%3Dlightbox%26settings%3DeyJpZCI6MTM4OTYsInVybCI6Imh0dHBzOlwvXC9zdHJpcHBlcmNvbGxlY3Rpb24uY29tXC93cC1jb250ZW50XC91cGxvYWRzXC8yMDIzXC8wNVwvU3RyaXBwZXItcGFyYS1ldmVudG9zLWVuLVBhbG1hLWRlLU1hbGxvcmNhLmpwZyIsInNsaWRlc2hvdyI6IjExMGVlZDgifQ%3D%3D\" href=\"https:\/\/strippercollection.com\/wp-content\/uploads\/2023\/05\/Stripper-para-eventos-en-Palma-de-Mallorca.jpg\"><figure class=\"swiper-slide-inner\"><img decoding=\"async\" class=\"swiper-slide-image\" src=\"https:\/\/strippercollection.com\/wp-content\/uploads\/elementor\/thumbs\/Stripper-para-eventos-en-Palma-de-Mallorca-r3h1796ed5komuwpebj1c3rc5goila6sqial5tvdl4.jpg\" alt=\"Stripper para eventos en Palma de Mallorca\" \/><\/figure><\/a><\/div><div class=\"swiper-slide\" role=\"group\" aria-roledescription=\"slide\" aria-label=\"2 sur 6\"><a data-elementor-open-lightbox=\"yes\" data-elementor-lightbox-slideshow=\"110eed8\" data-e-action-hash=\"#elementor-action%3Aaction%3Dlightbox%26settings%3DeyJpZCI6MTM4ODgsInVybCI6Imh0dHBzOlwvXC9zdHJpcHBlcmNvbGxlY3Rpb24uY29tXC93cC1jb250ZW50XC91cGxvYWRzXC8yMDIzXC8wNVwvU3RyaXBwZXItZm9yLXN0YWctcGFydHktaW4tTWFnYWx1Zi1zY2FsZWQuanBnIiwic2xpZGVzaG93IjoiMTEwZWVkOCJ9\" href=\"https:\/\/strippercollection.com\/wp-content\/uploads\/2023\/05\/Stripper-for-stag-party-in-Magaluf-scaled.jpg\"><figure class=\"swiper-slide-inner\"><img decoding=\"async\" class=\"swiper-slide-image\" src=\"https:\/\/strippercollection.com\/wp-content\/uploads\/elementor\/thumbs\/Stripper-for-stag-party-in-Magaluf-scaled-r3h1788k6bjeb8y2jt4erlzvk2t5dl32edn3ojwrrc.jpg\" alt=\"Stripper for stag party in Magaluf\" \/><\/figure><\/a><\/div><div class=\"swiper-slide\" role=\"group\" aria-roledescription=\"slide\" aria-label=\"3 sur 6\"><a data-elementor-open-lightbox=\"yes\" data-elementor-lightbox-slideshow=\"110eed8\" data-e-action-hash=\"#elementor-action%3Aaction%3Dlightbox%26settings%3DeyJpZCI6MTM5MDAsInVybCI6Imh0dHBzOlwvXC9zdHJpcHBlcmNvbGxlY3Rpb24uY29tXC93cC1jb250ZW50XC91cGxvYWRzXC8yMDIzXC8wNVwvU3RyaXBwZXItc2V4eS1wYXJhLWRlc3BlZGlkYXMtUGFsbWEtc2NhbGVkLmpwZyIsInNsaWRlc2hvdyI6IjExMGVlZDgifQ%3D%3D\" href=\"https:\/\/strippercollection.com\/wp-content\/uploads\/2023\/05\/Stripper-sexy-para-despedidas-Palma-scaled.jpg\"><figure class=\"swiper-slide-inner\"><img decoding=\"async\" class=\"swiper-slide-image\" src=\"https:\/\/strippercollection.com\/wp-content\/uploads\/elementor\/thumbs\/Stripper-sexy-para-despedidas-Palma-scaled-r3h17a48jzlyygvc8txnwlisqujvszaj2my2n3tzew.jpg\" alt=\"Stripper sexy para despedidas Palma\" \/><\/figure><\/a><\/div><div class=\"swiper-slide\" role=\"group\" aria-roledescription=\"slide\" aria-label=\"4 sur 6\"><a data-elementor-open-lightbox=\"yes\" data-elementor-lightbox-slideshow=\"110eed8\" data-e-action-hash=\"#elementor-action%3Aaction%3Dlightbox%26settings%3DeyJpZCI6MTM4OTIsInVybCI6Imh0dHBzOlwvXC9zdHJpcHBlcmNvbGxlY3Rpb24uY29tXC93cC1jb250ZW50XC91cGxvYWRzXC8yMDIzXC8wNVwvU3RyaXBwZXItZ3VhcGEtcGFyYS1kZXNwZWRpZGFzLWVuLVBhbG1hLmpwZyIsInNsaWRlc2hvdyI6IjExMGVlZDgifQ%3D%3D\" href=\"https:\/\/strippercollection.com\/wp-content\/uploads\/2023\/05\/Stripper-guapa-para-despedidas-en-Palma.jpg\"><figure class=\"swiper-slide-inner\"><img decoding=\"async\" class=\"swiper-slide-image\" src=\"https:\/\/strippercollection.com\/wp-content\/uploads\/elementor\/thumbs\/Stripper-guapa-para-despedidas-en-Palma-r3h1788k6bjeb8y2jt4erlzvk2t5dl32edn3ojwrrc.jpg\" alt=\"Stripper guapa para despedidas en Palma\" \/><\/figure><\/a><\/div><div class=\"swiper-slide\" role=\"group\" aria-roledescription=\"slide\" aria-label=\"5 sur 6\"><a data-elementor-open-lightbox=\"yes\" data-elementor-lightbox-slideshow=\"110eed8\" data-e-action-hash=\"#elementor-action%3Aaction%3Dlightbox%26settings%3DeyJpZCI6MTM4ODQsInVybCI6Imh0dHBzOlwvXC9zdHJpcHBlcmNvbGxlY3Rpb24uY29tXC93cC1jb250ZW50XC91cGxvYWRzXC8yMDIzXC8wNVwvU3RyaXBwZXItYS1kb21pY2lsaW8tZW4tTWFsbG9yY2Etc2NhbGVkLmpwZyIsInNsaWRlc2hvdyI6IjExMGVlZDgifQ%3D%3D\" href=\"https:\/\/strippercollection.com\/wp-content\/uploads\/2023\/05\/Stripper-a-domicilio-en-Mallorca-scaled.jpg\"><figure class=\"swiper-slide-inner\"><img decoding=\"async\" class=\"swiper-slide-image\" src=\"https:\/\/strippercollection.com\/wp-content\/uploads\/elementor\/thumbs\/Stripper-a-domicilio-en-Mallorca-scaled-r3h1788k6bjeb8y2jt4erlzvk2t5dl32edn3ojwrrc.jpg\" alt=\"Stripper a domicilio en Mallorca\" \/><\/figure><\/a><\/div><div class=\"swiper-slide\" role=\"group\" aria-roledescription=\"slide\" aria-label=\"6 sur 6\"><a data-elementor-open-lightbox=\"yes\" data-elementor-lightbox-slideshow=\"110eed8\" data-e-action-hash=\"#elementor-action%3Aaction%3Dlightbox%26settings%3DeyJpZCI6MTM4ODAsInVybCI6Imh0dHBzOlwvXC9zdHJpcHBlcmNvbGxlY3Rpb24uY29tXC93cC1jb250ZW50XC91cGxvYWRzXC8yMDIzXC8wNVwvU2hvdy1zZW5zdWFsLXN0cmlwcGVyLU1hbGxvcmNhLXNjYWxlZC5qcGciLCJzbGlkZXNob3ciOiIxMTBlZWQ4In0%3D\" href=\"https:\/\/strippercollection.com\/wp-content\/uploads\/2023\/05\/Show-sensual-stripper-Mallorca-scaled.jpg\"><figure class=\"swiper-slide-inner\"><img decoding=\"async\" class=\"swiper-slide-image\" src=\"https:\/\/strippercollection.com\/wp-content\/uploads\/elementor\/thumbs\/Show-sensual-stripper-Mallorca-scaled-r3h177apzhi3zmzfpaps748eyoxs5vzc28zm79y5xk.jpg\" alt=\"Show sensual stripper Mallorca\" \/><\/figure><\/a><\/div>\t\t\t<\/div>\n\t\t\t\t\t\t\t\n\t\t\t\t\t\t\t\t\t<div class=\"swiper-pagination\"><\/div>\n\t\t\t\t\t\t\t\t\t<\/div>\n\t\t\t\t\t\t<\/div>\n\t\t\t\t\t<\/div>\n\t\t<\/div>\n\t\t\t\t\t<\/div>\n\t\t<\/section>\n\t\t\t\t<section class=\"elementor-section elementor-top-section elementor-element elementor-element-9ca7ff1 elementor-section-boxed elementor-section-height-default elementor-section-height-default\" data-id=\"9ca7ff1\" data-element_type=\"section\" data-e-type=\"section\">\n\t\t\t\t\t\t<div class=\"elementor-container elementor-column-gap-default\">\n\t\t\t\t\t<div class=\"elementor-column elementor-col-100 elementor-top-column elementor-element elementor-element-59535d8\" data-id=\"59535d8\" data-element_type=\"column\" data-e-type=\"column\">\n\t\t\t<div class=\"elementor-widget-wrap elementor-element-populated\">\n\t\t\t\t\t\t<div class=\"elementor-element elementor-element-c867021 elementor-widget elementor-widget-text-editor\" data-id=\"c867021\" data-element_type=\"widget\" data-e-type=\"widget\" data-widget_type=\"text-editor.default\">\n\t\t\t\t\t\t\t\t\t<h2><span style=\"color: #000000;\"><u>ALBA<\/u><\/span><\/h2><h4><span style=\"color: #000000;\">L&rsquo;amusement et la sensualit\u00e9 d&rsquo;Alba d\u00e9crivent parfaitement son spectacle. Il pr\u00e9sente \u00e9galement des spectacles de Pole Dance qui vous laisseront bouche b\u00e9e avec ses chor\u00e9graphies.<\/span><\/h4><h4><span style=\"color: #000000;\">La dur\u00e9e du spectacle de l&rsquo;artiste est de 15 \u00e0 20 minutes. Apr\u00e8s la fin du spectacle, la strip-teaseuse reste g\u00e9n\u00e9ralement avec vous pendant un certain temps afin que vous puissiez prendre des photos avec elle.<\/span><\/h4><p>\u00a0<\/p><h4 style=\"text-align: center;\">\u00a0<\/h4>\t\t\t\t\t\t\t\t<\/div>\n\t\t\t\t<div class=\"elementor-element elementor-element-560227d elementor-align-center elementor-widget elementor-widget-button\" data-id=\"560227d\" data-element_type=\"widget\" data-e-type=\"widget\" data-widget_type=\"button.default\">\n\t\t\t\t\t\t\t\t\t\t<a class=\"elementor-button elementor-button-link elementor-size-md\" href=\"https:\/\/strippercollection.com\/fr\/la-reservation-dartistes-ou-de-services\/\">\n\t\t\t\t\t\t<span class=\"elementor-button-content-wrapper\">\n\t\t\t\t\t\t\t\t\t<span class=\"elementor-button-text\">CLIQUEZ ICI POUR R\u00c9SERVER<\/span>\n\t\t\t\t\t<\/span>\n\t\t\t\t\t<\/a>\n\t\t\t\t\t\t\t\t<\/div>\n\t\t\t\t\t<\/div>\n\t\t<\/div>\n\t\t\t\t\t<\/div>\n\t\t<\/section>\n\t\t\t\t<section class=\"elementor-section elementor-top-section elementor-element elementor-element-2776e67 elementor-section-boxed elementor-section-height-default elementor-section-height-default\" data-id=\"2776e67\" data-element_type=\"section\" data-e-type=\"section\" data-settings=\"{&quot;background_background&quot;:&quot;classic&quot;}\">\n\t\t\t\t\t\t<div class=\"elementor-container elementor-column-gap-default\">\n\t\t\t\t\t<div class=\"elementor-column elementor-col-100 elementor-top-column elementor-element elementor-element-5511194\" data-id=\"5511194\" data-element_type=\"column\" data-e-type=\"column\">\n\t\t\t<div class=\"elementor-widget-wrap elementor-element-populated\">\n\t\t\t\t\t\t<div class=\"elementor-element elementor-element-1393cec elementor-align-center elementor-widget elementor-widget-button\" data-id=\"1393cec\" data-element_type=\"widget\" data-e-type=\"widget\" data-widget_type=\"button.default\">\n\t\t\t\t\t\t\t\t\t\t<a class=\"elementor-button elementor-button-link elementor-size-md\" href=\"https:\/\/strippercollection.com\/fr\/stripteaseuse-professionnelle-a-palma-de-majorque-pour-les-evg\/\">\n\t\t\t\t\t\t<span class=\"elementor-button-content-wrapper\">\n\t\t\t\t\t\t\t\t\t<span class=\"elementor-button-text\">RETOUR \u00c0 STRIPTEASEUSES MALLORCA<\/span>\n\t\t\t\t\t<\/span>\n\t\t\t\t\t<\/a>\n\t\t\t\t\t\t\t\t<\/div>\n\t\t\t\t\t<\/div>\n\t\t<\/div>\n\t\t\t\t\t<\/div>\n\t\t<\/section>\n\t\t\t\t<\/div>\n\t\t","protected":false},"excerpt":{"rendered":"<p>ALBA ALBA L&rsquo;amusement et la sensualit\u00e9 d&rsquo;Alba d\u00e9crivent parfaitement son spectacle. Il pr\u00e9sente \u00e9galement des spectacles de Pole Dance qui vous laisseront bouche b\u00e9e avec ses chor\u00e9graphies. La dur\u00e9e du spectacle de l&rsquo;artiste est de 15 \u00e0 20 minutes. Apr\u00e8s la fin du spectacle, la strip-teaseuse reste g\u00e9n\u00e9ralement avec vous pendant un certain temps afin &#8230; <a title=\"STRIPTEASEUSES MALLORCA ALBA\" class=\"read-more\" href=\"https:\/\/strippercollection.com\/fr\/stripteaseuses-majorque-alba\/\" aria-label=\"En savoir plus sur STRIPTEASEUSES MALLORCA ALBA\">Lire la suite<\/a><\/p>\n","protected":false},"author":1,"featured_media":0,"parent":0,"menu_order":0,"comment_status":"closed","ping_status":"closed","template":"","meta":{"_monsterinsights_skip_tracking":false,"_monsterinsights_sitenote_active":false,"_monsterinsights_sitenote_note":"","_monsterinsights_sitenote_category":0,"footnotes":""},"class_list":["post-17459","page","type-page","status-publish"],"yoast_head":"<!-- This site is optimized with the Yoast SEO plugin v27.3 - https:\/\/yoast.com\/product\/yoast-seo-wordpress\/ -->\n<title>Stripteaseuses Majorque Alba | EVG | Stag party Mallorca<\/title>\n<meta name=\"description\" content=\"L&#039;amusement et la sensualit\u00e9 d&#039;Alba d\u00e9crivent parfaitement son spectacle. Il pr\u00e9sente \u00e9galement des spectacles de Pole Dance qui vous laisseront bouche b\u00e9e avec ses chor\u00e9graphies.\" \/>\n<meta name=\"robots\" content=\"index, follow, max-snippet:-1, max-image-preview:large, max-video-preview:-1\" \/>\n<link rel=\"canonical\" href=\"https:\/\/strippercollection.com\/fr\/stripteaseuses-majorque-alba\/\" \/>\n<meta property=\"og:locale\" content=\"fr_FR\" \/>\n<meta property=\"og:type\" content=\"article\" \/>\n<meta property=\"og:title\" content=\"Stripteaseuses Majorque Alba | EVG | Stag party Mallorca\" \/>\n<meta property=\"og:description\" content=\"L&#039;amusement et la sensualit\u00e9 d&#039;Alba d\u00e9crivent parfaitement son spectacle. Il pr\u00e9sente \u00e9galement des spectacles de Pole Dance qui vous laisseront bouche b\u00e9e avec ses chor\u00e9graphies.\" \/>\n<meta property=\"og:url\" content=\"https:\/\/strippercollection.com\/fr\/stripteaseuses-majorque-alba\/\" \/>\n<meta property=\"og:site_name\" content=\"Stripper Collection\" \/>\n<meta property=\"article:publisher\" content=\"https:\/\/www.facebook.com\/profile.php?id=100090786345031\" \/>\n<meta property=\"article:modified_time\" content=\"2023-08-29T22:46:22+00:00\" \/>\n<meta property=\"og:image\" content=\"https:\/\/strippercollection.com\/wp-content\/uploads\/elementor\/thumbs\/Stripper-para-eventos-en-Palma-de-Mallorca-q6zv6wf179rcvo2btu9km8a0g1irh00i72mbw5ukco.jpg\" \/>\n<script type=\"application\/ld+json\" class=\"yoast-schema-graph\">{\"@context\":\"https:\\\/\\\/schema.org\",\"@graph\":[{\"@type\":\"WebPage\",\"@id\":\"https:\\\/\\\/strippercollection.com\\\/fr\\\/stripteaseuses-majorque-alba\\\/\",\"url\":\"https:\\\/\\\/strippercollection.com\\\/fr\\\/stripteaseuses-majorque-alba\\\/\",\"name\":\"Stripteaseuses Majorque Alba | EVG | Stag party Mallorca\",\"isPartOf\":{\"@id\":\"https:\\\/\\\/strippercollection.com\\\/fr\\\/#website\"},\"primaryImageOfPage\":{\"@id\":\"https:\\\/\\\/strippercollection.com\\\/fr\\\/stripteaseuses-majorque-alba\\\/#primaryimage\"},\"image\":{\"@id\":\"https:\\\/\\\/strippercollection.com\\\/fr\\\/stripteaseuses-majorque-alba\\\/#primaryimage\"},\"thumbnailUrl\":\"https:\\\/\\\/strippercollection.com\\\/wp-content\\\/uploads\\\/elementor\\\/thumbs\\\/Stripper-para-eventos-en-Palma-de-Mallorca-q6zv6wf179rcvo2btu9km8a0g1irh00i72mbw5ukco.jpg\",\"datePublished\":\"2023-05-22T18:23:50+00:00\",\"dateModified\":\"2023-08-29T22:46:22+00:00\",\"description\":\"L'amusement et la sensualit\u00e9 d'Alba d\u00e9crivent parfaitement son spectacle. Il pr\u00e9sente \u00e9galement des spectacles de Pole Dance qui vous laisseront bouche b\u00e9e avec ses chor\u00e9graphies.\",\"breadcrumb\":{\"@id\":\"https:\\\/\\\/strippercollection.com\\\/fr\\\/stripteaseuses-majorque-alba\\\/#breadcrumb\"},\"inLanguage\":\"fr-FR\",\"potentialAction\":[{\"@type\":\"ReadAction\",\"target\":[\"https:\\\/\\\/strippercollection.com\\\/fr\\\/stripteaseuses-majorque-alba\\\/\"]}]},{\"@type\":\"ImageObject\",\"inLanguage\":\"fr-FR\",\"@id\":\"https:\\\/\\\/strippercollection.com\\\/fr\\\/stripteaseuses-majorque-alba\\\/#primaryimage\",\"url\":\"https:\\\/\\\/strippercollection.com\\\/wp-content\\\/uploads\\\/elementor\\\/thumbs\\\/Stripper-para-eventos-en-Palma-de-Mallorca-q6zv6wf179rcvo2btu9km8a0g1irh00i72mbw5ukco.jpg\",\"contentUrl\":\"https:\\\/\\\/strippercollection.com\\\/wp-content\\\/uploads\\\/elementor\\\/thumbs\\\/Stripper-para-eventos-en-Palma-de-Mallorca-q6zv6wf179rcvo2btu9km8a0g1irh00i72mbw5ukco.jpg\"},{\"@type\":\"BreadcrumbList\",\"@id\":\"https:\\\/\\\/strippercollection.com\\\/fr\\\/stripteaseuses-majorque-alba\\\/#breadcrumb\",\"itemListElement\":[{\"@type\":\"ListItem\",\"position\":1,\"name\":\"Portada\",\"item\":\"https:\\\/\\\/strippercollection.com\\\/fr\\\/\"},{\"@type\":\"ListItem\",\"position\":2,\"name\":\"STRIPTEASEUSES MALLORCA ALBA\"}]},{\"@type\":\"WebSite\",\"@id\":\"https:\\\/\\\/strippercollection.com\\\/fr\\\/#website\",\"url\":\"https:\\\/\\\/strippercollection.com\\\/fr\\\/\",\"name\":\"Stripper Collection\",\"description\":\"Organizaci\u00f3n de despedidas de soltera\\\/o y eventos en toda Espa\u00f1a\",\"publisher\":{\"@id\":\"https:\\\/\\\/strippercollection.com\\\/fr\\\/#organization\"},\"potentialAction\":[{\"@type\":\"SearchAction\",\"target\":{\"@type\":\"EntryPoint\",\"urlTemplate\":\"https:\\\/\\\/strippercollection.com\\\/fr\\\/?s={search_term_string}\"},\"query-input\":{\"@type\":\"PropertyValueSpecification\",\"valueRequired\":true,\"valueName\":\"search_term_string\"}}],\"inLanguage\":\"fr-FR\"},{\"@type\":\"Organization\",\"@id\":\"https:\\\/\\\/strippercollection.com\\\/fr\\\/#organization\",\"name\":\"Stripper Collection\",\"url\":\"https:\\\/\\\/strippercollection.com\\\/fr\\\/\",\"logo\":{\"@type\":\"ImageObject\",\"inLanguage\":\"fr-FR\",\"@id\":\"https:\\\/\\\/strippercollection.com\\\/fr\\\/#\\\/schema\\\/logo\\\/image\\\/\",\"url\":\"https:\\\/\\\/strippercollection.com\\\/wp-content\\\/uploads\\\/2023\\\/04\\\/STRIPPER-COLLECTION-LOGO-WEB-TRANSPARENTE-EDIT.png\",\"contentUrl\":\"https:\\\/\\\/strippercollection.com\\\/wp-content\\\/uploads\\\/2023\\\/04\\\/STRIPPER-COLLECTION-LOGO-WEB-TRANSPARENTE-EDIT.png\",\"width\":169,\"height\":151,\"caption\":\"Stripper Collection\"},\"image\":{\"@id\":\"https:\\\/\\\/strippercollection.com\\\/fr\\\/#\\\/schema\\\/logo\\\/image\\\/\"},\"sameAs\":[\"https:\\\/\\\/www.facebook.com\\\/profile.php?id=100090786345031\",\"https:\\\/\\\/www.instagram.com\\\/stripper_collection\\\/\"]}]}<\/script>\n<!-- \/ Yoast SEO plugin. -->","yoast_head_json":{"title":"Stripteaseuses Majorque Alba | EVG | Stag party Mallorca","description":"L'amusement et la sensualit\u00e9 d'Alba d\u00e9crivent parfaitement son spectacle. Il pr\u00e9sente \u00e9galement des spectacles de Pole Dance qui vous laisseront bouche b\u00e9e avec ses chor\u00e9graphies.","robots":{"index":"index","follow":"follow","max-snippet":"max-snippet:-1","max-image-preview":"max-image-preview:large","max-video-preview":"max-video-preview:-1"},"canonical":"https:\/\/strippercollection.com\/fr\/stripteaseuses-majorque-alba\/","og_locale":"fr_FR","og_type":"article","og_title":"Stripteaseuses Majorque Alba | EVG | Stag party Mallorca","og_description":"L'amusement et la sensualit\u00e9 d'Alba d\u00e9crivent parfaitement son spectacle. Il pr\u00e9sente \u00e9galement des spectacles de Pole Dance qui vous laisseront bouche b\u00e9e avec ses chor\u00e9graphies.","og_url":"https:\/\/strippercollection.com\/fr\/stripteaseuses-majorque-alba\/","og_site_name":"Stripper Collection","article_publisher":"https:\/\/www.facebook.com\/profile.php?id=100090786345031","article_modified_time":"2023-08-29T22:46:22+00:00","og_image":[{"url":"https:\/\/strippercollection.com\/wp-content\/uploads\/elementor\/thumbs\/Stripper-para-eventos-en-Palma-de-Mallorca-q6zv6wf179rcvo2btu9km8a0g1irh00i72mbw5ukco.jpg","type":"","width":"","height":""}],"schema":{"@context":"https:\/\/schema.org","@graph":[{"@type":"WebPage","@id":"https:\/\/strippercollection.com\/fr\/stripteaseuses-majorque-alba\/","url":"https:\/\/strippercollection.com\/fr\/stripteaseuses-majorque-alba\/","name":"Stripteaseuses Majorque Alba | EVG | Stag party Mallorca","isPartOf":{"@id":"https:\/\/strippercollection.com\/fr\/#website"},"primaryImageOfPage":{"@id":"https:\/\/strippercollection.com\/fr\/stripteaseuses-majorque-alba\/#primaryimage"},"image":{"@id":"https:\/\/strippercollection.com\/fr\/stripteaseuses-majorque-alba\/#primaryimage"},"thumbnailUrl":"https:\/\/strippercollection.com\/wp-content\/uploads\/elementor\/thumbs\/Stripper-para-eventos-en-Palma-de-Mallorca-q6zv6wf179rcvo2btu9km8a0g1irh00i72mbw5ukco.jpg","datePublished":"2023-05-22T18:23:50+00:00","dateModified":"2023-08-29T22:46:22+00:00","description":"L'amusement et la sensualit\u00e9 d'Alba d\u00e9crivent parfaitement son spectacle. Il pr\u00e9sente \u00e9galement des spectacles de Pole Dance qui vous laisseront bouche b\u00e9e avec ses chor\u00e9graphies.","breadcrumb":{"@id":"https:\/\/strippercollection.com\/fr\/stripteaseuses-majorque-alba\/#breadcrumb"},"inLanguage":"fr-FR","potentialAction":[{"@type":"ReadAction","target":["https:\/\/strippercollection.com\/fr\/stripteaseuses-majorque-alba\/"]}]},{"@type":"ImageObject","inLanguage":"fr-FR","@id":"https:\/\/strippercollection.com\/fr\/stripteaseuses-majorque-alba\/#primaryimage","url":"https:\/\/strippercollection.com\/wp-content\/uploads\/elementor\/thumbs\/Stripper-para-eventos-en-Palma-de-Mallorca-q6zv6wf179rcvo2btu9km8a0g1irh00i72mbw5ukco.jpg","contentUrl":"https:\/\/strippercollection.com\/wp-content\/uploads\/elementor\/thumbs\/Stripper-para-eventos-en-Palma-de-Mallorca-q6zv6wf179rcvo2btu9km8a0g1irh00i72mbw5ukco.jpg"},{"@type":"BreadcrumbList","@id":"https:\/\/strippercollection.com\/fr\/stripteaseuses-majorque-alba\/#breadcrumb","itemListElement":[{"@type":"ListItem","position":1,"name":"Portada","item":"https:\/\/strippercollection.com\/fr\/"},{"@type":"ListItem","position":2,"name":"STRIPTEASEUSES MALLORCA ALBA"}]},{"@type":"WebSite","@id":"https:\/\/strippercollection.com\/fr\/#website","url":"https:\/\/strippercollection.com\/fr\/","name":"Stripper Collection","description":"Organizaci\u00f3n de despedidas de soltera\/o y eventos en toda Espa\u00f1a","publisher":{"@id":"https:\/\/strippercollection.com\/fr\/#organization"},"potentialAction":[{"@type":"SearchAction","target":{"@type":"EntryPoint","urlTemplate":"https:\/\/strippercollection.com\/fr\/?s={search_term_string}"},"query-input":{"@type":"PropertyValueSpecification","valueRequired":true,"valueName":"search_term_string"}}],"inLanguage":"fr-FR"},{"@type":"Organization","@id":"https:\/\/strippercollection.com\/fr\/#organization","name":"Stripper Collection","url":"https:\/\/strippercollection.com\/fr\/","logo":{"@type":"ImageObject","inLanguage":"fr-FR","@id":"https:\/\/strippercollection.com\/fr\/#\/schema\/logo\/image\/","url":"https:\/\/strippercollection.com\/wp-content\/uploads\/2023\/04\/STRIPPER-COLLECTION-LOGO-WEB-TRANSPARENTE-EDIT.png","contentUrl":"https:\/\/strippercollection.com\/wp-content\/uploads\/2023\/04\/STRIPPER-COLLECTION-LOGO-WEB-TRANSPARENTE-EDIT.png","width":169,"height":151,"caption":"Stripper Collection"},"image":{"@id":"https:\/\/strippercollection.com\/fr\/#\/schema\/logo\/image\/"},"sameAs":["https:\/\/www.facebook.com\/profile.php?id=100090786345031","https:\/\/www.instagram.com\/stripper_collection\/"]}]}},"_links":{"self":[{"href":"https:\/\/strippercollection.com\/fr\/wp-json\/wp\/v2\/pages\/17459","targetHints":{"allow":["GET"]}}],"collection":[{"href":"https:\/\/strippercollection.com\/fr\/wp-json\/wp\/v2\/pages"}],"about":[{"href":"https:\/\/strippercollection.com\/fr\/wp-json\/wp\/v2\/types\/page"}],"author":[{"embeddable":true,"href":"https:\/\/strippercollection.com\/fr\/wp-json\/wp\/v2\/users\/1"}],"replies":[{"embeddable":true,"href":"https:\/\/strippercollection.com\/fr\/wp-json\/wp\/v2\/comments?post=17459"}],"version-history":[{"count":0,"href":"https:\/\/strippercollection.com\/fr\/wp-json\/wp\/v2\/pages\/17459\/revisions"}],"wp:attachment":[{"href":"https:\/\/strippercollection.com\/fr\/wp-json\/wp\/v2\/media?parent=17459"}],"curies":[{"name":"wp","href":"https:\/\/api.w.org\/{rel}","templated":true}]}}