{"id":16811,"date":"2023-04-16T15:19:53","date_gmt":"2023-04-16T15:19:53","guid":{"rendered":"https:\/\/strippercollection.com\/stripteaseurs-albacete-ronnie\/"},"modified":"2025-11-06T06:51:36","modified_gmt":"2025-11-06T06:51:36","slug":"stripteaseurs-albacete-ronnie","status":"publish","type":"page","link":"https:\/\/strippercollection.com\/fr\/stripteaseurs-albacete-ronnie\/","title":{"rendered":"STRIPTEASEURS ALBACETE RONNIE"},"content":{"rendered":"\t\t<div data-elementor-type=\"wp-page\" data-elementor-id=\"16811\" class=\"elementor elementor-16811 elementor-9266\" data-elementor-post-type=\"page\">\n\t\t\t\t\t\t<section class=\"elementor-section elementor-top-section elementor-element elementor-element-6cb6abf cabeceraweb elementor-section-boxed elementor-section-height-default elementor-section-height-default\" data-id=\"6cb6abf\" data-element_type=\"section\" data-e-type=\"section\">\n\t\t\t\t\t\t<div class=\"elementor-container elementor-column-gap-default\">\n\t\t\t\t\t<div class=\"elementor-column elementor-col-100 elementor-top-column elementor-element elementor-element-b47cbcc\" data-id=\"b47cbcc\" data-element_type=\"column\" data-e-type=\"column\">\n\t\t\t<div class=\"elementor-widget-wrap elementor-element-populated\">\n\t\t\t\t\t\t<div class=\"elementor-element elementor-element-2bdc4f8 elementor-widget elementor-widget-heading\" data-id=\"2bdc4f8\" data-element_type=\"widget\" data-e-type=\"widget\" data-widget_type=\"heading.default\">\n\t\t\t\t\t<h1 class=\"elementor-heading-title elementor-size-default\">RONNIE<\/h1>\t\t\t\t<\/div>\n\t\t\t\t\t<\/div>\n\t\t<\/div>\n\t\t\t\t\t<\/div>\n\t\t<\/section>\n\t\t\t\t<section class=\"elementor-section elementor-top-section elementor-element elementor-element-56771f9 elementor-section-stretched elementor-section-boxed elementor-section-height-default elementor-section-height-default\" data-id=\"56771f9\" data-element_type=\"section\" data-e-type=\"section\" data-settings=\"{&quot;stretch_section&quot;:&quot;section-stretched&quot;,&quot;background_background&quot;:&quot;classic&quot;}\">\n\t\t\t\t\t\t<div class=\"elementor-container elementor-column-gap-default\">\n\t\t\t\t\t<div class=\"elementor-column elementor-col-100 elementor-top-column elementor-element elementor-element-ccad56c\" data-id=\"ccad56c\" data-element_type=\"column\" data-e-type=\"column\">\n\t\t\t<div class=\"elementor-widget-wrap elementor-element-populated\">\n\t\t\t\t\t\t<div class=\"elementor-element elementor-element-cab09ea elementor-pagination-position-outside elementor-widget elementor-widget-image-carousel\" data-id=\"cab09ea\" data-element_type=\"widget\" data-e-type=\"widget\" data-settings=\"{&quot;slides_to_show&quot;:&quot;3&quot;,&quot;slides_to_scroll&quot;:&quot;3&quot;,&quot;navigation&quot;:&quot;dots&quot;,&quot;autoplay&quot;:&quot;no&quot;,&quot;slides_to_show_mobile&quot;:&quot;1&quot;,&quot;infinite&quot;:&quot;yes&quot;,&quot;speed&quot;:500}\" data-widget_type=\"image-carousel.default\">\n\t\t\t\t\t\t\t<div class=\"elementor-image-carousel-wrapper swiper\" role=\"region\" aria-roledescription=\"carousel\" aria-label=\"Carrusel de im\u00e1genes\" dir=\"ltr\">\n\t\t\t<div class=\"elementor-image-carousel swiper-wrapper\" aria-live=\"polite\">\n\t\t\t\t\t\t\t\t<div class=\"swiper-slide\" role=\"group\" aria-roledescription=\"slide\" aria-label=\"1 sur 8\"><a data-elementor-open-lightbox=\"yes\" data-elementor-lightbox-slideshow=\"cab09ea\" data-e-action-hash=\"#elementor-action%3Aaction%3Dlightbox%26settings%3DeyJpZCI6MTM2MDAsInVybCI6Imh0dHBzOlwvXC9zdHJpcHBlcmNvbGxlY3Rpb24uY29tXC93cC1jb250ZW50XC91cGxvYWRzXC8yMDIzXC8wNFwvQm95LXNleHktTXVyY2lhLmpwZyIsInNsaWRlc2hvdyI6ImNhYjA5ZWEifQ%3D%3D\" href=\"https:\/\/strippercollection.com\/wp-content\/uploads\/2023\/04\/Boy-sexy-Murcia.jpg\"><figure class=\"swiper-slide-inner\"><img decoding=\"async\" class=\"swiper-slide-image\" src=\"https:\/\/strippercollection.com\/wp-content\/uploads\/elementor\/thumbs\/Boy-sexy-Murcia-r2tf68nmp73c44l7tv2xt5wc6l6piga65jrhk2atu0.jpg\" alt=\"Stripteaseur \u00e0 Murcia EVJF\" \/><\/figure><\/a><\/div><div class=\"swiper-slide\" role=\"group\" aria-roledescription=\"slide\" aria-label=\"2 sur 8\"><a data-elementor-open-lightbox=\"yes\" data-elementor-lightbox-slideshow=\"cab09ea\" data-e-action-hash=\"#elementor-action%3Aaction%3Dlightbox%26settings%3DeyJpZCI6MTM2MjQsInVybCI6Imh0dHBzOlwvXC9zdHJpcHBlcmNvbGxlY3Rpb24uY29tXC93cC1jb250ZW50XC91cGxvYWRzXC8yMDIzXC8wNFwvQ2VuYS1jb24tYm95LWVuLU11cmNpYS5qcGciLCJzbGlkZXNob3ciOiJjYWIwOWVhIn0%3D\" href=\"https:\/\/strippercollection.com\/wp-content\/uploads\/2023\/04\/Cena-con-boy-en-Murcia.jpg\"><figure class=\"swiper-slide-inner\"><img decoding=\"async\" class=\"swiper-slide-image\" src=\"https:\/\/strippercollection.com\/wp-content\/uploads\/elementor\/thumbs\/Cena-con-boy-en-Murcia-r2xzg090v2lcsiihl4dg3ufpvwzf83ix7z4bxhweq0.jpg\" alt=\"Cena con boy en Murcia\" \/><\/figure><\/a><\/div><div class=\"swiper-slide\" role=\"group\" aria-roledescription=\"slide\" aria-label=\"3 sur 8\"><a data-elementor-open-lightbox=\"yes\" data-elementor-lightbox-slideshow=\"cab09ea\" data-e-action-hash=\"#elementor-action%3Aaction%3Dlightbox%26settings%3DeyJpZCI6MTM1OTIsInVybCI6Imh0dHBzOlwvXC9zdHJpcHBlcmNvbGxlY3Rpb24uY29tXC93cC1jb250ZW50XC91cGxvYWRzXC8yMDIzXC8wNFwvQm95LWRlc3BlZGlkYXMtTXVyY2lhLmpwZyIsInNsaWRlc2hvdyI6ImNhYjA5ZWEifQ%3D%3D\" href=\"https:\/\/strippercollection.com\/wp-content\/uploads\/2023\/04\/Boy-despedidas-Murcia.jpg\"><figure class=\"swiper-slide-inner\"><img decoding=\"async\" class=\"swiper-slide-image\" src=\"https:\/\/strippercollection.com\/wp-content\/uploads\/elementor\/thumbs\/Boy-despedidas-Murcia-q53qt43lon696q3ftbnkoc9iloxbzak7100e262c20.jpg\" alt=\"Boy despedidas Murcia\" \/><\/figure><\/a><\/div><div class=\"swiper-slide\" role=\"group\" aria-roledescription=\"slide\" aria-label=\"4 sur 8\"><a data-elementor-open-lightbox=\"yes\" data-elementor-lightbox-slideshow=\"cab09ea\" data-e-action-hash=\"#elementor-action%3Aaction%3Dlightbox%26settings%3DeyJpZCI6MTM1OTYsInVybCI6Imh0dHBzOlwvXC9zdHJpcHBlcmNvbGxlY3Rpb24uY29tXC93cC1jb250ZW50XC91cGxvYWRzXC8yMDIzXC8wNFwvQm95LXBhcmEtZGVzcGVkaWRhcy1BbGJhY2V0ZS5qcGciLCJzbGlkZXNob3ciOiJjYWIwOWVhIn0%3D\" href=\"https:\/\/strippercollection.com\/wp-content\/uploads\/2023\/04\/Boy-para-despedidas-Albacete.jpg\"><figure class=\"swiper-slide-inner\"><img decoding=\"async\" class=\"swiper-slide-image\" src=\"https:\/\/strippercollection.com\/wp-content\/uploads\/elementor\/thumbs\/Boy-para-despedidas-Albacete-r2tf67psid21simkzcob8o4vl7bcar6ftf402sc808.jpg\" alt=\"Boy para despedidas Albacete\" \/><\/figure><\/a><\/div><div class=\"swiper-slide\" role=\"group\" aria-roledescription=\"slide\" aria-label=\"5 sur 8\"><a data-elementor-open-lightbox=\"yes\" data-elementor-lightbox-slideshow=\"cab09ea\" data-e-action-hash=\"#elementor-action%3Aaction%3Dlightbox%26settings%3DeyJpZCI6MTM2MjAsInVybCI6Imh0dHBzOlwvXC9zdHJpcHBlcmNvbGxlY3Rpb24uY29tXC93cC1jb250ZW50XC91cGxvYWRzXC8yMDIzXC8wNFwvQm95cy1zZXh5cy1BbGJhY2V0ZS5qcGciLCJzbGlkZXNob3ciOiJjYWIwOWVhIn0%3D\" href=\"https:\/\/strippercollection.com\/wp-content\/uploads\/2023\/04\/Boys-sexys-Albacete.jpg\"><figure class=\"swiper-slide-inner\"><img decoding=\"async\" class=\"swiper-slide-image\" src=\"https:\/\/strippercollection.com\/wp-content\/uploads\/elementor\/thumbs\/Boys-sexys-Albacete-r2xzfzb6o8k2gwjuqlytjco9aj420ef6vugug7xsw8.jpg\" alt=\"Boys sexys Albacete\" \/><\/figure><\/a><\/div><div class=\"swiper-slide\" role=\"group\" aria-roledescription=\"slide\" aria-label=\"6 sur 8\"><a data-elementor-open-lightbox=\"yes\" data-elementor-lightbox-slideshow=\"cab09ea\" data-e-action-hash=\"#elementor-action%3Aaction%3Dlightbox%26settings%3DeyJpZCI6MTM2MTIsInVybCI6Imh0dHBzOlwvXC9zdHJpcHBlcmNvbGxlY3Rpb24uY29tXC93cC1jb250ZW50XC91cGxvYWRzXC8yMDIzXC8wNFwvQm95cy1wYXJhLWRlc3BlZGlkYXMtZW4tQWxpY2FudGUuanBnIiwic2xpZGVzaG93IjoiY2FiMDllYSJ9\" href=\"https:\/\/strippercollection.com\/wp-content\/uploads\/2023\/04\/Boys-para-despedidas-en-Alicante.jpg\"><figure class=\"swiper-slide-inner\"><img decoding=\"async\" class=\"swiper-slide-image\" src=\"https:\/\/strippercollection.com\/wp-content\/uploads\/elementor\/thumbs\/Boys-para-despedidas-en-Alicante-r2xzfxfiakhhtoml1l5ked5c3rdbl07q7l5vho0l8o.jpg\" alt=\"Boys para despedidas en Alicante\" \/><\/figure><\/a><\/div><div class=\"swiper-slide\" role=\"group\" aria-roledescription=\"slide\" aria-label=\"7 sur 8\"><a data-elementor-open-lightbox=\"yes\" data-elementor-lightbox-slideshow=\"cab09ea\" data-e-action-hash=\"#elementor-action%3Aaction%3Dlightbox%26settings%3DeyJpZCI6MTM2MDgsInVybCI6Imh0dHBzOlwvXC9zdHJpcHBlcmNvbGxlY3Rpb24uY29tXC93cC1jb250ZW50XC91cGxvYWRzXC8yMDIzXC8wNFwvQm95cy1ndWFwb3MteS1kaXZlcnRpZG9zLU11cmNpYS5qcGciLCJzbGlkZXNob3ciOiJjYWIwOWVhIn0%3D\" href=\"https:\/\/strippercollection.com\/wp-content\/uploads\/2023\/04\/Boys-guapos-y-divertidos-Murcia.jpg\"><figure class=\"swiper-slide-inner\"><img decoding=\"async\" class=\"swiper-slide-image\" src=\"https:\/\/strippercollection.com\/wp-content\/uploads\/elementor\/thumbs\/Boys-guapos-y-divertidos-Murcia-r2xzfwho3qg7i2ny72qxtvdvidhydb3zvgie0e1zew.jpg\" alt=\"Boys guapos y divertidos Murcia\" \/><\/figure><\/a><\/div><div class=\"swiper-slide\" role=\"group\" aria-roledescription=\"slide\" aria-label=\"8 sur 8\"><a data-elementor-open-lightbox=\"yes\" data-elementor-lightbox-slideshow=\"cab09ea\" data-e-action-hash=\"#elementor-action%3Aaction%3Dlightbox%26settings%3DeyJpZCI6MTM2MTYsInVybCI6Imh0dHBzOlwvXC9zdHJpcHBlcmNvbGxlY3Rpb24uY29tXC93cC1jb250ZW50XC91cGxvYWRzXC8yMDIzXC8wNFwvQm95cy1wYXJhLWV2ZW50b3MtTXVyY2lhLmpwZyIsInNsaWRlc2hvdyI6ImNhYjA5ZWEifQ%3D%3D\" href=\"https:\/\/strippercollection.com\/wp-content\/uploads\/2023\/04\/Boys-para-eventos-Murcia.jpg\"><figure class=\"swiper-slide-inner\"><img decoding=\"async\" class=\"swiper-slide-image\" src=\"https:\/\/strippercollection.com\/wp-content\/uploads\/elementor\/thumbs\/Boys-para-eventos-Murcia-r2xzfydcheis5al7w3k6yuwsp58ospbgjptcyxz72g.jpg\" alt=\"Boys para eventos Murcia\" \/><\/figure><\/a><\/div>\t\t\t<\/div>\n\t\t\t\t\t\t\t\n\t\t\t\t\t\t\t\t\t<div class=\"swiper-pagination\"><\/div>\n\t\t\t\t\t\t\t\t\t<\/div>\n\t\t\t\t\t\t<\/div>\n\t\t\t\t\t<\/div>\n\t\t<\/div>\n\t\t\t\t\t<\/div>\n\t\t<\/section>\n\t\t\t\t<section class=\"elementor-section elementor-top-section elementor-element elementor-element-7dd40bb elementor-section-boxed elementor-section-height-default elementor-section-height-default\" data-id=\"7dd40bb\" data-element_type=\"section\" data-e-type=\"section\">\n\t\t\t\t\t\t<div class=\"elementor-container elementor-column-gap-default\">\n\t\t\t\t\t<div class=\"elementor-column elementor-col-100 elementor-top-column elementor-element elementor-element-5c23bc9\" data-id=\"5c23bc9\" data-element_type=\"column\" data-e-type=\"column\">\n\t\t\t<div class=\"elementor-widget-wrap elementor-element-populated\">\n\t\t\t\t\t\t<div class=\"elementor-element elementor-element-f198d9a elementor-widget elementor-widget-text-editor\" data-id=\"f198d9a\" data-element_type=\"widget\" data-e-type=\"widget\" data-widget_type=\"text-editor.default\">\n\t\t\t\t\t\t\t\t\t<h2><span style=\"color: #000000;\"><u>RONNIE<\/u><\/span><\/h2><h4><span style=\"color: #000000;\">La dur\u00e9e du spectacle de l&rsquo;artiste est de 15 \u00e0 20 minutes. Apr\u00e8s le spectacle, le stripteaseur reste g\u00e9n\u00e9ralement avec vous pendant un certain temps pour que vous puissiez prendre des photos avec lui.<\/span><\/h4><h2><span style=\"color: #000000;\"><u>VESTIAIRES DE SPECTACLE<\/u><\/span><\/h2><h4><span style=\"color: #000000;\">POLICIER<\/span><\/h4><h4><span style=\"color: #000000;\">MILITAIRE<\/span><\/h4><h4>\u00a0<\/h4><p>\u00a0<\/p>\t\t\t\t\t\t\t\t<\/div>\n\t\t\t\t\t<\/div>\n\t\t<\/div>\n\t\t\t\t\t<\/div>\n\t\t<\/section>\n\t\t\t\t<section class=\"elementor-section elementor-top-section elementor-element elementor-element-91e464a elementor-section-boxed elementor-section-height-default elementor-section-height-default\" data-id=\"91e464a\" data-element_type=\"section\" data-e-type=\"section\">\n\t\t\t\t\t\t<div class=\"elementor-container elementor-column-gap-default\">\n\t\t\t\t\t<div class=\"elementor-column elementor-col-100 elementor-top-column elementor-element elementor-element-0562fb4\" data-id=\"0562fb4\" data-element_type=\"column\" data-e-type=\"column\">\n\t\t\t<div class=\"elementor-widget-wrap elementor-element-populated\">\n\t\t\t\t\t\t<div class=\"elementor-element elementor-element-f77532c elementor-align-center elementor-widget elementor-widget-button\" data-id=\"f77532c\" data-element_type=\"widget\" data-e-type=\"widget\" data-widget_type=\"button.default\">\n\t\t\t\t\t\t\t\t\t\t<a class=\"elementor-button elementor-button-link elementor-size-md\" href=\"https:\/\/strippercollection.com\/fr\/la-reservation-dartistes-ou-de-services\/\">\n\t\t\t\t\t\t<span class=\"elementor-button-content-wrapper\">\n\t\t\t\t\t\t\t\t\t<span class=\"elementor-button-text\">CLIQUEZ ICI POUR R\u00c9SERVER<\/span>\n\t\t\t\t\t<\/span>\n\t\t\t\t\t<\/a>\n\t\t\t\t\t\t\t\t<\/div>\n\t\t\t\t\t<\/div>\n\t\t<\/div>\n\t\t\t\t\t<\/div>\n\t\t<\/section>\n\t\t\t\t<section class=\"elementor-section elementor-top-section elementor-element elementor-element-aa5aa10 elementor-section-boxed elementor-section-height-default elementor-section-height-default\" data-id=\"aa5aa10\" data-element_type=\"section\" data-e-type=\"section\" data-settings=\"{&quot;background_background&quot;:&quot;classic&quot;}\">\n\t\t\t\t\t\t<div class=\"elementor-container elementor-column-gap-default\">\n\t\t\t\t\t<div class=\"elementor-column elementor-col-100 elementor-top-column elementor-element elementor-element-7dabc98\" data-id=\"7dabc98\" data-element_type=\"column\" data-e-type=\"column\">\n\t\t\t<div class=\"elementor-widget-wrap elementor-element-populated\">\n\t\t\t\t\t\t<div class=\"elementor-element elementor-element-0860e3b elementor-align-center elementor-widget elementor-widget-button\" data-id=\"0860e3b\" data-element_type=\"widget\" data-e-type=\"widget\" data-widget_type=\"button.default\">\n\t\t\t\t\t\t\t\t\t\t<a class=\"elementor-button elementor-button-link elementor-size-md\" href=\"https:\/\/strippercollection.com\/fr\/stripteaseurs-albacete\/\">\n\t\t\t\t\t\t<span class=\"elementor-button-content-wrapper\">\n\t\t\t\t\t\t\t\t\t<span class=\"elementor-button-text\">RETOUR AUX STRIPTEASEURS ALBACETE<\/span>\n\t\t\t\t\t<\/span>\n\t\t\t\t\t<\/a>\n\t\t\t\t\t\t\t\t<\/div>\n\t\t\t\t\t<\/div>\n\t\t<\/div>\n\t\t\t\t\t<\/div>\n\t\t<\/section>\n\t\t\t\t<\/div>\n\t\t","protected":false},"excerpt":{"rendered":"<p>RONNIE RONNIE La dur\u00e9e du spectacle de l&rsquo;artiste est de 15 \u00e0 20 minutes. Apr\u00e8s le spectacle, le stripteaseur reste g\u00e9n\u00e9ralement avec vous pendant un certain temps pour que vous puissiez prendre des photos avec lui. VESTIAIRES DE SPECTACLE POLICIER MILITAIRE \u00a0 \u00a0 CLIQUEZ ICI POUR R\u00c9SERVER RETOUR AUX STRIPTEASEURS ALBACETE<\/p>\n","protected":false},"author":1,"featured_media":0,"parent":0,"menu_order":0,"comment_status":"closed","ping_status":"closed","template":"elementor_header_footer","meta":{"_monsterinsights_skip_tracking":false,"_monsterinsights_sitenote_active":false,"_monsterinsights_sitenote_note":"","_monsterinsights_sitenote_category":0,"footnotes":""},"class_list":["post-16811","page","type-page","status-publish"],"yoast_head":"<!-- This site is optimized with the Yoast SEO plugin v27.3 - https:\/\/yoast.com\/product\/yoast-seo-wordpress\/ -->\n<title>STRIPTEASEURS ALBACETE RONNIE<\/title>\n<meta name=\"description\" content=\"RONNIE            RONNIELa dur\u00e9e du spectacle de l&#039;artiste est de 15 \u00e0 20 minutes. Apr\u00e8s le spectacle, le stripteaseur reste g\u00e9n\u00e9ralement avec vous pendant un certain temps pour que vous puissiez prendre des photos avec lui.VESTIAIRES DE SPECTACLEPOLICIERMILITAIRE\u00a0\u00a0         CLIQUEZ ICI POUR R\u00c9SERVER                RETOUR AUX STRIPTEASEURS ALBACETE\" \/>\n<meta name=\"robots\" content=\"index, follow, max-snippet:-1, max-image-preview:large, max-video-preview:-1\" \/>\n<link rel=\"canonical\" href=\"https:\/\/strippercollection.com\/fr\/stripteaseurs-albacete-ronnie\/\" \/>\n<meta property=\"og:locale\" content=\"fr_FR\" \/>\n<meta property=\"og:type\" content=\"article\" \/>\n<meta property=\"og:title\" content=\"STRIPTEASEURS ALBACETE RONNIE\" \/>\n<meta property=\"og:description\" content=\"RONNIE            RONNIELa dur\u00e9e du spectacle de l&#039;artiste est de 15 \u00e0 20 minutes. Apr\u00e8s le spectacle, le stripteaseur reste g\u00e9n\u00e9ralement avec vous pendant un certain temps pour que vous puissiez prendre des photos avec lui.VESTIAIRES DE SPECTACLEPOLICIERMILITAIRE\u00a0\u00a0         CLIQUEZ ICI POUR R\u00c9SERVER                RETOUR AUX STRIPTEASEURS ALBACETE\" \/>\n<meta property=\"og:url\" content=\"https:\/\/strippercollection.com\/fr\/stripteaseurs-albacete-ronnie\/\" \/>\n<meta property=\"og:site_name\" content=\"Stripper Collection\" \/>\n<meta property=\"article:publisher\" content=\"https:\/\/www.facebook.com\/profile.php?id=100090786345031\" \/>\n<meta property=\"article:modified_time\" content=\"2025-11-06T06:51:36+00:00\" \/>\n<meta property=\"og:image\" content=\"https:\/\/strippercollection.com\/wp-content\/uploads\/elementor\/thumbs\/Boy-sexy-Murcia-r2tf68nmp73c44l7tv2xt5wc6l6piga65jrhk2atu0.jpg\" \/>\n<script type=\"application\/ld+json\" class=\"yoast-schema-graph\">{\"@context\":\"https:\\\/\\\/schema.org\",\"@graph\":[{\"@type\":\"WebPage\",\"@id\":\"https:\\\/\\\/strippercollection.com\\\/fr\\\/stripteaseurs-albacete-ronnie\\\/\",\"url\":\"https:\\\/\\\/strippercollection.com\\\/fr\\\/stripteaseurs-albacete-ronnie\\\/\",\"name\":\"STRIPTEASEURS ALBACETE RONNIE\",\"isPartOf\":{\"@id\":\"https:\\\/\\\/strippercollection.com\\\/fr\\\/#website\"},\"primaryImageOfPage\":{\"@id\":\"https:\\\/\\\/strippercollection.com\\\/fr\\\/stripteaseurs-albacete-ronnie\\\/#primaryimage\"},\"image\":{\"@id\":\"https:\\\/\\\/strippercollection.com\\\/fr\\\/stripteaseurs-albacete-ronnie\\\/#primaryimage\"},\"thumbnailUrl\":\"https:\\\/\\\/strippercollection.com\\\/wp-content\\\/uploads\\\/elementor\\\/thumbs\\\/Boy-sexy-Murcia-r2tf68nmp73c44l7tv2xt5wc6l6piga65jrhk2atu0.jpg\",\"datePublished\":\"2023-04-16T15:19:53+00:00\",\"dateModified\":\"2025-11-06T06:51:36+00:00\",\"description\":\"RONNIE RONNIELa dur\u00e9e du spectacle de l'artiste est de 15 \u00e0 20 minutes. Apr\u00e8s le spectacle, le stripteaseur reste g\u00e9n\u00e9ralement avec vous pendant un certain temps pour que vous puissiez prendre des photos avec lui.VESTIAIRES DE SPECTACLEPOLICIERMILITAIRE\u00a0\u00a0 CLIQUEZ ICI POUR R\u00c9SERVER RETOUR AUX STRIPTEASEURS ALBACETE\",\"breadcrumb\":{\"@id\":\"https:\\\/\\\/strippercollection.com\\\/fr\\\/stripteaseurs-albacete-ronnie\\\/#breadcrumb\"},\"inLanguage\":\"fr-FR\",\"potentialAction\":[{\"@type\":\"ReadAction\",\"target\":[\"https:\\\/\\\/strippercollection.com\\\/fr\\\/stripteaseurs-albacete-ronnie\\\/\"]}]},{\"@type\":\"ImageObject\",\"inLanguage\":\"fr-FR\",\"@id\":\"https:\\\/\\\/strippercollection.com\\\/fr\\\/stripteaseurs-albacete-ronnie\\\/#primaryimage\",\"url\":\"https:\\\/\\\/strippercollection.com\\\/wp-content\\\/uploads\\\/elementor\\\/thumbs\\\/Boy-sexy-Murcia-r2tf68nmp73c44l7tv2xt5wc6l6piga65jrhk2atu0.jpg\",\"contentUrl\":\"https:\\\/\\\/strippercollection.com\\\/wp-content\\\/uploads\\\/elementor\\\/thumbs\\\/Boy-sexy-Murcia-r2tf68nmp73c44l7tv2xt5wc6l6piga65jrhk2atu0.jpg\"},{\"@type\":\"BreadcrumbList\",\"@id\":\"https:\\\/\\\/strippercollection.com\\\/fr\\\/stripteaseurs-albacete-ronnie\\\/#breadcrumb\",\"itemListElement\":[{\"@type\":\"ListItem\",\"position\":1,\"name\":\"Portada\",\"item\":\"https:\\\/\\\/strippercollection.com\\\/fr\\\/\"},{\"@type\":\"ListItem\",\"position\":2,\"name\":\"STRIPTEASEURS ALBACETE RONNIE\"}]},{\"@type\":\"WebSite\",\"@id\":\"https:\\\/\\\/strippercollection.com\\\/fr\\\/#website\",\"url\":\"https:\\\/\\\/strippercollection.com\\\/fr\\\/\",\"name\":\"Stripper Collection\",\"description\":\"Organizaci\u00f3n de despedidas de soltera\\\/o y eventos en toda Espa\u00f1a\",\"publisher\":{\"@id\":\"https:\\\/\\\/strippercollection.com\\\/fr\\\/#organization\"},\"potentialAction\":[{\"@type\":\"SearchAction\",\"target\":{\"@type\":\"EntryPoint\",\"urlTemplate\":\"https:\\\/\\\/strippercollection.com\\\/fr\\\/?s={search_term_string}\"},\"query-input\":{\"@type\":\"PropertyValueSpecification\",\"valueRequired\":true,\"valueName\":\"search_term_string\"}}],\"inLanguage\":\"fr-FR\"},{\"@type\":\"Organization\",\"@id\":\"https:\\\/\\\/strippercollection.com\\\/fr\\\/#organization\",\"name\":\"Stripper Collection\",\"url\":\"https:\\\/\\\/strippercollection.com\\\/fr\\\/\",\"logo\":{\"@type\":\"ImageObject\",\"inLanguage\":\"fr-FR\",\"@id\":\"https:\\\/\\\/strippercollection.com\\\/fr\\\/#\\\/schema\\\/logo\\\/image\\\/\",\"url\":\"https:\\\/\\\/strippercollection.com\\\/wp-content\\\/uploads\\\/2023\\\/04\\\/STRIPPER-COLLECTION-LOGO-WEB-TRANSPARENTE-EDIT.png\",\"contentUrl\":\"https:\\\/\\\/strippercollection.com\\\/wp-content\\\/uploads\\\/2023\\\/04\\\/STRIPPER-COLLECTION-LOGO-WEB-TRANSPARENTE-EDIT.png\",\"width\":169,\"height\":151,\"caption\":\"Stripper Collection\"},\"image\":{\"@id\":\"https:\\\/\\\/strippercollection.com\\\/fr\\\/#\\\/schema\\\/logo\\\/image\\\/\"},\"sameAs\":[\"https:\\\/\\\/www.facebook.com\\\/profile.php?id=100090786345031\",\"https:\\\/\\\/www.instagram.com\\\/stripper_collection\\\/\"]}]}<\/script>\n<!-- \/ Yoast SEO plugin. -->","yoast_head_json":{"title":"STRIPTEASEURS ALBACETE RONNIE","description":"RONNIE            RONNIELa dur\u00e9e du spectacle de l'artiste est de 15 \u00e0 20 minutes. Apr\u00e8s le spectacle, le stripteaseur reste g\u00e9n\u00e9ralement avec vous pendant un certain temps pour que vous puissiez prendre des photos avec lui.VESTIAIRES DE SPECTACLEPOLICIERMILITAIRE\u00a0\u00a0         CLIQUEZ ICI POUR R\u00c9SERVER                RETOUR AUX STRIPTEASEURS ALBACETE","robots":{"index":"index","follow":"follow","max-snippet":"max-snippet:-1","max-image-preview":"max-image-preview:large","max-video-preview":"max-video-preview:-1"},"canonical":"https:\/\/strippercollection.com\/fr\/stripteaseurs-albacete-ronnie\/","og_locale":"fr_FR","og_type":"article","og_title":"STRIPTEASEURS ALBACETE RONNIE","og_description":"RONNIE            RONNIELa dur\u00e9e du spectacle de l'artiste est de 15 \u00e0 20 minutes. Apr\u00e8s le spectacle, le stripteaseur reste g\u00e9n\u00e9ralement avec vous pendant un certain temps pour que vous puissiez prendre des photos avec lui.VESTIAIRES DE SPECTACLEPOLICIERMILITAIRE\u00a0\u00a0         CLIQUEZ ICI POUR R\u00c9SERVER                RETOUR AUX STRIPTEASEURS ALBACETE","og_url":"https:\/\/strippercollection.com\/fr\/stripteaseurs-albacete-ronnie\/","og_site_name":"Stripper Collection","article_publisher":"https:\/\/www.facebook.com\/profile.php?id=100090786345031","article_modified_time":"2025-11-06T06:51:36+00:00","og_image":[{"url":"https:\/\/strippercollection.com\/wp-content\/uploads\/elementor\/thumbs\/Boy-sexy-Murcia-r2tf68nmp73c44l7tv2xt5wc6l6piga65jrhk2atu0.jpg","type":"","width":"","height":""}],"schema":{"@context":"https:\/\/schema.org","@graph":[{"@type":"WebPage","@id":"https:\/\/strippercollection.com\/fr\/stripteaseurs-albacete-ronnie\/","url":"https:\/\/strippercollection.com\/fr\/stripteaseurs-albacete-ronnie\/","name":"STRIPTEASEURS ALBACETE RONNIE","isPartOf":{"@id":"https:\/\/strippercollection.com\/fr\/#website"},"primaryImageOfPage":{"@id":"https:\/\/strippercollection.com\/fr\/stripteaseurs-albacete-ronnie\/#primaryimage"},"image":{"@id":"https:\/\/strippercollection.com\/fr\/stripteaseurs-albacete-ronnie\/#primaryimage"},"thumbnailUrl":"https:\/\/strippercollection.com\/wp-content\/uploads\/elementor\/thumbs\/Boy-sexy-Murcia-r2tf68nmp73c44l7tv2xt5wc6l6piga65jrhk2atu0.jpg","datePublished":"2023-04-16T15:19:53+00:00","dateModified":"2025-11-06T06:51:36+00:00","description":"RONNIE RONNIELa dur\u00e9e du spectacle de l'artiste est de 15 \u00e0 20 minutes. Apr\u00e8s le spectacle, le stripteaseur reste g\u00e9n\u00e9ralement avec vous pendant un certain temps pour que vous puissiez prendre des photos avec lui.VESTIAIRES DE SPECTACLEPOLICIERMILITAIRE\u00a0\u00a0 CLIQUEZ ICI POUR R\u00c9SERVER RETOUR AUX STRIPTEASEURS ALBACETE","breadcrumb":{"@id":"https:\/\/strippercollection.com\/fr\/stripteaseurs-albacete-ronnie\/#breadcrumb"},"inLanguage":"fr-FR","potentialAction":[{"@type":"ReadAction","target":["https:\/\/strippercollection.com\/fr\/stripteaseurs-albacete-ronnie\/"]}]},{"@type":"ImageObject","inLanguage":"fr-FR","@id":"https:\/\/strippercollection.com\/fr\/stripteaseurs-albacete-ronnie\/#primaryimage","url":"https:\/\/strippercollection.com\/wp-content\/uploads\/elementor\/thumbs\/Boy-sexy-Murcia-r2tf68nmp73c44l7tv2xt5wc6l6piga65jrhk2atu0.jpg","contentUrl":"https:\/\/strippercollection.com\/wp-content\/uploads\/elementor\/thumbs\/Boy-sexy-Murcia-r2tf68nmp73c44l7tv2xt5wc6l6piga65jrhk2atu0.jpg"},{"@type":"BreadcrumbList","@id":"https:\/\/strippercollection.com\/fr\/stripteaseurs-albacete-ronnie\/#breadcrumb","itemListElement":[{"@type":"ListItem","position":1,"name":"Portada","item":"https:\/\/strippercollection.com\/fr\/"},{"@type":"ListItem","position":2,"name":"STRIPTEASEURS ALBACETE RONNIE"}]},{"@type":"WebSite","@id":"https:\/\/strippercollection.com\/fr\/#website","url":"https:\/\/strippercollection.com\/fr\/","name":"Stripper Collection","description":"Organizaci\u00f3n de despedidas de soltera\/o y eventos en toda Espa\u00f1a","publisher":{"@id":"https:\/\/strippercollection.com\/fr\/#organization"},"potentialAction":[{"@type":"SearchAction","target":{"@type":"EntryPoint","urlTemplate":"https:\/\/strippercollection.com\/fr\/?s={search_term_string}"},"query-input":{"@type":"PropertyValueSpecification","valueRequired":true,"valueName":"search_term_string"}}],"inLanguage":"fr-FR"},{"@type":"Organization","@id":"https:\/\/strippercollection.com\/fr\/#organization","name":"Stripper Collection","url":"https:\/\/strippercollection.com\/fr\/","logo":{"@type":"ImageObject","inLanguage":"fr-FR","@id":"https:\/\/strippercollection.com\/fr\/#\/schema\/logo\/image\/","url":"https:\/\/strippercollection.com\/wp-content\/uploads\/2023\/04\/STRIPPER-COLLECTION-LOGO-WEB-TRANSPARENTE-EDIT.png","contentUrl":"https:\/\/strippercollection.com\/wp-content\/uploads\/2023\/04\/STRIPPER-COLLECTION-LOGO-WEB-TRANSPARENTE-EDIT.png","width":169,"height":151,"caption":"Stripper Collection"},"image":{"@id":"https:\/\/strippercollection.com\/fr\/#\/schema\/logo\/image\/"},"sameAs":["https:\/\/www.facebook.com\/profile.php?id=100090786345031","https:\/\/www.instagram.com\/stripper_collection\/"]}]}},"_links":{"self":[{"href":"https:\/\/strippercollection.com\/fr\/wp-json\/wp\/v2\/pages\/16811","targetHints":{"allow":["GET"]}}],"collection":[{"href":"https:\/\/strippercollection.com\/fr\/wp-json\/wp\/v2\/pages"}],"about":[{"href":"https:\/\/strippercollection.com\/fr\/wp-json\/wp\/v2\/types\/page"}],"author":[{"embeddable":true,"href":"https:\/\/strippercollection.com\/fr\/wp-json\/wp\/v2\/users\/1"}],"replies":[{"embeddable":true,"href":"https:\/\/strippercollection.com\/fr\/wp-json\/wp\/v2\/comments?post=16811"}],"version-history":[{"count":3,"href":"https:\/\/strippercollection.com\/fr\/wp-json\/wp\/v2\/pages\/16811\/revisions"}],"predecessor-version":[{"id":38821,"href":"https:\/\/strippercollection.com\/fr\/wp-json\/wp\/v2\/pages\/16811\/revisions\/38821"}],"wp:attachment":[{"href":"https:\/\/strippercollection.com\/fr\/wp-json\/wp\/v2\/media?parent=16811"}],"curies":[{"name":"wp","href":"https:\/\/api.w.org\/{rel}","templated":true}]}}