{"id":15740,"date":"2023-06-11T14:06:52","date_gmt":"2023-06-11T14:06:52","guid":{"rendered":"https:\/\/strippercollection.com\/?page_id=15740"},"modified":"2025-10-20T09:38:27","modified_gmt":"2025-10-20T09:38:27","slug":"pack-limousine-spectacle-majorque","status":"publish","type":"page","link":"https:\/\/strippercollection.com\/fr\/pack-limousine-spectacle-majorque\/","title":{"rendered":"PACKS EVJF et EVG LIMOUSINE + SPECTACLE \u00c0 PALMA DE MAJORQUE"},"content":{"rendered":"\t\t<div data-elementor-type=\"wp-page\" data-elementor-id=\"15740\" class=\"elementor elementor-15740 elementor-12419\" data-elementor-post-type=\"page\">\n\t\t\t\t\t\t<section class=\"elementor-section elementor-top-section elementor-element elementor-element-cf132a7 cabeceraweb elementor-section-boxed elementor-section-height-default elementor-section-height-default\" data-id=\"cf132a7\" data-element_type=\"section\" data-e-type=\"section\">\n\t\t\t\t\t\t<div class=\"elementor-container elementor-column-gap-default\">\n\t\t\t\t\t<div class=\"elementor-column elementor-col-100 elementor-top-column elementor-element elementor-element-51951b8\" data-id=\"51951b8\" data-element_type=\"column\" data-e-type=\"column\">\n\t\t\t<div class=\"elementor-widget-wrap elementor-element-populated\">\n\t\t\t\t\t\t<div class=\"elementor-element elementor-element-7763d83 elementor-widget elementor-widget-heading\" data-id=\"7763d83\" data-element_type=\"widget\" data-e-type=\"widget\" data-widget_type=\"heading.default\">\n\t\t\t\t\t<h1 class=\"elementor-heading-title elementor-size-default\">PACK LIMOUSINE + SPECTACLE MAJORQUE<\/h1>\t\t\t\t<\/div>\n\t\t\t\t\t<\/div>\n\t\t<\/div>\n\t\t\t\t\t<\/div>\n\t\t<\/section>\n\t\t\t\t<section class=\"elementor-section elementor-top-section elementor-element elementor-element-b00ebeb elementor-section-boxed elementor-section-height-default elementor-section-height-default\" data-id=\"b00ebeb\" data-element_type=\"section\" data-e-type=\"section\">\n\t\t\t\t\t\t<div class=\"elementor-container elementor-column-gap-default\">\n\t\t\t\t\t<div class=\"elementor-column elementor-col-100 elementor-top-column elementor-element elementor-element-33a113b\" data-id=\"33a113b\" data-element_type=\"column\" data-e-type=\"column\">\n\t\t\t<div class=\"elementor-widget-wrap elementor-element-populated\">\n\t\t\t\t\t\t<div class=\"elementor-element elementor-element-c9b4a97 elementor-widget elementor-widget-image-gallery\" data-id=\"c9b4a97\" data-element_type=\"widget\" data-e-type=\"widget\" data-widget_type=\"image-gallery.default\">\n\t\t\t\t\t\t\t<div class=\"elementor-image-gallery\">\n\t\t\t<div id='gallery-1' class='gallery galleryid-15740 gallery-columns-3 gallery-size-medium_large'><figure class='gallery-item'>\n\t\t\t<div class='gallery-icon portrait'>\n\t\t\t\t<a data-elementor-open-lightbox=\"yes\" data-elementor-lightbox-slideshow=\"c9b4a97\" data-e-action-hash=\"#elementor-action%3Aaction%3Dlightbox%26settings%3DeyJpZCI6MTM3NzIsInVybCI6Imh0dHBzOlwvXC9zdHJpcHBlcmNvbGxlY3Rpb24uY29tXC93cC1jb250ZW50XC91cGxvYWRzXC8yMDIzXC8wNVwvUmVzdGF1cmFudGUtY29uLVN0cmlwcGVyLWVuLU1hbGxvcmNhLmpwZyIsInNsaWRlc2hvdyI6ImM5YjRhOTcifQ%3D%3D\" href='https:\/\/strippercollection.com\/wp-content\/uploads\/2023\/05\/Restaurante-con-Stripper-en-Mallorca.jpg'><img fetchpriority=\"high\" decoding=\"async\" width=\"768\" height=\"768\" src=\"https:\/\/strippercollection.com\/wp-content\/uploads\/2023\/05\/Restaurante-con-Stripper-en-Mallorca-768x768.jpg\" class=\"attachment-medium_large size-medium_large\" alt=\"\" srcset=\"https:\/\/strippercollection.com\/wp-content\/uploads\/2023\/05\/Restaurante-con-Stripper-en-Mallorca-768x768.jpg 768w, https:\/\/strippercollection.com\/wp-content\/uploads\/2023\/05\/Restaurante-con-Stripper-en-Mallorca-300x300.jpg 300w, https:\/\/strippercollection.com\/wp-content\/uploads\/2023\/05\/Restaurante-con-Stripper-en-Mallorca-150x150.jpg 150w\" sizes=\"(max-width: 768px) 100vw, 768px\" \/><\/a>\n\t\t\t<\/div><\/figure><figure class='gallery-item'>\n\t\t\t<div class='gallery-icon portrait'>\n\t\t\t\t<a data-elementor-open-lightbox=\"yes\" data-elementor-lightbox-slideshow=\"c9b4a97\" data-e-action-hash=\"#elementor-action%3Aaction%3Dlightbox%26settings%3DeyJpZCI6MTQzNTYsInVybCI6Imh0dHBzOlwvXC9zdHJpcHBlcmNvbGxlY3Rpb24uY29tXC93cC1jb250ZW50XC91cGxvYWRzXC8yMDIzXC8wNlwvQWxxdWlsZXItbGltdXNpbmEtcGFyYS1ldmVudG9zLWVuLVBhbG1hLnBuZyIsInNsaWRlc2hvdyI6ImM5YjRhOTcifQ%3D%3D\" href='https:\/\/strippercollection.com\/wp-content\/uploads\/2023\/06\/Alquiler-limusina-para-eventos-en-Palma.png'><img decoding=\"async\" width=\"768\" height=\"768\" src=\"https:\/\/strippercollection.com\/wp-content\/uploads\/2023\/06\/Alquiler-limusina-para-eventos-en-Palma-768x768.png\" class=\"attachment-medium_large size-medium_large\" alt=\"Limusina con show en Palma de Mallorca\" srcset=\"https:\/\/strippercollection.com\/wp-content\/uploads\/2023\/06\/Alquiler-limusina-para-eventos-en-Palma-768x768.png 768w, https:\/\/strippercollection.com\/wp-content\/uploads\/2023\/06\/Alquiler-limusina-para-eventos-en-Palma-300x300.png 300w, https:\/\/strippercollection.com\/wp-content\/uploads\/2023\/06\/Alquiler-limusina-para-eventos-en-Palma-150x150.png 150w\" sizes=\"(max-width: 768px) 100vw, 768px\" \/><\/a>\n\t\t\t<\/div><\/figure><figure class='gallery-item'>\n\t\t\t<div class='gallery-icon landscape'>\n\t\t\t\t<a data-elementor-open-lightbox=\"yes\" data-elementor-lightbox-slideshow=\"c9b4a97\" data-e-action-hash=\"#elementor-action%3Aaction%3Dlightbox%26settings%3DeyJpZCI6MTM5MTIsInVybCI6Imh0dHBzOlwvXC9zdHJpcHBlcmNvbGxlY3Rpb24uY29tXC93cC1jb250ZW50XC91cGxvYWRzXC8yMDIzXC8wNVwvU3RyaXBwZXItc2Vuc3VhbC1NYWxsb3JjYS5qcGciLCJzbGlkZXNob3ciOiJjOWI0YTk3In0%3D\" href='https:\/\/strippercollection.com\/wp-content\/uploads\/2023\/05\/Stripper-sensual-Mallorca.jpg'><img decoding=\"async\" width=\"768\" height=\"768\" src=\"https:\/\/strippercollection.com\/wp-content\/uploads\/2023\/05\/Stripper-sensual-Mallorca-768x768.jpg\" class=\"attachment-medium_large size-medium_large\" alt=\"\" srcset=\"https:\/\/strippercollection.com\/wp-content\/uploads\/2023\/05\/Stripper-sensual-Mallorca-768x768.jpg 768w, https:\/\/strippercollection.com\/wp-content\/uploads\/2023\/05\/Stripper-sensual-Mallorca-300x300.jpg 300w, https:\/\/strippercollection.com\/wp-content\/uploads\/2023\/05\/Stripper-sensual-Mallorca-1024x1024.jpg 1024w, https:\/\/strippercollection.com\/wp-content\/uploads\/2023\/05\/Stripper-sensual-Mallorca-150x150.jpg 150w\" sizes=\"(max-width: 768px) 100vw, 768px\" \/><\/a>\n\t\t\t<\/div><\/figure><figure class='gallery-item'>\n\t\t\t<div class='gallery-icon landscape'>\n\t\t\t\t<a data-elementor-open-lightbox=\"yes\" data-elementor-lightbox-slideshow=\"c9b4a97\" data-e-action-hash=\"#elementor-action%3Aaction%3Dlightbox%26settings%3DeyJpZCI6MTQzNDgsInVybCI6Imh0dHBzOlwvXC9zdHJpcHBlcmNvbGxlY3Rpb24uY29tXC93cC1jb250ZW50XC91cGxvYWRzXC8yMDIzXC8wNlwvQWxxdWlsZXItbGltdXNpbmEtY2hyeXNsZXItUGFsbWEtZGUtTWFsbG9yY2EuanBlZyIsInNsaWRlc2hvdyI6ImM5YjRhOTcifQ%3D%3D\" href='https:\/\/strippercollection.com\/wp-content\/uploads\/2023\/06\/Alquiler-limusina-chrysler-Palma-de-Mallorca.jpeg'><img loading=\"lazy\" decoding=\"async\" width=\"768\" height=\"768\" src=\"https:\/\/strippercollection.com\/wp-content\/uploads\/2023\/06\/Alquiler-limusina-chrysler-Palma-de-Mallorca-768x768.jpeg\" class=\"attachment-medium_large size-medium_large\" alt=\"Alquiler limusina chrysler Palma de Mallorca\" srcset=\"https:\/\/strippercollection.com\/wp-content\/uploads\/2023\/06\/Alquiler-limusina-chrysler-Palma-de-Mallorca-768x768.jpeg 768w, https:\/\/strippercollection.com\/wp-content\/uploads\/2023\/06\/Alquiler-limusina-chrysler-Palma-de-Mallorca-300x300.jpeg 300w, https:\/\/strippercollection.com\/wp-content\/uploads\/2023\/06\/Alquiler-limusina-chrysler-Palma-de-Mallorca-1024x1024.jpeg 1024w, https:\/\/strippercollection.com\/wp-content\/uploads\/2023\/06\/Alquiler-limusina-chrysler-Palma-de-Mallorca-150x150.jpeg 150w\" sizes=\"(max-width: 768px) 100vw, 768px\" \/><\/a>\n\t\t\t<\/div><\/figure><figure class='gallery-item'>\n\t\t\t<div class='gallery-icon landscape'>\n\t\t\t\t<a data-elementor-open-lightbox=\"yes\" data-elementor-lightbox-slideshow=\"c9b4a97\" data-e-action-hash=\"#elementor-action%3Aaction%3Dlightbox%26settings%3DeyJpZCI6MTQyODAsInVybCI6Imh0dHBzOlwvXC9zdHJpcHBlcmNvbGxlY3Rpb24uY29tXC93cC1jb250ZW50XC91cGxvYWRzXC8yMDIzXC8wNlwvQm95LXBhcmEtY3VtcGxlYW5vcy1lbi1QYWxtYS5qcGciLCJzbGlkZXNob3ciOiJjOWI0YTk3In0%3D\" href='https:\/\/strippercollection.com\/wp-content\/uploads\/2023\/06\/Boy-para-cumpleanos-en-Palma.jpg'><img loading=\"lazy\" decoding=\"async\" width=\"768\" height=\"768\" src=\"https:\/\/strippercollection.com\/wp-content\/uploads\/2023\/06\/Boy-para-cumpleanos-en-Palma-768x768.jpg\" class=\"attachment-medium_large size-medium_large\" alt=\"\" srcset=\"https:\/\/strippercollection.com\/wp-content\/uploads\/2023\/06\/Boy-para-cumpleanos-en-Palma-768x768.jpg 768w, https:\/\/strippercollection.com\/wp-content\/uploads\/2023\/06\/Boy-para-cumpleanos-en-Palma-300x300.jpg 300w, https:\/\/strippercollection.com\/wp-content\/uploads\/2023\/06\/Boy-para-cumpleanos-en-Palma-1024x1024.jpg 1024w, https:\/\/strippercollection.com\/wp-content\/uploads\/2023\/06\/Boy-para-cumpleanos-en-Palma-150x150.jpg 150w\" sizes=\"(max-width: 768px) 100vw, 768px\" \/><\/a>\n\t\t\t<\/div><\/figure><figure class='gallery-item'>\n\t\t\t<div class='gallery-icon landscape'>\n\t\t\t\t<a data-elementor-open-lightbox=\"yes\" data-elementor-lightbox-slideshow=\"c9b4a97\" data-e-action-hash=\"#elementor-action%3Aaction%3Dlightbox%26settings%3DeyJpZCI6MTQzNTIsInVybCI6Imh0dHBzOlwvXC9zdHJpcHBlcmNvbGxlY3Rpb24uY29tXC93cC1jb250ZW50XC91cGxvYWRzXC8yMDIzXC8wNlwvQWxxdWlsZXItbGltdXNpbmEtbGluY29sbi1wYXJhLWRlc3BlZGlkYXMtZW4tUGFsbWEuanBlZyIsInNsaWRlc2hvdyI6ImM5YjRhOTcifQ%3D%3D\" href='https:\/\/strippercollection.com\/wp-content\/uploads\/2023\/06\/Alquiler-limusina-lincoln-para-despedidas-en-Palma.jpeg'><img loading=\"lazy\" decoding=\"async\" width=\"768\" height=\"768\" src=\"https:\/\/strippercollection.com\/wp-content\/uploads\/2023\/06\/Alquiler-limusina-lincoln-para-despedidas-en-Palma-768x768.jpeg\" class=\"attachment-medium_large size-medium_large\" alt=\"Alquiler limusina lincoln Palma despedidas\" srcset=\"https:\/\/strippercollection.com\/wp-content\/uploads\/2023\/06\/Alquiler-limusina-lincoln-para-despedidas-en-Palma-768x768.jpeg 768w, https:\/\/strippercollection.com\/wp-content\/uploads\/2023\/06\/Alquiler-limusina-lincoln-para-despedidas-en-Palma-300x300.jpeg 300w, https:\/\/strippercollection.com\/wp-content\/uploads\/2023\/06\/Alquiler-limusina-lincoln-para-despedidas-en-Palma-150x150.jpeg 150w\" sizes=\"(max-width: 768px) 100vw, 768px\" \/><\/a>\n\t\t\t<\/div><\/figure>\n\t\t<\/div>\n\t\t<\/div>\n\t\t\t\t\t\t<\/div>\n\t\t\t\t\t<\/div>\n\t\t<\/div>\n\t\t\t\t\t<\/div>\n\t\t<\/section>\n\t\t\t\t<section class=\"elementor-section elementor-top-section elementor-element elementor-element-9553b1a elementor-section-boxed elementor-section-height-default elementor-section-height-default\" data-id=\"9553b1a\" data-element_type=\"section\" data-e-type=\"section\" data-settings=\"{&quot;background_background&quot;:&quot;classic&quot;}\">\n\t\t\t\t\t\t<div class=\"elementor-container elementor-column-gap-default\">\n\t\t\t\t\t<div class=\"elementor-column elementor-col-100 elementor-top-column elementor-element elementor-element-4189c64\" data-id=\"4189c64\" data-element_type=\"column\" data-e-type=\"column\">\n\t\t\t<div class=\"elementor-widget-wrap elementor-element-populated\">\n\t\t\t\t\t\t<div class=\"elementor-element elementor-element-351135f elementor-widget elementor-widget-text-editor\" data-id=\"351135f\" data-element_type=\"widget\" data-e-type=\"widget\" data-widget_type=\"text-editor.default\">\n\t\t\t\t\t\t\t\t\t<h2><span style=\"text-decoration: underline;\"><span style=\"color: #0b9654; text-decoration: underline;\">Qu&rsquo;est-ce qui est inclus dans ce forfait limousine \u00e0 Palma avec spectacle de strip-tease?<\/span><\/span><\/h2>\n<h3>Profitez d&rsquo;une exp\u00e9rience unique avec un trajet incroyable dans notre <strong>limousine Hummer exclusive \u00e0 Palma au meilleur prix avec un strip-tease ou un spectacle avec un stripteaseur ou une stripteaseuse<\/strong> pour un moment inoubliable plein de glamour et beaucoup de plaisir, pour que la f\u00eate ne s&rsquo;arr\u00eate pas pendant votre <strong>tour en limousine \u00e0 Palma<\/strong>.<\/h3>\n<h2><span style=\"text-decoration: underline;\"><span style=\"color: #0b9654; text-decoration: underline;\">2 bouteilles de cava gratuites<\/span><\/span><\/h2>\n<h3>Vous pouvez \u00e9galement profiter de 2 bouteilles de cava gratuites, de verres \u00e0 cava, de glace et de verres pour vos boissons pendant que vous regardez et vous amusez en regardant votre <strong>stripteaseur ou stripteaseuse de Palma<\/strong> ex\u00e9cuter des mouvements sensuels impressionnants \u00e0 l&rsquo;int\u00e9rieur de la limousine.<\/h3>\n<h2><span style=\"text-decoration: underline;\"><span style=\"color: #0b9654; text-decoration: underline;\">Quelle est la capacit\u00e9 de la limousine ?<\/span><\/span><\/h2>\n<h3>Avec une capacit\u00e9 de 11 passagers, pour un maximum de confort et de commodit\u00e9 afin que vous puissiez profiter confortablement de votre <strong>trajet en limousine \u00e0 Palma<\/strong>.<\/h3>\n\t\t\t\t\t\t\t\t<\/div>\n\t\t\t\t\t<\/div>\n\t\t<\/div>\n\t\t\t\t\t<\/div>\n\t\t<\/section>\n\t\t\t\t<section class=\"elementor-section elementor-top-section elementor-element elementor-element-243d2be elementor-section-boxed elementor-section-height-default elementor-section-height-default\" data-id=\"243d2be\" data-element_type=\"section\" data-e-type=\"section\" data-settings=\"{&quot;background_background&quot;:&quot;classic&quot;}\">\n\t\t\t\t\t\t<div class=\"elementor-container elementor-column-gap-default\">\n\t\t\t\t\t<div class=\"elementor-column elementor-col-100 elementor-top-column elementor-element elementor-element-94b411c\" data-id=\"94b411c\" data-element_type=\"column\" data-e-type=\"column\">\n\t\t\t<div class=\"elementor-widget-wrap elementor-element-populated\">\n\t\t\t\t\t\t<div class=\"elementor-element elementor-element-944c0c4 elementor-align-center elementor-widget elementor-widget-button\" data-id=\"944c0c4\" data-element_type=\"widget\" data-e-type=\"widget\" data-widget_type=\"button.default\">\n\t\t\t\t\t\t\t\t\t\t<a class=\"elementor-button elementor-button-link elementor-size-md\" href=\"https:\/\/strippercollection.com\/fr\/packs-evg-et-evjf-palma-de-majorque\/\">\n\t\t\t\t\t\t<span class=\"elementor-button-content-wrapper\">\n\t\t\t\t\t\t\t\t\t<span class=\"elementor-button-text\">RETOUR AUX PACKS EVJF ET EVG \u00c0 MAJORQUE<\/span>\n\t\t\t\t\t<\/span>\n\t\t\t\t\t<\/a>\n\t\t\t\t\t\t\t\t<\/div>\n\t\t\t\t\t<\/div>\n\t\t<\/div>\n\t\t\t\t\t<\/div>\n\t\t<\/section>\n\t\t\t\t<\/div>\n\t\t","protected":false},"excerpt":{"rendered":"<p>PACK LIMOUSINE + SPECTACLE MAJORQUE Qu&rsquo;est-ce qui est inclus dans ce forfait limousine \u00e0 Palma avec spectacle de strip-tease? Profitez d&rsquo;une exp\u00e9rience unique avec un trajet incroyable dans notre limousine Hummer exclusive \u00e0 Palma au meilleur prix avec un strip-tease ou un spectacle avec un stripteaseur ou une stripteaseuse pour un moment inoubliable plein de &#8230; <a title=\"PACKS EVJF et EVG LIMOUSINE + SPECTACLE \u00c0 PALMA DE MAJORQUE\" class=\"read-more\" href=\"https:\/\/strippercollection.com\/fr\/pack-limousine-spectacle-majorque\/\" aria-label=\"En savoir plus sur PACKS EVJF et EVG LIMOUSINE + SPECTACLE \u00c0 PALMA DE MAJORQUE\">Lire la suite<\/a><\/p>\n","protected":false},"author":1,"featured_media":0,"parent":0,"menu_order":0,"comment_status":"closed","ping_status":"closed","template":"elementor_header_footer","meta":{"_monsterinsights_skip_tracking":false,"_monsterinsights_sitenote_active":false,"_monsterinsights_sitenote_note":"","_monsterinsights_sitenote_category":0,"footnotes":""},"class_list":["post-15740","page","type-page","status-publish"],"yoast_head":"<!-- This site is optimized with the Yoast SEO plugin v27.3 - https:\/\/yoast.com\/product\/yoast-seo-wordpress\/ -->\n<title>LIMOUSINE + PACK SPECTACLE PALMA DE MAJORQUE<\/title>\n<meta name=\"description\" content=\"Location de limousine \u00e0 Majorque avec spectacle de stripteaseur ou stripteaseuse + 2 bouteilles de cava gratuites ! R\u00e9servez votre pack au meilleur prix \u00e0 Palma !\" \/>\n<meta name=\"robots\" content=\"index, follow, max-snippet:-1, max-image-preview:large, max-video-preview:-1\" \/>\n<link rel=\"canonical\" href=\"https:\/\/strippercollection.com\/fr\/pack-limousine-spectacle-majorque\/\" \/>\n<meta property=\"og:locale\" content=\"fr_FR\" \/>\n<meta property=\"og:type\" content=\"article\" \/>\n<meta property=\"og:title\" content=\"LIMOUSINE + PACK SPECTACLE PALMA DE MAJORQUE\" \/>\n<meta property=\"og:description\" content=\"Location de limousine \u00e0 Majorque avec spectacle de stripteaseur ou stripteaseuse + 2 bouteilles de cava gratuites ! R\u00e9servez votre pack au meilleur prix \u00e0 Palma !\" \/>\n<meta property=\"og:url\" content=\"https:\/\/strippercollection.com\/fr\/pack-limousine-spectacle-majorque\/\" \/>\n<meta property=\"og:site_name\" content=\"Stripper Collection\" \/>\n<meta property=\"article:publisher\" content=\"https:\/\/www.facebook.com\/profile.php?id=100090786345031\" \/>\n<meta property=\"article:modified_time\" content=\"2025-10-20T09:38:27+00:00\" \/>\n<meta property=\"og:image\" content=\"https:\/\/strippercollection.com\/wp-content\/uploads\/2023\/05\/Restaurante-con-Stripper-en-Mallorca-768x768.jpg\" \/>\n<script type=\"application\/ld+json\" class=\"yoast-schema-graph\">{\"@context\":\"https:\\\/\\\/schema.org\",\"@graph\":[{\"@type\":\"WebPage\",\"@id\":\"https:\\\/\\\/strippercollection.com\\\/fr\\\/pack-limousine-spectacle-majorque\\\/\",\"url\":\"https:\\\/\\\/strippercollection.com\\\/fr\\\/pack-limousine-spectacle-majorque\\\/\",\"name\":\"LIMOUSINE + PACK SPECTACLE PALMA DE MAJORQUE\",\"isPartOf\":{\"@id\":\"https:\\\/\\\/strippercollection.com\\\/fr\\\/#website\"},\"primaryImageOfPage\":{\"@id\":\"https:\\\/\\\/strippercollection.com\\\/fr\\\/pack-limousine-spectacle-majorque\\\/#primaryimage\"},\"image\":{\"@id\":\"https:\\\/\\\/strippercollection.com\\\/fr\\\/pack-limousine-spectacle-majorque\\\/#primaryimage\"},\"thumbnailUrl\":\"https:\\\/\\\/strippercollection.com\\\/wp-content\\\/uploads\\\/2023\\\/05\\\/Restaurante-con-Stripper-en-Mallorca-768x768.jpg\",\"datePublished\":\"2023-06-11T14:06:52+00:00\",\"dateModified\":\"2025-10-20T09:38:27+00:00\",\"description\":\"Location de limousine \u00e0 Majorque avec spectacle de stripteaseur ou stripteaseuse + 2 bouteilles de cava gratuites ! R\u00e9servez votre pack au meilleur prix \u00e0 Palma !\",\"breadcrumb\":{\"@id\":\"https:\\\/\\\/strippercollection.com\\\/fr\\\/pack-limousine-spectacle-majorque\\\/#breadcrumb\"},\"inLanguage\":\"fr-FR\",\"potentialAction\":[{\"@type\":\"ReadAction\",\"target\":[\"https:\\\/\\\/strippercollection.com\\\/fr\\\/pack-limousine-spectacle-majorque\\\/\"]}]},{\"@type\":\"ImageObject\",\"inLanguage\":\"fr-FR\",\"@id\":\"https:\\\/\\\/strippercollection.com\\\/fr\\\/pack-limousine-spectacle-majorque\\\/#primaryimage\",\"url\":\"https:\\\/\\\/strippercollection.com\\\/wp-content\\\/uploads\\\/2023\\\/05\\\/Restaurante-con-Stripper-en-Mallorca-768x768.jpg\",\"contentUrl\":\"https:\\\/\\\/strippercollection.com\\\/wp-content\\\/uploads\\\/2023\\\/05\\\/Restaurante-con-Stripper-en-Mallorca-768x768.jpg\"},{\"@type\":\"BreadcrumbList\",\"@id\":\"https:\\\/\\\/strippercollection.com\\\/fr\\\/pack-limousine-spectacle-majorque\\\/#breadcrumb\",\"itemListElement\":[{\"@type\":\"ListItem\",\"position\":1,\"name\":\"Portada\",\"item\":\"https:\\\/\\\/strippercollection.com\\\/fr\\\/\"},{\"@type\":\"ListItem\",\"position\":2,\"name\":\"PACKS EVJF et EVG LIMOUSINE + SPECTACLE \u00c0 PALMA DE MAJORQUE\"}]},{\"@type\":\"WebSite\",\"@id\":\"https:\\\/\\\/strippercollection.com\\\/fr\\\/#website\",\"url\":\"https:\\\/\\\/strippercollection.com\\\/fr\\\/\",\"name\":\"Stripper Collection\",\"description\":\"Organizaci\u00f3n de despedidas de soltera\\\/o y eventos en toda Espa\u00f1a\",\"publisher\":{\"@id\":\"https:\\\/\\\/strippercollection.com\\\/fr\\\/#organization\"},\"potentialAction\":[{\"@type\":\"SearchAction\",\"target\":{\"@type\":\"EntryPoint\",\"urlTemplate\":\"https:\\\/\\\/strippercollection.com\\\/fr\\\/?s={search_term_string}\"},\"query-input\":{\"@type\":\"PropertyValueSpecification\",\"valueRequired\":true,\"valueName\":\"search_term_string\"}}],\"inLanguage\":\"fr-FR\"},{\"@type\":\"Organization\",\"@id\":\"https:\\\/\\\/strippercollection.com\\\/fr\\\/#organization\",\"name\":\"Stripper Collection\",\"url\":\"https:\\\/\\\/strippercollection.com\\\/fr\\\/\",\"logo\":{\"@type\":\"ImageObject\",\"inLanguage\":\"fr-FR\",\"@id\":\"https:\\\/\\\/strippercollection.com\\\/fr\\\/#\\\/schema\\\/logo\\\/image\\\/\",\"url\":\"https:\\\/\\\/strippercollection.com\\\/wp-content\\\/uploads\\\/2023\\\/04\\\/STRIPPER-COLLECTION-LOGO-WEB-TRANSPARENTE-EDIT.png\",\"contentUrl\":\"https:\\\/\\\/strippercollection.com\\\/wp-content\\\/uploads\\\/2023\\\/04\\\/STRIPPER-COLLECTION-LOGO-WEB-TRANSPARENTE-EDIT.png\",\"width\":169,\"height\":151,\"caption\":\"Stripper Collection\"},\"image\":{\"@id\":\"https:\\\/\\\/strippercollection.com\\\/fr\\\/#\\\/schema\\\/logo\\\/image\\\/\"},\"sameAs\":[\"https:\\\/\\\/www.facebook.com\\\/profile.php?id=100090786345031\",\"https:\\\/\\\/www.instagram.com\\\/stripper_collection\\\/\"]}]}<\/script>\n<!-- \/ Yoast SEO plugin. -->","yoast_head_json":{"title":"LIMOUSINE + PACK SPECTACLE PALMA DE MAJORQUE","description":"Location de limousine \u00e0 Majorque avec spectacle de stripteaseur ou stripteaseuse + 2 bouteilles de cava gratuites ! R\u00e9servez votre pack au meilleur prix \u00e0 Palma !","robots":{"index":"index","follow":"follow","max-snippet":"max-snippet:-1","max-image-preview":"max-image-preview:large","max-video-preview":"max-video-preview:-1"},"canonical":"https:\/\/strippercollection.com\/fr\/pack-limousine-spectacle-majorque\/","og_locale":"fr_FR","og_type":"article","og_title":"LIMOUSINE + PACK SPECTACLE PALMA DE MAJORQUE","og_description":"Location de limousine \u00e0 Majorque avec spectacle de stripteaseur ou stripteaseuse + 2 bouteilles de cava gratuites ! R\u00e9servez votre pack au meilleur prix \u00e0 Palma !","og_url":"https:\/\/strippercollection.com\/fr\/pack-limousine-spectacle-majorque\/","og_site_name":"Stripper Collection","article_publisher":"https:\/\/www.facebook.com\/profile.php?id=100090786345031","article_modified_time":"2025-10-20T09:38:27+00:00","og_image":[{"url":"https:\/\/strippercollection.com\/wp-content\/uploads\/2023\/05\/Restaurante-con-Stripper-en-Mallorca-768x768.jpg","type":"","width":"","height":""}],"schema":{"@context":"https:\/\/schema.org","@graph":[{"@type":"WebPage","@id":"https:\/\/strippercollection.com\/fr\/pack-limousine-spectacle-majorque\/","url":"https:\/\/strippercollection.com\/fr\/pack-limousine-spectacle-majorque\/","name":"LIMOUSINE + PACK SPECTACLE PALMA DE MAJORQUE","isPartOf":{"@id":"https:\/\/strippercollection.com\/fr\/#website"},"primaryImageOfPage":{"@id":"https:\/\/strippercollection.com\/fr\/pack-limousine-spectacle-majorque\/#primaryimage"},"image":{"@id":"https:\/\/strippercollection.com\/fr\/pack-limousine-spectacle-majorque\/#primaryimage"},"thumbnailUrl":"https:\/\/strippercollection.com\/wp-content\/uploads\/2023\/05\/Restaurante-con-Stripper-en-Mallorca-768x768.jpg","datePublished":"2023-06-11T14:06:52+00:00","dateModified":"2025-10-20T09:38:27+00:00","description":"Location de limousine \u00e0 Majorque avec spectacle de stripteaseur ou stripteaseuse + 2 bouteilles de cava gratuites ! R\u00e9servez votre pack au meilleur prix \u00e0 Palma !","breadcrumb":{"@id":"https:\/\/strippercollection.com\/fr\/pack-limousine-spectacle-majorque\/#breadcrumb"},"inLanguage":"fr-FR","potentialAction":[{"@type":"ReadAction","target":["https:\/\/strippercollection.com\/fr\/pack-limousine-spectacle-majorque\/"]}]},{"@type":"ImageObject","inLanguage":"fr-FR","@id":"https:\/\/strippercollection.com\/fr\/pack-limousine-spectacle-majorque\/#primaryimage","url":"https:\/\/strippercollection.com\/wp-content\/uploads\/2023\/05\/Restaurante-con-Stripper-en-Mallorca-768x768.jpg","contentUrl":"https:\/\/strippercollection.com\/wp-content\/uploads\/2023\/05\/Restaurante-con-Stripper-en-Mallorca-768x768.jpg"},{"@type":"BreadcrumbList","@id":"https:\/\/strippercollection.com\/fr\/pack-limousine-spectacle-majorque\/#breadcrumb","itemListElement":[{"@type":"ListItem","position":1,"name":"Portada","item":"https:\/\/strippercollection.com\/fr\/"},{"@type":"ListItem","position":2,"name":"PACKS EVJF et EVG LIMOUSINE + SPECTACLE \u00c0 PALMA DE MAJORQUE"}]},{"@type":"WebSite","@id":"https:\/\/strippercollection.com\/fr\/#website","url":"https:\/\/strippercollection.com\/fr\/","name":"Stripper Collection","description":"Organizaci\u00f3n de despedidas de soltera\/o y eventos en toda Espa\u00f1a","publisher":{"@id":"https:\/\/strippercollection.com\/fr\/#organization"},"potentialAction":[{"@type":"SearchAction","target":{"@type":"EntryPoint","urlTemplate":"https:\/\/strippercollection.com\/fr\/?s={search_term_string}"},"query-input":{"@type":"PropertyValueSpecification","valueRequired":true,"valueName":"search_term_string"}}],"inLanguage":"fr-FR"},{"@type":"Organization","@id":"https:\/\/strippercollection.com\/fr\/#organization","name":"Stripper Collection","url":"https:\/\/strippercollection.com\/fr\/","logo":{"@type":"ImageObject","inLanguage":"fr-FR","@id":"https:\/\/strippercollection.com\/fr\/#\/schema\/logo\/image\/","url":"https:\/\/strippercollection.com\/wp-content\/uploads\/2023\/04\/STRIPPER-COLLECTION-LOGO-WEB-TRANSPARENTE-EDIT.png","contentUrl":"https:\/\/strippercollection.com\/wp-content\/uploads\/2023\/04\/STRIPPER-COLLECTION-LOGO-WEB-TRANSPARENTE-EDIT.png","width":169,"height":151,"caption":"Stripper Collection"},"image":{"@id":"https:\/\/strippercollection.com\/fr\/#\/schema\/logo\/image\/"},"sameAs":["https:\/\/www.facebook.com\/profile.php?id=100090786345031","https:\/\/www.instagram.com\/stripper_collection\/"]}]}},"_links":{"self":[{"href":"https:\/\/strippercollection.com\/fr\/wp-json\/wp\/v2\/pages\/15740","targetHints":{"allow":["GET"]}}],"collection":[{"href":"https:\/\/strippercollection.com\/fr\/wp-json\/wp\/v2\/pages"}],"about":[{"href":"https:\/\/strippercollection.com\/fr\/wp-json\/wp\/v2\/types\/page"}],"author":[{"embeddable":true,"href":"https:\/\/strippercollection.com\/fr\/wp-json\/wp\/v2\/users\/1"}],"replies":[{"embeddable":true,"href":"https:\/\/strippercollection.com\/fr\/wp-json\/wp\/v2\/comments?post=15740"}],"version-history":[{"count":3,"href":"https:\/\/strippercollection.com\/fr\/wp-json\/wp\/v2\/pages\/15740\/revisions"}],"predecessor-version":[{"id":37692,"href":"https:\/\/strippercollection.com\/fr\/wp-json\/wp\/v2\/pages\/15740\/revisions\/37692"}],"wp:attachment":[{"href":"https:\/\/strippercollection.com\/fr\/wp-json\/wp\/v2\/media?parent=15740"}],"curies":[{"name":"wp","href":"https:\/\/api.w.org\/{rel}","templated":true}]}}