{"id":15098,"date":"2023-03-23T20:34:51","date_gmt":"2023-03-23T20:34:51","guid":{"rendered":"https:\/\/strippercollection.com\/garcons-tarragone-ruben-capote\/"},"modified":"2025-11-06T11:58:19","modified_gmt":"2025-11-06T11:58:19","slug":"stripteaseurs-tarragona-dante","status":"publish","type":"page","link":"https:\/\/strippercollection.com\/fr\/stripteaseurs-tarragona-dante\/","title":{"rendered":"STRIPTEASEURS TARRAGONE RUB\u00c9N CAPOTE"},"content":{"rendered":"\t\t<div data-elementor-type=\"wp-page\" data-elementor-id=\"15098\" class=\"elementor elementor-15098 elementor-5551\" data-elementor-post-type=\"page\">\n\t\t\t\t\t\t<section class=\"elementor-section elementor-top-section elementor-element elementor-element-35e66be cabeceraweb elementor-section-boxed elementor-section-height-default elementor-section-height-default\" data-id=\"35e66be\" data-element_type=\"section\" data-e-type=\"section\">\n\t\t\t\t\t\t<div class=\"elementor-container elementor-column-gap-default\">\n\t\t\t\t\t<div class=\"elementor-column elementor-col-100 elementor-top-column elementor-element elementor-element-7a541a4\" data-id=\"7a541a4\" data-element_type=\"column\" data-e-type=\"column\">\n\t\t\t<div class=\"elementor-widget-wrap elementor-element-populated\">\n\t\t\t\t\t\t<div class=\"elementor-element elementor-element-8bae69c elementor-widget elementor-widget-heading\" data-id=\"8bae69c\" data-element_type=\"widget\" data-e-type=\"widget\" data-widget_type=\"heading.default\">\n\t\t\t\t\t<h1 class=\"elementor-heading-title elementor-size-default\">DANTE<\/h1>\t\t\t\t<\/div>\n\t\t\t\t\t<\/div>\n\t\t<\/div>\n\t\t\t\t\t<\/div>\n\t\t<\/section>\n\t\t\t\t<section class=\"elementor-section elementor-top-section elementor-element elementor-element-90d4162 elementor-section-stretched elementor-section-boxed elementor-section-height-default elementor-section-height-default\" data-id=\"90d4162\" data-element_type=\"section\" data-e-type=\"section\" data-settings=\"{&quot;stretch_section&quot;:&quot;section-stretched&quot;,&quot;background_background&quot;:&quot;classic&quot;}\">\n\t\t\t\t\t\t<div class=\"elementor-container elementor-column-gap-default\">\n\t\t\t\t\t<div class=\"elementor-column elementor-col-100 elementor-top-column elementor-element elementor-element-acb88fc\" data-id=\"acb88fc\" data-element_type=\"column\" data-e-type=\"column\">\n\t\t\t<div class=\"elementor-widget-wrap elementor-element-populated\">\n\t\t\t\t\t\t<div class=\"elementor-element elementor-element-6f1dd8a elementor-pagination-position-outside elementor-widget elementor-widget-image-carousel\" data-id=\"6f1dd8a\" data-element_type=\"widget\" data-e-type=\"widget\" data-settings=\"{&quot;slides_to_show&quot;:&quot;3&quot;,&quot;slides_to_scroll&quot;:&quot;3&quot;,&quot;navigation&quot;:&quot;dots&quot;,&quot;autoplay&quot;:&quot;no&quot;,&quot;slides_to_show_mobile&quot;:&quot;1&quot;,&quot;infinite&quot;:&quot;no&quot;,&quot;speed&quot;:500}\" data-widget_type=\"image-carousel.default\">\n\t\t\t\t\t\t\t<div class=\"elementor-image-carousel-wrapper swiper\" role=\"region\" aria-roledescription=\"carousel\" aria-label=\"Carrusel de im\u00e1genes\" dir=\"ltr\">\n\t\t\t<div class=\"elementor-image-carousel swiper-wrapper\" aria-live=\"polite\">\n\t\t\t\t\t\t\t\t<div class=\"swiper-slide\" role=\"group\" aria-roledescription=\"slide\" aria-label=\"1 sur 5\"><a data-elementor-open-lightbox=\"yes\" data-elementor-lightbox-slideshow=\"6f1dd8a\" data-e-action-hash=\"#elementor-action%3Aaction%3Dlightbox%26settings%3DeyJpZCI6MTMzMjAsInVybCI6Imh0dHBzOlwvXC9zdHJpcHBlcmNvbGxlY3Rpb24uY29tXC93cC1jb250ZW50XC91cGxvYWRzXC8yMDIzXC8wM1wvUnViZW4tY2Fwb3RlLWJveXMtQmFyY2Vsb25hLmpwZyIsInNsaWRlc2hvdyI6IjZmMWRkOGEifQ%3D%3D\" href=\"https:\/\/strippercollection.com\/wp-content\/uploads\/2023\/03\/Ruben-capote-boys-Barcelona.jpg\"><figure class=\"swiper-slide-inner\"><img decoding=\"async\" class=\"swiper-slide-image\" src=\"https:\/\/strippercollection.com\/wp-content\/uploads\/elementor\/thumbs\/Ruben-capote-boys-Barcelona-r00dsvungqrt1w0vqigsx9nmxg6dopap67ol56a9ag.jpg\" alt=\"Stripteaseur EVJF Barcelona\" \/><\/figure><\/a><\/div><div class=\"swiper-slide\" role=\"group\" aria-roledescription=\"slide\" aria-label=\"2 sur 5\"><a data-elementor-open-lightbox=\"yes\" data-elementor-lightbox-slideshow=\"6f1dd8a\" data-e-action-hash=\"#elementor-action%3Aaction%3Dlightbox%26settings%3DeyJpZCI6MTMzMTYsInVybCI6Imh0dHBzOlwvXC9zdHJpcHBlcmNvbGxlY3Rpb24uY29tXC93cC1jb250ZW50XC91cGxvYWRzXC8yMDIzXC8wM1wvRGVzcGVkaWRhcy1CYXJjZWxvbmEtUnViZW4tY2Fwb3RlLmpwZyIsInNsaWRlc2hvdyI6IjZmMWRkOGEifQ%3D%3D\" href=\"https:\/\/strippercollection.com\/wp-content\/uploads\/2023\/03\/Despedidas-Barcelona-Ruben-capote.jpg\"><figure class=\"swiper-slide-inner\"><img decoding=\"async\" class=\"swiper-slide-image\" src=\"https:\/\/strippercollection.com\/wp-content\/uploads\/elementor\/thumbs\/Despedidas-Barcelona-Ruben-capote-q3ycm2qlmof8mnesu3h2jzf0bcchhnjf8tdxb1293c.jpg\" alt=\"Stripteaseur EVJF Barcelona\" \/><\/figure><\/a><\/div><div class=\"swiper-slide\" role=\"group\" aria-roledescription=\"slide\" aria-label=\"3 sur 5\"><a data-elementor-open-lightbox=\"yes\" data-elementor-lightbox-slideshow=\"6f1dd8a\" data-e-action-hash=\"#elementor-action%3Aaction%3Dlightbox%26settings%3DeyJpZCI6MTMzMjQsInVybCI6Imh0dHBzOlwvXC9zdHJpcHBlcmNvbGxlY3Rpb24uY29tXC93cC1jb250ZW50XC91cGxvYWRzXC8yMDIzXC8wM1wvUnViZW4tY2Fwb3RlLWJveXMtZGVzcGVkaWRhcy5qcGciLCJzbGlkZXNob3ciOiI2ZjFkZDhhIn0%3D\" href=\"https:\/\/strippercollection.com\/wp-content\/uploads\/2023\/03\/Ruben-capote-boys-despedidas.jpg\"><figure class=\"swiper-slide-inner\"><img decoding=\"async\" class=\"swiper-slide-image\" src=\"https:\/\/strippercollection.com\/wp-content\/uploads\/elementor\/thumbs\/Ruben-capote-boys-despedidas-r00dswshnkt3dhzil0vfhrf3iu1qweeficc2mg8v48.jpg\" alt=\"Stripteaseur EVJF Barcelona\" \/><\/figure><\/a><\/div><div class=\"swiper-slide\" role=\"group\" aria-roledescription=\"slide\" aria-label=\"4 sur 5\"><a data-elementor-open-lightbox=\"yes\" data-elementor-lightbox-slideshow=\"6f1dd8a\" data-e-action-hash=\"#elementor-action%3Aaction%3Dlightbox%26settings%3DeyJpZCI6MTMzMjgsInVybCI6Imh0dHBzOlwvXC9zdHJpcHBlcmNvbGxlY3Rpb24uY29tXC93cC1jb250ZW50XC91cGxvYWRzXC8yMDIzXC8wM1wvUnViZW4tY2Fwb3RlLWRlc3BlZGlkYXMtYmFyY2Vsb25hLmpwZyIsInNsaWRlc2hvdyI6IjZmMWRkOGEifQ%3D%3D\" href=\"https:\/\/strippercollection.com\/wp-content\/uploads\/2023\/03\/Ruben-capote-despedidas-barcelona.jpg\"><figure class=\"swiper-slide-inner\"><img decoding=\"async\" class=\"swiper-slide-image\" src=\"https:\/\/strippercollection.com\/wp-content\/uploads\/elementor\/thumbs\/Ruben-capote-despedidas-barcelona-qwy2iodub6t8u0f0z2zwmsjc0sezcod3h6oyqppeo8.jpg\" alt=\"Stripteaseur EVJF Barcelona\" \/><\/figure><\/a><\/div><div class=\"swiper-slide\" role=\"group\" aria-roledescription=\"slide\" aria-label=\"5 sur 5\"><a data-elementor-open-lightbox=\"yes\" data-elementor-lightbox-slideshow=\"6f1dd8a\" data-e-action-hash=\"#elementor-action%3Aaction%3Dlightbox%26settings%3DeyJpZCI6MTMzMTIsInVybCI6Imh0dHBzOlwvXC9zdHJpcHBlcmNvbGxlY3Rpb24uY29tXC93cC1jb250ZW50XC91cGxvYWRzXC8yMDIzXC8wM1wvQm95cy1SdWJlbi1jYXBvdGUtZTE2Nzk2MDY1NDcxNTYuanBnIiwic2xpZGVzaG93IjoiNmYxZGQ4YSJ9\" href=\"https:\/\/strippercollection.com\/wp-content\/uploads\/2023\/03\/Boys-Ruben-capote-e1679606547156.jpg\"><figure class=\"swiper-slide-inner\"><img decoding=\"async\" class=\"swiper-slide-image\" src=\"https:\/\/strippercollection.com\/wp-content\/uploads\/elementor\/thumbs\/Boys-Ruben-capote-e1679606547156-qwy2imi5xiqo6shra26nht0eu0o8xa5msxdzs5s70o.jpg\" alt=\"Stripteaseurs Dante\" \/><\/figure><\/a><\/div>\t\t\t<\/div>\n\t\t\t\t\t\t\t\n\t\t\t\t\t\t\t\t\t<div class=\"swiper-pagination\"><\/div>\n\t\t\t\t\t\t\t\t\t<\/div>\n\t\t\t\t\t\t<\/div>\n\t\t\t\t\t<\/div>\n\t\t<\/div>\n\t\t\t\t\t<\/div>\n\t\t<\/section>\n\t\t\t\t<section class=\"elementor-section elementor-top-section elementor-element elementor-element-9bd11d4 elementor-section-boxed elementor-section-height-default elementor-section-height-default\" data-id=\"9bd11d4\" data-element_type=\"section\" data-e-type=\"section\">\n\t\t\t\t\t\t<div class=\"elementor-container elementor-column-gap-default\">\n\t\t\t\t\t<div class=\"elementor-column elementor-col-100 elementor-top-column elementor-element elementor-element-fc019ea\" data-id=\"fc019ea\" data-element_type=\"column\" data-e-type=\"column\">\n\t\t\t<div class=\"elementor-widget-wrap elementor-element-populated\">\n\t\t\t\t\t\t<div class=\"elementor-element elementor-element-20f5748 elementor-widget elementor-widget-text-editor\" data-id=\"20f5748\" data-element_type=\"widget\" data-e-type=\"widget\" data-widget_type=\"text-editor.default\">\n\t\t\t\t\t\t\t\t\t<h1><span style=\"text-decoration: underline;\"><span style=\"color: #000000; text-decoration: underline;\">DANTE<\/span><\/span><\/h1><h4><span style=\"color: #000000;\"><span style=\"color: #000000;\">Vous \u00eates \u00e0 la recherche d&rsquo;un spectacle<\/span><\/span><span style=\"color: #000000;\"> Vous recherchez un spectacle amusant et \u00e9l\u00e9gant&#8230; <\/span><\/h4><h4><span style=\"color: #000000;\">Rub\u00e9n Capote est arriv\u00e9 pour vous \u00e9merveiller avec ses magnifiques spectacles.<\/span><\/h4><h4><span style=\"color: #000000;\">Sensualit\u00e9 et plaisir garantis !<\/span><\/h4><h4><span style=\"color: #000000;\">La dur\u00e9e du spectacle de l&rsquo;artiste est de 15 \u00e0 20 minutes. Apr\u00e8s le spectacle, le stripteaseur reste g\u00e9n\u00e9ralement avec vous pendant un certain temps pour que vous puissiez prendre des photos avec lui.<\/span><\/h4><h2><span style=\"color: #000000;\"><u>VESTIAIRES DE SPECTACLE<\/u><\/span><\/h2><h4><span style=\"color: #000000;\">POLICIER<\/span><\/h4><h4><span style=\"color: #000000;\">MILITAIRE<\/span><\/h4><h4><span style=\"color: #000000;\">POMPIER<\/span><\/h4><h4><span style=\"color: #000000;\">OFFICIER DE MARINE<\/span><\/h4><h4><span style=\"color: #000000;\">COWBOY<\/span><\/h4><h4><span style=\"color: #000000;\">GENTLEMAN<\/span><\/h4><p>\u00a0<\/p><p>\u00a0<\/p><p>\u00a0<\/p>\t\t\t\t\t\t\t\t<\/div>\n\t\t\t\t\t<\/div>\n\t\t<\/div>\n\t\t\t\t\t<\/div>\n\t\t<\/section>\n\t\t\t\t<section class=\"elementor-section elementor-top-section elementor-element elementor-element-fba27d5 elementor-section-boxed elementor-section-height-default elementor-section-height-default\" data-id=\"fba27d5\" data-element_type=\"section\" data-e-type=\"section\">\n\t\t\t\t\t\t<div class=\"elementor-container elementor-column-gap-default\">\n\t\t\t\t\t<div class=\"elementor-column elementor-col-100 elementor-top-column elementor-element elementor-element-2fee132\" data-id=\"2fee132\" data-element_type=\"column\" data-e-type=\"column\">\n\t\t\t<div class=\"elementor-widget-wrap elementor-element-populated\">\n\t\t\t\t\t\t<div class=\"elementor-element elementor-element-fcf7d65 elementor-align-center elementor-widget elementor-widget-button\" data-id=\"fcf7d65\" data-element_type=\"widget\" data-e-type=\"widget\" data-widget_type=\"button.default\">\n\t\t\t\t\t\t\t\t\t\t<a class=\"elementor-button elementor-button-link elementor-size-md\" href=\"https:\/\/strippercollection.com\/fr\/la-reservation-dartistes-ou-de-services\/\">\n\t\t\t\t\t\t<span class=\"elementor-button-content-wrapper\">\n\t\t\t\t\t\t\t\t\t<span class=\"elementor-button-text\">CLIQUEZ ICI POUR R\u00c9SERVER<\/span>\n\t\t\t\t\t<\/span>\n\t\t\t\t\t<\/a>\n\t\t\t\t\t\t\t\t<\/div>\n\t\t\t\t\t<\/div>\n\t\t<\/div>\n\t\t\t\t\t<\/div>\n\t\t<\/section>\n\t\t\t\t<section class=\"elementor-section elementor-top-section elementor-element elementor-element-f865be6 elementor-section-boxed elementor-section-height-default elementor-section-height-default\" data-id=\"f865be6\" data-element_type=\"section\" data-e-type=\"section\" data-settings=\"{&quot;background_background&quot;:&quot;classic&quot;}\">\n\t\t\t\t\t\t<div class=\"elementor-container elementor-column-gap-default\">\n\t\t\t\t\t<div class=\"elementor-column elementor-col-100 elementor-top-column elementor-element elementor-element-a60d840\" data-id=\"a60d840\" data-element_type=\"column\" data-e-type=\"column\">\n\t\t\t<div class=\"elementor-widget-wrap elementor-element-populated\">\n\t\t\t\t\t\t<div class=\"elementor-element elementor-element-1e2b748 elementor-align-center elementor-widget elementor-widget-button\" data-id=\"1e2b748\" data-element_type=\"widget\" data-e-type=\"widget\" data-widget_type=\"button.default\">\n\t\t\t\t\t\t\t\t\t\t<a class=\"elementor-button elementor-button-link elementor-size-md\" href=\"https:\/\/strippercollection.com\/fr\/stripteaseurs-tarragona\/\">\n\t\t\t\t\t\t<span class=\"elementor-button-content-wrapper\">\n\t\t\t\t\t\t\t\t\t<span class=\"elementor-button-text\">RETOUR AUX STRIPTEASEURS TARRAGONE<\/span>\n\t\t\t\t\t<\/span>\n\t\t\t\t\t<\/a>\n\t\t\t\t\t\t\t\t<\/div>\n\t\t\t\t\t<\/div>\n\t\t<\/div>\n\t\t\t\t\t<\/div>\n\t\t<\/section>\n\t\t\t\t<\/div>\n\t\t","protected":false},"excerpt":{"rendered":"<p>DANTE DANTE Vous \u00eates \u00e0 la recherche d&rsquo;un spectacle Vous recherchez un spectacle amusant et \u00e9l\u00e9gant&#8230; Rub\u00e9n Capote est arriv\u00e9 pour vous \u00e9merveiller avec ses magnifiques spectacles. Sensualit\u00e9 et plaisir garantis ! La dur\u00e9e du spectacle de l&rsquo;artiste est de 15 \u00e0 20 minutes. Apr\u00e8s le spectacle, le stripteaseur reste g\u00e9n\u00e9ralement avec vous pendant un &#8230; <a title=\"STRIPTEASEURS TARRAGONE RUB\u00c9N CAPOTE\" class=\"read-more\" href=\"https:\/\/strippercollection.com\/fr\/stripteaseurs-tarragona-dante\/\" aria-label=\"En savoir plus sur STRIPTEASEURS TARRAGONE RUB\u00c9N CAPOTE\">Lire la suite<\/a><\/p>\n","protected":false},"author":1,"featured_media":0,"parent":0,"menu_order":0,"comment_status":"closed","ping_status":"closed","template":"elementor_header_footer","meta":{"_monsterinsights_skip_tracking":false,"_monsterinsights_sitenote_active":false,"_monsterinsights_sitenote_note":"","_monsterinsights_sitenote_category":0,"footnotes":""},"class_list":["post-15098","page","type-page","status-publish"],"yoast_head":"<!-- This site is optimized with the Yoast SEO plugin v27.3 - https:\/\/yoast.com\/product\/yoast-seo-wordpress\/ -->\n<title>Stripteaseurs Tarragona Dante | EVJF | Hen party<\/title>\n<meta name=\"description\" content=\"Vous \u00eates \u00e0 la recherche d&#039;un spectacle Vous recherchez un spectacle amusant et \u00e9l\u00e9gant... Dante est arriv\u00e9 pour vous \u00e9merveiller...\" \/>\n<meta name=\"robots\" content=\"index, follow, max-snippet:-1, max-image-preview:large, max-video-preview:-1\" \/>\n<link rel=\"canonical\" href=\"https:\/\/strippercollection.com\/fr\/stripteaseurs-tarragona-dante\/\" \/>\n<meta property=\"og:locale\" content=\"fr_FR\" \/>\n<meta property=\"og:type\" content=\"article\" \/>\n<meta property=\"og:title\" content=\"Stripteaseurs Tarragona Dante | EVJF | Hen party\" \/>\n<meta property=\"og:description\" content=\"Vous \u00eates \u00e0 la recherche d&#039;un spectacle Vous recherchez un spectacle amusant et \u00e9l\u00e9gant... Dante est arriv\u00e9 pour vous \u00e9merveiller...\" \/>\n<meta property=\"og:url\" content=\"https:\/\/strippercollection.com\/fr\/stripteaseurs-tarragona-dante\/\" \/>\n<meta property=\"og:site_name\" content=\"Stripper Collection\" \/>\n<meta property=\"article:publisher\" content=\"https:\/\/www.facebook.com\/profile.php?id=100090786345031\" \/>\n<meta property=\"article:modified_time\" content=\"2025-11-06T11:58:19+00:00\" \/>\n<meta property=\"og:image\" content=\"https:\/\/strippercollection.com\/wp-content\/uploads\/elementor\/thumbs\/Ruben-capote-boys-Barcelona-r00dsvungqrt1w0vqigsx9nmxg6dopap67ol56a9ag.jpg\" \/>\n<script type=\"application\/ld+json\" class=\"yoast-schema-graph\">{\"@context\":\"https:\\\/\\\/schema.org\",\"@graph\":[{\"@type\":\"WebPage\",\"@id\":\"https:\\\/\\\/strippercollection.com\\\/fr\\\/stripteaseurs-tarragona-dante\\\/\",\"url\":\"https:\\\/\\\/strippercollection.com\\\/fr\\\/stripteaseurs-tarragona-dante\\\/\",\"name\":\"Stripteaseurs Tarragona Dante | EVJF | Hen party\",\"isPartOf\":{\"@id\":\"https:\\\/\\\/strippercollection.com\\\/fr\\\/#website\"},\"primaryImageOfPage\":{\"@id\":\"https:\\\/\\\/strippercollection.com\\\/fr\\\/stripteaseurs-tarragona-dante\\\/#primaryimage\"},\"image\":{\"@id\":\"https:\\\/\\\/strippercollection.com\\\/fr\\\/stripteaseurs-tarragona-dante\\\/#primaryimage\"},\"thumbnailUrl\":\"https:\\\/\\\/strippercollection.com\\\/wp-content\\\/uploads\\\/elementor\\\/thumbs\\\/Ruben-capote-boys-Barcelona-r00dsvungqrt1w0vqigsx9nmxg6dopap67ol56a9ag.jpg\",\"datePublished\":\"2023-03-23T20:34:51+00:00\",\"dateModified\":\"2025-11-06T11:58:19+00:00\",\"description\":\"Vous \u00eates \u00e0 la recherche d'un spectacle Vous recherchez un spectacle amusant et \u00e9l\u00e9gant... Dante est arriv\u00e9 pour vous \u00e9merveiller...\",\"breadcrumb\":{\"@id\":\"https:\\\/\\\/strippercollection.com\\\/fr\\\/stripteaseurs-tarragona-dante\\\/#breadcrumb\"},\"inLanguage\":\"fr-FR\",\"potentialAction\":[{\"@type\":\"ReadAction\",\"target\":[\"https:\\\/\\\/strippercollection.com\\\/fr\\\/stripteaseurs-tarragona-dante\\\/\"]}]},{\"@type\":\"ImageObject\",\"inLanguage\":\"fr-FR\",\"@id\":\"https:\\\/\\\/strippercollection.com\\\/fr\\\/stripteaseurs-tarragona-dante\\\/#primaryimage\",\"url\":\"https:\\\/\\\/strippercollection.com\\\/wp-content\\\/uploads\\\/elementor\\\/thumbs\\\/Ruben-capote-boys-Barcelona-r00dsvungqrt1w0vqigsx9nmxg6dopap67ol56a9ag.jpg\",\"contentUrl\":\"https:\\\/\\\/strippercollection.com\\\/wp-content\\\/uploads\\\/elementor\\\/thumbs\\\/Ruben-capote-boys-Barcelona-r00dsvungqrt1w0vqigsx9nmxg6dopap67ol56a9ag.jpg\"},{\"@type\":\"BreadcrumbList\",\"@id\":\"https:\\\/\\\/strippercollection.com\\\/fr\\\/stripteaseurs-tarragona-dante\\\/#breadcrumb\",\"itemListElement\":[{\"@type\":\"ListItem\",\"position\":1,\"name\":\"Portada\",\"item\":\"https:\\\/\\\/strippercollection.com\\\/fr\\\/\"},{\"@type\":\"ListItem\",\"position\":2,\"name\":\"STRIPTEASEURS TARRAGONE RUB\u00c9N CAPOTE\"}]},{\"@type\":\"WebSite\",\"@id\":\"https:\\\/\\\/strippercollection.com\\\/fr\\\/#website\",\"url\":\"https:\\\/\\\/strippercollection.com\\\/fr\\\/\",\"name\":\"Stripper Collection\",\"description\":\"Organizaci\u00f3n de despedidas de soltera\\\/o y eventos en toda Espa\u00f1a\",\"publisher\":{\"@id\":\"https:\\\/\\\/strippercollection.com\\\/fr\\\/#organization\"},\"potentialAction\":[{\"@type\":\"SearchAction\",\"target\":{\"@type\":\"EntryPoint\",\"urlTemplate\":\"https:\\\/\\\/strippercollection.com\\\/fr\\\/?s={search_term_string}\"},\"query-input\":{\"@type\":\"PropertyValueSpecification\",\"valueRequired\":true,\"valueName\":\"search_term_string\"}}],\"inLanguage\":\"fr-FR\"},{\"@type\":\"Organization\",\"@id\":\"https:\\\/\\\/strippercollection.com\\\/fr\\\/#organization\",\"name\":\"Stripper Collection\",\"url\":\"https:\\\/\\\/strippercollection.com\\\/fr\\\/\",\"logo\":{\"@type\":\"ImageObject\",\"inLanguage\":\"fr-FR\",\"@id\":\"https:\\\/\\\/strippercollection.com\\\/fr\\\/#\\\/schema\\\/logo\\\/image\\\/\",\"url\":\"https:\\\/\\\/strippercollection.com\\\/wp-content\\\/uploads\\\/2023\\\/04\\\/STRIPPER-COLLECTION-LOGO-WEB-TRANSPARENTE-EDIT.png\",\"contentUrl\":\"https:\\\/\\\/strippercollection.com\\\/wp-content\\\/uploads\\\/2023\\\/04\\\/STRIPPER-COLLECTION-LOGO-WEB-TRANSPARENTE-EDIT.png\",\"width\":169,\"height\":151,\"caption\":\"Stripper Collection\"},\"image\":{\"@id\":\"https:\\\/\\\/strippercollection.com\\\/fr\\\/#\\\/schema\\\/logo\\\/image\\\/\"},\"sameAs\":[\"https:\\\/\\\/www.facebook.com\\\/profile.php?id=100090786345031\",\"https:\\\/\\\/www.instagram.com\\\/stripper_collection\\\/\"]}]}<\/script>\n<!-- \/ Yoast SEO plugin. -->","yoast_head_json":{"title":"Stripteaseurs Tarragona Dante | EVJF | Hen party","description":"Vous \u00eates \u00e0 la recherche d'un spectacle Vous recherchez un spectacle amusant et \u00e9l\u00e9gant... Dante est arriv\u00e9 pour vous \u00e9merveiller...","robots":{"index":"index","follow":"follow","max-snippet":"max-snippet:-1","max-image-preview":"max-image-preview:large","max-video-preview":"max-video-preview:-1"},"canonical":"https:\/\/strippercollection.com\/fr\/stripteaseurs-tarragona-dante\/","og_locale":"fr_FR","og_type":"article","og_title":"Stripteaseurs Tarragona Dante | EVJF | Hen party","og_description":"Vous \u00eates \u00e0 la recherche d'un spectacle Vous recherchez un spectacle amusant et \u00e9l\u00e9gant... Dante est arriv\u00e9 pour vous \u00e9merveiller...","og_url":"https:\/\/strippercollection.com\/fr\/stripteaseurs-tarragona-dante\/","og_site_name":"Stripper Collection","article_publisher":"https:\/\/www.facebook.com\/profile.php?id=100090786345031","article_modified_time":"2025-11-06T11:58:19+00:00","og_image":[{"url":"https:\/\/strippercollection.com\/wp-content\/uploads\/elementor\/thumbs\/Ruben-capote-boys-Barcelona-r00dsvungqrt1w0vqigsx9nmxg6dopap67ol56a9ag.jpg","type":"","width":"","height":""}],"schema":{"@context":"https:\/\/schema.org","@graph":[{"@type":"WebPage","@id":"https:\/\/strippercollection.com\/fr\/stripteaseurs-tarragona-dante\/","url":"https:\/\/strippercollection.com\/fr\/stripteaseurs-tarragona-dante\/","name":"Stripteaseurs Tarragona Dante | EVJF | Hen party","isPartOf":{"@id":"https:\/\/strippercollection.com\/fr\/#website"},"primaryImageOfPage":{"@id":"https:\/\/strippercollection.com\/fr\/stripteaseurs-tarragona-dante\/#primaryimage"},"image":{"@id":"https:\/\/strippercollection.com\/fr\/stripteaseurs-tarragona-dante\/#primaryimage"},"thumbnailUrl":"https:\/\/strippercollection.com\/wp-content\/uploads\/elementor\/thumbs\/Ruben-capote-boys-Barcelona-r00dsvungqrt1w0vqigsx9nmxg6dopap67ol56a9ag.jpg","datePublished":"2023-03-23T20:34:51+00:00","dateModified":"2025-11-06T11:58:19+00:00","description":"Vous \u00eates \u00e0 la recherche d'un spectacle Vous recherchez un spectacle amusant et \u00e9l\u00e9gant... Dante est arriv\u00e9 pour vous \u00e9merveiller...","breadcrumb":{"@id":"https:\/\/strippercollection.com\/fr\/stripteaseurs-tarragona-dante\/#breadcrumb"},"inLanguage":"fr-FR","potentialAction":[{"@type":"ReadAction","target":["https:\/\/strippercollection.com\/fr\/stripteaseurs-tarragona-dante\/"]}]},{"@type":"ImageObject","inLanguage":"fr-FR","@id":"https:\/\/strippercollection.com\/fr\/stripteaseurs-tarragona-dante\/#primaryimage","url":"https:\/\/strippercollection.com\/wp-content\/uploads\/elementor\/thumbs\/Ruben-capote-boys-Barcelona-r00dsvungqrt1w0vqigsx9nmxg6dopap67ol56a9ag.jpg","contentUrl":"https:\/\/strippercollection.com\/wp-content\/uploads\/elementor\/thumbs\/Ruben-capote-boys-Barcelona-r00dsvungqrt1w0vqigsx9nmxg6dopap67ol56a9ag.jpg"},{"@type":"BreadcrumbList","@id":"https:\/\/strippercollection.com\/fr\/stripteaseurs-tarragona-dante\/#breadcrumb","itemListElement":[{"@type":"ListItem","position":1,"name":"Portada","item":"https:\/\/strippercollection.com\/fr\/"},{"@type":"ListItem","position":2,"name":"STRIPTEASEURS TARRAGONE RUB\u00c9N CAPOTE"}]},{"@type":"WebSite","@id":"https:\/\/strippercollection.com\/fr\/#website","url":"https:\/\/strippercollection.com\/fr\/","name":"Stripper Collection","description":"Organizaci\u00f3n de despedidas de soltera\/o y eventos en toda Espa\u00f1a","publisher":{"@id":"https:\/\/strippercollection.com\/fr\/#organization"},"potentialAction":[{"@type":"SearchAction","target":{"@type":"EntryPoint","urlTemplate":"https:\/\/strippercollection.com\/fr\/?s={search_term_string}"},"query-input":{"@type":"PropertyValueSpecification","valueRequired":true,"valueName":"search_term_string"}}],"inLanguage":"fr-FR"},{"@type":"Organization","@id":"https:\/\/strippercollection.com\/fr\/#organization","name":"Stripper Collection","url":"https:\/\/strippercollection.com\/fr\/","logo":{"@type":"ImageObject","inLanguage":"fr-FR","@id":"https:\/\/strippercollection.com\/fr\/#\/schema\/logo\/image\/","url":"https:\/\/strippercollection.com\/wp-content\/uploads\/2023\/04\/STRIPPER-COLLECTION-LOGO-WEB-TRANSPARENTE-EDIT.png","contentUrl":"https:\/\/strippercollection.com\/wp-content\/uploads\/2023\/04\/STRIPPER-COLLECTION-LOGO-WEB-TRANSPARENTE-EDIT.png","width":169,"height":151,"caption":"Stripper Collection"},"image":{"@id":"https:\/\/strippercollection.com\/fr\/#\/schema\/logo\/image\/"},"sameAs":["https:\/\/www.facebook.com\/profile.php?id=100090786345031","https:\/\/www.instagram.com\/stripper_collection\/"]}]}},"_links":{"self":[{"href":"https:\/\/strippercollection.com\/fr\/wp-json\/wp\/v2\/pages\/15098","targetHints":{"allow":["GET"]}}],"collection":[{"href":"https:\/\/strippercollection.com\/fr\/wp-json\/wp\/v2\/pages"}],"about":[{"href":"https:\/\/strippercollection.com\/fr\/wp-json\/wp\/v2\/types\/page"}],"author":[{"embeddable":true,"href":"https:\/\/strippercollection.com\/fr\/wp-json\/wp\/v2\/users\/1"}],"replies":[{"embeddable":true,"href":"https:\/\/strippercollection.com\/fr\/wp-json\/wp\/v2\/comments?post=15098"}],"version-history":[{"count":3,"href":"https:\/\/strippercollection.com\/fr\/wp-json\/wp\/v2\/pages\/15098\/revisions"}],"predecessor-version":[{"id":39482,"href":"https:\/\/strippercollection.com\/fr\/wp-json\/wp\/v2\/pages\/15098\/revisions\/39482"}],"wp:attachment":[{"href":"https:\/\/strippercollection.com\/fr\/wp-json\/wp\/v2\/media?parent=15098"}],"curies":[{"name":"wp","href":"https:\/\/api.w.org\/{rel}","templated":true}]}}