{"id":14911,"date":"2023-03-15T12:21:01","date_gmt":"2023-03-15T12:21:01","guid":{"rendered":"https:\/\/strippercollection.com\/stripteaseurs-albacete\/"},"modified":"2025-10-24T13:28:52","modified_gmt":"2025-10-24T13:28:52","slug":"stripteaseuses-albacete","status":"publish","type":"page","link":"https:\/\/strippercollection.com\/fr\/stripteaseuses-albacete\/","title":{"rendered":"STRIPTEASEUSES ALBACETE"},"content":{"rendered":"\t\t<div data-elementor-type=\"wp-page\" data-elementor-id=\"14911\" class=\"elementor elementor-14911 elementor-3374\" data-elementor-post-type=\"page\">\n\t\t\t\t\t\t<section class=\"elementor-section elementor-top-section elementor-element elementor-element-b0bd3f0 cabeceraweb elementor-section-boxed elementor-section-height-default elementor-section-height-default\" data-id=\"b0bd3f0\" data-element_type=\"section\" data-e-type=\"section\">\n\t\t\t\t\t\t<div class=\"elementor-container elementor-column-gap-default\">\n\t\t\t\t\t<div class=\"elementor-column elementor-col-100 elementor-top-column elementor-element elementor-element-82f4e3d\" data-id=\"82f4e3d\" data-element_type=\"column\" data-e-type=\"column\">\n\t\t\t<div class=\"elementor-widget-wrap elementor-element-populated\">\n\t\t\t\t\t\t<div class=\"elementor-element elementor-element-39af6e1 elementor-widget elementor-widget-heading\" data-id=\"39af6e1\" data-element_type=\"widget\" data-e-type=\"widget\" data-widget_type=\"heading.default\">\n\t\t\t\t\t<h1 class=\"elementor-heading-title elementor-size-default\">STRIPTEASEUSES ALBACETE<\/h1>\t\t\t\t<\/div>\n\t\t\t\t\t<\/div>\n\t\t<\/div>\n\t\t\t\t\t<\/div>\n\t\t<\/section>\n\t\t\t\t<section class=\"elementor-section elementor-top-section elementor-element elementor-element-c52c8c7 elementor-section-stretched elementor-section-boxed elementor-section-height-default elementor-section-height-default\" data-id=\"c52c8c7\" data-element_type=\"section\" data-e-type=\"section\" data-settings=\"{&quot;background_background&quot;:&quot;classic&quot;,&quot;stretch_section&quot;:&quot;section-stretched&quot;}\">\n\t\t\t\t\t\t<div class=\"elementor-container elementor-column-gap-default\">\n\t\t\t\t\t<div class=\"elementor-column elementor-col-33 elementor-top-column elementor-element elementor-element-9f5131e packs\" data-id=\"9f5131e\" data-element_type=\"column\" data-e-type=\"column\">\n\t\t\t<div class=\"elementor-widget-wrap elementor-element-populated\">\n\t\t\t\t\t\t<div class=\"elementor-element elementor-element-e8562f6 elementor-widget elementor-widget-image\" data-id=\"e8562f6\" data-element_type=\"widget\" data-e-type=\"widget\" data-widget_type=\"image.default\">\n\t\t\t\t\t\t\t\t\t\t\t\t\t\t\t\t<a href=\"https:\/\/strippercollection.com\/fr\/stripteaseuses-albacete-anais-climent\/\">\n\t\t\t\t\t\t\t<img decoding=\"async\" src=\"https:\/\/strippercollection.com\/wp-content\/uploads\/elementor\/thumbs\/Anais-Stripper-Alicante-q4e47j1ue0a35mohtkhguo8bcaggm8xjx0outk6emg.jpg\" title=\"Ana\u00eds Stripper Alicante\" alt=\"Ana\u00eds striper despedida a domicilio Albacete\" loading=\"lazy\" \/>\t\t\t\t\t\t\t\t<\/a>\n\t\t\t\t\t\t\t\t\t\t\t\t\t\t\t<\/div>\n\t\t\t\t<div class=\"elementor-element elementor-element-366ac6d elementor-align-center elementor-widget elementor-widget-button\" data-id=\"366ac6d\" data-element_type=\"widget\" data-e-type=\"widget\" data-widget_type=\"button.default\">\n\t\t\t\t\t\t\t\t\t\t<a class=\"elementor-button elementor-button-link elementor-size-xs\" href=\"https:\/\/strippercollection.com\/fr\/stripteaseuses-albacete-anais-climent\/\">\n\t\t\t\t\t\t<span class=\"elementor-button-content-wrapper\">\n\t\t\t\t\t\t\t\t\t<span class=\"elementor-button-text\">VOIR STRIPTEASEUSE<\/span>\n\t\t\t\t\t<\/span>\n\t\t\t\t\t<\/a>\n\t\t\t\t\t\t\t\t<\/div>\n\t\t\t\t<div class=\"elementor-element elementor-element-a58be9a elementor-widget__width-initial elementor-widget elementor-widget-heading\" data-id=\"a58be9a\" data-element_type=\"widget\" data-e-type=\"widget\" data-widget_type=\"heading.default\">\n\t\t\t\t\t<h2 class=\"elementor-heading-title elementor-size-default\"><a href=\"https:\/\/strippercollection.com\/fr\/stripteaseuses-albacete-anais-climent\/\">ANA\u00cdS CLIMENT<\/a><\/h2>\t\t\t\t<\/div>\n\t\t\t\t\t<\/div>\n\t\t<\/div>\n\t\t\t\t<div class=\"elementor-column elementor-col-33 elementor-top-column elementor-element elementor-element-b5bb6ff packs\" data-id=\"b5bb6ff\" data-element_type=\"column\" data-e-type=\"column\">\n\t\t\t<div class=\"elementor-widget-wrap elementor-element-populated\">\n\t\t\t\t\t\t<div class=\"elementor-element elementor-element-760cb8c elementor-widget elementor-widget-image\" data-id=\"760cb8c\" data-element_type=\"widget\" data-e-type=\"widget\" data-widget_type=\"image.default\">\n\t\t\t\t\t\t\t\t\t\t\t\t\t\t\t\t<a href=\"https:\/\/strippercollection.com\/fr\/stripteaseuses-albacete-sara\/\">\n\t\t\t\t\t\t\t<img decoding=\"async\" src=\"https:\/\/strippercollection.com\/wp-content\/uploads\/elementor\/thumbs\/Sara-striper-Alicante-a-domicilio-qina5iryg40d8r12w9vbqlg8v0jrlqxw4989gy4rrc.jpg\" title=\"Sara striper Alicante a domicilio\" alt=\"Sara striper Alicante despedida soltero a domicilio\" loading=\"lazy\" \/>\t\t\t\t\t\t\t\t<\/a>\n\t\t\t\t\t\t\t\t\t\t\t\t\t\t\t<\/div>\n\t\t\t\t<div class=\"elementor-element elementor-element-658550b elementor-align-center elementor-widget elementor-widget-button\" data-id=\"658550b\" data-element_type=\"widget\" data-e-type=\"widget\" data-widget_type=\"button.default\">\n\t\t\t\t\t\t\t\t\t\t<a class=\"elementor-button elementor-button-link elementor-size-xs\" href=\"https:\/\/strippercollection.com\/fr\/stripteaseuses-albacete-sara\/\">\n\t\t\t\t\t\t<span class=\"elementor-button-content-wrapper\">\n\t\t\t\t\t\t\t\t\t<span class=\"elementor-button-text\">VOIR STRIPTEASEUSE<\/span>\n\t\t\t\t\t<\/span>\n\t\t\t\t\t<\/a>\n\t\t\t\t\t\t\t\t<\/div>\n\t\t\t\t<div class=\"elementor-element elementor-element-c2e8a60 elementor-widget__width-initial elementor-widget elementor-widget-heading\" data-id=\"c2e8a60\" data-element_type=\"widget\" data-e-type=\"widget\" data-widget_type=\"heading.default\">\n\t\t\t\t\t<h2 class=\"elementor-heading-title elementor-size-default\"><a href=\"https:\/\/strippercollection.com\/fr\/stripteaseuses-albacete-sara\/\">SARA<\/a><\/h2>\t\t\t\t<\/div>\n\t\t\t\t\t<\/div>\n\t\t<\/div>\n\t\t\t\t<div class=\"elementor-column elementor-col-33 elementor-top-column elementor-element elementor-element-334fd50 packs\" data-id=\"334fd50\" data-element_type=\"column\" data-e-type=\"column\">\n\t\t\t<div class=\"elementor-widget-wrap elementor-element-populated\">\n\t\t\t\t\t\t<div class=\"elementor-element elementor-element-83ea4e2 elementor-widget elementor-widget-image\" data-id=\"83ea4e2\" data-element_type=\"widget\" data-e-type=\"widget\" data-widget_type=\"image.default\">\n\t\t\t\t\t\t\t\t\t\t\t\t\t\t\t\t<a href=\"https:\/\/strippercollection.com\/fr\/stripteaseuses-albacete-naevia\/\">\n\t\t\t\t\t\t\t<img decoding=\"async\" src=\"https:\/\/strippercollection.com\/wp-content\/uploads\/elementor\/thumbs\/Naevia-stripper-e1679444927241-qzt9kba8wn12iz88r533521g7iwxv0dzktonfbncso.jpg\" title=\"Striptease \u00e0 Alicante EVG Naevia\" alt=\"Striptease \u00e0 Alicante EVG Naevia\" loading=\"lazy\" \/>\t\t\t\t\t\t\t\t<\/a>\n\t\t\t\t\t\t\t\t\t\t\t\t\t\t\t<\/div>\n\t\t\t\t<div class=\"elementor-element elementor-element-a0ac253 elementor-align-center elementor-widget elementor-widget-button\" data-id=\"a0ac253\" data-element_type=\"widget\" data-e-type=\"widget\" data-widget_type=\"button.default\">\n\t\t\t\t\t\t\t\t\t\t<a class=\"elementor-button elementor-button-link elementor-size-xs\" href=\"https:\/\/strippercollection.com\/fr\/stripteaseuses-albacete-naevia\/\">\n\t\t\t\t\t\t<span class=\"elementor-button-content-wrapper\">\n\t\t\t\t\t\t\t\t\t<span class=\"elementor-button-text\">VOIR STRIPTEASEUSE<\/span>\n\t\t\t\t\t<\/span>\n\t\t\t\t\t<\/a>\n\t\t\t\t\t\t\t\t<\/div>\n\t\t\t\t<div class=\"elementor-element elementor-element-b29f57b elementor-widget__width-initial elementor-widget elementor-widget-heading\" data-id=\"b29f57b\" data-element_type=\"widget\" data-e-type=\"widget\" data-widget_type=\"heading.default\">\n\t\t\t\t\t<h2 class=\"elementor-heading-title elementor-size-default\"><a href=\"https:\/\/strippercollection.com\/fr\/stripteaseuses-albacete-naevia\/\">NAEVIA<\/a><\/h2>\t\t\t\t<\/div>\n\t\t\t\t\t<\/div>\n\t\t<\/div>\n\t\t\t\t\t<\/div>\n\t\t<\/section>\n\t\t\t\t<\/div>\n\t\t","protected":false},"excerpt":{"rendered":"<p>STRIPTEASEUSES ALBACETE VOIR STRIPTEASEUSE ANA\u00cdS CLIMENT VOIR STRIPTEASEUSE SARA VOIR STRIPTEASEUSE NAEVIA<\/p>\n","protected":false},"author":1,"featured_media":0,"parent":0,"menu_order":0,"comment_status":"closed","ping_status":"closed","template":"elementor_header_footer","meta":{"_monsterinsights_skip_tracking":false,"_monsterinsights_sitenote_active":false,"_monsterinsights_sitenote_note":"","_monsterinsights_sitenote_category":0,"footnotes":""},"class_list":["post-14911","page","type-page","status-publish"],"yoast_head":"<!-- This site is optimized with the Yoast SEO plugin v27.3 - https:\/\/yoast.com\/product\/yoast-seo-wordpress\/ -->\n<title>Stripteaseuses EVG \u00e0 Albacete| Stripteaseuses \u00e0 domicile Albacete<\/title>\n<meta name=\"description\" content=\"STRIPTEASEUSES ALBACETE                                VOIR STRIPTEASEUSE        ANA\u00cdS CLIMENT                                VOIR STRIPTEASEUSE        SARA                                VOIR STRIPTEASEUSE        NAEVIA\" \/>\n<meta name=\"robots\" content=\"index, follow, max-snippet:-1, max-image-preview:large, max-video-preview:-1\" \/>\n<link rel=\"canonical\" href=\"https:\/\/strippercollection.com\/fr\/stripteaseuses-albacete\/\" \/>\n<meta property=\"og:locale\" content=\"fr_FR\" \/>\n<meta property=\"og:type\" content=\"article\" \/>\n<meta property=\"og:title\" content=\"Stripteaseuses EVG \u00e0 Albacete| Stripteaseuses \u00e0 domicile Albacete\" \/>\n<meta property=\"og:description\" content=\"STRIPTEASEUSES ALBACETE                                VOIR STRIPTEASEUSE        ANA\u00cdS CLIMENT                                VOIR STRIPTEASEUSE        SARA                                VOIR STRIPTEASEUSE        NAEVIA\" \/>\n<meta property=\"og:url\" content=\"https:\/\/strippercollection.com\/fr\/stripteaseuses-albacete\/\" \/>\n<meta property=\"og:site_name\" content=\"Stripper Collection\" \/>\n<meta property=\"article:publisher\" content=\"https:\/\/www.facebook.com\/profile.php?id=100090786345031\" \/>\n<meta property=\"article:modified_time\" content=\"2025-10-24T13:28:52+00:00\" \/>\n<meta property=\"og:image\" content=\"https:\/\/strippercollection.com\/wp-content\/uploads\/elementor\/thumbs\/Anais-Stripper-Alicante-q4e47j1ue0a35mohtkhguo8bcaggm8xjx0outk6emg.jpg\" \/>\n<script type=\"application\/ld+json\" class=\"yoast-schema-graph\">{\"@context\":\"https:\\\/\\\/schema.org\",\"@graph\":[{\"@type\":\"WebPage\",\"@id\":\"https:\\\/\\\/strippercollection.com\\\/fr\\\/stripteaseuses-albacete\\\/\",\"url\":\"https:\\\/\\\/strippercollection.com\\\/fr\\\/stripteaseuses-albacete\\\/\",\"name\":\"Stripteaseuses EVG \u00e0 Albacete| Stripteaseuses \u00e0 domicile Albacete\",\"isPartOf\":{\"@id\":\"https:\\\/\\\/strippercollection.com\\\/fr\\\/#website\"},\"primaryImageOfPage\":{\"@id\":\"https:\\\/\\\/strippercollection.com\\\/fr\\\/stripteaseuses-albacete\\\/#primaryimage\"},\"image\":{\"@id\":\"https:\\\/\\\/strippercollection.com\\\/fr\\\/stripteaseuses-albacete\\\/#primaryimage\"},\"thumbnailUrl\":\"https:\\\/\\\/strippercollection.com\\\/wp-content\\\/uploads\\\/elementor\\\/thumbs\\\/Anais-Stripper-Alicante-q4e47j1ue0a35mohtkhguo8bcaggm8xjx0outk6emg.jpg\",\"datePublished\":\"2023-03-15T12:21:01+00:00\",\"dateModified\":\"2025-10-24T13:28:52+00:00\",\"description\":\"STRIPTEASEUSES ALBACETE VOIR STRIPTEASEUSE ANA\u00cdS CLIMENT VOIR STRIPTEASEUSE SARA VOIR STRIPTEASEUSE NAEVIA\",\"breadcrumb\":{\"@id\":\"https:\\\/\\\/strippercollection.com\\\/fr\\\/stripteaseuses-albacete\\\/#breadcrumb\"},\"inLanguage\":\"fr-FR\",\"potentialAction\":[{\"@type\":\"ReadAction\",\"target\":[\"https:\\\/\\\/strippercollection.com\\\/fr\\\/stripteaseuses-albacete\\\/\"]}]},{\"@type\":\"ImageObject\",\"inLanguage\":\"fr-FR\",\"@id\":\"https:\\\/\\\/strippercollection.com\\\/fr\\\/stripteaseuses-albacete\\\/#primaryimage\",\"url\":\"https:\\\/\\\/strippercollection.com\\\/wp-content\\\/uploads\\\/elementor\\\/thumbs\\\/Anais-Stripper-Alicante-q4e47j1ue0a35mohtkhguo8bcaggm8xjx0outk6emg.jpg\",\"contentUrl\":\"https:\\\/\\\/strippercollection.com\\\/wp-content\\\/uploads\\\/elementor\\\/thumbs\\\/Anais-Stripper-Alicante-q4e47j1ue0a35mohtkhguo8bcaggm8xjx0outk6emg.jpg\"},{\"@type\":\"BreadcrumbList\",\"@id\":\"https:\\\/\\\/strippercollection.com\\\/fr\\\/stripteaseuses-albacete\\\/#breadcrumb\",\"itemListElement\":[{\"@type\":\"ListItem\",\"position\":1,\"name\":\"Portada\",\"item\":\"https:\\\/\\\/strippercollection.com\\\/fr\\\/\"},{\"@type\":\"ListItem\",\"position\":2,\"name\":\"STRIPTEASEUSES ALBACETE\"}]},{\"@type\":\"WebSite\",\"@id\":\"https:\\\/\\\/strippercollection.com\\\/fr\\\/#website\",\"url\":\"https:\\\/\\\/strippercollection.com\\\/fr\\\/\",\"name\":\"Stripper Collection\",\"description\":\"Organizaci\u00f3n de despedidas de soltera\\\/o y eventos en toda Espa\u00f1a\",\"publisher\":{\"@id\":\"https:\\\/\\\/strippercollection.com\\\/fr\\\/#organization\"},\"potentialAction\":[{\"@type\":\"SearchAction\",\"target\":{\"@type\":\"EntryPoint\",\"urlTemplate\":\"https:\\\/\\\/strippercollection.com\\\/fr\\\/?s={search_term_string}\"},\"query-input\":{\"@type\":\"PropertyValueSpecification\",\"valueRequired\":true,\"valueName\":\"search_term_string\"}}],\"inLanguage\":\"fr-FR\"},{\"@type\":\"Organization\",\"@id\":\"https:\\\/\\\/strippercollection.com\\\/fr\\\/#organization\",\"name\":\"Stripper Collection\",\"url\":\"https:\\\/\\\/strippercollection.com\\\/fr\\\/\",\"logo\":{\"@type\":\"ImageObject\",\"inLanguage\":\"fr-FR\",\"@id\":\"https:\\\/\\\/strippercollection.com\\\/fr\\\/#\\\/schema\\\/logo\\\/image\\\/\",\"url\":\"https:\\\/\\\/strippercollection.com\\\/wp-content\\\/uploads\\\/2023\\\/04\\\/STRIPPER-COLLECTION-LOGO-WEB-TRANSPARENTE-EDIT.png\",\"contentUrl\":\"https:\\\/\\\/strippercollection.com\\\/wp-content\\\/uploads\\\/2023\\\/04\\\/STRIPPER-COLLECTION-LOGO-WEB-TRANSPARENTE-EDIT.png\",\"width\":169,\"height\":151,\"caption\":\"Stripper Collection\"},\"image\":{\"@id\":\"https:\\\/\\\/strippercollection.com\\\/fr\\\/#\\\/schema\\\/logo\\\/image\\\/\"},\"sameAs\":[\"https:\\\/\\\/www.facebook.com\\\/profile.php?id=100090786345031\",\"https:\\\/\\\/www.instagram.com\\\/stripper_collection\\\/\"]}]}<\/script>\n<!-- \/ Yoast SEO plugin. -->","yoast_head_json":{"title":"Stripteaseuses EVG \u00e0 Albacete| Stripteaseuses \u00e0 domicile Albacete","description":"STRIPTEASEUSES ALBACETE                                VOIR STRIPTEASEUSE        ANA\u00cdS CLIMENT                                VOIR STRIPTEASEUSE        SARA                                VOIR STRIPTEASEUSE        NAEVIA","robots":{"index":"index","follow":"follow","max-snippet":"max-snippet:-1","max-image-preview":"max-image-preview:large","max-video-preview":"max-video-preview:-1"},"canonical":"https:\/\/strippercollection.com\/fr\/stripteaseuses-albacete\/","og_locale":"fr_FR","og_type":"article","og_title":"Stripteaseuses EVG \u00e0 Albacete| Stripteaseuses \u00e0 domicile Albacete","og_description":"STRIPTEASEUSES ALBACETE                                VOIR STRIPTEASEUSE        ANA\u00cdS CLIMENT                                VOIR STRIPTEASEUSE        SARA                                VOIR STRIPTEASEUSE        NAEVIA","og_url":"https:\/\/strippercollection.com\/fr\/stripteaseuses-albacete\/","og_site_name":"Stripper Collection","article_publisher":"https:\/\/www.facebook.com\/profile.php?id=100090786345031","article_modified_time":"2025-10-24T13:28:52+00:00","og_image":[{"url":"https:\/\/strippercollection.com\/wp-content\/uploads\/elementor\/thumbs\/Anais-Stripper-Alicante-q4e47j1ue0a35mohtkhguo8bcaggm8xjx0outk6emg.jpg","type":"","width":"","height":""}],"schema":{"@context":"https:\/\/schema.org","@graph":[{"@type":"WebPage","@id":"https:\/\/strippercollection.com\/fr\/stripteaseuses-albacete\/","url":"https:\/\/strippercollection.com\/fr\/stripteaseuses-albacete\/","name":"Stripteaseuses EVG \u00e0 Albacete| Stripteaseuses \u00e0 domicile Albacete","isPartOf":{"@id":"https:\/\/strippercollection.com\/fr\/#website"},"primaryImageOfPage":{"@id":"https:\/\/strippercollection.com\/fr\/stripteaseuses-albacete\/#primaryimage"},"image":{"@id":"https:\/\/strippercollection.com\/fr\/stripteaseuses-albacete\/#primaryimage"},"thumbnailUrl":"https:\/\/strippercollection.com\/wp-content\/uploads\/elementor\/thumbs\/Anais-Stripper-Alicante-q4e47j1ue0a35mohtkhguo8bcaggm8xjx0outk6emg.jpg","datePublished":"2023-03-15T12:21:01+00:00","dateModified":"2025-10-24T13:28:52+00:00","description":"STRIPTEASEUSES ALBACETE VOIR STRIPTEASEUSE ANA\u00cdS CLIMENT VOIR STRIPTEASEUSE SARA VOIR STRIPTEASEUSE NAEVIA","breadcrumb":{"@id":"https:\/\/strippercollection.com\/fr\/stripteaseuses-albacete\/#breadcrumb"},"inLanguage":"fr-FR","potentialAction":[{"@type":"ReadAction","target":["https:\/\/strippercollection.com\/fr\/stripteaseuses-albacete\/"]}]},{"@type":"ImageObject","inLanguage":"fr-FR","@id":"https:\/\/strippercollection.com\/fr\/stripteaseuses-albacete\/#primaryimage","url":"https:\/\/strippercollection.com\/wp-content\/uploads\/elementor\/thumbs\/Anais-Stripper-Alicante-q4e47j1ue0a35mohtkhguo8bcaggm8xjx0outk6emg.jpg","contentUrl":"https:\/\/strippercollection.com\/wp-content\/uploads\/elementor\/thumbs\/Anais-Stripper-Alicante-q4e47j1ue0a35mohtkhguo8bcaggm8xjx0outk6emg.jpg"},{"@type":"BreadcrumbList","@id":"https:\/\/strippercollection.com\/fr\/stripteaseuses-albacete\/#breadcrumb","itemListElement":[{"@type":"ListItem","position":1,"name":"Portada","item":"https:\/\/strippercollection.com\/fr\/"},{"@type":"ListItem","position":2,"name":"STRIPTEASEUSES ALBACETE"}]},{"@type":"WebSite","@id":"https:\/\/strippercollection.com\/fr\/#website","url":"https:\/\/strippercollection.com\/fr\/","name":"Stripper Collection","description":"Organizaci\u00f3n de despedidas de soltera\/o y eventos en toda Espa\u00f1a","publisher":{"@id":"https:\/\/strippercollection.com\/fr\/#organization"},"potentialAction":[{"@type":"SearchAction","target":{"@type":"EntryPoint","urlTemplate":"https:\/\/strippercollection.com\/fr\/?s={search_term_string}"},"query-input":{"@type":"PropertyValueSpecification","valueRequired":true,"valueName":"search_term_string"}}],"inLanguage":"fr-FR"},{"@type":"Organization","@id":"https:\/\/strippercollection.com\/fr\/#organization","name":"Stripper Collection","url":"https:\/\/strippercollection.com\/fr\/","logo":{"@type":"ImageObject","inLanguage":"fr-FR","@id":"https:\/\/strippercollection.com\/fr\/#\/schema\/logo\/image\/","url":"https:\/\/strippercollection.com\/wp-content\/uploads\/2023\/04\/STRIPPER-COLLECTION-LOGO-WEB-TRANSPARENTE-EDIT.png","contentUrl":"https:\/\/strippercollection.com\/wp-content\/uploads\/2023\/04\/STRIPPER-COLLECTION-LOGO-WEB-TRANSPARENTE-EDIT.png","width":169,"height":151,"caption":"Stripper Collection"},"image":{"@id":"https:\/\/strippercollection.com\/fr\/#\/schema\/logo\/image\/"},"sameAs":["https:\/\/www.facebook.com\/profile.php?id=100090786345031","https:\/\/www.instagram.com\/stripper_collection\/"]}]}},"_links":{"self":[{"href":"https:\/\/strippercollection.com\/fr\/wp-json\/wp\/v2\/pages\/14911","targetHints":{"allow":["GET"]}}],"collection":[{"href":"https:\/\/strippercollection.com\/fr\/wp-json\/wp\/v2\/pages"}],"about":[{"href":"https:\/\/strippercollection.com\/fr\/wp-json\/wp\/v2\/types\/page"}],"author":[{"embeddable":true,"href":"https:\/\/strippercollection.com\/fr\/wp-json\/wp\/v2\/users\/1"}],"replies":[{"embeddable":true,"href":"https:\/\/strippercollection.com\/fr\/wp-json\/wp\/v2\/comments?post=14911"}],"version-history":[{"count":6,"href":"https:\/\/strippercollection.com\/fr\/wp-json\/wp\/v2\/pages\/14911\/revisions"}],"predecessor-version":[{"id":38119,"href":"https:\/\/strippercollection.com\/fr\/wp-json\/wp\/v2\/pages\/14911\/revisions\/38119"}],"wp:attachment":[{"href":"https:\/\/strippercollection.com\/fr\/wp-json\/wp\/v2\/media?parent=14911"}],"curies":[{"name":"wp","href":"https:\/\/api.w.org\/{rel}","templated":true}]}}