{"id":14644,"date":"2023-03-09T14:27:43","date_gmt":"2023-03-09T14:27:43","guid":{"rendered":"https:\/\/strippercollection.com\/garcons-valencia\/"},"modified":"2025-11-06T12:06:58","modified_gmt":"2025-11-06T12:06:58","slug":"stripteaseurs-valence","status":"publish","type":"page","link":"https:\/\/strippercollection.com\/fr\/stripteaseurs-valence\/","title":{"rendered":"STRIPTEASEURS VALENCE"},"content":{"rendered":"\t\t<div data-elementor-type=\"wp-page\" data-elementor-id=\"14644\" class=\"elementor elementor-14644 elementor-2808\" data-elementor-post-type=\"page\">\n\t\t\t\t\t\t<section class=\"elementor-section elementor-top-section elementor-element elementor-element-edf4bb5 cabeceraweb elementor-section-boxed elementor-section-height-default elementor-section-height-default\" data-id=\"edf4bb5\" data-element_type=\"section\" data-e-type=\"section\">\n\t\t\t\t\t\t<div class=\"elementor-container elementor-column-gap-default\">\n\t\t\t\t\t<div class=\"elementor-column elementor-col-100 elementor-top-column elementor-element elementor-element-2b4c048\" data-id=\"2b4c048\" data-element_type=\"column\" data-e-type=\"column\">\n\t\t\t<div class=\"elementor-widget-wrap elementor-element-populated\">\n\t\t\t\t\t\t<div class=\"elementor-element elementor-element-ae51644 elementor-widget elementor-widget-heading\" data-id=\"ae51644\" data-element_type=\"widget\" data-e-type=\"widget\" data-widget_type=\"heading.default\">\n\t\t\t\t\t<h1 class=\"elementor-heading-title elementor-size-default\">STRIPTEASEURS VALENCE<\/h1>\t\t\t\t<\/div>\n\t\t\t\t\t<\/div>\n\t\t<\/div>\n\t\t\t\t\t<\/div>\n\t\t<\/section>\n\t\t\t\t<section class=\"elementor-section elementor-top-section elementor-element elementor-element-c5b06a9 elementor-section-stretched elementor-section-boxed elementor-section-height-default elementor-section-height-default\" data-id=\"c5b06a9\" data-element_type=\"section\" data-e-type=\"section\" data-settings=\"{&quot;background_background&quot;:&quot;classic&quot;,&quot;stretch_section&quot;:&quot;section-stretched&quot;}\">\n\t\t\t\t\t\t<div class=\"elementor-container elementor-column-gap-default\">\n\t\t\t\t\t<div class=\"elementor-column elementor-col-33 elementor-top-column elementor-element elementor-element-cd1fd77 packs\" data-id=\"cd1fd77\" data-element_type=\"column\" data-e-type=\"column\">\n\t\t\t<div class=\"elementor-widget-wrap elementor-element-populated\">\n\t\t\t\t\t\t<div class=\"elementor-element elementor-element-d3aa500 elementor-widget elementor-widget-image\" data-id=\"d3aa500\" data-element_type=\"widget\" data-e-type=\"widget\" data-widget_type=\"image.default\">\n\t\t\t\t\t\t\t\t\t\t\t\t\t\t\t\t<a href=\"https:\/\/strippercollection.com\/fr\/stripteaseurs-valence-ivan-moreno\/\">\n\t\t\t\t\t\t\t<img decoding=\"async\" src=\"https:\/\/strippercollection.com\/wp-content\/uploads\/elementor\/thumbs\/Boy-en-Valencia-a-domicilio-qgoap9hym82h64q6fdvsmj4932e6526b521vc1wfig.jpg\" title=\"Boy en Valencia a domicilio\" alt=\"Boy en Valencia a domicilio\" loading=\"lazy\" \/>\t\t\t\t\t\t\t\t<\/a>\n\t\t\t\t\t\t\t\t\t\t\t\t\t\t\t<\/div>\n\t\t\t\t<div class=\"elementor-element elementor-element-df060d4 elementor-align-center elementor-widget elementor-widget-button\" data-id=\"df060d4\" data-element_type=\"widget\" data-e-type=\"widget\" data-widget_type=\"button.default\">\n\t\t\t\t\t\t\t\t\t\t<a class=\"elementor-button elementor-button-link elementor-size-xs\" href=\"https:\/\/strippercollection.com\/fr\/stripteaseurs-valence-ivan-moreno\/\">\n\t\t\t\t\t\t<span class=\"elementor-button-content-wrapper\">\n\t\t\t\t\t\t\t\t\t<span class=\"elementor-button-text\">VOIR LE STRIPTEASEUR<\/span>\n\t\t\t\t\t<\/span>\n\t\t\t\t\t<\/a>\n\t\t\t\t\t\t\t\t<\/div>\n\t\t\t\t<div class=\"elementor-element elementor-element-49e0763 elementor-widget__width-initial elementor-widget elementor-widget-heading\" data-id=\"49e0763\" data-element_type=\"widget\" data-e-type=\"widget\" data-widget_type=\"heading.default\">\n\t\t\t\t\t<h2 class=\"elementor-heading-title elementor-size-default\"><a href=\"https:\/\/strippercollection.com\/fr\/stripteaseurs-valence-ivan-moreno\/\">LEO<\/a><\/h2>\t\t\t\t<\/div>\n\t\t\t\t\t<\/div>\n\t\t<\/div>\n\t\t\t\t<div class=\"elementor-column elementor-col-33 elementor-top-column elementor-element elementor-element-8e6c6b2 packs\" data-id=\"8e6c6b2\" data-element_type=\"column\" data-e-type=\"column\">\n\t\t\t<div class=\"elementor-widget-wrap\">\n\t\t\t\t\t\t\t<\/div>\n\t\t<\/div>\n\t\t\t\t<div class=\"elementor-column elementor-col-33 elementor-top-column elementor-element elementor-element-b0fc0ec packs\" data-id=\"b0fc0ec\" data-element_type=\"column\" data-e-type=\"column\">\n\t\t\t<div class=\"elementor-widget-wrap\">\n\t\t\t\t\t\t\t<\/div>\n\t\t<\/div>\n\t\t\t\t\t<\/div>\n\t\t<\/section>\n\t\t\t\t<\/div>\n\t\t","protected":false},"excerpt":{"rendered":"<p>STRIPTEASEURS VALENCE VOIR LE STRIPTEASEUR LEO<\/p>\n","protected":false},"author":1,"featured_media":0,"parent":0,"menu_order":0,"comment_status":"closed","ping_status":"closed","template":"elementor_header_footer","meta":{"_monsterinsights_skip_tracking":false,"_monsterinsights_sitenote_active":false,"_monsterinsights_sitenote_note":"","_monsterinsights_sitenote_category":0,"footnotes":""},"class_list":["post-14644","page","type-page","status-publish"],"yoast_head":"<!-- This site is optimized with the Yoast SEO plugin v27.3 - https:\/\/yoast.com\/product\/yoast-seo-wordpress\/ -->\n<title>Les stripteaseurs de Valence pour votre ennterrement de vie de jeune fille \u00e0 la maison<\/title>\n<meta name=\"description\" content=\"Stripteaseurs professionnels de Valence, les meilleurs pour votre \u00e9v\u00e9nement ou enterrement de vie de jeune fille. \u00c0 la maison aussi ! Bon march\u00e9 et disponible imm\u00e9diatement !\" \/>\n<meta name=\"robots\" content=\"index, follow, max-snippet:-1, max-image-preview:large, max-video-preview:-1\" \/>\n<link rel=\"canonical\" href=\"https:\/\/strippercollection.com\/fr\/stripteaseurs-valence\/\" \/>\n<meta property=\"og:locale\" content=\"fr_FR\" \/>\n<meta property=\"og:type\" content=\"article\" \/>\n<meta property=\"og:title\" content=\"Les stripteaseurs de Valence pour votre ennterrement de vie de jeune fille \u00e0 la maison\" \/>\n<meta property=\"og:description\" content=\"Stripteaseurs professionnels de Valence, les meilleurs pour votre \u00e9v\u00e9nement ou enterrement de vie de jeune fille. \u00c0 la maison aussi ! Bon march\u00e9 et disponible imm\u00e9diatement !\" \/>\n<meta property=\"og:url\" content=\"https:\/\/strippercollection.com\/fr\/stripteaseurs-valence\/\" \/>\n<meta property=\"og:site_name\" content=\"Stripper Collection\" \/>\n<meta property=\"article:publisher\" content=\"https:\/\/www.facebook.com\/profile.php?id=100090786345031\" \/>\n<meta property=\"article:modified_time\" content=\"2025-11-06T12:06:58+00:00\" \/>\n<meta property=\"og:image\" content=\"https:\/\/strippercollection.com\/wp-content\/uploads\/elementor\/thumbs\/Boy-en-Valencia-a-domicilio-qgoap9hym82h64q6fdvsmj4932e6526b521vc1wfig.jpg\" \/>\n<script type=\"application\/ld+json\" class=\"yoast-schema-graph\">{\"@context\":\"https:\\\/\\\/schema.org\",\"@graph\":[{\"@type\":\"WebPage\",\"@id\":\"https:\\\/\\\/strippercollection.com\\\/fr\\\/stripteaseurs-valence\\\/\",\"url\":\"https:\\\/\\\/strippercollection.com\\\/fr\\\/stripteaseurs-valence\\\/\",\"name\":\"Les stripteaseurs de Valence pour votre ennterrement de vie de jeune fille \u00e0 la maison\",\"isPartOf\":{\"@id\":\"https:\\\/\\\/strippercollection.com\\\/fr\\\/#website\"},\"primaryImageOfPage\":{\"@id\":\"https:\\\/\\\/strippercollection.com\\\/fr\\\/stripteaseurs-valence\\\/#primaryimage\"},\"image\":{\"@id\":\"https:\\\/\\\/strippercollection.com\\\/fr\\\/stripteaseurs-valence\\\/#primaryimage\"},\"thumbnailUrl\":\"https:\\\/\\\/strippercollection.com\\\/wp-content\\\/uploads\\\/elementor\\\/thumbs\\\/Boy-en-Valencia-a-domicilio-qgoap9hym82h64q6fdvsmj4932e6526b521vc1wfig.jpg\",\"datePublished\":\"2023-03-09T14:27:43+00:00\",\"dateModified\":\"2025-11-06T12:06:58+00:00\",\"description\":\"Stripteaseurs professionnels de Valence, les meilleurs pour votre \u00e9v\u00e9nement ou enterrement de vie de jeune fille. \u00c0 la maison aussi ! Bon march\u00e9 et disponible imm\u00e9diatement !\",\"breadcrumb\":{\"@id\":\"https:\\\/\\\/strippercollection.com\\\/fr\\\/stripteaseurs-valence\\\/#breadcrumb\"},\"inLanguage\":\"fr-FR\",\"potentialAction\":[{\"@type\":\"ReadAction\",\"target\":[\"https:\\\/\\\/strippercollection.com\\\/fr\\\/stripteaseurs-valence\\\/\"]}]},{\"@type\":\"ImageObject\",\"inLanguage\":\"fr-FR\",\"@id\":\"https:\\\/\\\/strippercollection.com\\\/fr\\\/stripteaseurs-valence\\\/#primaryimage\",\"url\":\"https:\\\/\\\/strippercollection.com\\\/wp-content\\\/uploads\\\/elementor\\\/thumbs\\\/Boy-en-Valencia-a-domicilio-qgoap9hym82h64q6fdvsmj4932e6526b521vc1wfig.jpg\",\"contentUrl\":\"https:\\\/\\\/strippercollection.com\\\/wp-content\\\/uploads\\\/elementor\\\/thumbs\\\/Boy-en-Valencia-a-domicilio-qgoap9hym82h64q6fdvsmj4932e6526b521vc1wfig.jpg\"},{\"@type\":\"BreadcrumbList\",\"@id\":\"https:\\\/\\\/strippercollection.com\\\/fr\\\/stripteaseurs-valence\\\/#breadcrumb\",\"itemListElement\":[{\"@type\":\"ListItem\",\"position\":1,\"name\":\"Portada\",\"item\":\"https:\\\/\\\/strippercollection.com\\\/fr\\\/\"},{\"@type\":\"ListItem\",\"position\":2,\"name\":\"STRIPTEASEURS VALENCE\"}]},{\"@type\":\"WebSite\",\"@id\":\"https:\\\/\\\/strippercollection.com\\\/fr\\\/#website\",\"url\":\"https:\\\/\\\/strippercollection.com\\\/fr\\\/\",\"name\":\"Stripper Collection\",\"description\":\"Organizaci\u00f3n de despedidas de soltera\\\/o y eventos en toda Espa\u00f1a\",\"publisher\":{\"@id\":\"https:\\\/\\\/strippercollection.com\\\/fr\\\/#organization\"},\"potentialAction\":[{\"@type\":\"SearchAction\",\"target\":{\"@type\":\"EntryPoint\",\"urlTemplate\":\"https:\\\/\\\/strippercollection.com\\\/fr\\\/?s={search_term_string}\"},\"query-input\":{\"@type\":\"PropertyValueSpecification\",\"valueRequired\":true,\"valueName\":\"search_term_string\"}}],\"inLanguage\":\"fr-FR\"},{\"@type\":\"Organization\",\"@id\":\"https:\\\/\\\/strippercollection.com\\\/fr\\\/#organization\",\"name\":\"Stripper Collection\",\"url\":\"https:\\\/\\\/strippercollection.com\\\/fr\\\/\",\"logo\":{\"@type\":\"ImageObject\",\"inLanguage\":\"fr-FR\",\"@id\":\"https:\\\/\\\/strippercollection.com\\\/fr\\\/#\\\/schema\\\/logo\\\/image\\\/\",\"url\":\"https:\\\/\\\/strippercollection.com\\\/wp-content\\\/uploads\\\/2023\\\/04\\\/STRIPPER-COLLECTION-LOGO-WEB-TRANSPARENTE-EDIT.png\",\"contentUrl\":\"https:\\\/\\\/strippercollection.com\\\/wp-content\\\/uploads\\\/2023\\\/04\\\/STRIPPER-COLLECTION-LOGO-WEB-TRANSPARENTE-EDIT.png\",\"width\":169,\"height\":151,\"caption\":\"Stripper Collection\"},\"image\":{\"@id\":\"https:\\\/\\\/strippercollection.com\\\/fr\\\/#\\\/schema\\\/logo\\\/image\\\/\"},\"sameAs\":[\"https:\\\/\\\/www.facebook.com\\\/profile.php?id=100090786345031\",\"https:\\\/\\\/www.instagram.com\\\/stripper_collection\\\/\"]}]}<\/script>\n<!-- \/ Yoast SEO plugin. -->","yoast_head_json":{"title":"Les stripteaseurs de Valence pour votre ennterrement de vie de jeune fille \u00e0 la maison","description":"Stripteaseurs professionnels de Valence, les meilleurs pour votre \u00e9v\u00e9nement ou enterrement de vie de jeune fille. \u00c0 la maison aussi ! Bon march\u00e9 et disponible imm\u00e9diatement !","robots":{"index":"index","follow":"follow","max-snippet":"max-snippet:-1","max-image-preview":"max-image-preview:large","max-video-preview":"max-video-preview:-1"},"canonical":"https:\/\/strippercollection.com\/fr\/stripteaseurs-valence\/","og_locale":"fr_FR","og_type":"article","og_title":"Les stripteaseurs de Valence pour votre ennterrement de vie de jeune fille \u00e0 la maison","og_description":"Stripteaseurs professionnels de Valence, les meilleurs pour votre \u00e9v\u00e9nement ou enterrement de vie de jeune fille. \u00c0 la maison aussi ! Bon march\u00e9 et disponible imm\u00e9diatement !","og_url":"https:\/\/strippercollection.com\/fr\/stripteaseurs-valence\/","og_site_name":"Stripper Collection","article_publisher":"https:\/\/www.facebook.com\/profile.php?id=100090786345031","article_modified_time":"2025-11-06T12:06:58+00:00","og_image":[{"url":"https:\/\/strippercollection.com\/wp-content\/uploads\/elementor\/thumbs\/Boy-en-Valencia-a-domicilio-qgoap9hym82h64q6fdvsmj4932e6526b521vc1wfig.jpg","type":"","width":"","height":""}],"schema":{"@context":"https:\/\/schema.org","@graph":[{"@type":"WebPage","@id":"https:\/\/strippercollection.com\/fr\/stripteaseurs-valence\/","url":"https:\/\/strippercollection.com\/fr\/stripteaseurs-valence\/","name":"Les stripteaseurs de Valence pour votre ennterrement de vie de jeune fille \u00e0 la maison","isPartOf":{"@id":"https:\/\/strippercollection.com\/fr\/#website"},"primaryImageOfPage":{"@id":"https:\/\/strippercollection.com\/fr\/stripteaseurs-valence\/#primaryimage"},"image":{"@id":"https:\/\/strippercollection.com\/fr\/stripteaseurs-valence\/#primaryimage"},"thumbnailUrl":"https:\/\/strippercollection.com\/wp-content\/uploads\/elementor\/thumbs\/Boy-en-Valencia-a-domicilio-qgoap9hym82h64q6fdvsmj4932e6526b521vc1wfig.jpg","datePublished":"2023-03-09T14:27:43+00:00","dateModified":"2025-11-06T12:06:58+00:00","description":"Stripteaseurs professionnels de Valence, les meilleurs pour votre \u00e9v\u00e9nement ou enterrement de vie de jeune fille. \u00c0 la maison aussi ! Bon march\u00e9 et disponible imm\u00e9diatement !","breadcrumb":{"@id":"https:\/\/strippercollection.com\/fr\/stripteaseurs-valence\/#breadcrumb"},"inLanguage":"fr-FR","potentialAction":[{"@type":"ReadAction","target":["https:\/\/strippercollection.com\/fr\/stripteaseurs-valence\/"]}]},{"@type":"ImageObject","inLanguage":"fr-FR","@id":"https:\/\/strippercollection.com\/fr\/stripteaseurs-valence\/#primaryimage","url":"https:\/\/strippercollection.com\/wp-content\/uploads\/elementor\/thumbs\/Boy-en-Valencia-a-domicilio-qgoap9hym82h64q6fdvsmj4932e6526b521vc1wfig.jpg","contentUrl":"https:\/\/strippercollection.com\/wp-content\/uploads\/elementor\/thumbs\/Boy-en-Valencia-a-domicilio-qgoap9hym82h64q6fdvsmj4932e6526b521vc1wfig.jpg"},{"@type":"BreadcrumbList","@id":"https:\/\/strippercollection.com\/fr\/stripteaseurs-valence\/#breadcrumb","itemListElement":[{"@type":"ListItem","position":1,"name":"Portada","item":"https:\/\/strippercollection.com\/fr\/"},{"@type":"ListItem","position":2,"name":"STRIPTEASEURS VALENCE"}]},{"@type":"WebSite","@id":"https:\/\/strippercollection.com\/fr\/#website","url":"https:\/\/strippercollection.com\/fr\/","name":"Stripper Collection","description":"Organizaci\u00f3n de despedidas de soltera\/o y eventos en toda Espa\u00f1a","publisher":{"@id":"https:\/\/strippercollection.com\/fr\/#organization"},"potentialAction":[{"@type":"SearchAction","target":{"@type":"EntryPoint","urlTemplate":"https:\/\/strippercollection.com\/fr\/?s={search_term_string}"},"query-input":{"@type":"PropertyValueSpecification","valueRequired":true,"valueName":"search_term_string"}}],"inLanguage":"fr-FR"},{"@type":"Organization","@id":"https:\/\/strippercollection.com\/fr\/#organization","name":"Stripper Collection","url":"https:\/\/strippercollection.com\/fr\/","logo":{"@type":"ImageObject","inLanguage":"fr-FR","@id":"https:\/\/strippercollection.com\/fr\/#\/schema\/logo\/image\/","url":"https:\/\/strippercollection.com\/wp-content\/uploads\/2023\/04\/STRIPPER-COLLECTION-LOGO-WEB-TRANSPARENTE-EDIT.png","contentUrl":"https:\/\/strippercollection.com\/wp-content\/uploads\/2023\/04\/STRIPPER-COLLECTION-LOGO-WEB-TRANSPARENTE-EDIT.png","width":169,"height":151,"caption":"Stripper Collection"},"image":{"@id":"https:\/\/strippercollection.com\/fr\/#\/schema\/logo\/image\/"},"sameAs":["https:\/\/www.facebook.com\/profile.php?id=100090786345031","https:\/\/www.instagram.com\/stripper_collection\/"]}]}},"_links":{"self":[{"href":"https:\/\/strippercollection.com\/fr\/wp-json\/wp\/v2\/pages\/14644","targetHints":{"allow":["GET"]}}],"collection":[{"href":"https:\/\/strippercollection.com\/fr\/wp-json\/wp\/v2\/pages"}],"about":[{"href":"https:\/\/strippercollection.com\/fr\/wp-json\/wp\/v2\/types\/page"}],"author":[{"embeddable":true,"href":"https:\/\/strippercollection.com\/fr\/wp-json\/wp\/v2\/users\/1"}],"replies":[{"embeddable":true,"href":"https:\/\/strippercollection.com\/fr\/wp-json\/wp\/v2\/comments?post=14644"}],"version-history":[{"count":3,"href":"https:\/\/strippercollection.com\/fr\/wp-json\/wp\/v2\/pages\/14644\/revisions"}],"predecessor-version":[{"id":39521,"href":"https:\/\/strippercollection.com\/fr\/wp-json\/wp\/v2\/pages\/14644\/revisions\/39521"}],"wp:attachment":[{"href":"https:\/\/strippercollection.com\/fr\/wp-json\/wp\/v2\/media?parent=14644"}],"curies":[{"name":"wp","href":"https:\/\/api.w.org\/{rel}","templated":true}]}}