{"id":14575,"date":"2023-03-05T00:02:52","date_gmt":"2023-03-05T00:02:52","guid":{"rendered":"https:\/\/strippercollection.com\/gogos\/"},"modified":"2026-01-05T14:39:43","modified_gmt":"2026-01-05T14:39:43","slug":"gogos","status":"publish","type":"page","link":"https:\/\/strippercollection.com\/fr\/gogos\/","title":{"rendered":"Gogos"},"content":{"rendered":"\t\t<div data-elementor-type=\"wp-page\" data-elementor-id=\"14575\" class=\"elementor elementor-14575 elementor-1787\" data-elementor-post-type=\"page\">\n\t\t\t\t\t\t<section class=\"elementor-section elementor-top-section elementor-element elementor-element-6d47877 elementor-section-full_width elementor-section-stretched elementor-section-height-default elementor-section-height-default\" data-id=\"6d47877\" data-element_type=\"section\" data-e-type=\"section\" data-settings=\"{&quot;stretch_section&quot;:&quot;section-stretched&quot;}\">\n\t\t\t\t\t\t<div class=\"elementor-container elementor-column-gap-default\">\n\t\t\t\t\t<div class=\"elementor-column elementor-col-100 elementor-top-column elementor-element elementor-element-3e63861\" data-id=\"3e63861\" data-element_type=\"column\" data-e-type=\"column\">\n\t\t\t<div class=\"elementor-widget-wrap elementor-element-populated\">\n\t\t\t\t\t\t<div class=\"elementor-element elementor-element-bae4dde elementor-widget elementor-widget-heading\" data-id=\"bae4dde\" data-element_type=\"widget\" data-e-type=\"widget\" data-widget_type=\"heading.default\">\n\t\t\t\t\t<h1 class=\"elementor-heading-title elementor-size-default\">GOGOS<\/h1>\t\t\t\t<\/div>\n\t\t\t\t\t<\/div>\n\t\t<\/div>\n\t\t\t\t\t<\/div>\n\t\t<\/section>\n\t\t\t\t<section class=\"elementor-section elementor-top-section elementor-element elementor-element-f68da44 elementor-section-height-min-height elementor-section-stretched elementor-section-full_width elementor-section-height-default elementor-section-items-middle\" data-id=\"f68da44\" data-element_type=\"section\" data-e-type=\"section\" data-settings=\"{&quot;background_background&quot;:&quot;classic&quot;,&quot;stretch_section&quot;:&quot;section-stretched&quot;}\">\n\t\t\t\t\t\t<div class=\"elementor-container elementor-column-gap-default\">\n\t\t\t\t\t<div class=\"elementor-column elementor-col-100 elementor-top-column elementor-element elementor-element-8e6dac6\" data-id=\"8e6dac6\" data-element_type=\"column\" data-e-type=\"column\" data-settings=\"{&quot;background_background&quot;:&quot;classic&quot;}\">\n\t\t\t<div class=\"elementor-widget-wrap elementor-element-populated\">\n\t\t\t\t\t\t<div class=\"elementor-element elementor-element-2e7bb0a elementor-widget elementor-widget-heading\" data-id=\"2e7bb0a\" data-element_type=\"widget\" data-e-type=\"widget\" data-widget_type=\"heading.default\">\n\t\t\t\t\t<h3 class=\"elementor-heading-title elementor-size-default\">Les gogos les plus sympathiques d'Espagne pour animer votre \u00e9v\u00e9nement avec beaucoup de rythme.  <\/h3>\t\t\t\t<\/div>\n\t\t\t\t\t<\/div>\n\t\t<\/div>\n\t\t\t\t\t<\/div>\n\t\t<\/section>\n\t\t\t\t<section class=\"elementor-section elementor-top-section elementor-element elementor-element-29b7e8b elementor-section-boxed elementor-section-height-default elementor-section-height-default\" data-id=\"29b7e8b\" data-element_type=\"section\" data-e-type=\"section\">\n\t\t\t\t\t\t<div class=\"elementor-container elementor-column-gap-default\">\n\t\t\t\t\t<div class=\"elementor-column elementor-col-100 elementor-top-column elementor-element elementor-element-7588796\" data-id=\"7588796\" data-element_type=\"column\" data-e-type=\"column\">\n\t\t\t<div class=\"elementor-widget-wrap\">\n\t\t\t\t\t\t\t<\/div>\n\t\t<\/div>\n\t\t\t\t\t<\/div>\n\t\t<\/section>\n\t\t\t\t<section class=\"elementor-section elementor-top-section elementor-element elementor-element-90aa56e elementor-section-full_width elementor-section-stretched elementor-section-height-default elementor-section-height-default\" data-id=\"90aa56e\" data-element_type=\"section\" data-e-type=\"section\" data-settings=\"{&quot;stretch_section&quot;:&quot;section-stretched&quot;,&quot;background_background&quot;:&quot;classic&quot;}\">\n\t\t\t\t\t\t<div class=\"elementor-container elementor-column-gap-default\">\n\t\t\t\t\t<div class=\"elementor-column elementor-col-100 elementor-top-column elementor-element elementor-element-894a9fb\" data-id=\"894a9fb\" data-element_type=\"column\" data-e-type=\"column\">\n\t\t\t<div class=\"elementor-widget-wrap elementor-element-populated\">\n\t\t\t\t\t\t<div class=\"elementor-element elementor-element-b761d15 elementor-widget elementor-widget-text-editor\" data-id=\"b761d15\" data-element_type=\"widget\" data-e-type=\"widget\" data-widget_type=\"text-editor.default\">\n\t\t\t\t\t\t\t\t\t<h4><span style=\"color: #000000;\">Vous cherchez des gogos pour animer votre f\u00eate ?<\/span><\/h4>\n<h4>Chez Stripper Collection, vous pouvez choisir et engager les meilleurs gogos d&rsquo;Espagne qui vous raviront par leur sympathie et leurs danses au rythme de la musique et qui animeront votre f\u00eate.<\/h4>\n<h4 style=\"text-align: left;\"><span style=\"color: #000000;\">Nos gogos se rendent \u00e9galement \u00e0 l&rsquo;endroit et \u00e0 l&rsquo;adresse de votre choix.<\/span><\/h4>\n<h4 style=\"text-align: left;\"><span style=\"color: #000000;\">Vous pouvez \u00e9galement louer votre propre spectacle de gogo au Boat Party dans certains endroits.<\/span><\/h4>\n<h4 style=\"text-align: left;\"><span style=\"color: #000000;\">Nous vous recommandons de commencer par <strong><br \/>\n  <span style=\"color: #0b9654;\">contact<\/span><br \/>\n<\/strong><span style=\"color: #ffffff;\"><span style=\"color: #000000;\"><strong> <\/strong>avec<\/span> <span style=\"color: #000000;\">afin de garantir la disponibilit\u00e9 du gogo pour votre \u00e9v\u00e9nement.<\/span><\/span><\/span><\/h4>\n<h4 style=\"text-align: left;\"><span style=\"color: #000000;\">R\u00e9server votre Gogo pour votre \u00e9v\u00e9nement est tr\u00e8s facile : Remplissez le formulaire suivant <span style=\"text-decoration: underline;\"><span style=\"color: #0b9654; text-decoration: underline;\"><a style=\"color: #0b9654; text-decoration: underline;\" href=\"https:\/\/strippercollection.com\/reservas-de-artistas-o-servicios\/\">formulaire<\/a> <\/span><\/span>choisissez votre lieu<\/span><span style=\"color: #ffffff;\"><span style=\"color: #000000;\"> et si vous avez besoin de plus d&rsquo;informations ou si vous avez des questions<\/span> <span style=\"color: #000000;\">cliquez<\/span> <span style=\"color: #0b9654;\"><a style=\"color: #0b9654;\" href=\"https:\/\/strippercollection.com\/reserva-web-contactar\/\"><span style=\"text-decoration: underline;\">contactez-nous.<\/span><\/a><\/span><\/span><\/h4>\n\t\t\t\t\t\t\t\t<\/div>\n\t\t\t\t\t<\/div>\n\t\t<\/div>\n\t\t\t\t\t<\/div>\n\t\t<\/section>\n\t\t\t\t<\/div>\n\t\t","protected":false},"excerpt":{"rendered":"<p>GOGOS Les gogos les plus sympathiques d&rsquo;Espagne pour animer votre \u00e9v\u00e9nement avec beaucoup de rythme. Vous cherchez des gogos pour animer votre f\u00eate ? Chez Stripper Collection, vous pouvez choisir et engager les meilleurs gogos d&rsquo;Espagne qui vous raviront par leur sympathie et leurs danses au rythme de la musique et qui animeront votre f\u00eate. &#8230; <a title=\"Gogos\" class=\"read-more\" href=\"https:\/\/strippercollection.com\/fr\/gogos\/\" aria-label=\"En savoir plus sur Gogos\">Lire la suite<\/a><\/p>\n","protected":false},"author":1,"featured_media":0,"parent":0,"menu_order":0,"comment_status":"closed","ping_status":"closed","template":"elementor_header_footer","meta":{"_monsterinsights_skip_tracking":false,"_monsterinsights_sitenote_active":false,"_monsterinsights_sitenote_note":"","_monsterinsights_sitenote_category":0,"footnotes":""},"class_list":["post-14575","page","type-page","status-publish"],"yoast_head":"<!-- This site is optimized with the Yoast SEO plugin v27.3 - https:\/\/yoast.com\/product\/yoast-seo-wordpress\/ -->\n<title>Gogos<\/title>\n<meta name=\"description\" content=\"GOGOS   Les gogos les plus sympathiques d&#039;Espagne pour animer votre \u00e9v\u00e9nement avec beaucoup de rythme.  Vous cherchez des gogos pour animer votre f\u00eate ? Chez Stripper Collection, vous pouvez choisir et engager les meilleurs gogos d&#039;Espagne qui vous raviront par leur sympathie et leurs danses au rythme de la musique et qui animeront votre f\u00eate. Nos gogos se rendent \u00e9galement \u00e0 l&#039;endroit et \u00e0 l&#039;adresse de votre choix. Vous pouvez \u00e9galement louer votre propre spectacle de gogo au Boat Party dans certains endroits. Nous vous recommandons de commencer par  contact avec afin de garantir la disponibilit\u00e9 du gogo pour votre \u00e9v\u00e9nement. R\u00e9server votre Gogo pour votre \u00e9v\u00e9nement est tr\u00e8s facile : Remplissez le formulaire suivant formulaire choisissez votre lieu et si vous avez besoin de plus d&#039;informations ou si vous avez des questions cliquez contactez-nous.\" \/>\n<meta name=\"robots\" content=\"index, follow, max-snippet:-1, max-image-preview:large, max-video-preview:-1\" \/>\n<link rel=\"canonical\" href=\"https:\/\/strippercollection.com\/fr\/gogos\/\" \/>\n<meta property=\"og:locale\" content=\"fr_FR\" \/>\n<meta property=\"og:type\" content=\"article\" \/>\n<meta property=\"og:title\" content=\"Gogos\" \/>\n<meta property=\"og:description\" content=\"GOGOS   Les gogos les plus sympathiques d&#039;Espagne pour animer votre \u00e9v\u00e9nement avec beaucoup de rythme.  Vous cherchez des gogos pour animer votre f\u00eate ? Chez Stripper Collection, vous pouvez choisir et engager les meilleurs gogos d&#039;Espagne qui vous raviront par leur sympathie et leurs danses au rythme de la musique et qui animeront votre f\u00eate. Nos gogos se rendent \u00e9galement \u00e0 l&#039;endroit et \u00e0 l&#039;adresse de votre choix. Vous pouvez \u00e9galement louer votre propre spectacle de gogo au Boat Party dans certains endroits. Nous vous recommandons de commencer par  contact avec afin de garantir la disponibilit\u00e9 du gogo pour votre \u00e9v\u00e9nement. R\u00e9server votre Gogo pour votre \u00e9v\u00e9nement est tr\u00e8s facile : Remplissez le formulaire suivant formulaire choisissez votre lieu et si vous avez besoin de plus d&#039;informations ou si vous avez des questions cliquez contactez-nous.\" \/>\n<meta property=\"og:url\" content=\"https:\/\/strippercollection.com\/fr\/gogos\/\" \/>\n<meta property=\"og:site_name\" content=\"Stripper Collection\" \/>\n<meta property=\"article:publisher\" content=\"https:\/\/www.facebook.com\/profile.php?id=100090786345031\" \/>\n<meta property=\"article:modified_time\" content=\"2026-01-05T14:39:43+00:00\" \/>\n<script type=\"application\/ld+json\" class=\"yoast-schema-graph\">{\"@context\":\"https:\\\/\\\/schema.org\",\"@graph\":[{\"@type\":\"WebPage\",\"@id\":\"https:\\\/\\\/strippercollection.com\\\/fr\\\/gogos\\\/\",\"url\":\"https:\\\/\\\/strippercollection.com\\\/fr\\\/gogos\\\/\",\"name\":\"Gogos\",\"isPartOf\":{\"@id\":\"https:\\\/\\\/strippercollection.com\\\/fr\\\/#website\"},\"datePublished\":\"2023-03-05T00:02:52+00:00\",\"dateModified\":\"2026-01-05T14:39:43+00:00\",\"description\":\"GOGOS Les gogos les plus sympathiques d'Espagne pour animer votre \u00e9v\u00e9nement avec beaucoup de rythme. Vous cherchez des gogos pour animer votre f\u00eate ? Chez Stripper Collection, vous pouvez choisir et engager les meilleurs gogos d'Espagne qui vous raviront par leur sympathie et leurs danses au rythme de la musique et qui animeront votre f\u00eate. Nos gogos se rendent \u00e9galement \u00e0 l'endroit et \u00e0 l'adresse de votre choix. Vous pouvez \u00e9galement louer votre propre spectacle de gogo au Boat Party dans certains endroits. Nous vous recommandons de commencer par contact avec afin de garantir la disponibilit\u00e9 du gogo pour votre \u00e9v\u00e9nement. R\u00e9server votre Gogo pour votre \u00e9v\u00e9nement est tr\u00e8s facile : Remplissez le formulaire suivant formulaire choisissez votre lieu et si vous avez besoin de plus d'informations ou si vous avez des questions cliquez contactez-nous.\",\"breadcrumb\":{\"@id\":\"https:\\\/\\\/strippercollection.com\\\/fr\\\/gogos\\\/#breadcrumb\"},\"inLanguage\":\"fr-FR\",\"potentialAction\":[{\"@type\":\"ReadAction\",\"target\":[\"https:\\\/\\\/strippercollection.com\\\/fr\\\/gogos\\\/\"]}]},{\"@type\":\"BreadcrumbList\",\"@id\":\"https:\\\/\\\/strippercollection.com\\\/fr\\\/gogos\\\/#breadcrumb\",\"itemListElement\":[{\"@type\":\"ListItem\",\"position\":1,\"name\":\"Portada\",\"item\":\"https:\\\/\\\/strippercollection.com\\\/fr\\\/\"},{\"@type\":\"ListItem\",\"position\":2,\"name\":\"Gogos\"}]},{\"@type\":\"WebSite\",\"@id\":\"https:\\\/\\\/strippercollection.com\\\/fr\\\/#website\",\"url\":\"https:\\\/\\\/strippercollection.com\\\/fr\\\/\",\"name\":\"Stripper Collection\",\"description\":\"Organizaci\u00f3n de despedidas de soltera\\\/o y eventos en toda Espa\u00f1a\",\"publisher\":{\"@id\":\"https:\\\/\\\/strippercollection.com\\\/fr\\\/#organization\"},\"potentialAction\":[{\"@type\":\"SearchAction\",\"target\":{\"@type\":\"EntryPoint\",\"urlTemplate\":\"https:\\\/\\\/strippercollection.com\\\/fr\\\/?s={search_term_string}\"},\"query-input\":{\"@type\":\"PropertyValueSpecification\",\"valueRequired\":true,\"valueName\":\"search_term_string\"}}],\"inLanguage\":\"fr-FR\"},{\"@type\":\"Organization\",\"@id\":\"https:\\\/\\\/strippercollection.com\\\/fr\\\/#organization\",\"name\":\"Stripper Collection\",\"url\":\"https:\\\/\\\/strippercollection.com\\\/fr\\\/\",\"logo\":{\"@type\":\"ImageObject\",\"inLanguage\":\"fr-FR\",\"@id\":\"https:\\\/\\\/strippercollection.com\\\/fr\\\/#\\\/schema\\\/logo\\\/image\\\/\",\"url\":\"https:\\\/\\\/strippercollection.com\\\/wp-content\\\/uploads\\\/2023\\\/04\\\/STRIPPER-COLLECTION-LOGO-WEB-TRANSPARENTE-EDIT.png\",\"contentUrl\":\"https:\\\/\\\/strippercollection.com\\\/wp-content\\\/uploads\\\/2023\\\/04\\\/STRIPPER-COLLECTION-LOGO-WEB-TRANSPARENTE-EDIT.png\",\"width\":169,\"height\":151,\"caption\":\"Stripper Collection\"},\"image\":{\"@id\":\"https:\\\/\\\/strippercollection.com\\\/fr\\\/#\\\/schema\\\/logo\\\/image\\\/\"},\"sameAs\":[\"https:\\\/\\\/www.facebook.com\\\/profile.php?id=100090786345031\",\"https:\\\/\\\/www.instagram.com\\\/stripper_collection\\\/\"]}]}<\/script>\n<!-- \/ Yoast SEO plugin. -->","yoast_head_json":{"title":"Gogos","description":"GOGOS   Les gogos les plus sympathiques d'Espagne pour animer votre \u00e9v\u00e9nement avec beaucoup de rythme.  Vous cherchez des gogos pour animer votre f\u00eate ? Chez Stripper Collection, vous pouvez choisir et engager les meilleurs gogos d'Espagne qui vous raviront par leur sympathie et leurs danses au rythme de la musique et qui animeront votre f\u00eate. Nos gogos se rendent \u00e9galement \u00e0 l'endroit et \u00e0 l'adresse de votre choix. Vous pouvez \u00e9galement louer votre propre spectacle de gogo au Boat Party dans certains endroits. Nous vous recommandons de commencer par  contact avec afin de garantir la disponibilit\u00e9 du gogo pour votre \u00e9v\u00e9nement. R\u00e9server votre Gogo pour votre \u00e9v\u00e9nement est tr\u00e8s facile : Remplissez le formulaire suivant formulaire choisissez votre lieu et si vous avez besoin de plus d'informations ou si vous avez des questions cliquez contactez-nous.","robots":{"index":"index","follow":"follow","max-snippet":"max-snippet:-1","max-image-preview":"max-image-preview:large","max-video-preview":"max-video-preview:-1"},"canonical":"https:\/\/strippercollection.com\/fr\/gogos\/","og_locale":"fr_FR","og_type":"article","og_title":"Gogos","og_description":"GOGOS   Les gogos les plus sympathiques d'Espagne pour animer votre \u00e9v\u00e9nement avec beaucoup de rythme.  Vous cherchez des gogos pour animer votre f\u00eate ? Chez Stripper Collection, vous pouvez choisir et engager les meilleurs gogos d'Espagne qui vous raviront par leur sympathie et leurs danses au rythme de la musique et qui animeront votre f\u00eate. Nos gogos se rendent \u00e9galement \u00e0 l'endroit et \u00e0 l'adresse de votre choix. Vous pouvez \u00e9galement louer votre propre spectacle de gogo au Boat Party dans certains endroits. Nous vous recommandons de commencer par  contact avec afin de garantir la disponibilit\u00e9 du gogo pour votre \u00e9v\u00e9nement. R\u00e9server votre Gogo pour votre \u00e9v\u00e9nement est tr\u00e8s facile : Remplissez le formulaire suivant formulaire choisissez votre lieu et si vous avez besoin de plus d'informations ou si vous avez des questions cliquez contactez-nous.","og_url":"https:\/\/strippercollection.com\/fr\/gogos\/","og_site_name":"Stripper Collection","article_publisher":"https:\/\/www.facebook.com\/profile.php?id=100090786345031","article_modified_time":"2026-01-05T14:39:43+00:00","schema":{"@context":"https:\/\/schema.org","@graph":[{"@type":"WebPage","@id":"https:\/\/strippercollection.com\/fr\/gogos\/","url":"https:\/\/strippercollection.com\/fr\/gogos\/","name":"Gogos","isPartOf":{"@id":"https:\/\/strippercollection.com\/fr\/#website"},"datePublished":"2023-03-05T00:02:52+00:00","dateModified":"2026-01-05T14:39:43+00:00","description":"GOGOS Les gogos les plus sympathiques d'Espagne pour animer votre \u00e9v\u00e9nement avec beaucoup de rythme. Vous cherchez des gogos pour animer votre f\u00eate ? Chez Stripper Collection, vous pouvez choisir et engager les meilleurs gogos d'Espagne qui vous raviront par leur sympathie et leurs danses au rythme de la musique et qui animeront votre f\u00eate. Nos gogos se rendent \u00e9galement \u00e0 l'endroit et \u00e0 l'adresse de votre choix. Vous pouvez \u00e9galement louer votre propre spectacle de gogo au Boat Party dans certains endroits. Nous vous recommandons de commencer par contact avec afin de garantir la disponibilit\u00e9 du gogo pour votre \u00e9v\u00e9nement. R\u00e9server votre Gogo pour votre \u00e9v\u00e9nement est tr\u00e8s facile : Remplissez le formulaire suivant formulaire choisissez votre lieu et si vous avez besoin de plus d'informations ou si vous avez des questions cliquez contactez-nous.","breadcrumb":{"@id":"https:\/\/strippercollection.com\/fr\/gogos\/#breadcrumb"},"inLanguage":"fr-FR","potentialAction":[{"@type":"ReadAction","target":["https:\/\/strippercollection.com\/fr\/gogos\/"]}]},{"@type":"BreadcrumbList","@id":"https:\/\/strippercollection.com\/fr\/gogos\/#breadcrumb","itemListElement":[{"@type":"ListItem","position":1,"name":"Portada","item":"https:\/\/strippercollection.com\/fr\/"},{"@type":"ListItem","position":2,"name":"Gogos"}]},{"@type":"WebSite","@id":"https:\/\/strippercollection.com\/fr\/#website","url":"https:\/\/strippercollection.com\/fr\/","name":"Stripper Collection","description":"Organizaci\u00f3n de despedidas de soltera\/o y eventos en toda Espa\u00f1a","publisher":{"@id":"https:\/\/strippercollection.com\/fr\/#organization"},"potentialAction":[{"@type":"SearchAction","target":{"@type":"EntryPoint","urlTemplate":"https:\/\/strippercollection.com\/fr\/?s={search_term_string}"},"query-input":{"@type":"PropertyValueSpecification","valueRequired":true,"valueName":"search_term_string"}}],"inLanguage":"fr-FR"},{"@type":"Organization","@id":"https:\/\/strippercollection.com\/fr\/#organization","name":"Stripper Collection","url":"https:\/\/strippercollection.com\/fr\/","logo":{"@type":"ImageObject","inLanguage":"fr-FR","@id":"https:\/\/strippercollection.com\/fr\/#\/schema\/logo\/image\/","url":"https:\/\/strippercollection.com\/wp-content\/uploads\/2023\/04\/STRIPPER-COLLECTION-LOGO-WEB-TRANSPARENTE-EDIT.png","contentUrl":"https:\/\/strippercollection.com\/wp-content\/uploads\/2023\/04\/STRIPPER-COLLECTION-LOGO-WEB-TRANSPARENTE-EDIT.png","width":169,"height":151,"caption":"Stripper Collection"},"image":{"@id":"https:\/\/strippercollection.com\/fr\/#\/schema\/logo\/image\/"},"sameAs":["https:\/\/www.facebook.com\/profile.php?id=100090786345031","https:\/\/www.instagram.com\/stripper_collection\/"]}]}},"_links":{"self":[{"href":"https:\/\/strippercollection.com\/fr\/wp-json\/wp\/v2\/pages\/14575","targetHints":{"allow":["GET"]}}],"collection":[{"href":"https:\/\/strippercollection.com\/fr\/wp-json\/wp\/v2\/pages"}],"about":[{"href":"https:\/\/strippercollection.com\/fr\/wp-json\/wp\/v2\/types\/page"}],"author":[{"embeddable":true,"href":"https:\/\/strippercollection.com\/fr\/wp-json\/wp\/v2\/users\/1"}],"replies":[{"embeddable":true,"href":"https:\/\/strippercollection.com\/fr\/wp-json\/wp\/v2\/comments?post=14575"}],"version-history":[{"count":3,"href":"https:\/\/strippercollection.com\/fr\/wp-json\/wp\/v2\/pages\/14575\/revisions"}],"predecessor-version":[{"id":40045,"href":"https:\/\/strippercollection.com\/fr\/wp-json\/wp\/v2\/pages\/14575\/revisions\/40045"}],"wp:attachment":[{"href":"https:\/\/strippercollection.com\/fr\/wp-json\/wp\/v2\/media?parent=14575"}],"curies":[{"name":"wp","href":"https:\/\/api.w.org\/{rel}","templated":true}]}}