{"id":17210,"date":"2023-05-23T21:49:23","date_gmt":"2023-05-23T21:49:23","guid":{"rendered":"https:\/\/strippercollection.com\/male-strippers-girona-emilio-elmano\/"},"modified":"2025-11-06T09:58:43","modified_gmt":"2025-11-06T09:58:43","slug":"male-strippers-girona-emilio-elmano","status":"publish","type":"page","link":"https:\/\/strippercollection.com\/en\/male-strippers-girona-emilio-elmano\/","title":{"rendered":"MALE STRIPPERS GIRONA EMILIO ELMA\u00d1O"},"content":{"rendered":"\t\t<div data-elementor-type=\"wp-page\" data-elementor-id=\"17210\" class=\"elementor elementor-17210 elementor-11243\" data-elementor-post-type=\"page\">\n\t\t\t\t\t\t<section class=\"elementor-section elementor-top-section elementor-element elementor-element-36a2c41 cabeceraweb elementor-section-boxed elementor-section-height-default elementor-section-height-default\" data-id=\"36a2c41\" data-element_type=\"section\" data-e-type=\"section\">\n\t\t\t\t\t\t<div class=\"elementor-container elementor-column-gap-default\">\n\t\t\t\t\t<div class=\"elementor-column elementor-col-100 elementor-top-column elementor-element elementor-element-dd3ae4c\" data-id=\"dd3ae4c\" data-element_type=\"column\" data-e-type=\"column\">\n\t\t\t<div class=\"elementor-widget-wrap elementor-element-populated\">\n\t\t\t\t\t\t<div class=\"elementor-element elementor-element-1cb2b53 elementor-widget elementor-widget-heading\" data-id=\"1cb2b53\" data-element_type=\"widget\" data-e-type=\"widget\" data-widget_type=\"heading.default\">\n\t\t\t\t\t<h1 class=\"elementor-heading-title elementor-size-default\">EMILIO ELMA\u00d1O<\/h1>\t\t\t\t<\/div>\n\t\t\t\t\t<\/div>\n\t\t<\/div>\n\t\t\t\t\t<\/div>\n\t\t<\/section>\n\t\t\t\t<section class=\"elementor-section elementor-top-section elementor-element elementor-element-ef675e9 elementor-section-stretched elementor-section-boxed elementor-section-height-default elementor-section-height-default\" data-id=\"ef675e9\" data-element_type=\"section\" data-e-type=\"section\" data-settings=\"{&quot;stretch_section&quot;:&quot;section-stretched&quot;,&quot;background_background&quot;:&quot;classic&quot;}\">\n\t\t\t\t\t\t<div class=\"elementor-container elementor-column-gap-default\">\n\t\t\t\t\t<div class=\"elementor-column elementor-col-100 elementor-top-column elementor-element elementor-element-61849b9\" data-id=\"61849b9\" data-element_type=\"column\" data-e-type=\"column\">\n\t\t\t<div class=\"elementor-widget-wrap elementor-element-populated\">\n\t\t\t\t\t\t<div class=\"elementor-element elementor-element-f6c5daf elementor-pagination-position-outside elementor-widget elementor-widget-image-carousel\" data-id=\"f6c5daf\" data-element_type=\"widget\" data-e-type=\"widget\" data-settings=\"{&quot;slides_to_show&quot;:&quot;3&quot;,&quot;slides_to_scroll&quot;:&quot;3&quot;,&quot;navigation&quot;:&quot;dots&quot;,&quot;autoplay&quot;:&quot;no&quot;,&quot;slides_to_show_mobile&quot;:&quot;1&quot;,&quot;infinite&quot;:&quot;no&quot;,&quot;speed&quot;:500}\" data-widget_type=\"image-carousel.default\">\n\t\t\t\t\t\t\t<div class=\"elementor-image-carousel-wrapper swiper\" role=\"region\" aria-roledescription=\"carousel\" aria-label=\"Carrusel de im\u00e1genes\" dir=\"ltr\">\n\t\t\t<div class=\"elementor-image-carousel swiper-wrapper\" aria-live=\"polite\">\n\t\t\t\t\t\t\t\t<div class=\"swiper-slide\" role=\"group\" aria-roledescription=\"slide\" aria-label=\"1 of 4\"><a data-elementor-open-lightbox=\"yes\" data-elementor-lightbox-slideshow=\"f6c5daf\" data-e-action-hash=\"#elementor-action%3Aaction%3Dlightbox%26settings%3DeyJpZCI6MTM0MDMsInVybCI6Imh0dHBzOlwvXC9zdHJpcHBlcmNvbGxlY3Rpb24uY29tXC93cC1jb250ZW50XC91cGxvYWRzXC8yMDIzXC8wM1wvRW1pbGlvLWRlc3BlZGlkYS1zb2x0ZXJhLUJhcmNlbG9uYS5qcGciLCJzbGlkZXNob3ciOiJmNmM1ZGFmIn0%3D\" href=\"https:\/\/strippercollection.com\/wp-content\/uploads\/2023\/03\/Emilio-despedida-soltera-Barcelona.jpg\"><figure class=\"swiper-slide-inner\"><img decoding=\"async\" class=\"swiper-slide-image\" src=\"https:\/\/strippercollection.com\/wp-content\/uploads\/elementor\/thumbs\/Emilio-despedida-soltera-Barcelona-qy4qqjxh05ne1wg96hkht1vlhmndnox31yioka3hxk.jpg\" alt=\"Emilio despedida soltera Barcelona\" \/><\/figure><\/a><\/div><div class=\"swiper-slide\" role=\"group\" aria-roledescription=\"slide\" aria-label=\"2 of 4\"><a data-elementor-open-lightbox=\"yes\" data-elementor-lightbox-slideshow=\"f6c5daf\" data-e-action-hash=\"#elementor-action%3Aaction%3Dlightbox%26settings%3DeyJpZCI6MTM0MDcsInVybCI6Imh0dHBzOlwvXC9zdHJpcHBlcmNvbGxlY3Rpb24uY29tXC93cC1jb250ZW50XC91cGxvYWRzXC8yMDIzXC8wM1wvRW1pbGlvLWRlc3BlZGlkYXMtQmFyY2Vsb25hLWUxNjgwMjY1MjA2NTA5LmpwZyIsInNsaWRlc2hvdyI6ImY2YzVkYWYifQ%3D%3D\" href=\"https:\/\/strippercollection.com\/wp-content\/uploads\/2023\/03\/Emilio-despedidas-Barcelona-e1680265206509.jpg\"><figure class=\"swiper-slide-inner\"><img decoding=\"async\" class=\"swiper-slide-image\" src=\"https:\/\/strippercollection.com\/wp-content\/uploads\/elementor\/thumbs\/Emilio-despedidas-Barcelona-e1680265206509-qy4qqomnybttny9ff1lmniowgk07q6fqqls3ynwj2g.jpg\" alt=\"Boy para despedida soltera en Barcelona Emilio\" \/><\/figure><\/a><\/div><div class=\"swiper-slide\" role=\"group\" aria-roledescription=\"slide\" aria-label=\"3 of 4\"><a data-elementor-open-lightbox=\"yes\" data-elementor-lightbox-slideshow=\"f6c5daf\" data-e-action-hash=\"#elementor-action%3Aaction%3Dlightbox%26settings%3DeyJpZCI6MTM0MTEsInVybCI6Imh0dHBzOlwvXC9zdHJpcHBlcmNvbGxlY3Rpb24uY29tXC93cC1jb250ZW50XC91cGxvYWRzXC8yMDIzXC8wM1wvRW1pbGlvLWRlc3BlZGlkYXMteS1ldmVudG9zLUJhcmNlbG9uYS5qcGciLCJzbGlkZXNob3ciOiJmNmM1ZGFmIn0%3D\" href=\"https:\/\/strippercollection.com\/wp-content\/uploads\/2023\/03\/Emilio-despedidas-y-eventos-Barcelona.jpg\"><figure class=\"swiper-slide-inner\"><img decoding=\"async\" class=\"swiper-slide-image\" src=\"https:\/\/strippercollection.com\/wp-content\/uploads\/elementor\/thumbs\/Emilio-despedidas-y-eventos-Barcelona-qy4qqu9p3c1jlm18i41e2h9o0v8f0d24rdp0ubo614.jpg\" alt=\"Emilio despedidas y eventos Barcelona\" \/><\/figure><\/a><\/div><div class=\"swiper-slide\" role=\"group\" aria-roledescription=\"slide\" aria-label=\"4 of 4\"><a data-elementor-open-lightbox=\"yes\" data-elementor-lightbox-slideshow=\"f6c5daf\" data-e-action-hash=\"#elementor-action%3Aaction%3Dlightbox%26settings%3DeyJpZCI6MTMzOTksInVybCI6Imh0dHBzOlwvXC9zdHJpcHBlcmNvbGxlY3Rpb24uY29tXC93cC1jb250ZW50XC91cGxvYWRzXC8yMDIzXC8wM1wvRW1pbGlvLUJveS1CYXJjZWxvbmEuanBnIiwic2xpZGVzaG93IjoiZjZjNWRhZiJ9\" href=\"https:\/\/strippercollection.com\/wp-content\/uploads\/2023\/03\/Emilio-Boy-Barcelona.jpg\"><figure class=\"swiper-slide-inner\"><img decoding=\"async\" class=\"swiper-slide-image\" src=\"https:\/\/strippercollection.com\/wp-content\/uploads\/elementor\/thumbs\/Emilio-Boy-Barcelona-qy4qqdclobedsmpt8wq3tljdbxjt5t6yp1ya7cd954.jpg\" alt=\"Emilio Boy Barcelona\" \/><\/figure><\/a><\/div>\t\t\t<\/div>\n\t\t\t\t\t\t\t\n\t\t\t\t\t\t\t\t\t<div class=\"swiper-pagination\"><\/div>\n\t\t\t\t\t\t\t\t\t<\/div>\n\t\t\t\t\t\t<\/div>\n\t\t\t\t\t<\/div>\n\t\t<\/div>\n\t\t\t\t\t<\/div>\n\t\t<\/section>\n\t\t\t\t<section class=\"elementor-section elementor-top-section elementor-element elementor-element-87c3846 elementor-section-boxed elementor-section-height-default elementor-section-height-default\" data-id=\"87c3846\" data-element_type=\"section\" data-e-type=\"section\">\n\t\t\t\t\t\t<div class=\"elementor-container elementor-column-gap-default\">\n\t\t\t\t\t<div class=\"elementor-column elementor-col-100 elementor-top-column elementor-element elementor-element-0ffd339\" data-id=\"0ffd339\" data-element_type=\"column\" data-e-type=\"column\">\n\t\t\t<div class=\"elementor-widget-wrap elementor-element-populated\">\n\t\t\t\t\t\t<div class=\"elementor-element elementor-element-7461bff elementor-widget elementor-widget-text-editor\" data-id=\"7461bff\" data-element_type=\"widget\" data-e-type=\"widget\" data-widget_type=\"text-editor.default\">\n\t\t\t\t\t\t\t\t\t<h2><span style=\"color: #000000;\">EMILIO ELMA\u00d1O<\/span><\/h2><h4><span style=\"color: #000000;\"> Emilio Elma\u00f1o will delight you all with his sympathy and fun.<\/span><\/h4><h4><span style=\"color: #000000;\">A professional, fun AND erotic show&#8230;<\/span><\/h4><h4><span style=\"color: #000000;\">The duration of the artist&#8217;s show is from 15 to 20 minutes, after the end of the show the male stripper usually stays with you for a while so that you can take some pictures with him.<\/span><\/h4><h2><span style=\"color: #000000;\"><u>DRESSING ROOMS SHOWS<\/u><\/span><\/h2><h4><span style=\"color: #000000;\">SHERIFF<\/span><\/h4><h4><span style=\"color: #000000;\">FIREFIGHTER<\/span><\/h4><h4><span style=\"color: #000000;\">GENTLEMAN<\/span><\/h4><h4>MILITARY<\/h4><p>\u00a0<\/p><p>\u00a0<\/p><p>\u00a0<\/p>\t\t\t\t\t\t\t\t<\/div>\n\t\t\t\t\t<\/div>\n\t\t<\/div>\n\t\t\t\t\t<\/div>\n\t\t<\/section>\n\t\t\t\t<section class=\"elementor-section elementor-top-section elementor-element elementor-element-1f176b7 elementor-section-boxed elementor-section-height-default elementor-section-height-default\" data-id=\"1f176b7\" data-element_type=\"section\" data-e-type=\"section\">\n\t\t\t\t\t\t<div class=\"elementor-container elementor-column-gap-default\">\n\t\t\t\t\t<div class=\"elementor-column elementor-col-100 elementor-top-column elementor-element elementor-element-6986625\" data-id=\"6986625\" data-element_type=\"column\" data-e-type=\"column\">\n\t\t\t<div class=\"elementor-widget-wrap elementor-element-populated\">\n\t\t\t\t\t\t<div class=\"elementor-element elementor-element-97d767c elementor-align-center elementor-widget elementor-widget-button\" data-id=\"97d767c\" data-element_type=\"widget\" data-e-type=\"widget\" data-widget_type=\"button.default\">\n\t\t\t\t\t\t\t\t\t\t<a class=\"elementor-button elementor-button-link elementor-size-md\" href=\"https:\/\/strippercollection.com\/en\/booking-of-artists-or-services\/\">\n\t\t\t\t\t\t<span class=\"elementor-button-content-wrapper\">\n\t\t\t\t\t\t\t\t\t<span class=\"elementor-button-text\">CLICK HERE TO BOOK<\/span>\n\t\t\t\t\t<\/span>\n\t\t\t\t\t<\/a>\n\t\t\t\t\t\t\t\t<\/div>\n\t\t\t\t\t<\/div>\n\t\t<\/div>\n\t\t\t\t\t<\/div>\n\t\t<\/section>\n\t\t\t\t<section class=\"elementor-section elementor-top-section elementor-element elementor-element-4b8094a elementor-section-boxed elementor-section-height-default elementor-section-height-default\" data-id=\"4b8094a\" data-element_type=\"section\" data-e-type=\"section\" data-settings=\"{&quot;background_background&quot;:&quot;classic&quot;}\">\n\t\t\t\t\t\t<div class=\"elementor-container elementor-column-gap-default\">\n\t\t\t\t\t<div class=\"elementor-column elementor-col-100 elementor-top-column elementor-element elementor-element-94c9c55\" data-id=\"94c9c55\" data-element_type=\"column\" data-e-type=\"column\">\n\t\t\t<div class=\"elementor-widget-wrap elementor-element-populated\">\n\t\t\t\t\t\t<div class=\"elementor-element elementor-element-687ead6 elementor-align-center elementor-widget elementor-widget-button\" data-id=\"687ead6\" data-element_type=\"widget\" data-e-type=\"widget\" data-widget_type=\"button.default\">\n\t\t\t\t\t\t\t\t\t\t<a class=\"elementor-button elementor-button-link elementor-size-md\" href=\"https:\/\/strippercollection.com\/en\/male-strippers-girona\/\">\n\t\t\t\t\t\t<span class=\"elementor-button-content-wrapper\">\n\t\t\t\t\t\t\t\t\t<span class=\"elementor-button-text\">BACK TO MALE STRIPPERS GIRONA<\/span>\n\t\t\t\t\t<\/span>\n\t\t\t\t\t<\/a>\n\t\t\t\t\t\t\t\t<\/div>\n\t\t\t\t\t<\/div>\n\t\t<\/div>\n\t\t\t\t\t<\/div>\n\t\t<\/section>\n\t\t\t\t<\/div>\n\t\t","protected":false},"excerpt":{"rendered":"<p>EMILIO ELMA\u00d1O EMILIO ELMA\u00d1O Emilio Elma\u00f1o will delight you all with his sympathy and fun. A professional, fun AND erotic show&#8230; The duration of the artist&#8217;s show is from 15 to 20 minutes, after the end of the show the male stripper usually stays with you for a while so that you can take some &#8230; <a title=\"MALE STRIPPERS GIRONA EMILIO ELMA\u00d1O\" class=\"read-more\" href=\"https:\/\/strippercollection.com\/en\/male-strippers-girona-emilio-elmano\/\" aria-label=\"Read more about MALE STRIPPERS GIRONA EMILIO ELMA\u00d1O\">Read more<\/a><\/p>\n","protected":false},"author":1,"featured_media":0,"parent":0,"menu_order":0,"comment_status":"closed","ping_status":"closed","template":"elementor_header_footer","meta":{"_monsterinsights_skip_tracking":false,"_monsterinsights_sitenote_active":false,"_monsterinsights_sitenote_note":"","_monsterinsights_sitenote_category":0,"footnotes":""},"class_list":["post-17210","page","type-page","status-publish"],"yoast_head":"<!-- This site is optimized with the Yoast SEO plugin v27.3 - https:\/\/yoast.com\/product\/yoast-seo-wordpress\/ -->\n<title>MALE STRIPPERS GIRONA EMILIO ELMA\u00d1O<\/title>\n<meta name=\"description\" content=\"EMILIO ELMA\u00d1O            EMILIO ELMA\u00d1O Emilio Elma\u00f1o will delight you all with his sympathy and fun.A professional, fun AND erotic show...The duration of the artist&#039;s show is from 15 to 20 minutes, after the end of the show the male stripper usually stays with you for a while so that you can take some pictures with him.DRESSING ROOMS SHOWSSHERIFFFIREFIGHTERGENTLEMANMILITARY\u00a0\u00a0\u00a0         CLICK HERE TO BOOK                BACK TO MALE STRIPPERS GIRONA\" \/>\n<meta name=\"robots\" content=\"index, follow, max-snippet:-1, max-image-preview:large, max-video-preview:-1\" \/>\n<link rel=\"canonical\" href=\"https:\/\/strippercollection.com\/en\/male-strippers-girona-emilio-elmano\/\" \/>\n<meta property=\"og:locale\" content=\"en_US\" \/>\n<meta property=\"og:type\" content=\"article\" \/>\n<meta property=\"og:title\" content=\"MALE STRIPPERS GIRONA EMILIO ELMA\u00d1O\" \/>\n<meta property=\"og:description\" content=\"EMILIO ELMA\u00d1O            EMILIO ELMA\u00d1O Emilio Elma\u00f1o will delight you all with his sympathy and fun.A professional, fun AND erotic show...The duration of the artist&#039;s show is from 15 to 20 minutes, after the end of the show the male stripper usually stays with you for a while so that you can take some pictures with him.DRESSING ROOMS SHOWSSHERIFFFIREFIGHTERGENTLEMANMILITARY\u00a0\u00a0\u00a0         CLICK HERE TO BOOK                BACK TO MALE STRIPPERS GIRONA\" \/>\n<meta property=\"og:url\" content=\"https:\/\/strippercollection.com\/en\/male-strippers-girona-emilio-elmano\/\" \/>\n<meta property=\"og:site_name\" content=\"Stripper Collection\" \/>\n<meta property=\"article:publisher\" content=\"https:\/\/www.facebook.com\/profile.php?id=100090786345031\" \/>\n<meta property=\"article:modified_time\" content=\"2025-11-06T09:58:43+00:00\" \/>\n<meta property=\"og:image\" content=\"https:\/\/strippercollection.com\/wp-content\/uploads\/elementor\/thumbs\/Emilio-despedida-soltera-Barcelona-qy4qqjxh05ne1wg96hkht1vlhmndnox31yioka3hxk.jpg\" \/>\n<script type=\"application\/ld+json\" class=\"yoast-schema-graph\">{\"@context\":\"https:\\\/\\\/schema.org\",\"@graph\":[{\"@type\":\"WebPage\",\"@id\":\"https:\\\/\\\/strippercollection.com\\\/en\\\/male-strippers-girona-emilio-elmano\\\/\",\"url\":\"https:\\\/\\\/strippercollection.com\\\/en\\\/male-strippers-girona-emilio-elmano\\\/\",\"name\":\"MALE STRIPPERS GIRONA EMILIO ELMA\u00d1O\",\"isPartOf\":{\"@id\":\"https:\\\/\\\/strippercollection.com\\\/en\\\/#website\"},\"primaryImageOfPage\":{\"@id\":\"https:\\\/\\\/strippercollection.com\\\/en\\\/male-strippers-girona-emilio-elmano\\\/#primaryimage\"},\"image\":{\"@id\":\"https:\\\/\\\/strippercollection.com\\\/en\\\/male-strippers-girona-emilio-elmano\\\/#primaryimage\"},\"thumbnailUrl\":\"https:\\\/\\\/strippercollection.com\\\/wp-content\\\/uploads\\\/elementor\\\/thumbs\\\/Emilio-despedida-soltera-Barcelona-qy4qqjxh05ne1wg96hkht1vlhmndnox31yioka3hxk.jpg\",\"datePublished\":\"2023-05-23T21:49:23+00:00\",\"dateModified\":\"2025-11-06T09:58:43+00:00\",\"description\":\"EMILIO ELMA\u00d1O EMILIO ELMA\u00d1O Emilio Elma\u00f1o will delight you all with his sympathy and fun.A professional, fun AND erotic show...The duration of the artist's show is from 15 to 20 minutes, after the end of the show the male stripper usually stays with you for a while so that you can take some pictures with him.DRESSING ROOMS SHOWSSHERIFFFIREFIGHTERGENTLEMANMILITARY\u00a0\u00a0\u00a0 CLICK HERE TO BOOK BACK TO MALE STRIPPERS GIRONA\",\"breadcrumb\":{\"@id\":\"https:\\\/\\\/strippercollection.com\\\/en\\\/male-strippers-girona-emilio-elmano\\\/#breadcrumb\"},\"inLanguage\":\"en-US\",\"potentialAction\":[{\"@type\":\"ReadAction\",\"target\":[\"https:\\\/\\\/strippercollection.com\\\/en\\\/male-strippers-girona-emilio-elmano\\\/\"]}]},{\"@type\":\"ImageObject\",\"inLanguage\":\"en-US\",\"@id\":\"https:\\\/\\\/strippercollection.com\\\/en\\\/male-strippers-girona-emilio-elmano\\\/#primaryimage\",\"url\":\"https:\\\/\\\/strippercollection.com\\\/wp-content\\\/uploads\\\/elementor\\\/thumbs\\\/Emilio-despedida-soltera-Barcelona-qy4qqjxh05ne1wg96hkht1vlhmndnox31yioka3hxk.jpg\",\"contentUrl\":\"https:\\\/\\\/strippercollection.com\\\/wp-content\\\/uploads\\\/elementor\\\/thumbs\\\/Emilio-despedida-soltera-Barcelona-qy4qqjxh05ne1wg96hkht1vlhmndnox31yioka3hxk.jpg\"},{\"@type\":\"BreadcrumbList\",\"@id\":\"https:\\\/\\\/strippercollection.com\\\/en\\\/male-strippers-girona-emilio-elmano\\\/#breadcrumb\",\"itemListElement\":[{\"@type\":\"ListItem\",\"position\":1,\"name\":\"Portada\",\"item\":\"https:\\\/\\\/strippercollection.com\\\/en\\\/\"},{\"@type\":\"ListItem\",\"position\":2,\"name\":\"MALE STRIPPERS GIRONA EMILIO ELMA\u00d1O\"}]},{\"@type\":\"WebSite\",\"@id\":\"https:\\\/\\\/strippercollection.com\\\/en\\\/#website\",\"url\":\"https:\\\/\\\/strippercollection.com\\\/en\\\/\",\"name\":\"Stripper Collection\",\"description\":\"Organizaci\u00f3n de despedidas de soltera\\\/o y eventos en toda Espa\u00f1a\",\"publisher\":{\"@id\":\"https:\\\/\\\/strippercollection.com\\\/en\\\/#organization\"},\"potentialAction\":[{\"@type\":\"SearchAction\",\"target\":{\"@type\":\"EntryPoint\",\"urlTemplate\":\"https:\\\/\\\/strippercollection.com\\\/en\\\/?s={search_term_string}\"},\"query-input\":{\"@type\":\"PropertyValueSpecification\",\"valueRequired\":true,\"valueName\":\"search_term_string\"}}],\"inLanguage\":\"en-US\"},{\"@type\":\"Organization\",\"@id\":\"https:\\\/\\\/strippercollection.com\\\/en\\\/#organization\",\"name\":\"Stripper Collection\",\"url\":\"https:\\\/\\\/strippercollection.com\\\/en\\\/\",\"logo\":{\"@type\":\"ImageObject\",\"inLanguage\":\"en-US\",\"@id\":\"https:\\\/\\\/strippercollection.com\\\/en\\\/#\\\/schema\\\/logo\\\/image\\\/\",\"url\":\"https:\\\/\\\/strippercollection.com\\\/wp-content\\\/uploads\\\/2023\\\/04\\\/STRIPPER-COLLECTION-LOGO-WEB-TRANSPARENTE-EDIT.png\",\"contentUrl\":\"https:\\\/\\\/strippercollection.com\\\/wp-content\\\/uploads\\\/2023\\\/04\\\/STRIPPER-COLLECTION-LOGO-WEB-TRANSPARENTE-EDIT.png\",\"width\":169,\"height\":151,\"caption\":\"Stripper Collection\"},\"image\":{\"@id\":\"https:\\\/\\\/strippercollection.com\\\/en\\\/#\\\/schema\\\/logo\\\/image\\\/\"},\"sameAs\":[\"https:\\\/\\\/www.facebook.com\\\/profile.php?id=100090786345031\",\"https:\\\/\\\/www.instagram.com\\\/stripper_collection\\\/\"]}]}<\/script>\n<!-- \/ Yoast SEO plugin. -->","yoast_head_json":{"title":"MALE STRIPPERS GIRONA EMILIO ELMA\u00d1O","description":"EMILIO ELMA\u00d1O            EMILIO ELMA\u00d1O Emilio Elma\u00f1o will delight you all with his sympathy and fun.A professional, fun AND erotic show...The duration of the artist's show is from 15 to 20 minutes, after the end of the show the male stripper usually stays with you for a while so that you can take some pictures with him.DRESSING ROOMS SHOWSSHERIFFFIREFIGHTERGENTLEMANMILITARY\u00a0\u00a0\u00a0         CLICK HERE TO BOOK                BACK TO MALE STRIPPERS GIRONA","robots":{"index":"index","follow":"follow","max-snippet":"max-snippet:-1","max-image-preview":"max-image-preview:large","max-video-preview":"max-video-preview:-1"},"canonical":"https:\/\/strippercollection.com\/en\/male-strippers-girona-emilio-elmano\/","og_locale":"en_US","og_type":"article","og_title":"MALE STRIPPERS GIRONA EMILIO ELMA\u00d1O","og_description":"EMILIO ELMA\u00d1O            EMILIO ELMA\u00d1O Emilio Elma\u00f1o will delight you all with his sympathy and fun.A professional, fun AND erotic show...The duration of the artist's show is from 15 to 20 minutes, after the end of the show the male stripper usually stays with you for a while so that you can take some pictures with him.DRESSING ROOMS SHOWSSHERIFFFIREFIGHTERGENTLEMANMILITARY\u00a0\u00a0\u00a0         CLICK HERE TO BOOK                BACK TO MALE STRIPPERS GIRONA","og_url":"https:\/\/strippercollection.com\/en\/male-strippers-girona-emilio-elmano\/","og_site_name":"Stripper Collection","article_publisher":"https:\/\/www.facebook.com\/profile.php?id=100090786345031","article_modified_time":"2025-11-06T09:58:43+00:00","og_image":[{"url":"https:\/\/strippercollection.com\/wp-content\/uploads\/elementor\/thumbs\/Emilio-despedida-soltera-Barcelona-qy4qqjxh05ne1wg96hkht1vlhmndnox31yioka3hxk.jpg","type":"","width":"","height":""}],"schema":{"@context":"https:\/\/schema.org","@graph":[{"@type":"WebPage","@id":"https:\/\/strippercollection.com\/en\/male-strippers-girona-emilio-elmano\/","url":"https:\/\/strippercollection.com\/en\/male-strippers-girona-emilio-elmano\/","name":"MALE STRIPPERS GIRONA EMILIO ELMA\u00d1O","isPartOf":{"@id":"https:\/\/strippercollection.com\/en\/#website"},"primaryImageOfPage":{"@id":"https:\/\/strippercollection.com\/en\/male-strippers-girona-emilio-elmano\/#primaryimage"},"image":{"@id":"https:\/\/strippercollection.com\/en\/male-strippers-girona-emilio-elmano\/#primaryimage"},"thumbnailUrl":"https:\/\/strippercollection.com\/wp-content\/uploads\/elementor\/thumbs\/Emilio-despedida-soltera-Barcelona-qy4qqjxh05ne1wg96hkht1vlhmndnox31yioka3hxk.jpg","datePublished":"2023-05-23T21:49:23+00:00","dateModified":"2025-11-06T09:58:43+00:00","description":"EMILIO ELMA\u00d1O EMILIO ELMA\u00d1O Emilio Elma\u00f1o will delight you all with his sympathy and fun.A professional, fun AND erotic show...The duration of the artist's show is from 15 to 20 minutes, after the end of the show the male stripper usually stays with you for a while so that you can take some pictures with him.DRESSING ROOMS SHOWSSHERIFFFIREFIGHTERGENTLEMANMILITARY\u00a0\u00a0\u00a0 CLICK HERE TO BOOK BACK TO MALE STRIPPERS GIRONA","breadcrumb":{"@id":"https:\/\/strippercollection.com\/en\/male-strippers-girona-emilio-elmano\/#breadcrumb"},"inLanguage":"en-US","potentialAction":[{"@type":"ReadAction","target":["https:\/\/strippercollection.com\/en\/male-strippers-girona-emilio-elmano\/"]}]},{"@type":"ImageObject","inLanguage":"en-US","@id":"https:\/\/strippercollection.com\/en\/male-strippers-girona-emilio-elmano\/#primaryimage","url":"https:\/\/strippercollection.com\/wp-content\/uploads\/elementor\/thumbs\/Emilio-despedida-soltera-Barcelona-qy4qqjxh05ne1wg96hkht1vlhmndnox31yioka3hxk.jpg","contentUrl":"https:\/\/strippercollection.com\/wp-content\/uploads\/elementor\/thumbs\/Emilio-despedida-soltera-Barcelona-qy4qqjxh05ne1wg96hkht1vlhmndnox31yioka3hxk.jpg"},{"@type":"BreadcrumbList","@id":"https:\/\/strippercollection.com\/en\/male-strippers-girona-emilio-elmano\/#breadcrumb","itemListElement":[{"@type":"ListItem","position":1,"name":"Portada","item":"https:\/\/strippercollection.com\/en\/"},{"@type":"ListItem","position":2,"name":"MALE STRIPPERS GIRONA EMILIO ELMA\u00d1O"}]},{"@type":"WebSite","@id":"https:\/\/strippercollection.com\/en\/#website","url":"https:\/\/strippercollection.com\/en\/","name":"Stripper Collection","description":"Organizaci\u00f3n de despedidas de soltera\/o y eventos en toda Espa\u00f1a","publisher":{"@id":"https:\/\/strippercollection.com\/en\/#organization"},"potentialAction":[{"@type":"SearchAction","target":{"@type":"EntryPoint","urlTemplate":"https:\/\/strippercollection.com\/en\/?s={search_term_string}"},"query-input":{"@type":"PropertyValueSpecification","valueRequired":true,"valueName":"search_term_string"}}],"inLanguage":"en-US"},{"@type":"Organization","@id":"https:\/\/strippercollection.com\/en\/#organization","name":"Stripper Collection","url":"https:\/\/strippercollection.com\/en\/","logo":{"@type":"ImageObject","inLanguage":"en-US","@id":"https:\/\/strippercollection.com\/en\/#\/schema\/logo\/image\/","url":"https:\/\/strippercollection.com\/wp-content\/uploads\/2023\/04\/STRIPPER-COLLECTION-LOGO-WEB-TRANSPARENTE-EDIT.png","contentUrl":"https:\/\/strippercollection.com\/wp-content\/uploads\/2023\/04\/STRIPPER-COLLECTION-LOGO-WEB-TRANSPARENTE-EDIT.png","width":169,"height":151,"caption":"Stripper Collection"},"image":{"@id":"https:\/\/strippercollection.com\/en\/#\/schema\/logo\/image\/"},"sameAs":["https:\/\/www.facebook.com\/profile.php?id=100090786345031","https:\/\/www.instagram.com\/stripper_collection\/"]}]}},"_links":{"self":[{"href":"https:\/\/strippercollection.com\/en\/wp-json\/wp\/v2\/pages\/17210","targetHints":{"allow":["GET"]}}],"collection":[{"href":"https:\/\/strippercollection.com\/en\/wp-json\/wp\/v2\/pages"}],"about":[{"href":"https:\/\/strippercollection.com\/en\/wp-json\/wp\/v2\/types\/page"}],"author":[{"embeddable":true,"href":"https:\/\/strippercollection.com\/en\/wp-json\/wp\/v2\/users\/1"}],"replies":[{"embeddable":true,"href":"https:\/\/strippercollection.com\/en\/wp-json\/wp\/v2\/comments?post=17210"}],"version-history":[{"count":3,"href":"https:\/\/strippercollection.com\/en\/wp-json\/wp\/v2\/pages\/17210\/revisions"}],"predecessor-version":[{"id":39084,"href":"https:\/\/strippercollection.com\/en\/wp-json\/wp\/v2\/pages\/17210\/revisions\/39084"}],"wp:attachment":[{"href":"https:\/\/strippercollection.com\/en\/wp-json\/wp\/v2\/media?parent=17210"}],"curies":[{"name":"wp","href":"https:\/\/api.w.org\/{rel}","templated":true}]}}