{"id":29813,"date":"2024-01-31T21:36:33","date_gmt":"2024-01-31T21:36:33","guid":{"rendered":"https:\/\/strippercollection.com\/packs-despedidas-madrid\/"},"modified":"2026-01-07T12:44:50","modified_gmt":"2026-01-07T12:44:50","slug":"packs-jga-madrid-stripper","status":"publish","type":"page","link":"https:\/\/strippercollection.com\/de\/packs-jga-madrid-stripper\/","title":{"rendered":"Packs despedidas Madrid"},"content":{"rendered":"\t\t<div data-elementor-type=\"wp-page\" data-elementor-id=\"29813\" class=\"elementor elementor-29813 elementor-25350\" data-elementor-post-type=\"page\">\n\t\t\t\t\t\t<section class=\"elementor-section elementor-top-section elementor-element elementor-element-6c350b6 cabeceraweb elementor-section-boxed elementor-section-height-default elementor-section-height-default\" data-id=\"6c350b6\" data-element_type=\"section\" data-e-type=\"section\">\n\t\t\t\t\t\t<div class=\"elementor-container elementor-column-gap-default\">\n\t\t\t\t\t<div class=\"elementor-column elementor-col-100 elementor-top-column elementor-element elementor-element-ff1090b\" data-id=\"ff1090b\" data-element_type=\"column\" data-e-type=\"column\">\n\t\t\t<div class=\"elementor-widget-wrap elementor-element-populated\">\n\t\t\t\t\t\t<div class=\"elementor-element elementor-element-46a46da elementor-widget elementor-widget-heading\" data-id=\"46a46da\" data-element_type=\"widget\" data-e-type=\"widget\" data-widget_type=\"heading.default\">\n\t\t\t\t\t<h1 class=\"elementor-heading-title elementor-size-default\">PACKS JGA MADRID<\/h1>\t\t\t\t<\/div>\n\t\t\t\t\t<\/div>\n\t\t<\/div>\n\t\t\t\t\t<\/div>\n\t\t<\/section>\n\t\t\t\t<section class=\"elementor-section elementor-top-section elementor-element elementor-element-9b9b91b elementor-section-stretched elementor-section-boxed elementor-section-height-default elementor-section-height-default\" data-id=\"9b9b91b\" data-element_type=\"section\" data-e-type=\"section\" data-settings=\"{&quot;background_background&quot;:&quot;classic&quot;,&quot;stretch_section&quot;:&quot;section-stretched&quot;}\">\n\t\t\t\t\t\t<div class=\"elementor-container elementor-column-gap-default\">\n\t\t\t\t\t<div class=\"elementor-column elementor-col-33 elementor-top-column elementor-element elementor-element-cc94a9c packs\" data-id=\"cc94a9c\" data-element_type=\"column\" data-e-type=\"column\">\n\t\t\t<div class=\"elementor-widget-wrap\">\n\t\t\t\t\t\t\t<\/div>\n\t\t<\/div>\n\t\t\t\t<div class=\"elementor-column elementor-col-33 elementor-top-column elementor-element elementor-element-4b32bc3 packs\" data-id=\"4b32bc3\" data-element_type=\"column\" data-e-type=\"column\">\n\t\t\t<div class=\"elementor-widget-wrap elementor-element-populated\">\n\t\t\t\t\t\t<div class=\"elementor-element elementor-element-cf3dc69 elementor-widget elementor-widget-image\" data-id=\"cf3dc69\" data-element_type=\"widget\" data-e-type=\"widget\" data-widget_type=\"image.default\">\n\t\t\t\t\t\t\t\t\t\t\t\t\t\t\t\t<a href=\"https:\/\/strippercollection.com\/de\/abendessen-mit-stripshow-madrid\/\">\n\t\t\t\t\t\t\t<img decoding=\"async\" src=\"https:\/\/strippercollection.com\/wp-content\/uploads\/elementor\/thumbs\/1707159580083-r4sgamnxqjckwpjq68s9xjyw0wyme2rl2dd3x7di14.jpg\" title=\"1707159580083\" alt=\"Cena con espect\u00e1culo striper Madrid\" loading=\"lazy\" \/>\t\t\t\t\t\t\t\t<\/a>\n\t\t\t\t\t\t\t\t\t\t\t\t\t\t\t<\/div>\n\t\t\t\t<div class=\"elementor-element elementor-element-aef0185 elementor-align-center elementor-widget elementor-widget-button\" data-id=\"aef0185\" data-element_type=\"widget\" data-e-type=\"widget\" data-widget_type=\"button.default\">\n\t\t\t\t\t\t\t\t\t\t<a class=\"elementor-button elementor-button-link elementor-size-xs\" href=\"https:\/\/strippercollection.com\/de\/abendessen-mit-stripshow-madrid\/\">\n\t\t\t\t\t\t<span class=\"elementor-button-content-wrapper\">\n\t\t\t\t\t\t\t\t\t<span class=\"elementor-button-text\">SEHEN PACK<\/span>\n\t\t\t\t\t<\/span>\n\t\t\t\t\t<\/a>\n\t\t\t\t\t\t\t\t<\/div>\n\t\t\t\t<div class=\"elementor-element elementor-element-e7de1f0 elementor-widget__width-initial elementor-widget elementor-widget-heading\" data-id=\"e7de1f0\" data-element_type=\"widget\" data-e-type=\"widget\" data-widget_type=\"heading.default\">\n\t\t\t\t\t<h2 class=\"elementor-heading-title elementor-size-default\"><a href=\"https:\/\/strippercollection.com\/de\/abendessen-mit-stripshow-madrid\/\">DINNER + SHOW<\/a><\/h2>\t\t\t\t<\/div>\n\t\t\t\t\t<\/div>\n\t\t<\/div>\n\t\t\t\t<div class=\"elementor-column elementor-col-33 elementor-top-column elementor-element elementor-element-432a0c1 packs\" data-id=\"432a0c1\" data-element_type=\"column\" data-e-type=\"column\">\n\t\t\t<div class=\"elementor-widget-wrap\">\n\t\t\t\t\t\t\t<\/div>\n\t\t<\/div>\n\t\t\t\t\t<\/div>\n\t\t<\/section>\n\t\t\t\t<section class=\"elementor-section elementor-top-section elementor-element elementor-element-6032544 elementor-section-boxed elementor-section-height-default elementor-section-height-default\" data-id=\"6032544\" data-element_type=\"section\" data-e-type=\"section\" data-settings=\"{&quot;background_background&quot;:&quot;classic&quot;}\">\n\t\t\t\t\t\t<div class=\"elementor-container elementor-column-gap-default\">\n\t\t\t\t\t<div class=\"elementor-column elementor-col-100 elementor-top-column elementor-element elementor-element-d91dc44\" data-id=\"d91dc44\" data-element_type=\"column\" data-e-type=\"column\">\n\t\t\t<div class=\"elementor-widget-wrap elementor-element-populated\">\n\t\t\t\t\t\t<div class=\"elementor-element elementor-element-f7a3729 elementor-widget elementor-widget-text-editor\" data-id=\"f7a3729\" data-element_type=\"widget\" data-e-type=\"widget\" data-widget_type=\"text-editor.default\">\n\t\t\t\t\t\t\t\t\t<h2><span style=\"text-decoration: underline;\">Die besten Packs JGA in Madrid mit Stripper<\/span><\/h2><h3>Wenn du nach einer aufregenden Stadt suchst, um deinen Junggesellen- oder Junggesellinnenabschied zu feiern, ist <span style=\"color: #000000;\"><a style=\"color: #000000;\" href=\"https:\/\/de.wikipedia.org\/wiki\/Madrid\">Madrid<\/a><\/span> der perfekte Ort. Tats\u00e4chlich ist die Stadt bekannt ekannt f\u00fcr ihr pulsierendes Nachtleben und die k\u00f6stliche Madrider Gastronomie und bietet <strong>au\u00dferdem<\/strong> eine Vielzahl von Optionen f\u00fcr ein unvergessliches Erlebnis.<\/h3><h2><span style=\"text-decoration: underline;\">Die besten JGA-Pakete in Madrid<\/span><\/h2><h3>M\u00f6chtest du ein <span style=\"text-decoration: underline;\"><span style=\"color: #0b9659; text-decoration: underline;\"><a style=\"color: #0b9659; text-decoration: underline;\" href=\"https:\/\/strippercollection.com\/de\/restaurants-striptease-show-madrid\/\">Restaurant mit Striptease show f\u00fcr JGA<\/a><\/span><\/span> genie\u00dfen? In der Tat gibt es in Madrid eine gro\u00dfe Auswahl an Restaurants mit privaten Salons, die dich mehr als zufriedenstellen werden.<\/h3><h2><span style=\"text-decoration: underline;\">Packs JGA in Madrid mit Stripper \u2013 Privat oder Zuhause<\/span><\/h2><h3>Falls du nach etwas W\u00fcrzigerem suchst, kannst du zudem die Gem\u00fctlichkeit deines eigenen Zuhauses genie\u00dfen. Vor allem bietet dir eine intimere, sinnlichere Erfahrung die M\u00f6glichkeit, <strong><span style=\"text-decoration: underline;\"><span style=\"color: #0b9659; text-decoration: underline;\"><a style=\"color: #0b9659; text-decoration: underline;\" href=\"https:\/\/strippercollection.com\/de\/stripper-madrid-jga\/\">Stripper\u00a0<\/a><\/span><\/span> oder <span style=\"text-decoration: underline;\"><span style=\"color: #0b9659; text-decoration: underline;\"><a style=\"color: #0b9659; text-decoration: underline;\" href=\"https:\/\/strippercollection.com\/de\/stripperinnen-madrid\/\">stripperinnen<\/a><\/span><\/span> in Madrid f\u00fcr Events<\/strong>, JGAs und Geburtstage zu buchen.\u00a0<\/h3><h2><span style=\"text-decoration: underline;\">Warum Madrid der beste Ort f\u00fcr JGA-Pakete mit Stripper ist<\/span><\/h2><h3>Madrid bietet alles, was du brauchst, um Spa\u00df zu haben und deinen JGA wie nie zuvor zu feiern. Ob du einen aufregenden Abend in einem der angesagten Clubs der Stadt oder sttatdessen eine private Stripper-Show zuhause genie\u00dfen m\u00f6chtest, Madrid hat die perfekte JGA-L\u00f6sung.<\/h3><h2><span style=\"text-decoration: underline;\">Aktivit\u00e4ten Packs JGA in Madrid<\/span><\/h2><h3>Neben einem aufregenden Stripper-Event gibt es in Madrid eine Vielzahl an Aktivit\u00e4ten, um deinen JGA noch abwechslungsreicher zu gestalten. Hier sind einige Ideen:<\/h3><h2><span style=\"text-decoration: underline;\">Packs f\u00fcr JGA in Madrid mit Paintball und Stripper<\/span><\/h2><h3>Du kannst ein leckeres Essen in einem der vielen Restaurants der Stadt genie\u00dfen, gefolgt von einer spannenden Paintball-Partie, um den Tag mit Adrenalin zu f\u00fcllen.<\/h3><h2><span style=\"text-decoration: underline;\">Pack JGA in Madrid mit Escape Room<\/span><\/h2><h3>Falls du und deine Freunde R\u00e4tsel und Herausforderungen liebt, ist ein Escape Room die ideale Aktivit\u00e4t f\u00fcr euch. Diese Aktivit\u00e4t bringt Spannung und Teamgeist in deine JGA-Feier in Madrid.<\/h3><h2><span style=\"text-decoration: underline;\">Pack JGA in Madrid mit Drag Queens und Stripper<\/span><\/h2><h3>Um die Feier noch lustiger zu machen, kannst du auch eine Drag-Queen-Show oder getarnte Kellner buchen, die deine G\u00e4ste garantiert zum Lachen bringen. Kombiniert mit einer Stripper-Show wird das der perfekte Abend!<\/h3><h2><span style=\"text-decoration: underline;\">Packs f\u00fcr JGA in Madrid mit stripper: Ein unvergessliches Erlebnis<\/span><\/h2><h3>Insgesamt endet der Spa\u00df in Madrid nie, und dein Junggesellenabschied wird ein unvergessliches Erlebnis sein. Mit einer breiten Palette an <strong>JGA-Paketen in Madrid<\/strong>, von aufregenden Aktivit\u00e4ten bis hin zu sinnlichen Stripper-Shows, gibt es f\u00fcr jeden Geschmack das richtige Angebot.<\/h3>\t\t\t\t\t\t\t\t<\/div>\n\t\t\t\t\t<\/div>\n\t\t<\/div>\n\t\t\t\t\t<\/div>\n\t\t<\/section>\n\t\t\t\t<\/div>\n\t\t","protected":false},"excerpt":{"rendered":"<p>PACKS JGA MADRID SEHEN PACK DINNER + SHOW Die besten Packs JGA in Madrid mit Stripper Wenn du nach einer aufregenden Stadt suchst, um deinen Junggesellen- oder Junggesellinnenabschied zu feiern, ist Madrid der perfekte Ort. Tats\u00e4chlich ist die Stadt bekannt ekannt f\u00fcr ihr pulsierendes Nachtleben und die k\u00f6stliche Madrider Gastronomie und bietet au\u00dferdem eine Vielzahl &#8230; <a title=\"Packs despedidas Madrid\" class=\"read-more\" href=\"https:\/\/strippercollection.com\/de\/packs-jga-madrid-stripper\/\" aria-label=\"Mehr Informationen \u00fcber Packs despedidas Madrid\">Weiterlesen<\/a><\/p>\n","protected":false},"author":1,"featured_media":0,"parent":0,"menu_order":0,"comment_status":"closed","ping_status":"closed","template":"elementor_header_footer","meta":{"_monsterinsights_skip_tracking":false,"_monsterinsights_sitenote_active":false,"_monsterinsights_sitenote_note":"","_monsterinsights_sitenote_category":0,"footnotes":""},"class_list":["post-29813","page","type-page","status-publish"],"yoast_head":"<!-- This site is optimized with the Yoast SEO plugin v27.3 - https:\/\/yoast.com\/product\/yoast-seo-wordpress\/ -->\n<title>Packs JGA in Madrid mit Stripper | Restaurant mit Stripshow<\/title>\n<meta name=\"description\" content=\"Packs f\u00fcr JGA in Madrid mit stripper. Restaurant mit Striptease show. Stripper f\u00fcr junggesellinnenabschied zu Hause zum besten Preis!\" \/>\n<meta name=\"robots\" content=\"index, follow, max-snippet:-1, max-image-preview:large, max-video-preview:-1\" \/>\n<link rel=\"canonical\" href=\"https:\/\/strippercollection.com\/de\/packs-jga-madrid-stripper\/\" \/>\n<meta property=\"og:locale\" content=\"de_DE\" \/>\n<meta property=\"og:type\" content=\"article\" \/>\n<meta property=\"og:title\" content=\"Packs JGA in Madrid mit Stripper | Restaurant mit Stripshow\" \/>\n<meta property=\"og:description\" content=\"Packs f\u00fcr JGA in Madrid mit stripper. Restaurant mit Striptease show. Stripper f\u00fcr junggesellinnenabschied zu Hause zum besten Preis!\" \/>\n<meta property=\"og:url\" content=\"https:\/\/strippercollection.com\/de\/packs-jga-madrid-stripper\/\" \/>\n<meta property=\"og:site_name\" content=\"Stripper Collection\" \/>\n<meta property=\"article:publisher\" content=\"https:\/\/www.facebook.com\/profile.php?id=100090786345031\" \/>\n<meta property=\"article:modified_time\" content=\"2026-01-07T12:44:50+00:00\" \/>\n<meta property=\"og:image\" content=\"https:\/\/strippercollection.com\/wp-content\/uploads\/elementor\/thumbs\/1707159580083-r4sgamnxqjckwpjq68s9xjyw0wyme2rl2dd3x7di14.jpg\" \/>\n<script type=\"application\/ld+json\" class=\"yoast-schema-graph\">{\"@context\":\"https:\\\/\\\/schema.org\",\"@graph\":[{\"@type\":\"WebPage\",\"@id\":\"https:\\\/\\\/strippercollection.com\\\/de\\\/packs-jga-madrid-stripper\\\/\",\"url\":\"https:\\\/\\\/strippercollection.com\\\/de\\\/packs-jga-madrid-stripper\\\/\",\"name\":\"Packs JGA in Madrid mit Stripper | Restaurant mit Stripshow\",\"isPartOf\":{\"@id\":\"https:\\\/\\\/strippercollection.com\\\/de\\\/#website\"},\"primaryImageOfPage\":{\"@id\":\"https:\\\/\\\/strippercollection.com\\\/de\\\/packs-jga-madrid-stripper\\\/#primaryimage\"},\"image\":{\"@id\":\"https:\\\/\\\/strippercollection.com\\\/de\\\/packs-jga-madrid-stripper\\\/#primaryimage\"},\"thumbnailUrl\":\"https:\\\/\\\/strippercollection.com\\\/wp-content\\\/uploads\\\/elementor\\\/thumbs\\\/1707159580083-r4sgamnxqjckwpjq68s9xjyw0wyme2rl2dd3x7di14.jpg\",\"datePublished\":\"2024-01-31T21:36:33+00:00\",\"dateModified\":\"2026-01-07T12:44:50+00:00\",\"description\":\"Packs f\u00fcr JGA in Madrid mit stripper. Restaurant mit Striptease show. Stripper f\u00fcr junggesellinnenabschied zu Hause zum besten Preis!\",\"breadcrumb\":{\"@id\":\"https:\\\/\\\/strippercollection.com\\\/de\\\/packs-jga-madrid-stripper\\\/#breadcrumb\"},\"inLanguage\":\"de\",\"potentialAction\":[{\"@type\":\"ReadAction\",\"target\":[\"https:\\\/\\\/strippercollection.com\\\/de\\\/packs-jga-madrid-stripper\\\/\"]}]},{\"@type\":\"ImageObject\",\"inLanguage\":\"de\",\"@id\":\"https:\\\/\\\/strippercollection.com\\\/de\\\/packs-jga-madrid-stripper\\\/#primaryimage\",\"url\":\"https:\\\/\\\/strippercollection.com\\\/wp-content\\\/uploads\\\/elementor\\\/thumbs\\\/1707159580083-r4sgamnxqjckwpjq68s9xjyw0wyme2rl2dd3x7di14.jpg\",\"contentUrl\":\"https:\\\/\\\/strippercollection.com\\\/wp-content\\\/uploads\\\/elementor\\\/thumbs\\\/1707159580083-r4sgamnxqjckwpjq68s9xjyw0wyme2rl2dd3x7di14.jpg\"},{\"@type\":\"BreadcrumbList\",\"@id\":\"https:\\\/\\\/strippercollection.com\\\/de\\\/packs-jga-madrid-stripper\\\/#breadcrumb\",\"itemListElement\":[{\"@type\":\"ListItem\",\"position\":1,\"name\":\"Portada\",\"item\":\"https:\\\/\\\/strippercollection.com\\\/de\\\/\"},{\"@type\":\"ListItem\",\"position\":2,\"name\":\"Packs despedidas Madrid\"}]},{\"@type\":\"WebSite\",\"@id\":\"https:\\\/\\\/strippercollection.com\\\/de\\\/#website\",\"url\":\"https:\\\/\\\/strippercollection.com\\\/de\\\/\",\"name\":\"Stripper Collection\",\"description\":\"Organizaci\u00f3n de despedidas de soltera\\\/o y eventos en toda Espa\u00f1a\",\"publisher\":{\"@id\":\"https:\\\/\\\/strippercollection.com\\\/de\\\/#organization\"},\"potentialAction\":[{\"@type\":\"SearchAction\",\"target\":{\"@type\":\"EntryPoint\",\"urlTemplate\":\"https:\\\/\\\/strippercollection.com\\\/de\\\/?s={search_term_string}\"},\"query-input\":{\"@type\":\"PropertyValueSpecification\",\"valueRequired\":true,\"valueName\":\"search_term_string\"}}],\"inLanguage\":\"de\"},{\"@type\":\"Organization\",\"@id\":\"https:\\\/\\\/strippercollection.com\\\/de\\\/#organization\",\"name\":\"Stripper Collection\",\"url\":\"https:\\\/\\\/strippercollection.com\\\/de\\\/\",\"logo\":{\"@type\":\"ImageObject\",\"inLanguage\":\"de\",\"@id\":\"https:\\\/\\\/strippercollection.com\\\/de\\\/#\\\/schema\\\/logo\\\/image\\\/\",\"url\":\"https:\\\/\\\/strippercollection.com\\\/wp-content\\\/uploads\\\/2023\\\/04\\\/STRIPPER-COLLECTION-LOGO-WEB-TRANSPARENTE-EDIT.png\",\"contentUrl\":\"https:\\\/\\\/strippercollection.com\\\/wp-content\\\/uploads\\\/2023\\\/04\\\/STRIPPER-COLLECTION-LOGO-WEB-TRANSPARENTE-EDIT.png\",\"width\":169,\"height\":151,\"caption\":\"Stripper Collection\"},\"image\":{\"@id\":\"https:\\\/\\\/strippercollection.com\\\/de\\\/#\\\/schema\\\/logo\\\/image\\\/\"},\"sameAs\":[\"https:\\\/\\\/www.facebook.com\\\/profile.php?id=100090786345031\",\"https:\\\/\\\/www.instagram.com\\\/stripper_collection\\\/\"]}]}<\/script>\n<!-- \/ Yoast SEO plugin. -->","yoast_head_json":{"title":"Packs JGA in Madrid mit Stripper | Restaurant mit Stripshow","description":"Packs f\u00fcr JGA in Madrid mit stripper. Restaurant mit Striptease show. Stripper f\u00fcr junggesellinnenabschied zu Hause zum besten Preis!","robots":{"index":"index","follow":"follow","max-snippet":"max-snippet:-1","max-image-preview":"max-image-preview:large","max-video-preview":"max-video-preview:-1"},"canonical":"https:\/\/strippercollection.com\/de\/packs-jga-madrid-stripper\/","og_locale":"de_DE","og_type":"article","og_title":"Packs JGA in Madrid mit Stripper | Restaurant mit Stripshow","og_description":"Packs f\u00fcr JGA in Madrid mit stripper. Restaurant mit Striptease show. Stripper f\u00fcr junggesellinnenabschied zu Hause zum besten Preis!","og_url":"https:\/\/strippercollection.com\/de\/packs-jga-madrid-stripper\/","og_site_name":"Stripper Collection","article_publisher":"https:\/\/www.facebook.com\/profile.php?id=100090786345031","article_modified_time":"2026-01-07T12:44:50+00:00","og_image":[{"url":"https:\/\/strippercollection.com\/wp-content\/uploads\/elementor\/thumbs\/1707159580083-r4sgamnxqjckwpjq68s9xjyw0wyme2rl2dd3x7di14.jpg","type":"","width":"","height":""}],"schema":{"@context":"https:\/\/schema.org","@graph":[{"@type":"WebPage","@id":"https:\/\/strippercollection.com\/de\/packs-jga-madrid-stripper\/","url":"https:\/\/strippercollection.com\/de\/packs-jga-madrid-stripper\/","name":"Packs JGA in Madrid mit Stripper | Restaurant mit Stripshow","isPartOf":{"@id":"https:\/\/strippercollection.com\/de\/#website"},"primaryImageOfPage":{"@id":"https:\/\/strippercollection.com\/de\/packs-jga-madrid-stripper\/#primaryimage"},"image":{"@id":"https:\/\/strippercollection.com\/de\/packs-jga-madrid-stripper\/#primaryimage"},"thumbnailUrl":"https:\/\/strippercollection.com\/wp-content\/uploads\/elementor\/thumbs\/1707159580083-r4sgamnxqjckwpjq68s9xjyw0wyme2rl2dd3x7di14.jpg","datePublished":"2024-01-31T21:36:33+00:00","dateModified":"2026-01-07T12:44:50+00:00","description":"Packs f\u00fcr JGA in Madrid mit stripper. Restaurant mit Striptease show. Stripper f\u00fcr junggesellinnenabschied zu Hause zum besten Preis!","breadcrumb":{"@id":"https:\/\/strippercollection.com\/de\/packs-jga-madrid-stripper\/#breadcrumb"},"inLanguage":"de","potentialAction":[{"@type":"ReadAction","target":["https:\/\/strippercollection.com\/de\/packs-jga-madrid-stripper\/"]}]},{"@type":"ImageObject","inLanguage":"de","@id":"https:\/\/strippercollection.com\/de\/packs-jga-madrid-stripper\/#primaryimage","url":"https:\/\/strippercollection.com\/wp-content\/uploads\/elementor\/thumbs\/1707159580083-r4sgamnxqjckwpjq68s9xjyw0wyme2rl2dd3x7di14.jpg","contentUrl":"https:\/\/strippercollection.com\/wp-content\/uploads\/elementor\/thumbs\/1707159580083-r4sgamnxqjckwpjq68s9xjyw0wyme2rl2dd3x7di14.jpg"},{"@type":"BreadcrumbList","@id":"https:\/\/strippercollection.com\/de\/packs-jga-madrid-stripper\/#breadcrumb","itemListElement":[{"@type":"ListItem","position":1,"name":"Portada","item":"https:\/\/strippercollection.com\/de\/"},{"@type":"ListItem","position":2,"name":"Packs despedidas Madrid"}]},{"@type":"WebSite","@id":"https:\/\/strippercollection.com\/de\/#website","url":"https:\/\/strippercollection.com\/de\/","name":"Stripper Collection","description":"Organizaci\u00f3n de despedidas de soltera\/o y eventos en toda Espa\u00f1a","publisher":{"@id":"https:\/\/strippercollection.com\/de\/#organization"},"potentialAction":[{"@type":"SearchAction","target":{"@type":"EntryPoint","urlTemplate":"https:\/\/strippercollection.com\/de\/?s={search_term_string}"},"query-input":{"@type":"PropertyValueSpecification","valueRequired":true,"valueName":"search_term_string"}}],"inLanguage":"de"},{"@type":"Organization","@id":"https:\/\/strippercollection.com\/de\/#organization","name":"Stripper Collection","url":"https:\/\/strippercollection.com\/de\/","logo":{"@type":"ImageObject","inLanguage":"de","@id":"https:\/\/strippercollection.com\/de\/#\/schema\/logo\/image\/","url":"https:\/\/strippercollection.com\/wp-content\/uploads\/2023\/04\/STRIPPER-COLLECTION-LOGO-WEB-TRANSPARENTE-EDIT.png","contentUrl":"https:\/\/strippercollection.com\/wp-content\/uploads\/2023\/04\/STRIPPER-COLLECTION-LOGO-WEB-TRANSPARENTE-EDIT.png","width":169,"height":151,"caption":"Stripper Collection"},"image":{"@id":"https:\/\/strippercollection.com\/de\/#\/schema\/logo\/image\/"},"sameAs":["https:\/\/www.facebook.com\/profile.php?id=100090786345031","https:\/\/www.instagram.com\/stripper_collection\/"]}]}},"_links":{"self":[{"href":"https:\/\/strippercollection.com\/de\/wp-json\/wp\/v2\/pages\/29813","targetHints":{"allow":["GET"]}}],"collection":[{"href":"https:\/\/strippercollection.com\/de\/wp-json\/wp\/v2\/pages"}],"about":[{"href":"https:\/\/strippercollection.com\/de\/wp-json\/wp\/v2\/types\/page"}],"author":[{"embeddable":true,"href":"https:\/\/strippercollection.com\/de\/wp-json\/wp\/v2\/users\/1"}],"replies":[{"embeddable":true,"href":"https:\/\/strippercollection.com\/de\/wp-json\/wp\/v2\/comments?post=29813"}],"version-history":[{"count":6,"href":"https:\/\/strippercollection.com\/de\/wp-json\/wp\/v2\/pages\/29813\/revisions"}],"predecessor-version":[{"id":40277,"href":"https:\/\/strippercollection.com\/de\/wp-json\/wp\/v2\/pages\/29813\/revisions\/40277"}],"wp:attachment":[{"href":"https:\/\/strippercollection.com\/de\/wp-json\/wp\/v2\/media?parent=29813"}],"curies":[{"name":"wp","href":"https:\/\/api.w.org\/{rel}","templated":true}]}}