{"id":27327,"date":"2024-01-04T19:45:39","date_gmt":"2024-01-04T19:45:39","guid":{"rendered":"https:\/\/strippercollection.com\/stripperinen-madrid-rosa\/"},"modified":"2025-10-24T14:34:03","modified_gmt":"2025-10-24T14:34:03","slug":"stripperinen-madrid-rosa","status":"publish","type":"page","link":"https:\/\/strippercollection.com\/de\/stripperinen-madrid-rosa\/","title":{"rendered":"STRIPPERINEN MADRID ROSA"},"content":{"rendered":"\t\t<div data-elementor-type=\"wp-page\" data-elementor-id=\"27327\" class=\"elementor elementor-27327 elementor-24382\" data-elementor-post-type=\"page\">\n\t\t\t\t\t\t<section class=\"elementor-section elementor-top-section elementor-element elementor-element-30b8c79 cabeceraweb elementor-section-boxed elementor-section-height-default elementor-section-height-default\" data-id=\"30b8c79\" data-element_type=\"section\" data-e-type=\"section\">\n\t\t\t\t\t\t<div class=\"elementor-container elementor-column-gap-default\">\n\t\t\t\t\t<div class=\"elementor-column elementor-col-100 elementor-top-column elementor-element elementor-element-80de7c9\" data-id=\"80de7c9\" data-element_type=\"column\" data-e-type=\"column\">\n\t\t\t<div class=\"elementor-widget-wrap elementor-element-populated\">\n\t\t\t\t\t\t<div class=\"elementor-element elementor-element-ee8060b elementor-widget elementor-widget-heading\" data-id=\"ee8060b\" data-element_type=\"widget\" data-e-type=\"widget\" data-widget_type=\"heading.default\">\n\t\t\t\t\t<h1 class=\"elementor-heading-title elementor-size-default\">ROSA<\/h1>\t\t\t\t<\/div>\n\t\t\t\t\t<\/div>\n\t\t<\/div>\n\t\t\t\t\t<\/div>\n\t\t<\/section>\n\t\t\t\t<section class=\"elementor-section elementor-top-section elementor-element elementor-element-8b27bea elementor-section-boxed elementor-section-height-default elementor-section-height-default\" data-id=\"8b27bea\" data-element_type=\"section\" data-e-type=\"section\">\n\t\t\t\t\t\t<div class=\"elementor-container elementor-column-gap-default\">\n\t\t\t\t\t<div class=\"elementor-column elementor-col-100 elementor-top-column elementor-element elementor-element-2a61412\" data-id=\"2a61412\" data-element_type=\"column\" data-e-type=\"column\">\n\t\t\t<div class=\"elementor-widget-wrap elementor-element-populated\">\n\t\t\t\t\t\t<div class=\"elementor-element elementor-element-edce329 elementor-pagination-position-outside elementor-widget elementor-widget-image-carousel\" data-id=\"edce329\" data-element_type=\"widget\" data-e-type=\"widget\" data-settings=\"{&quot;slides_to_show&quot;:&quot;3&quot;,&quot;slides_to_scroll&quot;:&quot;3&quot;,&quot;navigation&quot;:&quot;dots&quot;,&quot;autoplay&quot;:&quot;no&quot;,&quot;slides_to_show_mobile&quot;:&quot;1&quot;,&quot;infinite&quot;:&quot;no&quot;,&quot;speed&quot;:500}\" data-widget_type=\"image-carousel.default\">\n\t\t\t\t\t\t\t<div class=\"elementor-image-carousel-wrapper swiper\" role=\"region\" aria-roledescription=\"carousel\" aria-label=\"Bild Karussell\" dir=\"ltr\">\n\t\t\t<div class=\"elementor-image-carousel swiper-wrapper\" aria-live=\"polite\">\n\t\t\t\t\t\t\t\t<div class=\"swiper-slide\" role=\"group\" aria-roledescription=\"slide\" aria-label=\"1 von 7\"><a data-elementor-open-lightbox=\"yes\" data-elementor-lightbox-slideshow=\"edce329\" data-e-action-hash=\"#elementor-action%3Aaction%3Dlightbox%26settings%3DeyJpZCI6MjQzOTUsInVybCI6Imh0dHBzOlwvXC9zdHJpcHBlcmNvbGxlY3Rpb24uY29tXC93cC1jb250ZW50XC91cGxvYWRzXC8yMDI0XC8wMVwvMTcwNDM5NzIwNDg4Ny5qcGciLCJzbGlkZXNob3ciOiJlZGNlMzI5In0%3D\" href=\"https:\/\/strippercollection.com\/wp-content\/uploads\/2024\/01\/1704397204887.jpg\"><figure class=\"swiper-slide-inner\"><img decoding=\"async\" class=\"swiper-slide-image\" src=\"https:\/\/strippercollection.com\/wp-content\/uploads\/elementor\/thumbs\/1704397204887-qhtvi8q6pejionsezypgfcects6y4eszaxs6hs3te0.jpg\" alt=\"1704397204887\" \/><\/figure><\/a><\/div><div class=\"swiper-slide\" role=\"group\" aria-roledescription=\"slide\" aria-label=\"2 von 7\"><a data-elementor-open-lightbox=\"yes\" data-elementor-lightbox-slideshow=\"edce329\" data-e-action-hash=\"#elementor-action%3Aaction%3Dlightbox%26settings%3DeyJpZCI6MjQ0MDMsInVybCI6Imh0dHBzOlwvXC9zdHJpcHBlcmNvbGxlY3Rpb24uY29tXC93cC1jb250ZW50XC91cGxvYWRzXC8yMDI0XC8wMVwvQ2VuYS1jb24tc2hvdy1zdHJpcHBlci1Sb3NhLU1hZHJpZC5qcGciLCJzbGlkZXNob3ciOiJlZGNlMzI5In0%3D\" href=\"https:\/\/strippercollection.com\/wp-content\/uploads\/2024\/01\/Cena-con-show-stripper-Rosa-Madrid.jpg\"><figure class=\"swiper-slide-inner\"><img decoding=\"async\" class=\"swiper-slide-image\" src=\"https:\/\/strippercollection.com\/wp-content\/uploads\/elementor\/thumbs\/Cena-con-show-stripper-Rosa-Madrid-qhtvialv32m3bvpoozipkbxa0jxojt0fz735gc111k.jpg\" alt=\"Cena con show stripper Rosa Madrid\" \/><\/figure><\/a><\/div><div class=\"swiper-slide\" role=\"group\" aria-roledescription=\"slide\" aria-label=\"3 von 7\"><a data-elementor-open-lightbox=\"yes\" data-elementor-lightbox-slideshow=\"edce329\" data-e-action-hash=\"#elementor-action%3Aaction%3Dlightbox%26settings%3DeyJpZCI6MjQ0MDcsInVybCI6Imh0dHBzOlwvXC9zdHJpcHBlcmNvbGxlY3Rpb24uY29tXC93cC1jb250ZW50XC91cGxvYWRzXC8yMDI0XC8wMVwvUm9zYS1ibGFjay1zZWR1Y3Rpb24tc3RyaXBwZXItTWFkcmlkLmpwZyIsInNsaWRlc2hvdyI6ImVkY2UzMjkifQ%3D%3D\" href=\"https:\/\/strippercollection.com\/wp-content\/uploads\/2024\/01\/Rosa-black-seduction-stripper-Madrid.jpg\"><figure class=\"swiper-slide-inner\"><img decoding=\"async\" class=\"swiper-slide-image\" src=\"https:\/\/strippercollection.com\/wp-content\/uploads\/elementor\/thumbs\/Rosa-black-seduction-stripper-Madrid-qhtw5fevaaa52e3zlzi5xhrobxwvzmumhp3cnhq7wo.jpg\" alt=\"Striptease en Madrid para cumple\" \/><\/figure><\/a><\/div><div class=\"swiper-slide\" role=\"group\" aria-roledescription=\"slide\" aria-label=\"4 von 7\"><a data-elementor-open-lightbox=\"yes\" data-elementor-lightbox-slideshow=\"edce329\" data-e-action-hash=\"#elementor-action%3Aaction%3Dlightbox%26settings%3DeyJpZCI6MjQzOTksInVybCI6Imh0dHBzOlwvXC9zdHJpcHBlcmNvbGxlY3Rpb24uY29tXC93cC1jb250ZW50XC91cGxvYWRzXC8yMDI0XC8wMVwvMTcwNDM5NzIwNDkwMS5qcGciLCJzbGlkZXNob3ciOiJlZGNlMzI5In0%3D\" href=\"https:\/\/strippercollection.com\/wp-content\/uploads\/2024\/01\/1704397204901.jpg\"><figure class=\"swiper-slide-inner\"><img decoding=\"async\" class=\"swiper-slide-image\" src=\"https:\/\/strippercollection.com\/wp-content\/uploads\/elementor\/thumbs\/1704397204901-qhtvi9o0w8kt09r1uh42zu5tf62bc3wpn2fnz22f7s.jpg\" alt=\"1704397204901\" \/><\/figure><\/a><\/div><div class=\"swiper-slide\" role=\"group\" aria-roledescription=\"slide\" aria-label=\"5 von 7\"><a data-elementor-open-lightbox=\"yes\" data-elementor-lightbox-slideshow=\"edce329\" data-e-action-hash=\"#elementor-action%3Aaction%3Dlightbox%26settings%3DeyJpZCI6MjQ0MTEsInVybCI6Imh0dHBzOlwvXC9zdHJpcHBlcmNvbGxlY3Rpb24uY29tXC93cC1jb250ZW50XC91cGxvYWRzXC8yMDI0XC8wMVwvUm9zYS1zdHJpcHBlci1zZXh5LXBhcmEtZGVzcGVkaWRhcy1lbi1NYWRyaWQuanBnIiwic2xpZGVzaG93IjoiZWRjZTMyOSJ9\" href=\"https:\/\/strippercollection.com\/wp-content\/uploads\/2024\/01\/Rosa-stripper-sexy-para-despedidas-en-Madrid.jpg\"><figure class=\"swiper-slide-inner\"><img decoding=\"async\" class=\"swiper-slide-image\" src=\"https:\/\/strippercollection.com\/wp-content\/uploads\/elementor\/thumbs\/Rosa-stripper-sexy-para-despedidas-en-Madrid-qhtvichjgqonz3mye0bypbg77boez77wnge4evy8p4.jpg\" alt=\"Striper\" \/><\/figure><\/a><\/div><div class=\"swiper-slide\" role=\"group\" aria-roledescription=\"slide\" aria-label=\"6 von 7\"><a data-elementor-open-lightbox=\"yes\" data-elementor-lightbox-slideshow=\"edce329\" data-e-action-hash=\"#elementor-action%3Aaction%3Dlightbox%26settings%3DeyJpZCI6MjQzODcsInVybCI6Imh0dHBzOlwvXC9zdHJpcHBlcmNvbGxlY3Rpb24uY29tXC93cC1jb250ZW50XC91cGxvYWRzXC8yMDI0XC8wMVwvMTcwNDM5NzIwNDg1NS5qcGciLCJzbGlkZXNob3ciOiJlZGNlMzI5In0%3D\" href=\"https:\/\/strippercollection.com\/wp-content\/uploads\/2024\/01\/1704397204855.jpg\"><figure class=\"swiper-slide-inner\"><img decoding=\"async\" class=\"swiper-slide-image\" src=\"https:\/\/strippercollection.com\/wp-content\/uploads\/elementor\/thumbs\/1704397204855-qhtvi4yty2ede7xvlx2y5dcig8ph9me1yf68ko9e2w.jpg\" alt=\"1704397204855\" \/><\/figure><\/a><\/div><div class=\"swiper-slide\" role=\"group\" aria-roledescription=\"slide\" aria-label=\"7 von 7\"><a data-elementor-open-lightbox=\"yes\" data-elementor-lightbox-slideshow=\"edce329\" data-e-action-hash=\"#elementor-action%3Aaction%3Dlightbox%26settings%3DeyJpZCI6MjQzOTEsInVybCI6Imh0dHBzOlwvXC9zdHJpcHBlcmNvbGxlY3Rpb24uY29tXC93cC1jb250ZW50XC91cGxvYWRzXC8yMDI0XC8wMVwvMTcwNDM5NzIwNDg3MC5qcGciLCJzbGlkZXNob3ciOiJlZGNlMzI5In0%3D\" href=\"https:\/\/strippercollection.com\/wp-content\/uploads\/2024\/01\/1704397204870.jpg\"><figure class=\"swiper-slide-inner\"><img decoding=\"async\" class=\"swiper-slide-image\" src=\"https:\/\/strippercollection.com\/wp-content\/uploads\/elementor\/thumbs\/1704397204870-qhtvi6uibqgy1fv5axw7acvfn0g7p0limoh7j86lqg.jpg\" alt=\"1704397204870\" \/><\/figure><\/a><\/div>\t\t\t<\/div>\n\t\t\t\t\t\t\t\n\t\t\t\t\t\t\t\t\t<div class=\"swiper-pagination\"><\/div>\n\t\t\t\t\t\t\t\t\t<\/div>\n\t\t\t\t\t\t<\/div>\n\t\t\t\t\t<\/div>\n\t\t<\/div>\n\t\t\t\t\t<\/div>\n\t\t<\/section>\n\t\t\t\t<section class=\"elementor-section elementor-top-section elementor-element elementor-element-33a250c elementor-section-boxed elementor-section-height-default elementor-section-height-default\" data-id=\"33a250c\" data-element_type=\"section\" data-e-type=\"section\">\n\t\t\t\t\t\t<div class=\"elementor-container elementor-column-gap-default\">\n\t\t\t\t\t<div class=\"elementor-column elementor-col-100 elementor-top-column elementor-element elementor-element-89601d9\" data-id=\"89601d9\" data-element_type=\"column\" data-e-type=\"column\">\n\t\t\t<div class=\"elementor-widget-wrap elementor-element-populated\">\n\t\t\t\t\t\t<div class=\"elementor-element elementor-element-08ba096 elementor-widget elementor-widget-text-editor\" data-id=\"08ba096\" data-element_type=\"widget\" data-e-type=\"widget\" data-widget_type=\"text-editor.default\">\n\t\t\t\t\t\t\t\t\t<h2><span style=\"color: #000000;\"><u>ROSA<\/u><\/span><\/h2><h4><span style=\"color: #000000;\">Spektakul\u00e4re Br\u00fcnette, nett und professionell mit einer Show, die Sie nicht in Madrid verpassen k\u00f6nnen.<\/span><\/h4><h4><span style=\"color: #000000;\">Die Dauer der Show der K\u00fcnstlerin betr\u00e4gt 15 bis 20 Minuten, nach dem Ende der Show bleibt die Stripperin in der Regel noch eine Weile bei Ihnen, damit Sie einige Fotos mit ihr machen k\u00f6nnen.<\/span><\/h4><h4>\u00a0<\/h4><h4 style=\"text-align: center;\">\u00a0<\/h4><p>\u00a0<\/p>\t\t\t\t\t\t\t\t<\/div>\n\t\t\t\t\t<\/div>\n\t\t<\/div>\n\t\t\t\t\t<\/div>\n\t\t<\/section>\n\t\t\t\t<section class=\"elementor-section elementor-top-section elementor-element elementor-element-1ca51a7 elementor-section-boxed elementor-section-height-default elementor-section-height-default\" data-id=\"1ca51a7\" data-element_type=\"section\" data-e-type=\"section\">\n\t\t\t\t\t\t<div class=\"elementor-container elementor-column-gap-default\">\n\t\t\t\t\t<div class=\"elementor-column elementor-col-100 elementor-top-column elementor-element elementor-element-dc0deb6\" data-id=\"dc0deb6\" data-element_type=\"column\" data-e-type=\"column\">\n\t\t\t<div class=\"elementor-widget-wrap elementor-element-populated\">\n\t\t\t\t\t\t<div class=\"elementor-element elementor-element-091f639 elementor-align-center elementor-widget elementor-widget-button\" data-id=\"091f639\" data-element_type=\"widget\" data-e-type=\"widget\" data-widget_type=\"button.default\">\n\t\t\t\t\t\t\t\t\t\t<a class=\"elementor-button elementor-button-link elementor-size-md\" href=\"https:\/\/strippercollection.com\/de\/buchung-von-kuenstlern-oder-dienstleistungen\/\">\n\t\t\t\t\t\t<span class=\"elementor-button-content-wrapper\">\n\t\t\t\t\t\t\t\t\t<span class=\"elementor-button-text\">KLICKEN SIE HIER UM ZU BUCHEN<\/span>\n\t\t\t\t\t<\/span>\n\t\t\t\t\t<\/a>\n\t\t\t\t\t\t\t\t<\/div>\n\t\t\t\t\t<\/div>\n\t\t<\/div>\n\t\t\t\t\t<\/div>\n\t\t<\/section>\n\t\t\t\t<section class=\"elementor-section elementor-top-section elementor-element elementor-element-0359e2c elementor-section-boxed elementor-section-height-default elementor-section-height-default\" data-id=\"0359e2c\" data-element_type=\"section\" data-e-type=\"section\" data-settings=\"{&quot;background_background&quot;:&quot;classic&quot;}\">\n\t\t\t\t\t\t<div class=\"elementor-container elementor-column-gap-default\">\n\t\t\t\t\t<div class=\"elementor-column elementor-col-100 elementor-top-column elementor-element elementor-element-adc8e8a\" data-id=\"adc8e8a\" data-element_type=\"column\" data-e-type=\"column\">\n\t\t\t<div class=\"elementor-widget-wrap elementor-element-populated\">\n\t\t\t\t\t\t<div class=\"elementor-element elementor-element-3ba4052 elementor-align-center elementor-widget elementor-widget-button\" data-id=\"3ba4052\" data-element_type=\"widget\" data-e-type=\"widget\" data-widget_type=\"button.default\">\n\t\t\t\t\t\t\t\t\t\t<a class=\"elementor-button elementor-button-link elementor-size-md\" href=\"https:\/\/strippercollection.com\/de\/stripperinnen-madrid\/\">\n\t\t\t\t\t\t<span class=\"elementor-button-content-wrapper\">\n\t\t\t\t\t\t\t\t\t<span class=\"elementor-button-text\">ZUR\u00dcCK ZU STRIPPERINNEN AUS MADRID<\/span>\n\t\t\t\t\t<\/span>\n\t\t\t\t\t<\/a>\n\t\t\t\t\t\t\t\t<\/div>\n\t\t\t\t\t<\/div>\n\t\t<\/div>\n\t\t\t\t\t<\/div>\n\t\t<\/section>\n\t\t\t\t<\/div>\n\t\t","protected":false},"excerpt":{"rendered":"<p>ROSA ROSA Spektakul\u00e4re Br\u00fcnette, nett und professionell mit einer Show, die Sie nicht in Madrid verpassen k\u00f6nnen. Die Dauer der Show der K\u00fcnstlerin betr\u00e4gt 15 bis 20 Minuten, nach dem Ende der Show bleibt die Stripperin in der Regel noch eine Weile bei Ihnen, damit Sie einige Fotos mit ihr machen k\u00f6nnen. \u00a0 \u00a0 \u00a0 &#8230; <a title=\"STRIPPERINEN MADRID ROSA\" class=\"read-more\" href=\"https:\/\/strippercollection.com\/de\/stripperinen-madrid-rosa\/\" aria-label=\"Mehr Informationen \u00fcber STRIPPERINEN MADRID ROSA\">Weiterlesen<\/a><\/p>\n","protected":false},"author":1,"featured_media":0,"parent":0,"menu_order":0,"comment_status":"closed","ping_status":"closed","template":"elementor_header_footer","meta":{"_monsterinsights_skip_tracking":false,"_monsterinsights_sitenote_active":false,"_monsterinsights_sitenote_note":"","_monsterinsights_sitenote_category":0,"footnotes":""},"class_list":["post-27327","page","type-page","status-publish"],"yoast_head":"<!-- This site is optimized with the Yoast SEO plugin v27.3 - https:\/\/yoast.com\/product\/yoast-seo-wordpress\/ -->\n<title>STRIPPERINEN MADRID ROSA<\/title>\n<meta name=\"description\" content=\"ROSA            ROSASpektakul\u00e4re Br\u00fcnette, nett und professionell mit einer Show, die Sie nicht in Madrid verpassen k\u00f6nnen.Die Dauer der Show der K\u00fcnstlerin betr\u00e4gt 15 bis 20 Minuten, nach dem Ende der Show bleibt die Stripperin in der Regel noch eine Weile bei Ihnen, damit Sie einige Fotos mit ihr machen k\u00f6nnen.\u00a0\u00a0\u00a0         KLICKEN SIE HIER UM ZU BUCHEN                ZUR\u00dcCK ZU STRIPPERINNEN AUS MADRID\" \/>\n<meta name=\"robots\" content=\"index, follow, max-snippet:-1, max-image-preview:large, max-video-preview:-1\" \/>\n<link rel=\"canonical\" href=\"https:\/\/strippercollection.com\/de\/stripperinen-madrid-rosa\/\" \/>\n<meta property=\"og:locale\" content=\"de_DE\" \/>\n<meta property=\"og:type\" content=\"article\" \/>\n<meta property=\"og:title\" content=\"STRIPPERINEN MADRID ROSA\" \/>\n<meta property=\"og:description\" content=\"ROSA            ROSASpektakul\u00e4re Br\u00fcnette, nett und professionell mit einer Show, die Sie nicht in Madrid verpassen k\u00f6nnen.Die Dauer der Show der K\u00fcnstlerin betr\u00e4gt 15 bis 20 Minuten, nach dem Ende der Show bleibt die Stripperin in der Regel noch eine Weile bei Ihnen, damit Sie einige Fotos mit ihr machen k\u00f6nnen.\u00a0\u00a0\u00a0         KLICKEN SIE HIER UM ZU BUCHEN                ZUR\u00dcCK ZU STRIPPERINNEN AUS MADRID\" \/>\n<meta property=\"og:url\" content=\"https:\/\/strippercollection.com\/de\/stripperinen-madrid-rosa\/\" \/>\n<meta property=\"og:site_name\" content=\"Stripper Collection\" \/>\n<meta property=\"article:publisher\" content=\"https:\/\/www.facebook.com\/profile.php?id=100090786345031\" \/>\n<meta property=\"article:modified_time\" content=\"2025-10-24T14:34:03+00:00\" \/>\n<meta property=\"og:image\" content=\"https:\/\/strippercollection.com\/wp-content\/uploads\/elementor\/thumbs\/1704397204887-qhtvi8q6pejionsezypgfcects6y4eszaxs6hs3te0.jpg\" \/>\n<script type=\"application\/ld+json\" class=\"yoast-schema-graph\">{\"@context\":\"https:\\\/\\\/schema.org\",\"@graph\":[{\"@type\":\"WebPage\",\"@id\":\"https:\\\/\\\/strippercollection.com\\\/de\\\/stripperinen-madrid-rosa\\\/\",\"url\":\"https:\\\/\\\/strippercollection.com\\\/de\\\/stripperinen-madrid-rosa\\\/\",\"name\":\"STRIPPERINEN MADRID ROSA\",\"isPartOf\":{\"@id\":\"https:\\\/\\\/strippercollection.com\\\/de\\\/#website\"},\"primaryImageOfPage\":{\"@id\":\"https:\\\/\\\/strippercollection.com\\\/de\\\/stripperinen-madrid-rosa\\\/#primaryimage\"},\"image\":{\"@id\":\"https:\\\/\\\/strippercollection.com\\\/de\\\/stripperinen-madrid-rosa\\\/#primaryimage\"},\"thumbnailUrl\":\"https:\\\/\\\/strippercollection.com\\\/wp-content\\\/uploads\\\/elementor\\\/thumbs\\\/1704397204887-qhtvi8q6pejionsezypgfcects6y4eszaxs6hs3te0.jpg\",\"datePublished\":\"2024-01-04T19:45:39+00:00\",\"dateModified\":\"2025-10-24T14:34:03+00:00\",\"description\":\"ROSA ROSASpektakul\u00e4re Br\u00fcnette, nett und professionell mit einer Show, die Sie nicht in Madrid verpassen k\u00f6nnen.Die Dauer der Show der K\u00fcnstlerin betr\u00e4gt 15 bis 20 Minuten, nach dem Ende der Show bleibt die Stripperin in der Regel noch eine Weile bei Ihnen, damit Sie einige Fotos mit ihr machen k\u00f6nnen.\u00a0\u00a0\u00a0 KLICKEN SIE HIER UM ZU BUCHEN ZUR\u00dcCK ZU STRIPPERINNEN AUS MADRID\",\"breadcrumb\":{\"@id\":\"https:\\\/\\\/strippercollection.com\\\/de\\\/stripperinen-madrid-rosa\\\/#breadcrumb\"},\"inLanguage\":\"de\",\"potentialAction\":[{\"@type\":\"ReadAction\",\"target\":[\"https:\\\/\\\/strippercollection.com\\\/de\\\/stripperinen-madrid-rosa\\\/\"]}]},{\"@type\":\"ImageObject\",\"inLanguage\":\"de\",\"@id\":\"https:\\\/\\\/strippercollection.com\\\/de\\\/stripperinen-madrid-rosa\\\/#primaryimage\",\"url\":\"https:\\\/\\\/strippercollection.com\\\/wp-content\\\/uploads\\\/elementor\\\/thumbs\\\/1704397204887-qhtvi8q6pejionsezypgfcects6y4eszaxs6hs3te0.jpg\",\"contentUrl\":\"https:\\\/\\\/strippercollection.com\\\/wp-content\\\/uploads\\\/elementor\\\/thumbs\\\/1704397204887-qhtvi8q6pejionsezypgfcects6y4eszaxs6hs3te0.jpg\"},{\"@type\":\"BreadcrumbList\",\"@id\":\"https:\\\/\\\/strippercollection.com\\\/de\\\/stripperinen-madrid-rosa\\\/#breadcrumb\",\"itemListElement\":[{\"@type\":\"ListItem\",\"position\":1,\"name\":\"Portada\",\"item\":\"https:\\\/\\\/strippercollection.com\\\/de\\\/\"},{\"@type\":\"ListItem\",\"position\":2,\"name\":\"STRIPPERINEN MADRID ROSA\"}]},{\"@type\":\"WebSite\",\"@id\":\"https:\\\/\\\/strippercollection.com\\\/de\\\/#website\",\"url\":\"https:\\\/\\\/strippercollection.com\\\/de\\\/\",\"name\":\"Stripper Collection\",\"description\":\"Organizaci\u00f3n de despedidas de soltera\\\/o y eventos en toda Espa\u00f1a\",\"publisher\":{\"@id\":\"https:\\\/\\\/strippercollection.com\\\/de\\\/#organization\"},\"potentialAction\":[{\"@type\":\"SearchAction\",\"target\":{\"@type\":\"EntryPoint\",\"urlTemplate\":\"https:\\\/\\\/strippercollection.com\\\/de\\\/?s={search_term_string}\"},\"query-input\":{\"@type\":\"PropertyValueSpecification\",\"valueRequired\":true,\"valueName\":\"search_term_string\"}}],\"inLanguage\":\"de\"},{\"@type\":\"Organization\",\"@id\":\"https:\\\/\\\/strippercollection.com\\\/de\\\/#organization\",\"name\":\"Stripper Collection\",\"url\":\"https:\\\/\\\/strippercollection.com\\\/de\\\/\",\"logo\":{\"@type\":\"ImageObject\",\"inLanguage\":\"de\",\"@id\":\"https:\\\/\\\/strippercollection.com\\\/de\\\/#\\\/schema\\\/logo\\\/image\\\/\",\"url\":\"https:\\\/\\\/strippercollection.com\\\/wp-content\\\/uploads\\\/2023\\\/04\\\/STRIPPER-COLLECTION-LOGO-WEB-TRANSPARENTE-EDIT.png\",\"contentUrl\":\"https:\\\/\\\/strippercollection.com\\\/wp-content\\\/uploads\\\/2023\\\/04\\\/STRIPPER-COLLECTION-LOGO-WEB-TRANSPARENTE-EDIT.png\",\"width\":169,\"height\":151,\"caption\":\"Stripper Collection\"},\"image\":{\"@id\":\"https:\\\/\\\/strippercollection.com\\\/de\\\/#\\\/schema\\\/logo\\\/image\\\/\"},\"sameAs\":[\"https:\\\/\\\/www.facebook.com\\\/profile.php?id=100090786345031\",\"https:\\\/\\\/www.instagram.com\\\/stripper_collection\\\/\"]}]}<\/script>\n<!-- \/ Yoast SEO plugin. -->","yoast_head_json":{"title":"STRIPPERINEN MADRID ROSA","description":"ROSA            ROSASpektakul\u00e4re Br\u00fcnette, nett und professionell mit einer Show, die Sie nicht in Madrid verpassen k\u00f6nnen.Die Dauer der Show der K\u00fcnstlerin betr\u00e4gt 15 bis 20 Minuten, nach dem Ende der Show bleibt die Stripperin in der Regel noch eine Weile bei Ihnen, damit Sie einige Fotos mit ihr machen k\u00f6nnen.\u00a0\u00a0\u00a0         KLICKEN SIE HIER UM ZU BUCHEN                ZUR\u00dcCK ZU STRIPPERINNEN AUS MADRID","robots":{"index":"index","follow":"follow","max-snippet":"max-snippet:-1","max-image-preview":"max-image-preview:large","max-video-preview":"max-video-preview:-1"},"canonical":"https:\/\/strippercollection.com\/de\/stripperinen-madrid-rosa\/","og_locale":"de_DE","og_type":"article","og_title":"STRIPPERINEN MADRID ROSA","og_description":"ROSA            ROSASpektakul\u00e4re Br\u00fcnette, nett und professionell mit einer Show, die Sie nicht in Madrid verpassen k\u00f6nnen.Die Dauer der Show der K\u00fcnstlerin betr\u00e4gt 15 bis 20 Minuten, nach dem Ende der Show bleibt die Stripperin in der Regel noch eine Weile bei Ihnen, damit Sie einige Fotos mit ihr machen k\u00f6nnen.\u00a0\u00a0\u00a0         KLICKEN SIE HIER UM ZU BUCHEN                ZUR\u00dcCK ZU STRIPPERINNEN AUS MADRID","og_url":"https:\/\/strippercollection.com\/de\/stripperinen-madrid-rosa\/","og_site_name":"Stripper Collection","article_publisher":"https:\/\/www.facebook.com\/profile.php?id=100090786345031","article_modified_time":"2025-10-24T14:34:03+00:00","og_image":[{"url":"https:\/\/strippercollection.com\/wp-content\/uploads\/elementor\/thumbs\/1704397204887-qhtvi8q6pejionsezypgfcects6y4eszaxs6hs3te0.jpg","type":"","width":"","height":""}],"schema":{"@context":"https:\/\/schema.org","@graph":[{"@type":"WebPage","@id":"https:\/\/strippercollection.com\/de\/stripperinen-madrid-rosa\/","url":"https:\/\/strippercollection.com\/de\/stripperinen-madrid-rosa\/","name":"STRIPPERINEN MADRID ROSA","isPartOf":{"@id":"https:\/\/strippercollection.com\/de\/#website"},"primaryImageOfPage":{"@id":"https:\/\/strippercollection.com\/de\/stripperinen-madrid-rosa\/#primaryimage"},"image":{"@id":"https:\/\/strippercollection.com\/de\/stripperinen-madrid-rosa\/#primaryimage"},"thumbnailUrl":"https:\/\/strippercollection.com\/wp-content\/uploads\/elementor\/thumbs\/1704397204887-qhtvi8q6pejionsezypgfcects6y4eszaxs6hs3te0.jpg","datePublished":"2024-01-04T19:45:39+00:00","dateModified":"2025-10-24T14:34:03+00:00","description":"ROSA ROSASpektakul\u00e4re Br\u00fcnette, nett und professionell mit einer Show, die Sie nicht in Madrid verpassen k\u00f6nnen.Die Dauer der Show der K\u00fcnstlerin betr\u00e4gt 15 bis 20 Minuten, nach dem Ende der Show bleibt die Stripperin in der Regel noch eine Weile bei Ihnen, damit Sie einige Fotos mit ihr machen k\u00f6nnen.\u00a0\u00a0\u00a0 KLICKEN SIE HIER UM ZU BUCHEN ZUR\u00dcCK ZU STRIPPERINNEN AUS MADRID","breadcrumb":{"@id":"https:\/\/strippercollection.com\/de\/stripperinen-madrid-rosa\/#breadcrumb"},"inLanguage":"de","potentialAction":[{"@type":"ReadAction","target":["https:\/\/strippercollection.com\/de\/stripperinen-madrid-rosa\/"]}]},{"@type":"ImageObject","inLanguage":"de","@id":"https:\/\/strippercollection.com\/de\/stripperinen-madrid-rosa\/#primaryimage","url":"https:\/\/strippercollection.com\/wp-content\/uploads\/elementor\/thumbs\/1704397204887-qhtvi8q6pejionsezypgfcects6y4eszaxs6hs3te0.jpg","contentUrl":"https:\/\/strippercollection.com\/wp-content\/uploads\/elementor\/thumbs\/1704397204887-qhtvi8q6pejionsezypgfcects6y4eszaxs6hs3te0.jpg"},{"@type":"BreadcrumbList","@id":"https:\/\/strippercollection.com\/de\/stripperinen-madrid-rosa\/#breadcrumb","itemListElement":[{"@type":"ListItem","position":1,"name":"Portada","item":"https:\/\/strippercollection.com\/de\/"},{"@type":"ListItem","position":2,"name":"STRIPPERINEN MADRID ROSA"}]},{"@type":"WebSite","@id":"https:\/\/strippercollection.com\/de\/#website","url":"https:\/\/strippercollection.com\/de\/","name":"Stripper Collection","description":"Organizaci\u00f3n de despedidas de soltera\/o y eventos en toda Espa\u00f1a","publisher":{"@id":"https:\/\/strippercollection.com\/de\/#organization"},"potentialAction":[{"@type":"SearchAction","target":{"@type":"EntryPoint","urlTemplate":"https:\/\/strippercollection.com\/de\/?s={search_term_string}"},"query-input":{"@type":"PropertyValueSpecification","valueRequired":true,"valueName":"search_term_string"}}],"inLanguage":"de"},{"@type":"Organization","@id":"https:\/\/strippercollection.com\/de\/#organization","name":"Stripper Collection","url":"https:\/\/strippercollection.com\/de\/","logo":{"@type":"ImageObject","inLanguage":"de","@id":"https:\/\/strippercollection.com\/de\/#\/schema\/logo\/image\/","url":"https:\/\/strippercollection.com\/wp-content\/uploads\/2023\/04\/STRIPPER-COLLECTION-LOGO-WEB-TRANSPARENTE-EDIT.png","contentUrl":"https:\/\/strippercollection.com\/wp-content\/uploads\/2023\/04\/STRIPPER-COLLECTION-LOGO-WEB-TRANSPARENTE-EDIT.png","width":169,"height":151,"caption":"Stripper Collection"},"image":{"@id":"https:\/\/strippercollection.com\/de\/#\/schema\/logo\/image\/"},"sameAs":["https:\/\/www.facebook.com\/profile.php?id=100090786345031","https:\/\/www.instagram.com\/stripper_collection\/"]}]}},"_links":{"self":[{"href":"https:\/\/strippercollection.com\/de\/wp-json\/wp\/v2\/pages\/27327","targetHints":{"allow":["GET"]}}],"collection":[{"href":"https:\/\/strippercollection.com\/de\/wp-json\/wp\/v2\/pages"}],"about":[{"href":"https:\/\/strippercollection.com\/de\/wp-json\/wp\/v2\/types\/page"}],"author":[{"embeddable":true,"href":"https:\/\/strippercollection.com\/de\/wp-json\/wp\/v2\/users\/1"}],"replies":[{"embeddable":true,"href":"https:\/\/strippercollection.com\/de\/wp-json\/wp\/v2\/comments?post=27327"}],"version-history":[{"count":3,"href":"https:\/\/strippercollection.com\/de\/wp-json\/wp\/v2\/pages\/27327\/revisions"}],"predecessor-version":[{"id":38332,"href":"https:\/\/strippercollection.com\/de\/wp-json\/wp\/v2\/pages\/27327\/revisions\/38332"}],"wp:attachment":[{"href":"https:\/\/strippercollection.com\/de\/wp-json\/wp\/v2\/media?parent=27327"}],"curies":[{"name":"wp","href":"https:\/\/api.w.org\/{rel}","templated":true}]}}