{"id":27325,"date":"2024-01-21T16:29:48","date_gmt":"2024-01-21T16:29:48","guid":{"rendered":"https:\/\/strippercollection.com\/stripperinnen-murcia-sara\/"},"modified":"2024-05-26T08:46:41","modified_gmt":"2024-05-26T08:46:41","slug":"stripperinnen-murcia-sara","status":"publish","type":"page","link":"https:\/\/strippercollection.com\/de\/stripperinnen-murcia-sara\/","title":{"rendered":"Stripperinnen Murcia Sara"},"content":{"rendered":"\t\t<div data-elementor-type=\"wp-page\" data-elementor-id=\"27325\" class=\"elementor elementor-27325 elementor-24899\" data-elementor-post-type=\"page\">\n\t\t\t\t\t\t<section class=\"elementor-section elementor-top-section elementor-element elementor-element-0359324 elementor-section-boxed elementor-section-height-default elementor-section-height-default\" data-id=\"0359324\" data-element_type=\"section\" data-e-type=\"section\">\n\t\t\t\t\t\t<div class=\"elementor-container elementor-column-gap-default\">\n\t\t\t\t\t<div class=\"elementor-column elementor-col-100 elementor-top-column elementor-element elementor-element-43429c7\" data-id=\"43429c7\" data-element_type=\"column\" data-e-type=\"column\">\n\t\t\t<div class=\"elementor-widget-wrap elementor-element-populated\">\n\t\t\t\t\t\t<div class=\"elementor-element elementor-element-e66fe34 elementor-widget elementor-widget-heading\" data-id=\"e66fe34\" data-element_type=\"widget\" data-e-type=\"widget\" data-widget_type=\"heading.default\">\n\t\t\t\t\t<h1 class=\"elementor-heading-title elementor-size-default\">SARA<\/h1>\t\t\t\t<\/div>\n\t\t\t\t\t<\/div>\n\t\t<\/div>\n\t\t\t\t\t<\/div>\n\t\t<\/section>\n\t\t\t\t<section class=\"elementor-section elementor-top-section elementor-element elementor-element-aa146c3 elementor-section-boxed elementor-section-height-default elementor-section-height-default\" data-id=\"aa146c3\" data-element_type=\"section\" data-e-type=\"section\">\n\t\t\t\t\t\t<div class=\"elementor-container elementor-column-gap-default\">\n\t\t\t\t\t<div class=\"elementor-column elementor-col-100 elementor-top-column elementor-element elementor-element-eb80855\" data-id=\"eb80855\" data-element_type=\"column\" data-e-type=\"column\">\n\t\t\t<div class=\"elementor-widget-wrap elementor-element-populated\">\n\t\t\t\t\t\t<div class=\"elementor-element elementor-element-7b4e947 elementor-pagination-position-outside elementor-widget elementor-widget-image-carousel\" data-id=\"7b4e947\" data-element_type=\"widget\" data-e-type=\"widget\" data-settings=\"{&quot;slides_to_show&quot;:&quot;3&quot;,&quot;slides_to_scroll&quot;:&quot;3&quot;,&quot;navigation&quot;:&quot;dots&quot;,&quot;autoplay&quot;:&quot;no&quot;,&quot;slides_to_show_mobile&quot;:&quot;1&quot;,&quot;infinite&quot;:&quot;no&quot;,&quot;speed&quot;:500}\" data-widget_type=\"image-carousel.default\">\n\t\t\t\t\t\t\t<div class=\"elementor-image-carousel-wrapper swiper\" role=\"region\" aria-roledescription=\"carousel\" aria-label=\"Bild Karussell\" dir=\"ltr\">\n\t\t\t<div class=\"elementor-image-carousel swiper-wrapper\" aria-live=\"polite\">\n\t\t\t\t\t\t\t\t<div class=\"swiper-slide\" role=\"group\" aria-roledescription=\"slide\" aria-label=\"1 von 5\"><a data-elementor-open-lightbox=\"yes\" data-elementor-lightbox-slideshow=\"7b4e947\" data-e-action-hash=\"#elementor-action%3Aaction%3Dlightbox%26settings%3DeyJpZCI6MjQ4NDAsInVybCI6Imh0dHBzOlwvXC9zdHJpcHBlcmNvbGxlY3Rpb24uY29tXC93cC1jb250ZW50XC91cGxvYWRzXC8yMDI0XC8wMVwvU2FyYS1zdHJpcGVyLWRlc3BlZGlkYXMtQWxpY2FudGUuanBnIiwic2xpZGVzaG93IjoiN2I0ZTk0NyJ9\" href=\"https:\/\/strippercollection.com\/wp-content\/uploads\/2024\/01\/Sara-striper-despedidas-Alicante.jpg\"><figure class=\"swiper-slide-inner\"><img decoding=\"async\" class=\"swiper-slide-image\" src=\"https:\/\/strippercollection.com\/wp-content\/uploads\/elementor\/thumbs\/Sara-striper-despedidas-Alicante-qin7ua6h8a293vxsyakoxlmr2mtlyohm09gbitjurs.jpg\" alt=\"Sara striper despedidas Alicante\" \/><\/figure><\/a><\/div><div class=\"swiper-slide\" role=\"group\" aria-roledescription=\"slide\" aria-label=\"2 von 5\"><a data-elementor-open-lightbox=\"yes\" data-elementor-lightbox-slideshow=\"7b4e947\" data-e-action-hash=\"#elementor-action%3Aaction%3Dlightbox%26settings%3DeyJpZCI6MjQ4NDQsInVybCI6Imh0dHBzOlwvXC9zdHJpcHBlcmNvbGxlY3Rpb24uY29tXC93cC1jb250ZW50XC91cGxvYWRzXC8yMDI0XC8wMVwvU2FyYS1zdHJpcGVyLU11cmNpYS5qcGciLCJzbGlkZXNob3ciOiI3YjRlOTQ3In0%3D\" href=\"https:\/\/strippercollection.com\/wp-content\/uploads\/2024\/01\/Sara-striper-Murcia.jpg\"><figure class=\"swiper-slide-inner\"><img decoding=\"async\" class=\"swiper-slide-image\" src=\"https:\/\/strippercollection.com\/wp-content\/uploads\/elementor\/thumbs\/Sara-striper-Murcia-qin743ectg7nmzz8vh1vypjf95wgi9iu2n4b6adq4o.jpg\" alt=\"Sara striper despedidas Murcia\" \/><\/figure><\/a><\/div><div class=\"swiper-slide\" role=\"group\" aria-roledescription=\"slide\" aria-label=\"3 von 5\"><a data-elementor-open-lightbox=\"yes\" data-elementor-lightbox-slideshow=\"7b4e947\" data-e-action-hash=\"#elementor-action%3Aaction%3Dlightbox%26settings%3DeyJpZCI6MjQ4MzYsInVybCI6Imh0dHBzOlwvXC9zdHJpcHBlcmNvbGxlY3Rpb24uY29tXC93cC1jb250ZW50XC91cGxvYWRzXC8yMDI0XC8wMVwvU2FyYS1zdHJpcGVyLUJlbmlkb3JtLmpwZyIsInNsaWRlc2hvdyI6IjdiNGU5NDcifQ%3D%3D\" href=\"https:\/\/strippercollection.com\/wp-content\/uploads\/2024\/01\/Sara-striper-Benidorm.jpg\"><figure class=\"swiper-slide-inner\"><img decoding=\"async\" class=\"swiper-slide-image\" src=\"https:\/\/strippercollection.com\/wp-content\/uploads\/elementor\/thumbs\/Sara-striper-Benidorm-qin73uxt3xw2qibj8ve8u9o9wp25kzl91h8xusq9oo.jpg\" alt=\"Sara espect\u00e1culo striper Benidorm\" \/><\/figure><\/a><\/div><div class=\"swiper-slide\" role=\"group\" aria-roledescription=\"slide\" aria-label=\"4 von 5\"><a data-elementor-open-lightbox=\"yes\" data-elementor-lightbox-slideshow=\"7b4e947\" data-e-action-hash=\"#elementor-action%3Aaction%3Dlightbox%26settings%3DeyJpZCI6MjQ4MzIsInVybCI6Imh0dHBzOlwvXC9zdHJpcHBlcmNvbGxlY3Rpb24uY29tXC93cC1jb250ZW50XC91cGxvYWRzXC8yMDI0XC8wMVwvU2FyYS1zdHJpcGVyLUFsaWNhbnRlLWEtZG9taWNpbGlvLmpwZyIsInNsaWRlc2hvdyI6IjdiNGU5NDcifQ%3D%3D\" href=\"https:\/\/strippercollection.com\/wp-content\/uploads\/2024\/01\/Sara-striper-Alicante-a-domicilio.jpg\"><figure class=\"swiper-slide-inner\"><img decoding=\"async\" class=\"swiper-slide-image\" src=\"https:\/\/strippercollection.com\/wp-content\/uploads\/elementor\/thumbs\/Sara-striper-Alicante-a-domicilio-qina5iryg40d8r12w9vbqlg8v0jrlqxw4989gy4rrc.jpg\" alt=\"Sara striper Alicante despedida soltero a domicilio\" \/><\/figure><\/a><\/div><div class=\"swiper-slide\" role=\"group\" aria-roledescription=\"slide\" aria-label=\"5 von 5\"><a data-elementor-open-lightbox=\"yes\" data-elementor-lightbox-slideshow=\"7b4e947\" data-e-action-hash=\"#elementor-action%3Aaction%3Dlightbox%26settings%3DeyJpZCI6MjQ4MjgsInVybCI6Imh0dHBzOlwvXC9zdHJpcHBlcmNvbGxlY3Rpb24uY29tXC93cC1jb250ZW50XC91cGxvYWRzXC8yMDI0XC8wMVwvU2FyYS1zdHJpcGVyLWEtZG9taWNpbGlvLUJlbmlkb3JtLmpwZyIsInNsaWRlc2hvdyI6IjdiNGU5NDcifQ%3D%3D\" href=\"https:\/\/strippercollection.com\/wp-content\/uploads\/2024\/01\/Sara-striper-a-domicilio-Benidorm.jpg\"><figure class=\"swiper-slide-inner\"><img decoding=\"async\" class=\"swiper-slide-image\" src=\"https:\/\/strippercollection.com\/wp-content\/uploads\/elementor\/thumbs\/Sara-striper-a-domicilio-Benidorm-qinabjwoau9lqo9oodq58knq30tjztvvy3xfbv6tu0.jpg\" alt=\"Sara striper a domicilio Benidorm\" \/><\/figure><\/a><\/div>\t\t\t<\/div>\n\t\t\t\t\t\t\t\n\t\t\t\t\t\t\t\t\t<div class=\"swiper-pagination\"><\/div>\n\t\t\t\t\t\t\t\t\t<\/div>\n\t\t\t\t\t\t<\/div>\n\t\t\t\t\t<\/div>\n\t\t<\/div>\n\t\t\t\t\t<\/div>\n\t\t<\/section>\n\t\t\t\t<section class=\"elementor-section elementor-top-section elementor-element elementor-element-b5cbeb9 elementor-section-boxed elementor-section-height-default elementor-section-height-default\" data-id=\"b5cbeb9\" data-element_type=\"section\" data-e-type=\"section\">\n\t\t\t\t\t\t<div class=\"elementor-container elementor-column-gap-default\">\n\t\t\t\t\t<div class=\"elementor-column elementor-col-100 elementor-top-column elementor-element elementor-element-c09a359\" data-id=\"c09a359\" data-element_type=\"column\" data-e-type=\"column\">\n\t\t\t<div class=\"elementor-widget-wrap elementor-element-populated\">\n\t\t\t\t\t\t<div class=\"elementor-element elementor-element-d13e8b4 elementor-widget elementor-widget-text-editor\" data-id=\"d13e8b4\" data-element_type=\"widget\" data-e-type=\"widget\" data-widget_type=\"text-editor.default\">\n\t\t\t\t\t\t\t\t\t<h2><span style=\"color: #000000;\"><u>SARA<\/u><\/span><\/h2>\n<h4><span style=\"color: #000000;\">Sinnlich mit viel Energie und endlosem Spa\u00df f\u00fcr Ihre Gruppe.<\/span><\/h4>\n<h4><span style=\"color: #000000;\">Die Dauer der Show der K\u00fcnstlerin betr\u00e4gt 15 bis 20 Minuten, nach dem Ende der Show bleibt die Stripperin in der Regel noch eine Weile bei Ihnen, damit Sie einige Fotos mit ihr machen k\u00f6nnen.<\/span><\/h4>\n<h4> <\/h4>\n<h4 style=\"text-align: center;\"> <\/h4>\n\t\t\t\t\t\t\t\t<\/div>\n\t\t\t\t\t<\/div>\n\t\t<\/div>\n\t\t\t\t\t<\/div>\n\t\t<\/section>\n\t\t\t\t<section class=\"elementor-section elementor-top-section elementor-element elementor-element-8d844bb elementor-section-boxed elementor-section-height-default elementor-section-height-default\" data-id=\"8d844bb\" data-element_type=\"section\" data-e-type=\"section\" data-settings=\"{&quot;background_background&quot;:&quot;classic&quot;}\">\n\t\t\t\t\t\t<div class=\"elementor-container elementor-column-gap-default\">\n\t\t\t\t\t<div class=\"elementor-column elementor-col-100 elementor-top-column elementor-element elementor-element-759be84\" data-id=\"759be84\" data-element_type=\"column\" data-e-type=\"column\">\n\t\t\t<div class=\"elementor-widget-wrap elementor-element-populated\">\n\t\t\t\t\t\t<div class=\"elementor-element elementor-element-03dc81f elementor-align-center elementor-widget elementor-widget-button\" data-id=\"03dc81f\" data-element_type=\"widget\" data-e-type=\"widget\" data-widget_type=\"button.default\">\n\t\t\t\t\t\t\t\t\t\t<a class=\"elementor-button elementor-button-link elementor-size-md\" href=\"https:\/\/strippercollection.com\/de\/stripperinnen-murcia\/\">\n\t\t\t\t\t\t<span class=\"elementor-button-content-wrapper\">\n\t\t\t\t\t\t\t\t\t<span class=\"elementor-button-text\">ZUR\u00dcCK ZU STRIPPERINNEN AUS MURCIA<\/span>\n\t\t\t\t\t<\/span>\n\t\t\t\t\t<\/a>\n\t\t\t\t\t\t\t\t<\/div>\n\t\t\t\t\t<\/div>\n\t\t<\/div>\n\t\t\t\t\t<\/div>\n\t\t<\/section>\n\t\t\t\t<\/div>\n\t\t","protected":false},"excerpt":{"rendered":"<p>SARA SARA Sinnlich mit viel Energie und endlosem Spa\u00df f\u00fcr Ihre Gruppe. Die Dauer der Show der K\u00fcnstlerin betr\u00e4gt 15 bis 20 Minuten, nach dem Ende der Show bleibt die Stripperin in der Regel noch eine Weile bei Ihnen, damit Sie einige Fotos mit ihr machen k\u00f6nnen. ZUR\u00dcCK ZU STRIPPERINNEN AUS MURCIA<\/p>\n","protected":false},"author":1,"featured_media":0,"parent":0,"menu_order":0,"comment_status":"closed","ping_status":"closed","template":"elementor_header_footer","meta":{"_monsterinsights_skip_tracking":false,"_monsterinsights_sitenote_active":false,"_monsterinsights_sitenote_note":"","_monsterinsights_sitenote_category":0,"footnotes":""},"class_list":["post-27325","page","type-page","status-publish"],"yoast_head":"<!-- This site is optimized with the Yoast SEO plugin v27.3 - https:\/\/yoast.com\/product\/yoast-seo-wordpress\/ -->\n<title>Stripperinnen Murcia Sara<\/title>\n<meta name=\"description\" content=\"SARA         SARA Sinnlich mit viel Energie und endlosem Spa\u00df f\u00fcr Ihre Gruppe. Die Dauer der Show der K\u00fcnstlerin betr\u00e4gt 15 bis 20 Minuten, nach dem Ende der Show bleibt die Stripperin in der Regel noch eine Weile bei Ihnen, damit Sie einige Fotos mit ihr machen k\u00f6nnen.         ZUR\u00dcCK ZU STRIPPERINNEN AUS MURCIA\" \/>\n<meta name=\"robots\" content=\"index, follow, max-snippet:-1, max-image-preview:large, max-video-preview:-1\" \/>\n<link rel=\"canonical\" href=\"https:\/\/strippercollection.com\/de\/stripperinnen-murcia-sara\/\" \/>\n<meta property=\"og:locale\" content=\"de_DE\" \/>\n<meta property=\"og:type\" content=\"article\" \/>\n<meta property=\"og:title\" content=\"Stripperinnen Murcia Sara\" \/>\n<meta property=\"og:description\" content=\"SARA         SARA Sinnlich mit viel Energie und endlosem Spa\u00df f\u00fcr Ihre Gruppe. Die Dauer der Show der K\u00fcnstlerin betr\u00e4gt 15 bis 20 Minuten, nach dem Ende der Show bleibt die Stripperin in der Regel noch eine Weile bei Ihnen, damit Sie einige Fotos mit ihr machen k\u00f6nnen.         ZUR\u00dcCK ZU STRIPPERINNEN AUS MURCIA\" \/>\n<meta property=\"og:url\" content=\"https:\/\/strippercollection.com\/de\/stripperinnen-murcia-sara\/\" \/>\n<meta property=\"og:site_name\" content=\"Stripper Collection\" \/>\n<meta property=\"article:publisher\" content=\"https:\/\/www.facebook.com\/profile.php?id=100090786345031\" \/>\n<meta property=\"article:modified_time\" content=\"2024-05-26T08:46:41+00:00\" \/>\n<meta property=\"og:image\" content=\"https:\/\/strippercollection.com\/wp-content\/uploads\/elementor\/thumbs\/Sara-striper-despedidas-Alicante-qin7ua6h8a293vxsyakoxlmr2mtlyohm09gbitjurs.jpg\" \/>\n<script type=\"application\/ld+json\" class=\"yoast-schema-graph\">{\"@context\":\"https:\\\/\\\/schema.org\",\"@graph\":[{\"@type\":\"WebPage\",\"@id\":\"https:\\\/\\\/strippercollection.com\\\/de\\\/stripperinnen-murcia-sara\\\/\",\"url\":\"https:\\\/\\\/strippercollection.com\\\/de\\\/stripperinnen-murcia-sara\\\/\",\"name\":\"Stripperinnen Murcia Sara\",\"isPartOf\":{\"@id\":\"https:\\\/\\\/strippercollection.com\\\/de\\\/#website\"},\"primaryImageOfPage\":{\"@id\":\"https:\\\/\\\/strippercollection.com\\\/de\\\/stripperinnen-murcia-sara\\\/#primaryimage\"},\"image\":{\"@id\":\"https:\\\/\\\/strippercollection.com\\\/de\\\/stripperinnen-murcia-sara\\\/#primaryimage\"},\"thumbnailUrl\":\"https:\\\/\\\/strippercollection.com\\\/wp-content\\\/uploads\\\/elementor\\\/thumbs\\\/Sara-striper-despedidas-Alicante-qin7ua6h8a293vxsyakoxlmr2mtlyohm09gbitjurs.jpg\",\"datePublished\":\"2024-01-21T16:29:48+00:00\",\"dateModified\":\"2024-05-26T08:46:41+00:00\",\"description\":\"SARA SARA Sinnlich mit viel Energie und endlosem Spa\u00df f\u00fcr Ihre Gruppe. Die Dauer der Show der K\u00fcnstlerin betr\u00e4gt 15 bis 20 Minuten, nach dem Ende der Show bleibt die Stripperin in der Regel noch eine Weile bei Ihnen, damit Sie einige Fotos mit ihr machen k\u00f6nnen. ZUR\u00dcCK ZU STRIPPERINNEN AUS MURCIA\",\"breadcrumb\":{\"@id\":\"https:\\\/\\\/strippercollection.com\\\/de\\\/stripperinnen-murcia-sara\\\/#breadcrumb\"},\"inLanguage\":\"de\",\"potentialAction\":[{\"@type\":\"ReadAction\",\"target\":[\"https:\\\/\\\/strippercollection.com\\\/de\\\/stripperinnen-murcia-sara\\\/\"]}]},{\"@type\":\"ImageObject\",\"inLanguage\":\"de\",\"@id\":\"https:\\\/\\\/strippercollection.com\\\/de\\\/stripperinnen-murcia-sara\\\/#primaryimage\",\"url\":\"https:\\\/\\\/strippercollection.com\\\/wp-content\\\/uploads\\\/elementor\\\/thumbs\\\/Sara-striper-despedidas-Alicante-qin7ua6h8a293vxsyakoxlmr2mtlyohm09gbitjurs.jpg\",\"contentUrl\":\"https:\\\/\\\/strippercollection.com\\\/wp-content\\\/uploads\\\/elementor\\\/thumbs\\\/Sara-striper-despedidas-Alicante-qin7ua6h8a293vxsyakoxlmr2mtlyohm09gbitjurs.jpg\"},{\"@type\":\"BreadcrumbList\",\"@id\":\"https:\\\/\\\/strippercollection.com\\\/de\\\/stripperinnen-murcia-sara\\\/#breadcrumb\",\"itemListElement\":[{\"@type\":\"ListItem\",\"position\":1,\"name\":\"Portada\",\"item\":\"https:\\\/\\\/strippercollection.com\\\/de\\\/\"},{\"@type\":\"ListItem\",\"position\":2,\"name\":\"Stripperinnen Murcia Sara\"}]},{\"@type\":\"WebSite\",\"@id\":\"https:\\\/\\\/strippercollection.com\\\/de\\\/#website\",\"url\":\"https:\\\/\\\/strippercollection.com\\\/de\\\/\",\"name\":\"Stripper Collection\",\"description\":\"Organizaci\u00f3n de despedidas de soltera\\\/o y eventos en toda Espa\u00f1a\",\"publisher\":{\"@id\":\"https:\\\/\\\/strippercollection.com\\\/de\\\/#organization\"},\"potentialAction\":[{\"@type\":\"SearchAction\",\"target\":{\"@type\":\"EntryPoint\",\"urlTemplate\":\"https:\\\/\\\/strippercollection.com\\\/de\\\/?s={search_term_string}\"},\"query-input\":{\"@type\":\"PropertyValueSpecification\",\"valueRequired\":true,\"valueName\":\"search_term_string\"}}],\"inLanguage\":\"de\"},{\"@type\":\"Organization\",\"@id\":\"https:\\\/\\\/strippercollection.com\\\/de\\\/#organization\",\"name\":\"Stripper Collection\",\"url\":\"https:\\\/\\\/strippercollection.com\\\/de\\\/\",\"logo\":{\"@type\":\"ImageObject\",\"inLanguage\":\"de\",\"@id\":\"https:\\\/\\\/strippercollection.com\\\/de\\\/#\\\/schema\\\/logo\\\/image\\\/\",\"url\":\"https:\\\/\\\/strippercollection.com\\\/wp-content\\\/uploads\\\/2023\\\/04\\\/STRIPPER-COLLECTION-LOGO-WEB-TRANSPARENTE-EDIT.png\",\"contentUrl\":\"https:\\\/\\\/strippercollection.com\\\/wp-content\\\/uploads\\\/2023\\\/04\\\/STRIPPER-COLLECTION-LOGO-WEB-TRANSPARENTE-EDIT.png\",\"width\":169,\"height\":151,\"caption\":\"Stripper Collection\"},\"image\":{\"@id\":\"https:\\\/\\\/strippercollection.com\\\/de\\\/#\\\/schema\\\/logo\\\/image\\\/\"},\"sameAs\":[\"https:\\\/\\\/www.facebook.com\\\/profile.php?id=100090786345031\",\"https:\\\/\\\/www.instagram.com\\\/stripper_collection\\\/\"]}]}<\/script>\n<!-- \/ Yoast SEO plugin. -->","yoast_head_json":{"title":"Stripperinnen Murcia Sara","description":"SARA         SARA Sinnlich mit viel Energie und endlosem Spa\u00df f\u00fcr Ihre Gruppe. Die Dauer der Show der K\u00fcnstlerin betr\u00e4gt 15 bis 20 Minuten, nach dem Ende der Show bleibt die Stripperin in der Regel noch eine Weile bei Ihnen, damit Sie einige Fotos mit ihr machen k\u00f6nnen.         ZUR\u00dcCK ZU STRIPPERINNEN AUS MURCIA","robots":{"index":"index","follow":"follow","max-snippet":"max-snippet:-1","max-image-preview":"max-image-preview:large","max-video-preview":"max-video-preview:-1"},"canonical":"https:\/\/strippercollection.com\/de\/stripperinnen-murcia-sara\/","og_locale":"de_DE","og_type":"article","og_title":"Stripperinnen Murcia Sara","og_description":"SARA         SARA Sinnlich mit viel Energie und endlosem Spa\u00df f\u00fcr Ihre Gruppe. Die Dauer der Show der K\u00fcnstlerin betr\u00e4gt 15 bis 20 Minuten, nach dem Ende der Show bleibt die Stripperin in der Regel noch eine Weile bei Ihnen, damit Sie einige Fotos mit ihr machen k\u00f6nnen.         ZUR\u00dcCK ZU STRIPPERINNEN AUS MURCIA","og_url":"https:\/\/strippercollection.com\/de\/stripperinnen-murcia-sara\/","og_site_name":"Stripper Collection","article_publisher":"https:\/\/www.facebook.com\/profile.php?id=100090786345031","article_modified_time":"2024-05-26T08:46:41+00:00","og_image":[{"url":"https:\/\/strippercollection.com\/wp-content\/uploads\/elementor\/thumbs\/Sara-striper-despedidas-Alicante-qin7ua6h8a293vxsyakoxlmr2mtlyohm09gbitjurs.jpg","type":"","width":"","height":""}],"schema":{"@context":"https:\/\/schema.org","@graph":[{"@type":"WebPage","@id":"https:\/\/strippercollection.com\/de\/stripperinnen-murcia-sara\/","url":"https:\/\/strippercollection.com\/de\/stripperinnen-murcia-sara\/","name":"Stripperinnen Murcia Sara","isPartOf":{"@id":"https:\/\/strippercollection.com\/de\/#website"},"primaryImageOfPage":{"@id":"https:\/\/strippercollection.com\/de\/stripperinnen-murcia-sara\/#primaryimage"},"image":{"@id":"https:\/\/strippercollection.com\/de\/stripperinnen-murcia-sara\/#primaryimage"},"thumbnailUrl":"https:\/\/strippercollection.com\/wp-content\/uploads\/elementor\/thumbs\/Sara-striper-despedidas-Alicante-qin7ua6h8a293vxsyakoxlmr2mtlyohm09gbitjurs.jpg","datePublished":"2024-01-21T16:29:48+00:00","dateModified":"2024-05-26T08:46:41+00:00","description":"SARA SARA Sinnlich mit viel Energie und endlosem Spa\u00df f\u00fcr Ihre Gruppe. Die Dauer der Show der K\u00fcnstlerin betr\u00e4gt 15 bis 20 Minuten, nach dem Ende der Show bleibt die Stripperin in der Regel noch eine Weile bei Ihnen, damit Sie einige Fotos mit ihr machen k\u00f6nnen. ZUR\u00dcCK ZU STRIPPERINNEN AUS MURCIA","breadcrumb":{"@id":"https:\/\/strippercollection.com\/de\/stripperinnen-murcia-sara\/#breadcrumb"},"inLanguage":"de","potentialAction":[{"@type":"ReadAction","target":["https:\/\/strippercollection.com\/de\/stripperinnen-murcia-sara\/"]}]},{"@type":"ImageObject","inLanguage":"de","@id":"https:\/\/strippercollection.com\/de\/stripperinnen-murcia-sara\/#primaryimage","url":"https:\/\/strippercollection.com\/wp-content\/uploads\/elementor\/thumbs\/Sara-striper-despedidas-Alicante-qin7ua6h8a293vxsyakoxlmr2mtlyohm09gbitjurs.jpg","contentUrl":"https:\/\/strippercollection.com\/wp-content\/uploads\/elementor\/thumbs\/Sara-striper-despedidas-Alicante-qin7ua6h8a293vxsyakoxlmr2mtlyohm09gbitjurs.jpg"},{"@type":"BreadcrumbList","@id":"https:\/\/strippercollection.com\/de\/stripperinnen-murcia-sara\/#breadcrumb","itemListElement":[{"@type":"ListItem","position":1,"name":"Portada","item":"https:\/\/strippercollection.com\/de\/"},{"@type":"ListItem","position":2,"name":"Stripperinnen Murcia Sara"}]},{"@type":"WebSite","@id":"https:\/\/strippercollection.com\/de\/#website","url":"https:\/\/strippercollection.com\/de\/","name":"Stripper Collection","description":"Organizaci\u00f3n de despedidas de soltera\/o y eventos en toda Espa\u00f1a","publisher":{"@id":"https:\/\/strippercollection.com\/de\/#organization"},"potentialAction":[{"@type":"SearchAction","target":{"@type":"EntryPoint","urlTemplate":"https:\/\/strippercollection.com\/de\/?s={search_term_string}"},"query-input":{"@type":"PropertyValueSpecification","valueRequired":true,"valueName":"search_term_string"}}],"inLanguage":"de"},{"@type":"Organization","@id":"https:\/\/strippercollection.com\/de\/#organization","name":"Stripper Collection","url":"https:\/\/strippercollection.com\/de\/","logo":{"@type":"ImageObject","inLanguage":"de","@id":"https:\/\/strippercollection.com\/de\/#\/schema\/logo\/image\/","url":"https:\/\/strippercollection.com\/wp-content\/uploads\/2023\/04\/STRIPPER-COLLECTION-LOGO-WEB-TRANSPARENTE-EDIT.png","contentUrl":"https:\/\/strippercollection.com\/wp-content\/uploads\/2023\/04\/STRIPPER-COLLECTION-LOGO-WEB-TRANSPARENTE-EDIT.png","width":169,"height":151,"caption":"Stripper Collection"},"image":{"@id":"https:\/\/strippercollection.com\/de\/#\/schema\/logo\/image\/"},"sameAs":["https:\/\/www.facebook.com\/profile.php?id=100090786345031","https:\/\/www.instagram.com\/stripper_collection\/"]}]}},"_links":{"self":[{"href":"https:\/\/strippercollection.com\/de\/wp-json\/wp\/v2\/pages\/27325","targetHints":{"allow":["GET"]}}],"collection":[{"href":"https:\/\/strippercollection.com\/de\/wp-json\/wp\/v2\/pages"}],"about":[{"href":"https:\/\/strippercollection.com\/de\/wp-json\/wp\/v2\/types\/page"}],"author":[{"embeddable":true,"href":"https:\/\/strippercollection.com\/de\/wp-json\/wp\/v2\/users\/1"}],"replies":[{"embeddable":true,"href":"https:\/\/strippercollection.com\/de\/wp-json\/wp\/v2\/comments?post=27325"}],"version-history":[{"count":0,"href":"https:\/\/strippercollection.com\/de\/wp-json\/wp\/v2\/pages\/27325\/revisions"}],"wp:attachment":[{"href":"https:\/\/strippercollection.com\/de\/wp-json\/wp\/v2\/media?parent=27325"}],"curies":[{"name":"wp","href":"https:\/\/api.w.org\/{rel}","templated":true}]}}