{"id":17940,"date":"2023-07-01T16:19:45","date_gmt":"2023-07-01T16:19:45","guid":{"rendered":"https:\/\/strippercollection.com\/strippers-valencia-ivan-moreno\/"},"modified":"2025-11-06T12:34:29","modified_gmt":"2025-11-06T12:34:29","slug":"strippers-valencia-ivan-moreno","status":"publish","type":"page","link":"https:\/\/strippercollection.com\/de\/strippers-valencia-ivan-moreno\/","title":{"rendered":"STRIPPERS VALENCIA LEO"},"content":{"rendered":"\t\t<div data-elementor-type=\"wp-page\" data-elementor-id=\"17940\" class=\"elementor elementor-17940 elementor-16008\" data-elementor-post-type=\"page\">\n\t\t\t\t\t\t<section class=\"elementor-section elementor-top-section elementor-element elementor-element-5ef934d cabeceraweb elementor-section-boxed elementor-section-height-default elementor-section-height-default\" data-id=\"5ef934d\" data-element_type=\"section\" data-e-type=\"section\">\n\t\t\t\t\t\t<div class=\"elementor-container elementor-column-gap-default\">\n\t\t\t\t\t<div class=\"elementor-column elementor-col-100 elementor-top-column elementor-element elementor-element-d24c729\" data-id=\"d24c729\" data-element_type=\"column\" data-e-type=\"column\">\n\t\t\t<div class=\"elementor-widget-wrap elementor-element-populated\">\n\t\t\t\t\t\t<div class=\"elementor-element elementor-element-f30bd0d elementor-widget elementor-widget-heading\" data-id=\"f30bd0d\" data-element_type=\"widget\" data-e-type=\"widget\" data-widget_type=\"heading.default\">\n\t\t\t\t\t<h1 class=\"elementor-heading-title elementor-size-default\">LEO<\/h1>\t\t\t\t<\/div>\n\t\t\t\t\t<\/div>\n\t\t<\/div>\n\t\t\t\t\t<\/div>\n\t\t<\/section>\n\t\t\t\t<section class=\"elementor-section elementor-top-section elementor-element elementor-element-84d78a0 elementor-section-stretched elementor-section-boxed elementor-section-height-default elementor-section-height-default\" data-id=\"84d78a0\" data-element_type=\"section\" data-e-type=\"section\" data-settings=\"{&quot;stretch_section&quot;:&quot;section-stretched&quot;,&quot;background_background&quot;:&quot;classic&quot;}\">\n\t\t\t\t\t\t<div class=\"elementor-container elementor-column-gap-default\">\n\t\t\t\t\t<div class=\"elementor-column elementor-col-100 elementor-top-column elementor-element elementor-element-04d73e9\" data-id=\"04d73e9\" data-element_type=\"column\" data-e-type=\"column\">\n\t\t\t<div class=\"elementor-widget-wrap elementor-element-populated\">\n\t\t\t\t\t\t<div class=\"elementor-element elementor-element-e84a72d elementor-pagination-position-outside elementor-widget elementor-widget-image-carousel\" data-id=\"e84a72d\" data-element_type=\"widget\" data-e-type=\"widget\" data-settings=\"{&quot;slides_to_show&quot;:&quot;3&quot;,&quot;slides_to_scroll&quot;:&quot;3&quot;,&quot;navigation&quot;:&quot;dots&quot;,&quot;autoplay&quot;:&quot;no&quot;,&quot;slides_to_show_mobile&quot;:&quot;1&quot;,&quot;infinite&quot;:&quot;no&quot;,&quot;speed&quot;:500}\" data-widget_type=\"image-carousel.default\">\n\t\t\t\t\t\t\t<div class=\"elementor-image-carousel-wrapper swiper\" role=\"region\" aria-roledescription=\"carousel\" aria-label=\"Carrusel de im\u00e1genes\" dir=\"ltr\">\n\t\t\t<div class=\"elementor-image-carousel swiper-wrapper\" aria-live=\"polite\">\n\t\t\t\t\t\t\t\t<div class=\"swiper-slide\" role=\"group\" aria-roledescription=\"slide\" aria-label=\"1 von 6\"><a data-elementor-open-lightbox=\"yes\" data-elementor-lightbox-slideshow=\"e84a72d\" data-e-action-hash=\"#elementor-action%3Aaction%3Dlightbox%26settings%3DeyJpZCI6MTYwMjIsInVybCI6Imh0dHBzOlwvXC9zdHJpcHBlcmNvbGxlY3Rpb24uY29tXC93cC1jb250ZW50XC91cGxvYWRzXC8yMDIzXC8wN1wvQm95LWVuLVZhbGVuY2lhLXBhcmEtZGVzcGVkaWRhLWRlLXNvbHRlcmEuanBnIiwic2xpZGVzaG93IjoiZTg0YTcyZCJ9\" href=\"https:\/\/strippercollection.com\/wp-content\/uploads\/2023\/07\/Boy-en-Valencia-para-despedida-de-soltera.jpg\"><figure class=\"swiper-slide-inner\"><img decoding=\"async\" class=\"swiper-slide-image\" src=\"https:\/\/strippercollection.com\/wp-content\/uploads\/elementor\/thumbs\/Boy-en-Valencia-para-despedida-de-soltera-qgoapbdmzw51tcng4ep1rin69u4wkgdrtbcualtn60.jpg\" alt=\"Boy en Valencia despedida de soltera\" \/><\/figure><\/a><\/div><div class=\"swiper-slide\" role=\"group\" aria-roledescription=\"slide\" aria-label=\"2 von 6\"><a data-elementor-open-lightbox=\"yes\" data-elementor-lightbox-slideshow=\"e84a72d\" data-e-action-hash=\"#elementor-action%3Aaction%3Dlightbox%26settings%3DeyJpZCI6MTYwMTcsInVybCI6Imh0dHBzOlwvXC9zdHJpcHBlcmNvbGxlY3Rpb24uY29tXC93cC1jb250ZW50XC91cGxvYWRzXC8yMDIzXC8wN1wvQm95LWVuLVZhbGVuY2lhLWEtZG9taWNpbGlvLmpwZyIsInNsaWRlc2hvdyI6ImU4NGE3MmQifQ%3D%3D\" href=\"https:\/\/strippercollection.com\/wp-content\/uploads\/2023\/07\/Boy-en-Valencia-a-domicilio.jpg\"><figure class=\"swiper-slide-inner\"><img decoding=\"async\" class=\"swiper-slide-image\" src=\"https:\/\/strippercollection.com\/wp-content\/uploads\/elementor\/thumbs\/Boy-en-Valencia-a-domicilio-qgoap9hym82h64q6fdvsmj4932e6526b521vc1wfig.jpg\" alt=\"Boy en Valencia a domicilio\" \/><\/figure><\/a><\/div><div class=\"swiper-slide\" role=\"group\" aria-roledescription=\"slide\" aria-label=\"3 von 6\"><a data-elementor-open-lightbox=\"yes\" data-elementor-lightbox-slideshow=\"e84a72d\" data-e-action-hash=\"#elementor-action%3Aaction%3Dlightbox%26settings%3DeyJpZCI6MTYwMzQsInVybCI6Imh0dHBzOlwvXC9zdHJpcHBlcmNvbGxlY3Rpb24uY29tXC93cC1jb250ZW50XC91cGxvYWRzXC8yMDIzXC8wN1wvRXNwZWN0YWN1bG8tZGUtYm95LXN0cmlwZXItZW4tVmFsZW5jaWEuanBnIiwic2xpZGVzaG93IjoiZTg0YTcyZCJ9\" href=\"https:\/\/strippercollection.com\/wp-content\/uploads\/2023\/07\/Espectaculo-de-boy-striper-en-Valencia.jpg\"><figure class=\"swiper-slide-inner\"><img decoding=\"async\" class=\"swiper-slide-image\" src=\"https:\/\/strippercollection.com\/wp-content\/uploads\/elementor\/thumbs\/Espectaculo-de-boy-striper-en-Valencia-qgoaxhl4f1bsras3efv9xyeg7fushptr9rjti7pf2g.jpg\" alt=\"Espect\u00e1culo boy-striper Valencia\" \/><\/figure><\/a><\/div><div class=\"swiper-slide\" role=\"group\" aria-roledescription=\"slide\" aria-label=\"4 von 6\"><a data-elementor-open-lightbox=\"yes\" data-elementor-lightbox-slideshow=\"e84a72d\" data-e-action-hash=\"#elementor-action%3Aaction%3Dlightbox%26settings%3DeyJpZCI6MTYwMjYsInVybCI6Imh0dHBzOlwvXC9zdHJpcHBlcmNvbGxlY3Rpb24uY29tXC93cC1jb250ZW50XC91cGxvYWRzXC8yMDIzXC8wN1wvQm95LWVuLVZhbGVuY2lhLXBhcmEtZXZlbnRvcy5qcGciLCJzbGlkZXNob3ciOiJlODRhNzJkIn0%3D\" href=\"https:\/\/strippercollection.com\/wp-content\/uploads\/2023\/07\/Boy-en-Valencia-para-eventos.jpg\"><figure class=\"swiper-slide-inner\"><img decoding=\"async\" class=\"swiper-slide-image\" src=\"https:\/\/strippercollection.com\/wp-content\/uploads\/elementor\/thumbs\/Boy-en-Valencia-para-eventos-qgoapcbh6q6c4ym2yx3oc0emv809s5hi5g0brvs8zs.jpg\" alt=\"Boy en Valencia para eventos\" \/><\/figure><\/a><\/div><div class=\"swiper-slide\" role=\"group\" aria-roledescription=\"slide\" aria-label=\"5 von 6\"><a data-elementor-open-lightbox=\"yes\" data-elementor-lightbox-slideshow=\"e84a72d\" data-e-action-hash=\"#elementor-action%3Aaction%3Dlightbox%26settings%3DeyJpZCI6MTYwMzAsInVybCI6Imh0dHBzOlwvXC9zdHJpcHBlcmNvbGxlY3Rpb24uY29tXC93cC1jb250ZW50XC91cGxvYWRzXC8yMDIzXC8wN1wvQm95LWVuLVZhbGVuY2lhLmpwZyIsInNsaWRlc2hvdyI6ImU4NGE3MmQifQ%3D%3D\" href=\"https:\/\/strippercollection.com\/wp-content\/uploads\/2023\/07\/Boy-en-Valencia.jpg\"><figure class=\"swiper-slide-inner\"><img decoding=\"async\" class=\"swiper-slide-image\" src=\"https:\/\/strippercollection.com\/wp-content\/uploads\/elementor\/thumbs\/Boy-en-Valencia-qgoapf4zr8a73shzigbk1hp0ndmdf8sp5tys7po2h4.jpg\" alt=\"Boy en Valencia\" \/><\/figure><\/a><\/div><div class=\"swiper-slide\" role=\"group\" aria-roledescription=\"slide\" aria-label=\"6 von 6\"><a data-elementor-open-lightbox=\"yes\" data-elementor-lightbox-slideshow=\"e84a72d\" data-e-action-hash=\"#elementor-action%3Aaction%3Dlightbox%26settings%3DeyJpZCI6MTYwMTMsInVybCI6Imh0dHBzOlwvXC9zdHJpcHBlcmNvbGxlY3Rpb24uY29tXC93cC1jb250ZW50XC91cGxvYWRzXC8yMDIzXC8wN1wvQm95LWVuLVZhbGVuY2lhLXBhcmEtY3VtcGxlYW5vcy5qcGciLCJzbGlkZXNob3ciOiJlODRhNzJkIn0%3D\" href=\"https:\/\/strippercollection.com\/wp-content\/uploads\/2023\/07\/Boy-en-Valencia-para-cumpleanos.jpg\"><figure class=\"swiper-slide-inner\"><img decoding=\"async\" class=\"swiper-slide-image\" src=\"https:\/\/strippercollection.com\/wp-content\/uploads\/elementor\/thumbs\/Boy-en-Valencia-para-cumpleanos-qgoap8k4fe16uirjkvh621cshoisxd2ksxedurxtoo.jpg\" alt=\"Boy en Valencia para cumplea\u00f1os\" \/><\/figure><\/a><\/div>\t\t\t<\/div>\n\t\t\t\t\t\t\t\n\t\t\t\t\t\t\t\t\t<div class=\"swiper-pagination\"><\/div>\n\t\t\t\t\t\t\t\t\t<\/div>\n\t\t\t\t\t\t<\/div>\n\t\t\t\t\t<\/div>\n\t\t<\/div>\n\t\t\t\t\t<\/div>\n\t\t<\/section>\n\t\t\t\t<section class=\"elementor-section elementor-top-section elementor-element elementor-element-717d14f elementor-section-boxed elementor-section-height-default elementor-section-height-default\" data-id=\"717d14f\" data-element_type=\"section\" data-e-type=\"section\">\n\t\t\t\t\t\t<div class=\"elementor-container elementor-column-gap-default\">\n\t\t\t\t\t<div class=\"elementor-column elementor-col-100 elementor-top-column elementor-element elementor-element-5523af7\" data-id=\"5523af7\" data-element_type=\"column\" data-e-type=\"column\">\n\t\t\t<div class=\"elementor-widget-wrap elementor-element-populated\">\n\t\t\t\t\t\t<div class=\"elementor-element elementor-element-1a98947 elementor-widget elementor-widget-text-editor\" data-id=\"1a98947\" data-element_type=\"widget\" data-e-type=\"widget\" data-widget_type=\"text-editor.default\">\n\t\t\t\t\t\t\t\t\t<h2><span style=\"text-decoration: underline;\"><span style=\"color: #000000; text-decoration: underline;\">LEO<\/span><\/span><\/h2>\n<h4><span style=\"color: #000000;\">Die Show des K\u00fcnstlers dauert 15 bis 20 Minuten. Nach der Show bleibt der stripper in der Regel noch eine Weile bei Ihnen, damit Sie ein paar Fotos mit ihm machen k\u00f6nnen.<\/span><\/h4>\n<h2><span style=\"color: #000000;\"><u>UMKLEIDER\u00c4UME ZEIGEN<\/u><\/span><\/h2>\n<h4><span style=\"color: #000000;\">POLIZEI<\/span><\/h4>\n<h4><span style=\"color: #000000;\">FEUERWEHR<\/span><\/h4>\n<h4>MECHANIC<\/h4>\n<h4>GEHEIMAGENT 007<\/h4>\n<h4>DOCTOR<\/h4>\n<h4 style=\"text-align: center;\"> <\/h4>\n\t\t\t\t\t\t\t\t<\/div>\n\t\t\t\t\t<\/div>\n\t\t<\/div>\n\t\t\t\t\t<\/div>\n\t\t<\/section>\n\t\t\t\t<section class=\"elementor-section elementor-top-section elementor-element elementor-element-f61ea85 elementor-section-boxed elementor-section-height-default elementor-section-height-default\" data-id=\"f61ea85\" data-element_type=\"section\" data-e-type=\"section\">\n\t\t\t\t\t\t<div class=\"elementor-container elementor-column-gap-default\">\n\t\t\t\t\t<div class=\"elementor-column elementor-col-100 elementor-top-column elementor-element elementor-element-6fc5d6b\" data-id=\"6fc5d6b\" data-element_type=\"column\" data-e-type=\"column\">\n\t\t\t<div class=\"elementor-widget-wrap elementor-element-populated\">\n\t\t\t\t\t\t<div class=\"elementor-element elementor-element-9318bc1 elementor-align-center elementor-widget elementor-widget-button\" data-id=\"9318bc1\" data-element_type=\"widget\" data-e-type=\"widget\" data-widget_type=\"button.default\">\n\t\t\t\t\t\t\t\t\t\t<a class=\"elementor-button elementor-button-link elementor-size-md\" href=\"https:\/\/strippercollection.com\/de\/buchung-von-kuenstlern-oder-dienstleistungen\/\">\n\t\t\t\t\t\t<span class=\"elementor-button-content-wrapper\">\n\t\t\t\t\t\t\t\t\t<span class=\"elementor-button-text\">KLICKEN SIE HIER UM ZU BUCHEN<\/span>\n\t\t\t\t\t<\/span>\n\t\t\t\t\t<\/a>\n\t\t\t\t\t\t\t\t<\/div>\n\t\t\t\t\t<\/div>\n\t\t<\/div>\n\t\t\t\t\t<\/div>\n\t\t<\/section>\n\t\t\t\t<section class=\"elementor-section elementor-top-section elementor-element elementor-element-037d6dd elementor-section-boxed elementor-section-height-default elementor-section-height-default\" data-id=\"037d6dd\" data-element_type=\"section\" data-e-type=\"section\" data-settings=\"{&quot;background_background&quot;:&quot;classic&quot;}\">\n\t\t\t\t\t\t<div class=\"elementor-container elementor-column-gap-default\">\n\t\t\t\t\t<div class=\"elementor-column elementor-col-100 elementor-top-column elementor-element elementor-element-c8d7bfb\" data-id=\"c8d7bfb\" data-element_type=\"column\" data-e-type=\"column\">\n\t\t\t<div class=\"elementor-widget-wrap elementor-element-populated\">\n\t\t\t\t\t\t<div class=\"elementor-element elementor-element-77e92b7 elementor-align-center elementor-widget elementor-widget-button\" data-id=\"77e92b7\" data-element_type=\"widget\" data-e-type=\"widget\" data-widget_type=\"button.default\">\n\t\t\t\t\t\t\t\t\t\t<a class=\"elementor-button elementor-button-link elementor-size-md\" href=\"https:\/\/strippercollection.com\/de\/strippers-valencia\/\">\n\t\t\t\t\t\t<span class=\"elementor-button-content-wrapper\">\n\t\t\t\t\t\t\t\t\t<span class=\"elementor-button-text\">ZUR\u00dcCK ZU STRIPPERS VALENCIA<\/span>\n\t\t\t\t\t<\/span>\n\t\t\t\t\t<\/a>\n\t\t\t\t\t\t\t\t<\/div>\n\t\t\t\t\t<\/div>\n\t\t<\/div>\n\t\t\t\t\t<\/div>\n\t\t<\/section>\n\t\t\t\t<\/div>\n\t\t","protected":false},"excerpt":{"rendered":"<p>LEO LEO Die Show des K\u00fcnstlers dauert 15 bis 20 Minuten. Nach der Show bleibt der stripper in der Regel noch eine Weile bei Ihnen, damit Sie ein paar Fotos mit ihm machen k\u00f6nnen. UMKLEIDER\u00c4UME ZEIGEN POLIZEI FEUERWEHR MECHANIC GEHEIMAGENT 007 DOCTOR KLICKEN SIE HIER UM ZU BUCHEN ZUR\u00dcCK ZU STRIPPERS VALENCIA<\/p>\n","protected":false},"author":1,"featured_media":0,"parent":0,"menu_order":0,"comment_status":"closed","ping_status":"closed","template":"elementor_header_footer","meta":{"_monsterinsights_skip_tracking":false,"_monsterinsights_sitenote_active":false,"_monsterinsights_sitenote_note":"","_monsterinsights_sitenote_category":0,"footnotes":""},"class_list":["post-17940","page","type-page","status-publish"],"yoast_head":"<!-- This site is optimized with the Yoast SEO plugin v27.3 - https:\/\/yoast.com\/product\/yoast-seo-wordpress\/ -->\n<title>Strippers Valencia Leo| Stripper Collection<\/title>\n<meta name=\"description\" content=\"LEO            LEO Die Show des K\u00fcnstlers dauert 15 bis 20 Minuten. Nach der Show bleibt der stripper in der Regel noch eine Weile bei Ihnen, damit Sie ein paar Fotos mit ihm machen k\u00f6nnen. UMKLEIDER\u00c4UME ZEIGEN POLIZEI FEUERWEHR MECHANIC GEHEIMAGENT 007 DOCTOR           KLICKEN SIE HIER UM ZU BUCHEN                ZUR\u00dcCK ZU STRIPPERS VALENCIA\" \/>\n<meta name=\"robots\" content=\"index, follow, max-snippet:-1, max-image-preview:large, max-video-preview:-1\" \/>\n<link rel=\"canonical\" href=\"https:\/\/strippercollection.com\/de\/strippers-valencia-ivan-moreno\/\" \/>\n<meta property=\"og:locale\" content=\"de_DE\" \/>\n<meta property=\"og:type\" content=\"article\" \/>\n<meta property=\"og:title\" content=\"Strippers Valencia Leo| Stripper Collection\" \/>\n<meta property=\"og:description\" content=\"LEO            LEO Die Show des K\u00fcnstlers dauert 15 bis 20 Minuten. Nach der Show bleibt der stripper in der Regel noch eine Weile bei Ihnen, damit Sie ein paar Fotos mit ihm machen k\u00f6nnen. UMKLEIDER\u00c4UME ZEIGEN POLIZEI FEUERWEHR MECHANIC GEHEIMAGENT 007 DOCTOR           KLICKEN SIE HIER UM ZU BUCHEN                ZUR\u00dcCK ZU STRIPPERS VALENCIA\" \/>\n<meta property=\"og:url\" content=\"https:\/\/strippercollection.com\/de\/strippers-valencia-ivan-moreno\/\" \/>\n<meta property=\"og:site_name\" content=\"Stripper Collection\" \/>\n<meta property=\"article:publisher\" content=\"https:\/\/www.facebook.com\/profile.php?id=100090786345031\" \/>\n<meta property=\"article:modified_time\" content=\"2025-11-06T12:34:29+00:00\" \/>\n<meta property=\"og:image\" content=\"https:\/\/strippercollection.com\/wp-content\/uploads\/elementor\/thumbs\/Boy-en-Valencia-para-despedida-de-soltera-qgoapbdmzw51tcng4ep1rin69u4wkgdrtbcualtn60.jpg\" \/>\n<script type=\"application\/ld+json\" class=\"yoast-schema-graph\">{\"@context\":\"https:\\\/\\\/schema.org\",\"@graph\":[{\"@type\":\"WebPage\",\"@id\":\"https:\\\/\\\/strippercollection.com\\\/de\\\/strippers-valencia-ivan-moreno\\\/\",\"url\":\"https:\\\/\\\/strippercollection.com\\\/de\\\/strippers-valencia-ivan-moreno\\\/\",\"name\":\"Strippers Valencia Leo| Stripper Collection\",\"isPartOf\":{\"@id\":\"https:\\\/\\\/strippercollection.com\\\/de\\\/#website\"},\"primaryImageOfPage\":{\"@id\":\"https:\\\/\\\/strippercollection.com\\\/de\\\/strippers-valencia-ivan-moreno\\\/#primaryimage\"},\"image\":{\"@id\":\"https:\\\/\\\/strippercollection.com\\\/de\\\/strippers-valencia-ivan-moreno\\\/#primaryimage\"},\"thumbnailUrl\":\"https:\\\/\\\/strippercollection.com\\\/wp-content\\\/uploads\\\/elementor\\\/thumbs\\\/Boy-en-Valencia-para-despedida-de-soltera-qgoapbdmzw51tcng4ep1rin69u4wkgdrtbcualtn60.jpg\",\"datePublished\":\"2023-07-01T16:19:45+00:00\",\"dateModified\":\"2025-11-06T12:34:29+00:00\",\"description\":\"LEO LEO Die Show des K\u00fcnstlers dauert 15 bis 20 Minuten. Nach der Show bleibt der stripper in der Regel noch eine Weile bei Ihnen, damit Sie ein paar Fotos mit ihm machen k\u00f6nnen. UMKLEIDER\u00c4UME ZEIGEN POLIZEI FEUERWEHR MECHANIC GEHEIMAGENT 007 DOCTOR KLICKEN SIE HIER UM ZU BUCHEN ZUR\u00dcCK ZU STRIPPERS VALENCIA\",\"breadcrumb\":{\"@id\":\"https:\\\/\\\/strippercollection.com\\\/de\\\/strippers-valencia-ivan-moreno\\\/#breadcrumb\"},\"inLanguage\":\"de\",\"potentialAction\":[{\"@type\":\"ReadAction\",\"target\":[\"https:\\\/\\\/strippercollection.com\\\/de\\\/strippers-valencia-ivan-moreno\\\/\"]}]},{\"@type\":\"ImageObject\",\"inLanguage\":\"de\",\"@id\":\"https:\\\/\\\/strippercollection.com\\\/de\\\/strippers-valencia-ivan-moreno\\\/#primaryimage\",\"url\":\"https:\\\/\\\/strippercollection.com\\\/wp-content\\\/uploads\\\/elementor\\\/thumbs\\\/Boy-en-Valencia-para-despedida-de-soltera-qgoapbdmzw51tcng4ep1rin69u4wkgdrtbcualtn60.jpg\",\"contentUrl\":\"https:\\\/\\\/strippercollection.com\\\/wp-content\\\/uploads\\\/elementor\\\/thumbs\\\/Boy-en-Valencia-para-despedida-de-soltera-qgoapbdmzw51tcng4ep1rin69u4wkgdrtbcualtn60.jpg\"},{\"@type\":\"BreadcrumbList\",\"@id\":\"https:\\\/\\\/strippercollection.com\\\/de\\\/strippers-valencia-ivan-moreno\\\/#breadcrumb\",\"itemListElement\":[{\"@type\":\"ListItem\",\"position\":1,\"name\":\"Portada\",\"item\":\"https:\\\/\\\/strippercollection.com\\\/de\\\/\"},{\"@type\":\"ListItem\",\"position\":2,\"name\":\"STRIPPERS VALENCIA LEO\"}]},{\"@type\":\"WebSite\",\"@id\":\"https:\\\/\\\/strippercollection.com\\\/de\\\/#website\",\"url\":\"https:\\\/\\\/strippercollection.com\\\/de\\\/\",\"name\":\"Stripper Collection\",\"description\":\"Organizaci\u00f3n de despedidas de soltera\\\/o y eventos en toda Espa\u00f1a\",\"publisher\":{\"@id\":\"https:\\\/\\\/strippercollection.com\\\/de\\\/#organization\"},\"potentialAction\":[{\"@type\":\"SearchAction\",\"target\":{\"@type\":\"EntryPoint\",\"urlTemplate\":\"https:\\\/\\\/strippercollection.com\\\/de\\\/?s={search_term_string}\"},\"query-input\":{\"@type\":\"PropertyValueSpecification\",\"valueRequired\":true,\"valueName\":\"search_term_string\"}}],\"inLanguage\":\"de\"},{\"@type\":\"Organization\",\"@id\":\"https:\\\/\\\/strippercollection.com\\\/de\\\/#organization\",\"name\":\"Stripper Collection\",\"url\":\"https:\\\/\\\/strippercollection.com\\\/de\\\/\",\"logo\":{\"@type\":\"ImageObject\",\"inLanguage\":\"de\",\"@id\":\"https:\\\/\\\/strippercollection.com\\\/de\\\/#\\\/schema\\\/logo\\\/image\\\/\",\"url\":\"https:\\\/\\\/strippercollection.com\\\/wp-content\\\/uploads\\\/2023\\\/04\\\/STRIPPER-COLLECTION-LOGO-WEB-TRANSPARENTE-EDIT.png\",\"contentUrl\":\"https:\\\/\\\/strippercollection.com\\\/wp-content\\\/uploads\\\/2023\\\/04\\\/STRIPPER-COLLECTION-LOGO-WEB-TRANSPARENTE-EDIT.png\",\"width\":169,\"height\":151,\"caption\":\"Stripper Collection\"},\"image\":{\"@id\":\"https:\\\/\\\/strippercollection.com\\\/de\\\/#\\\/schema\\\/logo\\\/image\\\/\"},\"sameAs\":[\"https:\\\/\\\/www.facebook.com\\\/profile.php?id=100090786345031\",\"https:\\\/\\\/www.instagram.com\\\/stripper_collection\\\/\"]}]}<\/script>\n<!-- \/ Yoast SEO plugin. -->","yoast_head_json":{"title":"Strippers Valencia Leo| Stripper Collection","description":"LEO            LEO Die Show des K\u00fcnstlers dauert 15 bis 20 Minuten. Nach der Show bleibt der stripper in der Regel noch eine Weile bei Ihnen, damit Sie ein paar Fotos mit ihm machen k\u00f6nnen. UMKLEIDER\u00c4UME ZEIGEN POLIZEI FEUERWEHR MECHANIC GEHEIMAGENT 007 DOCTOR           KLICKEN SIE HIER UM ZU BUCHEN                ZUR\u00dcCK ZU STRIPPERS VALENCIA","robots":{"index":"index","follow":"follow","max-snippet":"max-snippet:-1","max-image-preview":"max-image-preview:large","max-video-preview":"max-video-preview:-1"},"canonical":"https:\/\/strippercollection.com\/de\/strippers-valencia-ivan-moreno\/","og_locale":"de_DE","og_type":"article","og_title":"Strippers Valencia Leo| Stripper Collection","og_description":"LEO            LEO Die Show des K\u00fcnstlers dauert 15 bis 20 Minuten. Nach der Show bleibt der stripper in der Regel noch eine Weile bei Ihnen, damit Sie ein paar Fotos mit ihm machen k\u00f6nnen. UMKLEIDER\u00c4UME ZEIGEN POLIZEI FEUERWEHR MECHANIC GEHEIMAGENT 007 DOCTOR           KLICKEN SIE HIER UM ZU BUCHEN                ZUR\u00dcCK ZU STRIPPERS VALENCIA","og_url":"https:\/\/strippercollection.com\/de\/strippers-valencia-ivan-moreno\/","og_site_name":"Stripper Collection","article_publisher":"https:\/\/www.facebook.com\/profile.php?id=100090786345031","article_modified_time":"2025-11-06T12:34:29+00:00","og_image":[{"url":"https:\/\/strippercollection.com\/wp-content\/uploads\/elementor\/thumbs\/Boy-en-Valencia-para-despedida-de-soltera-qgoapbdmzw51tcng4ep1rin69u4wkgdrtbcualtn60.jpg","type":"","width":"","height":""}],"schema":{"@context":"https:\/\/schema.org","@graph":[{"@type":"WebPage","@id":"https:\/\/strippercollection.com\/de\/strippers-valencia-ivan-moreno\/","url":"https:\/\/strippercollection.com\/de\/strippers-valencia-ivan-moreno\/","name":"Strippers Valencia Leo| Stripper Collection","isPartOf":{"@id":"https:\/\/strippercollection.com\/de\/#website"},"primaryImageOfPage":{"@id":"https:\/\/strippercollection.com\/de\/strippers-valencia-ivan-moreno\/#primaryimage"},"image":{"@id":"https:\/\/strippercollection.com\/de\/strippers-valencia-ivan-moreno\/#primaryimage"},"thumbnailUrl":"https:\/\/strippercollection.com\/wp-content\/uploads\/elementor\/thumbs\/Boy-en-Valencia-para-despedida-de-soltera-qgoapbdmzw51tcng4ep1rin69u4wkgdrtbcualtn60.jpg","datePublished":"2023-07-01T16:19:45+00:00","dateModified":"2025-11-06T12:34:29+00:00","description":"LEO LEO Die Show des K\u00fcnstlers dauert 15 bis 20 Minuten. Nach der Show bleibt der stripper in der Regel noch eine Weile bei Ihnen, damit Sie ein paar Fotos mit ihm machen k\u00f6nnen. UMKLEIDER\u00c4UME ZEIGEN POLIZEI FEUERWEHR MECHANIC GEHEIMAGENT 007 DOCTOR KLICKEN SIE HIER UM ZU BUCHEN ZUR\u00dcCK ZU STRIPPERS VALENCIA","breadcrumb":{"@id":"https:\/\/strippercollection.com\/de\/strippers-valencia-ivan-moreno\/#breadcrumb"},"inLanguage":"de","potentialAction":[{"@type":"ReadAction","target":["https:\/\/strippercollection.com\/de\/strippers-valencia-ivan-moreno\/"]}]},{"@type":"ImageObject","inLanguage":"de","@id":"https:\/\/strippercollection.com\/de\/strippers-valencia-ivan-moreno\/#primaryimage","url":"https:\/\/strippercollection.com\/wp-content\/uploads\/elementor\/thumbs\/Boy-en-Valencia-para-despedida-de-soltera-qgoapbdmzw51tcng4ep1rin69u4wkgdrtbcualtn60.jpg","contentUrl":"https:\/\/strippercollection.com\/wp-content\/uploads\/elementor\/thumbs\/Boy-en-Valencia-para-despedida-de-soltera-qgoapbdmzw51tcng4ep1rin69u4wkgdrtbcualtn60.jpg"},{"@type":"BreadcrumbList","@id":"https:\/\/strippercollection.com\/de\/strippers-valencia-ivan-moreno\/#breadcrumb","itemListElement":[{"@type":"ListItem","position":1,"name":"Portada","item":"https:\/\/strippercollection.com\/de\/"},{"@type":"ListItem","position":2,"name":"STRIPPERS VALENCIA LEO"}]},{"@type":"WebSite","@id":"https:\/\/strippercollection.com\/de\/#website","url":"https:\/\/strippercollection.com\/de\/","name":"Stripper Collection","description":"Organizaci\u00f3n de despedidas de soltera\/o y eventos en toda Espa\u00f1a","publisher":{"@id":"https:\/\/strippercollection.com\/de\/#organization"},"potentialAction":[{"@type":"SearchAction","target":{"@type":"EntryPoint","urlTemplate":"https:\/\/strippercollection.com\/de\/?s={search_term_string}"},"query-input":{"@type":"PropertyValueSpecification","valueRequired":true,"valueName":"search_term_string"}}],"inLanguage":"de"},{"@type":"Organization","@id":"https:\/\/strippercollection.com\/de\/#organization","name":"Stripper Collection","url":"https:\/\/strippercollection.com\/de\/","logo":{"@type":"ImageObject","inLanguage":"de","@id":"https:\/\/strippercollection.com\/de\/#\/schema\/logo\/image\/","url":"https:\/\/strippercollection.com\/wp-content\/uploads\/2023\/04\/STRIPPER-COLLECTION-LOGO-WEB-TRANSPARENTE-EDIT.png","contentUrl":"https:\/\/strippercollection.com\/wp-content\/uploads\/2023\/04\/STRIPPER-COLLECTION-LOGO-WEB-TRANSPARENTE-EDIT.png","width":169,"height":151,"caption":"Stripper Collection"},"image":{"@id":"https:\/\/strippercollection.com\/de\/#\/schema\/logo\/image\/"},"sameAs":["https:\/\/www.facebook.com\/profile.php?id=100090786345031","https:\/\/www.instagram.com\/stripper_collection\/"]}]}},"_links":{"self":[{"href":"https:\/\/strippercollection.com\/de\/wp-json\/wp\/v2\/pages\/17940","targetHints":{"allow":["GET"]}}],"collection":[{"href":"https:\/\/strippercollection.com\/de\/wp-json\/wp\/v2\/pages"}],"about":[{"href":"https:\/\/strippercollection.com\/de\/wp-json\/wp\/v2\/types\/page"}],"author":[{"embeddable":true,"href":"https:\/\/strippercollection.com\/de\/wp-json\/wp\/v2\/users\/1"}],"replies":[{"embeddable":true,"href":"https:\/\/strippercollection.com\/de\/wp-json\/wp\/v2\/comments?post=17940"}],"version-history":[{"count":3,"href":"https:\/\/strippercollection.com\/de\/wp-json\/wp\/v2\/pages\/17940\/revisions"}],"predecessor-version":[{"id":39544,"href":"https:\/\/strippercollection.com\/de\/wp-json\/wp\/v2\/pages\/17940\/revisions\/39544"}],"wp:attachment":[{"href":"https:\/\/strippercollection.com\/de\/wp-json\/wp\/v2\/media?parent=17940"}],"curies":[{"name":"wp","href":"https:\/\/api.w.org\/{rel}","templated":true}]}}