{"id":17926,"date":"2023-05-23T22:07:40","date_gmt":"2023-05-23T22:07:40","guid":{"rendered":"https:\/\/strippercollection.com\/strippers-tarragona-emilio-elmano\/"},"modified":"2025-11-06T11:59:53","modified_gmt":"2025-11-06T11:59:53","slug":"strippers-tarragona-emilio-elmano","status":"publish","type":"page","link":"https:\/\/strippercollection.com\/de\/strippers-tarragona-emilio-elmano\/","title":{"rendered":"STRIPPERS TARRAGONA EMILIO ELMA\u00d1O"},"content":{"rendered":"\t\t<div data-elementor-type=\"wp-page\" data-elementor-id=\"17926\" class=\"elementor elementor-17926 elementor-11251\" data-elementor-post-type=\"page\">\n\t\t\t\t\t\t<section class=\"elementor-section elementor-top-section elementor-element elementor-element-78669b0 cabeceraweb elementor-section-boxed elementor-section-height-default elementor-section-height-default\" data-id=\"78669b0\" data-element_type=\"section\" data-e-type=\"section\">\n\t\t\t\t\t\t<div class=\"elementor-container elementor-column-gap-default\">\n\t\t\t\t\t<div class=\"elementor-column elementor-col-100 elementor-top-column elementor-element elementor-element-739225f\" data-id=\"739225f\" data-element_type=\"column\" data-e-type=\"column\">\n\t\t\t<div class=\"elementor-widget-wrap elementor-element-populated\">\n\t\t\t\t\t\t<div class=\"elementor-element elementor-element-0447c51 elementor-widget elementor-widget-heading\" data-id=\"0447c51\" data-element_type=\"widget\" data-e-type=\"widget\" data-widget_type=\"heading.default\">\n\t\t\t\t\t<h1 class=\"elementor-heading-title elementor-size-default\">EMILIO ELMA\u00d1O<\/h1>\t\t\t\t<\/div>\n\t\t\t\t\t<\/div>\n\t\t<\/div>\n\t\t\t\t\t<\/div>\n\t\t<\/section>\n\t\t\t\t<section class=\"elementor-section elementor-top-section elementor-element elementor-element-4914c5d elementor-section-stretched elementor-section-boxed elementor-section-height-default elementor-section-height-default\" data-id=\"4914c5d\" data-element_type=\"section\" data-e-type=\"section\" data-settings=\"{&quot;stretch_section&quot;:&quot;section-stretched&quot;,&quot;background_background&quot;:&quot;classic&quot;}\">\n\t\t\t\t\t\t<div class=\"elementor-container elementor-column-gap-default\">\n\t\t\t\t\t<div class=\"elementor-column elementor-col-100 elementor-top-column elementor-element elementor-element-4702d02\" data-id=\"4702d02\" data-element_type=\"column\" data-e-type=\"column\">\n\t\t\t<div class=\"elementor-widget-wrap elementor-element-populated\">\n\t\t\t\t\t\t<div class=\"elementor-element elementor-element-05e72a1 elementor-pagination-position-outside elementor-widget elementor-widget-image-carousel\" data-id=\"05e72a1\" data-element_type=\"widget\" data-e-type=\"widget\" data-settings=\"{&quot;slides_to_show&quot;:&quot;3&quot;,&quot;slides_to_scroll&quot;:&quot;3&quot;,&quot;navigation&quot;:&quot;dots&quot;,&quot;autoplay&quot;:&quot;no&quot;,&quot;slides_to_show_mobile&quot;:&quot;1&quot;,&quot;infinite&quot;:&quot;no&quot;,&quot;speed&quot;:500}\" data-widget_type=\"image-carousel.default\">\n\t\t\t\t\t\t\t<div class=\"elementor-image-carousel-wrapper swiper\" role=\"region\" aria-roledescription=\"carousel\" aria-label=\"Bild Karussell\" dir=\"ltr\">\n\t\t\t<div class=\"elementor-image-carousel swiper-wrapper\" aria-live=\"polite\">\n\t\t\t\t\t\t\t\t<div class=\"swiper-slide\" role=\"group\" aria-roledescription=\"slide\" aria-label=\"1 von 4\"><a data-elementor-open-lightbox=\"yes\" data-elementor-lightbox-slideshow=\"05e72a1\" data-e-action-hash=\"#elementor-action%3Aaction%3Dlightbox%26settings%3DeyJpZCI6MTM0MDUsInVybCI6Imh0dHBzOlwvXC9zdHJpcHBlcmNvbGxlY3Rpb24uY29tXC93cC1jb250ZW50XC91cGxvYWRzXC8yMDIzXC8wM1wvRW1pbGlvLWRlc3BlZGlkYS1zb2x0ZXJhLUJhcmNlbG9uYS5qcGciLCJzbGlkZXNob3ciOiIwNWU3MmExIn0%3D\" href=\"https:\/\/strippercollection.com\/wp-content\/uploads\/2023\/03\/Emilio-despedida-soltera-Barcelona.jpg\"><figure class=\"swiper-slide-inner\"><img decoding=\"async\" class=\"swiper-slide-image\" src=\"https:\/\/strippercollection.com\/wp-content\/uploads\/elementor\/thumbs\/Emilio-despedida-soltera-Barcelona-qy4qqjxh05ne1wg96hkht1vlhmndnox31yioka3hxk.jpg\" alt=\"Emilio despedida soltera Barcelona\" \/><\/figure><\/a><\/div><div class=\"swiper-slide\" role=\"group\" aria-roledescription=\"slide\" aria-label=\"2 von 4\"><a data-elementor-open-lightbox=\"yes\" data-elementor-lightbox-slideshow=\"05e72a1\" data-e-action-hash=\"#elementor-action%3Aaction%3Dlightbox%26settings%3DeyJpZCI6MTM0MDksInVybCI6Imh0dHBzOlwvXC9zdHJpcHBlcmNvbGxlY3Rpb24uY29tXC93cC1jb250ZW50XC91cGxvYWRzXC8yMDIzXC8wM1wvRW1pbGlvLWRlc3BlZGlkYXMtQmFyY2Vsb25hLWUxNjgwMjY1MjA2NTA5LmpwZyIsInNsaWRlc2hvdyI6IjA1ZTcyYTEifQ%3D%3D\" href=\"https:\/\/strippercollection.com\/wp-content\/uploads\/2023\/03\/Emilio-despedidas-Barcelona-e1680265206509.jpg\"><figure class=\"swiper-slide-inner\"><img decoding=\"async\" class=\"swiper-slide-image\" src=\"https:\/\/strippercollection.com\/wp-content\/uploads\/elementor\/thumbs\/Emilio-despedidas-Barcelona-e1680265206509-qy4qqomnybttny9ff1lmniowgk07q6fqqls3ynwj2g.jpg\" alt=\"Boy para despedida soltera en Barcelona Emilio\" \/><\/figure><\/a><\/div><div class=\"swiper-slide\" role=\"group\" aria-roledescription=\"slide\" aria-label=\"3 von 4\"><a data-elementor-open-lightbox=\"yes\" data-elementor-lightbox-slideshow=\"05e72a1\" data-e-action-hash=\"#elementor-action%3Aaction%3Dlightbox%26settings%3DeyJpZCI6MTM0MTMsInVybCI6Imh0dHBzOlwvXC9zdHJpcHBlcmNvbGxlY3Rpb24uY29tXC93cC1jb250ZW50XC91cGxvYWRzXC8yMDIzXC8wM1wvRW1pbGlvLWRlc3BlZGlkYXMteS1ldmVudG9zLUJhcmNlbG9uYS5qcGciLCJzbGlkZXNob3ciOiIwNWU3MmExIn0%3D\" href=\"https:\/\/strippercollection.com\/wp-content\/uploads\/2023\/03\/Emilio-despedidas-y-eventos-Barcelona.jpg\"><figure class=\"swiper-slide-inner\"><img decoding=\"async\" class=\"swiper-slide-image\" src=\"https:\/\/strippercollection.com\/wp-content\/uploads\/elementor\/thumbs\/Emilio-despedidas-y-eventos-Barcelona-qy4qqu9p3c1jlm18i41e2h9o0v8f0d24rdp0ubo614.jpg\" alt=\"Emilio despedidas y eventos Barcelona\" \/><\/figure><\/a><\/div><div class=\"swiper-slide\" role=\"group\" aria-roledescription=\"slide\" aria-label=\"4 von 4\"><a data-elementor-open-lightbox=\"yes\" data-elementor-lightbox-slideshow=\"05e72a1\" data-e-action-hash=\"#elementor-action%3Aaction%3Dlightbox%26settings%3DeyJpZCI6MTM0MDEsInVybCI6Imh0dHBzOlwvXC9zdHJpcHBlcmNvbGxlY3Rpb24uY29tXC93cC1jb250ZW50XC91cGxvYWRzXC8yMDIzXC8wM1wvRW1pbGlvLUJveS1CYXJjZWxvbmEuanBnIiwic2xpZGVzaG93IjoiMDVlNzJhMSJ9\" href=\"https:\/\/strippercollection.com\/wp-content\/uploads\/2023\/03\/Emilio-Boy-Barcelona.jpg\"><figure class=\"swiper-slide-inner\"><img decoding=\"async\" class=\"swiper-slide-image\" src=\"https:\/\/strippercollection.com\/wp-content\/uploads\/elementor\/thumbs\/Emilio-Boy-Barcelona-qy4qqdclobedsmpt8wq3tljdbxjt5t6yp1ya7cd954.jpg\" alt=\"Emilio Boy Barcelona\" \/><\/figure><\/a><\/div>\t\t\t<\/div>\n\t\t\t\t\t\t\t\n\t\t\t\t\t\t\t\t\t<div class=\"swiper-pagination\"><\/div>\n\t\t\t\t\t\t\t\t\t<\/div>\n\t\t\t\t\t\t<\/div>\n\t\t\t\t\t<\/div>\n\t\t<\/div>\n\t\t\t\t\t<\/div>\n\t\t<\/section>\n\t\t\t\t<section class=\"elementor-section elementor-top-section elementor-element elementor-element-ab74893 elementor-section-boxed elementor-section-height-default elementor-section-height-default\" data-id=\"ab74893\" data-element_type=\"section\" data-e-type=\"section\">\n\t\t\t\t\t\t<div class=\"elementor-container elementor-column-gap-default\">\n\t\t\t\t\t<div class=\"elementor-column elementor-col-100 elementor-top-column elementor-element elementor-element-5ceaa38\" data-id=\"5ceaa38\" data-element_type=\"column\" data-e-type=\"column\">\n\t\t\t<div class=\"elementor-widget-wrap elementor-element-populated\">\n\t\t\t\t\t\t<div class=\"elementor-element elementor-element-4752816 elementor-widget elementor-widget-text-editor\" data-id=\"4752816\" data-element_type=\"widget\" data-e-type=\"widget\" data-widget_type=\"text-editor.default\">\n\t\t\t\t\t\t\t\t\t<h2><span style=\"color: #000000;\">EMILIO ELMA\u00d1O<\/span><\/h2><h4><span style=\"color: #000000;\"> Emilio Elma\u00f1o wird Sie alle mit seiner Sympathie und seinem Spa\u00df begeistern.<\/span><\/h4><h4><span style=\"color: #000000;\">Eine professionelle, lustige UND erotische Show&#8230;<\/span><\/h4><h4><span style=\"color: #000000;\">Die Show des K\u00fcnstlers dauert 15 bis 20 Minuten. Nach der Show bleibt der stripper in der Regel noch eine Weile bei Ihnen, damit Sie ein paar Fotos mit ihm machen k\u00f6nnen.<\/span><\/h4><h2><span style=\"color: #000000;\"><u>UMKLEIDER\u00c4UME ZEIGEN<\/u><\/span><\/h2><h4><span style=\"color: #000000;\">SHERIFF<\/span><\/h4><h4><span style=\"color: #000000;\">FEUERWEHR<\/span><\/h4><h4><span style=\"color: #000000;\">GENTLEMAN<\/span><\/h4><h4>MILIT\u00c4R<\/h4><p>\u00a0<\/p><p>\u00a0<\/p>\t\t\t\t\t\t\t\t<\/div>\n\t\t\t\t\t<\/div>\n\t\t<\/div>\n\t\t\t\t\t<\/div>\n\t\t<\/section>\n\t\t\t\t<section class=\"elementor-section elementor-top-section elementor-element elementor-element-047b70a elementor-section-boxed elementor-section-height-default elementor-section-height-default\" data-id=\"047b70a\" data-element_type=\"section\" data-e-type=\"section\">\n\t\t\t\t\t\t<div class=\"elementor-container elementor-column-gap-default\">\n\t\t\t\t\t<div class=\"elementor-column elementor-col-100 elementor-top-column elementor-element elementor-element-286a2e7\" data-id=\"286a2e7\" data-element_type=\"column\" data-e-type=\"column\">\n\t\t\t<div class=\"elementor-widget-wrap elementor-element-populated\">\n\t\t\t\t\t\t<div class=\"elementor-element elementor-element-7e8b74a elementor-align-center elementor-widget elementor-widget-button\" data-id=\"7e8b74a\" data-element_type=\"widget\" data-e-type=\"widget\" data-widget_type=\"button.default\">\n\t\t\t\t\t\t\t\t\t\t<a class=\"elementor-button elementor-button-link elementor-size-md\" href=\"https:\/\/strippercollection.com\/de\/buchung-von-kuenstlern-oder-dienstleistungen\/\">\n\t\t\t\t\t\t<span class=\"elementor-button-content-wrapper\">\n\t\t\t\t\t\t\t\t\t<span class=\"elementor-button-text\">KLICKEN SIE HIER UM ZU BUCHEN<\/span>\n\t\t\t\t\t<\/span>\n\t\t\t\t\t<\/a>\n\t\t\t\t\t\t\t\t<\/div>\n\t\t\t\t\t<\/div>\n\t\t<\/div>\n\t\t\t\t\t<\/div>\n\t\t<\/section>\n\t\t\t\t<section class=\"elementor-section elementor-top-section elementor-element elementor-element-13014d5 elementor-section-boxed elementor-section-height-default elementor-section-height-default\" data-id=\"13014d5\" data-element_type=\"section\" data-e-type=\"section\" data-settings=\"{&quot;background_background&quot;:&quot;classic&quot;}\">\n\t\t\t\t\t\t<div class=\"elementor-container elementor-column-gap-default\">\n\t\t\t\t\t<div class=\"elementor-column elementor-col-100 elementor-top-column elementor-element elementor-element-1f28459\" data-id=\"1f28459\" data-element_type=\"column\" data-e-type=\"column\">\n\t\t\t<div class=\"elementor-widget-wrap elementor-element-populated\">\n\t\t\t\t\t\t<div class=\"elementor-element elementor-element-d89575a elementor-align-center elementor-widget elementor-widget-button\" data-id=\"d89575a\" data-element_type=\"widget\" data-e-type=\"widget\" data-widget_type=\"button.default\">\n\t\t\t\t\t\t\t\t\t\t<a class=\"elementor-button elementor-button-link elementor-size-md\" href=\"https:\/\/strippercollection.com\/de\/strippers-tarragona\/\">\n\t\t\t\t\t\t<span class=\"elementor-button-content-wrapper\">\n\t\t\t\t\t\t\t\t\t<span class=\"elementor-button-text\">ZUR\u00dcCK ZU STRIPPERS TARRAGONA<\/span>\n\t\t\t\t\t<\/span>\n\t\t\t\t\t<\/a>\n\t\t\t\t\t\t\t\t<\/div>\n\t\t\t\t\t<\/div>\n\t\t<\/div>\n\t\t\t\t\t<\/div>\n\t\t<\/section>\n\t\t\t\t<\/div>\n\t\t","protected":false},"excerpt":{"rendered":"<p>EMILIO ELMA\u00d1O EMILIO ELMA\u00d1O Emilio Elma\u00f1o wird Sie alle mit seiner Sympathie und seinem Spa\u00df begeistern. Eine professionelle, lustige UND erotische Show&#8230; Die Show des K\u00fcnstlers dauert 15 bis 20 Minuten. Nach der Show bleibt der stripper in der Regel noch eine Weile bei Ihnen, damit Sie ein paar Fotos mit ihm machen k\u00f6nnen. UMKLEIDER\u00c4UME &#8230; <a title=\"STRIPPERS TARRAGONA EMILIO ELMA\u00d1O\" class=\"read-more\" href=\"https:\/\/strippercollection.com\/de\/strippers-tarragona-emilio-elmano\/\" aria-label=\"Mehr Informationen \u00fcber STRIPPERS TARRAGONA EMILIO ELMA\u00d1O\">Weiterlesen<\/a><\/p>\n","protected":false},"author":1,"featured_media":0,"parent":0,"menu_order":0,"comment_status":"closed","ping_status":"closed","template":"elementor_header_footer","meta":{"_monsterinsights_skip_tracking":false,"_monsterinsights_sitenote_active":false,"_monsterinsights_sitenote_note":"","_monsterinsights_sitenote_category":0,"footnotes":""},"class_list":["post-17926","page","type-page","status-publish"],"yoast_head":"<!-- This site is optimized with the Yoast SEO plugin v27.3 - https:\/\/yoast.com\/product\/yoast-seo-wordpress\/ -->\n<title>STRIPPERS TARRAGONA EMILIO ELMA\u00d1O<\/title>\n<meta name=\"description\" content=\"EMILIO ELMA\u00d1O            EMILIO ELMA\u00d1O Emilio Elma\u00f1o wird Sie alle mit seiner Sympathie und seinem Spa\u00df begeistern.Eine professionelle, lustige UND erotische Show...Die Show des K\u00fcnstlers dauert 15 bis 20 Minuten. Nach der Show bleibt der stripper in der Regel noch eine Weile bei Ihnen, damit Sie ein paar Fotos mit ihm machen k\u00f6nnen.UMKLEIDER\u00c4UME ZEIGENSHERIFFFEUERWEHRGENTLEMANMILIT\u00c4R\u00a0\u00a0         KLICKEN SIE HIER UM ZU BUCHEN                ZUR\u00dcCK ZU STRIPPERS TARRAGONA\" \/>\n<meta name=\"robots\" content=\"index, follow, max-snippet:-1, max-image-preview:large, max-video-preview:-1\" \/>\n<link rel=\"canonical\" href=\"https:\/\/strippercollection.com\/de\/strippers-tarragona-emilio-elmano\/\" \/>\n<meta property=\"og:locale\" content=\"de_DE\" \/>\n<meta property=\"og:type\" content=\"article\" \/>\n<meta property=\"og:title\" content=\"STRIPPERS TARRAGONA EMILIO ELMA\u00d1O\" \/>\n<meta property=\"og:description\" content=\"EMILIO ELMA\u00d1O            EMILIO ELMA\u00d1O Emilio Elma\u00f1o wird Sie alle mit seiner Sympathie und seinem Spa\u00df begeistern.Eine professionelle, lustige UND erotische Show...Die Show des K\u00fcnstlers dauert 15 bis 20 Minuten. Nach der Show bleibt der stripper in der Regel noch eine Weile bei Ihnen, damit Sie ein paar Fotos mit ihm machen k\u00f6nnen.UMKLEIDER\u00c4UME ZEIGENSHERIFFFEUERWEHRGENTLEMANMILIT\u00c4R\u00a0\u00a0         KLICKEN SIE HIER UM ZU BUCHEN                ZUR\u00dcCK ZU STRIPPERS TARRAGONA\" \/>\n<meta property=\"og:url\" content=\"https:\/\/strippercollection.com\/de\/strippers-tarragona-emilio-elmano\/\" \/>\n<meta property=\"og:site_name\" content=\"Stripper Collection\" \/>\n<meta property=\"article:publisher\" content=\"https:\/\/www.facebook.com\/profile.php?id=100090786345031\" \/>\n<meta property=\"article:modified_time\" content=\"2025-11-06T11:59:53+00:00\" \/>\n<meta property=\"og:image\" content=\"https:\/\/strippercollection.com\/wp-content\/uploads\/elementor\/thumbs\/Emilio-despedida-soltera-Barcelona-qy4qqjxh05ne1wg96hkht1vlhmndnox31yioka3hxk.jpg\" \/>\n<script type=\"application\/ld+json\" class=\"yoast-schema-graph\">{\"@context\":\"https:\\\/\\\/schema.org\",\"@graph\":[{\"@type\":\"WebPage\",\"@id\":\"https:\\\/\\\/strippercollection.com\\\/de\\\/strippers-tarragona-emilio-elmano\\\/\",\"url\":\"https:\\\/\\\/strippercollection.com\\\/de\\\/strippers-tarragona-emilio-elmano\\\/\",\"name\":\"STRIPPERS TARRAGONA EMILIO ELMA\u00d1O\",\"isPartOf\":{\"@id\":\"https:\\\/\\\/strippercollection.com\\\/de\\\/#website\"},\"primaryImageOfPage\":{\"@id\":\"https:\\\/\\\/strippercollection.com\\\/de\\\/strippers-tarragona-emilio-elmano\\\/#primaryimage\"},\"image\":{\"@id\":\"https:\\\/\\\/strippercollection.com\\\/de\\\/strippers-tarragona-emilio-elmano\\\/#primaryimage\"},\"thumbnailUrl\":\"https:\\\/\\\/strippercollection.com\\\/wp-content\\\/uploads\\\/elementor\\\/thumbs\\\/Emilio-despedida-soltera-Barcelona-qy4qqjxh05ne1wg96hkht1vlhmndnox31yioka3hxk.jpg\",\"datePublished\":\"2023-05-23T22:07:40+00:00\",\"dateModified\":\"2025-11-06T11:59:53+00:00\",\"description\":\"EMILIO ELMA\u00d1O EMILIO ELMA\u00d1O Emilio Elma\u00f1o wird Sie alle mit seiner Sympathie und seinem Spa\u00df begeistern.Eine professionelle, lustige UND erotische Show...Die Show des K\u00fcnstlers dauert 15 bis 20 Minuten. Nach der Show bleibt der stripper in der Regel noch eine Weile bei Ihnen, damit Sie ein paar Fotos mit ihm machen k\u00f6nnen.UMKLEIDER\u00c4UME ZEIGENSHERIFFFEUERWEHRGENTLEMANMILIT\u00c4R\u00a0\u00a0 KLICKEN SIE HIER UM ZU BUCHEN ZUR\u00dcCK ZU STRIPPERS TARRAGONA\",\"breadcrumb\":{\"@id\":\"https:\\\/\\\/strippercollection.com\\\/de\\\/strippers-tarragona-emilio-elmano\\\/#breadcrumb\"},\"inLanguage\":\"de\",\"potentialAction\":[{\"@type\":\"ReadAction\",\"target\":[\"https:\\\/\\\/strippercollection.com\\\/de\\\/strippers-tarragona-emilio-elmano\\\/\"]}]},{\"@type\":\"ImageObject\",\"inLanguage\":\"de\",\"@id\":\"https:\\\/\\\/strippercollection.com\\\/de\\\/strippers-tarragona-emilio-elmano\\\/#primaryimage\",\"url\":\"https:\\\/\\\/strippercollection.com\\\/wp-content\\\/uploads\\\/elementor\\\/thumbs\\\/Emilio-despedida-soltera-Barcelona-qy4qqjxh05ne1wg96hkht1vlhmndnox31yioka3hxk.jpg\",\"contentUrl\":\"https:\\\/\\\/strippercollection.com\\\/wp-content\\\/uploads\\\/elementor\\\/thumbs\\\/Emilio-despedida-soltera-Barcelona-qy4qqjxh05ne1wg96hkht1vlhmndnox31yioka3hxk.jpg\"},{\"@type\":\"BreadcrumbList\",\"@id\":\"https:\\\/\\\/strippercollection.com\\\/de\\\/strippers-tarragona-emilio-elmano\\\/#breadcrumb\",\"itemListElement\":[{\"@type\":\"ListItem\",\"position\":1,\"name\":\"Portada\",\"item\":\"https:\\\/\\\/strippercollection.com\\\/de\\\/\"},{\"@type\":\"ListItem\",\"position\":2,\"name\":\"STRIPPERS TARRAGONA EMILIO ELMA\u00d1O\"}]},{\"@type\":\"WebSite\",\"@id\":\"https:\\\/\\\/strippercollection.com\\\/de\\\/#website\",\"url\":\"https:\\\/\\\/strippercollection.com\\\/de\\\/\",\"name\":\"Stripper Collection\",\"description\":\"Organizaci\u00f3n de despedidas de soltera\\\/o y eventos en toda Espa\u00f1a\",\"publisher\":{\"@id\":\"https:\\\/\\\/strippercollection.com\\\/de\\\/#organization\"},\"potentialAction\":[{\"@type\":\"SearchAction\",\"target\":{\"@type\":\"EntryPoint\",\"urlTemplate\":\"https:\\\/\\\/strippercollection.com\\\/de\\\/?s={search_term_string}\"},\"query-input\":{\"@type\":\"PropertyValueSpecification\",\"valueRequired\":true,\"valueName\":\"search_term_string\"}}],\"inLanguage\":\"de\"},{\"@type\":\"Organization\",\"@id\":\"https:\\\/\\\/strippercollection.com\\\/de\\\/#organization\",\"name\":\"Stripper Collection\",\"url\":\"https:\\\/\\\/strippercollection.com\\\/de\\\/\",\"logo\":{\"@type\":\"ImageObject\",\"inLanguage\":\"de\",\"@id\":\"https:\\\/\\\/strippercollection.com\\\/de\\\/#\\\/schema\\\/logo\\\/image\\\/\",\"url\":\"https:\\\/\\\/strippercollection.com\\\/wp-content\\\/uploads\\\/2023\\\/04\\\/STRIPPER-COLLECTION-LOGO-WEB-TRANSPARENTE-EDIT.png\",\"contentUrl\":\"https:\\\/\\\/strippercollection.com\\\/wp-content\\\/uploads\\\/2023\\\/04\\\/STRIPPER-COLLECTION-LOGO-WEB-TRANSPARENTE-EDIT.png\",\"width\":169,\"height\":151,\"caption\":\"Stripper Collection\"},\"image\":{\"@id\":\"https:\\\/\\\/strippercollection.com\\\/de\\\/#\\\/schema\\\/logo\\\/image\\\/\"},\"sameAs\":[\"https:\\\/\\\/www.facebook.com\\\/profile.php?id=100090786345031\",\"https:\\\/\\\/www.instagram.com\\\/stripper_collection\\\/\"]}]}<\/script>\n<!-- \/ Yoast SEO plugin. -->","yoast_head_json":{"title":"STRIPPERS TARRAGONA EMILIO ELMA\u00d1O","description":"EMILIO ELMA\u00d1O            EMILIO ELMA\u00d1O Emilio Elma\u00f1o wird Sie alle mit seiner Sympathie und seinem Spa\u00df begeistern.Eine professionelle, lustige UND erotische Show...Die Show des K\u00fcnstlers dauert 15 bis 20 Minuten. Nach der Show bleibt der stripper in der Regel noch eine Weile bei Ihnen, damit Sie ein paar Fotos mit ihm machen k\u00f6nnen.UMKLEIDER\u00c4UME ZEIGENSHERIFFFEUERWEHRGENTLEMANMILIT\u00c4R\u00a0\u00a0         KLICKEN SIE HIER UM ZU BUCHEN                ZUR\u00dcCK ZU STRIPPERS TARRAGONA","robots":{"index":"index","follow":"follow","max-snippet":"max-snippet:-1","max-image-preview":"max-image-preview:large","max-video-preview":"max-video-preview:-1"},"canonical":"https:\/\/strippercollection.com\/de\/strippers-tarragona-emilio-elmano\/","og_locale":"de_DE","og_type":"article","og_title":"STRIPPERS TARRAGONA EMILIO ELMA\u00d1O","og_description":"EMILIO ELMA\u00d1O            EMILIO ELMA\u00d1O Emilio Elma\u00f1o wird Sie alle mit seiner Sympathie und seinem Spa\u00df begeistern.Eine professionelle, lustige UND erotische Show...Die Show des K\u00fcnstlers dauert 15 bis 20 Minuten. Nach der Show bleibt der stripper in der Regel noch eine Weile bei Ihnen, damit Sie ein paar Fotos mit ihm machen k\u00f6nnen.UMKLEIDER\u00c4UME ZEIGENSHERIFFFEUERWEHRGENTLEMANMILIT\u00c4R\u00a0\u00a0         KLICKEN SIE HIER UM ZU BUCHEN                ZUR\u00dcCK ZU STRIPPERS TARRAGONA","og_url":"https:\/\/strippercollection.com\/de\/strippers-tarragona-emilio-elmano\/","og_site_name":"Stripper Collection","article_publisher":"https:\/\/www.facebook.com\/profile.php?id=100090786345031","article_modified_time":"2025-11-06T11:59:53+00:00","og_image":[{"url":"https:\/\/strippercollection.com\/wp-content\/uploads\/elementor\/thumbs\/Emilio-despedida-soltera-Barcelona-qy4qqjxh05ne1wg96hkht1vlhmndnox31yioka3hxk.jpg","type":"","width":"","height":""}],"schema":{"@context":"https:\/\/schema.org","@graph":[{"@type":"WebPage","@id":"https:\/\/strippercollection.com\/de\/strippers-tarragona-emilio-elmano\/","url":"https:\/\/strippercollection.com\/de\/strippers-tarragona-emilio-elmano\/","name":"STRIPPERS TARRAGONA EMILIO ELMA\u00d1O","isPartOf":{"@id":"https:\/\/strippercollection.com\/de\/#website"},"primaryImageOfPage":{"@id":"https:\/\/strippercollection.com\/de\/strippers-tarragona-emilio-elmano\/#primaryimage"},"image":{"@id":"https:\/\/strippercollection.com\/de\/strippers-tarragona-emilio-elmano\/#primaryimage"},"thumbnailUrl":"https:\/\/strippercollection.com\/wp-content\/uploads\/elementor\/thumbs\/Emilio-despedida-soltera-Barcelona-qy4qqjxh05ne1wg96hkht1vlhmndnox31yioka3hxk.jpg","datePublished":"2023-05-23T22:07:40+00:00","dateModified":"2025-11-06T11:59:53+00:00","description":"EMILIO ELMA\u00d1O EMILIO ELMA\u00d1O Emilio Elma\u00f1o wird Sie alle mit seiner Sympathie und seinem Spa\u00df begeistern.Eine professionelle, lustige UND erotische Show...Die Show des K\u00fcnstlers dauert 15 bis 20 Minuten. Nach der Show bleibt der stripper in der Regel noch eine Weile bei Ihnen, damit Sie ein paar Fotos mit ihm machen k\u00f6nnen.UMKLEIDER\u00c4UME ZEIGENSHERIFFFEUERWEHRGENTLEMANMILIT\u00c4R\u00a0\u00a0 KLICKEN SIE HIER UM ZU BUCHEN ZUR\u00dcCK ZU STRIPPERS TARRAGONA","breadcrumb":{"@id":"https:\/\/strippercollection.com\/de\/strippers-tarragona-emilio-elmano\/#breadcrumb"},"inLanguage":"de","potentialAction":[{"@type":"ReadAction","target":["https:\/\/strippercollection.com\/de\/strippers-tarragona-emilio-elmano\/"]}]},{"@type":"ImageObject","inLanguage":"de","@id":"https:\/\/strippercollection.com\/de\/strippers-tarragona-emilio-elmano\/#primaryimage","url":"https:\/\/strippercollection.com\/wp-content\/uploads\/elementor\/thumbs\/Emilio-despedida-soltera-Barcelona-qy4qqjxh05ne1wg96hkht1vlhmndnox31yioka3hxk.jpg","contentUrl":"https:\/\/strippercollection.com\/wp-content\/uploads\/elementor\/thumbs\/Emilio-despedida-soltera-Barcelona-qy4qqjxh05ne1wg96hkht1vlhmndnox31yioka3hxk.jpg"},{"@type":"BreadcrumbList","@id":"https:\/\/strippercollection.com\/de\/strippers-tarragona-emilio-elmano\/#breadcrumb","itemListElement":[{"@type":"ListItem","position":1,"name":"Portada","item":"https:\/\/strippercollection.com\/de\/"},{"@type":"ListItem","position":2,"name":"STRIPPERS TARRAGONA EMILIO ELMA\u00d1O"}]},{"@type":"WebSite","@id":"https:\/\/strippercollection.com\/de\/#website","url":"https:\/\/strippercollection.com\/de\/","name":"Stripper Collection","description":"Organizaci\u00f3n de despedidas de soltera\/o y eventos en toda Espa\u00f1a","publisher":{"@id":"https:\/\/strippercollection.com\/de\/#organization"},"potentialAction":[{"@type":"SearchAction","target":{"@type":"EntryPoint","urlTemplate":"https:\/\/strippercollection.com\/de\/?s={search_term_string}"},"query-input":{"@type":"PropertyValueSpecification","valueRequired":true,"valueName":"search_term_string"}}],"inLanguage":"de"},{"@type":"Organization","@id":"https:\/\/strippercollection.com\/de\/#organization","name":"Stripper Collection","url":"https:\/\/strippercollection.com\/de\/","logo":{"@type":"ImageObject","inLanguage":"de","@id":"https:\/\/strippercollection.com\/de\/#\/schema\/logo\/image\/","url":"https:\/\/strippercollection.com\/wp-content\/uploads\/2023\/04\/STRIPPER-COLLECTION-LOGO-WEB-TRANSPARENTE-EDIT.png","contentUrl":"https:\/\/strippercollection.com\/wp-content\/uploads\/2023\/04\/STRIPPER-COLLECTION-LOGO-WEB-TRANSPARENTE-EDIT.png","width":169,"height":151,"caption":"Stripper Collection"},"image":{"@id":"https:\/\/strippercollection.com\/de\/#\/schema\/logo\/image\/"},"sameAs":["https:\/\/www.facebook.com\/profile.php?id=100090786345031","https:\/\/www.instagram.com\/stripper_collection\/"]}]}},"_links":{"self":[{"href":"https:\/\/strippercollection.com\/de\/wp-json\/wp\/v2\/pages\/17926","targetHints":{"allow":["GET"]}}],"collection":[{"href":"https:\/\/strippercollection.com\/de\/wp-json\/wp\/v2\/pages"}],"about":[{"href":"https:\/\/strippercollection.com\/de\/wp-json\/wp\/v2\/types\/page"}],"author":[{"embeddable":true,"href":"https:\/\/strippercollection.com\/de\/wp-json\/wp\/v2\/users\/1"}],"replies":[{"embeddable":true,"href":"https:\/\/strippercollection.com\/de\/wp-json\/wp\/v2\/comments?post=17926"}],"version-history":[{"count":3,"href":"https:\/\/strippercollection.com\/de\/wp-json\/wp\/v2\/pages\/17926\/revisions"}],"predecessor-version":[{"id":39491,"href":"https:\/\/strippercollection.com\/de\/wp-json\/wp\/v2\/pages\/17926\/revisions\/39491"}],"wp:attachment":[{"href":"https:\/\/strippercollection.com\/de\/wp-json\/wp\/v2\/media?parent=17926"}],"curies":[{"name":"wp","href":"https:\/\/api.w.org\/{rel}","templated":true}]}}