{"id":17505,"date":"2023-04-12T21:46:37","date_gmt":"2023-04-12T21:46:37","guid":{"rendered":"https:\/\/strippercollection.com\/stripperinnen-lleida-kristhin\/"},"modified":"2025-10-24T14:26:19","modified_gmt":"2025-10-24T14:26:19","slug":"stripperinnen-lleida-kristhin","status":"publish","type":"page","link":"https:\/\/strippercollection.com\/de\/stripperinnen-lleida-kristhin\/","title":{"rendered":"STRIPPERINNEN LLEIDA KRISTHIN"},"content":{"rendered":"\t\t<div data-elementor-type=\"wp-page\" data-elementor-id=\"17505\" class=\"elementor elementor-17505 elementor-9127\" data-elementor-post-type=\"page\">\n\t\t\t\t\t\t<section class=\"elementor-section elementor-top-section elementor-element elementor-element-d68446c cabeceraweb elementor-section-boxed elementor-section-height-default elementor-section-height-default\" data-id=\"d68446c\" data-element_type=\"section\" data-e-type=\"section\">\n\t\t\t\t\t\t<div class=\"elementor-container elementor-column-gap-default\">\n\t\t\t\t\t<div class=\"elementor-column elementor-col-100 elementor-top-column elementor-element elementor-element-d022fb8\" data-id=\"d022fb8\" data-element_type=\"column\" data-e-type=\"column\">\n\t\t\t<div class=\"elementor-widget-wrap elementor-element-populated\">\n\t\t\t\t\t\t<div class=\"elementor-element elementor-element-0a1c481 elementor-widget elementor-widget-heading\" data-id=\"0a1c481\" data-element_type=\"widget\" data-e-type=\"widget\" data-widget_type=\"heading.default\">\n\t\t\t\t\t<h1 class=\"elementor-heading-title elementor-size-default\">KRISTHIN<\/h1>\t\t\t\t<\/div>\n\t\t\t\t\t<\/div>\n\t\t<\/div>\n\t\t\t\t\t<\/div>\n\t\t<\/section>\n\t\t\t\t<section class=\"elementor-section elementor-top-section elementor-element elementor-element-0c8105d elementor-section-boxed elementor-section-height-default elementor-section-height-default\" data-id=\"0c8105d\" data-element_type=\"section\" data-e-type=\"section\">\n\t\t\t\t\t\t<div class=\"elementor-container elementor-column-gap-default\">\n\t\t\t\t\t<div class=\"elementor-column elementor-col-100 elementor-top-column elementor-element elementor-element-8809cdb\" data-id=\"8809cdb\" data-element_type=\"column\" data-e-type=\"column\">\n\t\t\t<div class=\"elementor-widget-wrap elementor-element-populated\">\n\t\t\t\t\t\t<div class=\"elementor-element elementor-element-ba4af07 elementor-pagination-position-outside elementor-widget elementor-widget-image-carousel\" data-id=\"ba4af07\" data-element_type=\"widget\" data-e-type=\"widget\" data-settings=\"{&quot;slides_to_show&quot;:&quot;3&quot;,&quot;slides_to_scroll&quot;:&quot;3&quot;,&quot;navigation&quot;:&quot;dots&quot;,&quot;autoplay&quot;:&quot;no&quot;,&quot;slides_to_show_mobile&quot;:&quot;1&quot;,&quot;infinite&quot;:&quot;no&quot;,&quot;speed&quot;:500}\" data-widget_type=\"image-carousel.default\">\n\t\t\t\t\t\t\t<div class=\"elementor-image-carousel-wrapper swiper\" role=\"region\" aria-roledescription=\"carousel\" aria-label=\"Carrusel de im\u00e1genes\" dir=\"ltr\">\n\t\t\t<div class=\"elementor-image-carousel swiper-wrapper\" aria-live=\"polite\">\n\t\t\t\t\t\t\t\t<div class=\"swiper-slide\" role=\"group\" aria-roledescription=\"slide\" aria-label=\"1 von 6\"><a data-elementor-open-lightbox=\"yes\" data-elementor-lightbox-slideshow=\"ba4af07\" data-e-action-hash=\"#elementor-action%3Aaction%3Dlightbox%26settings%3DeyJpZCI6MTM1MDEsInVybCI6Imh0dHBzOlwvXC9zdHJpcHBlcmNvbGxlY3Rpb24uY29tXC93cC1jb250ZW50XC91cGxvYWRzXC8yMDIzXC8wNFwvU3RyaXBwZXItVGFycmFnb25hLmpwZyIsInNsaWRlc2hvdyI6ImJhNGFmMDcifQ%3D%3D\" href=\"https:\/\/strippercollection.com\/wp-content\/uploads\/2023\/04\/Stripper-Tarragona.jpg\"><figure class=\"swiper-slide-inner\"><img decoding=\"async\" class=\"swiper-slide-image\" src=\"https:\/\/strippercollection.com\/wp-content\/uploads\/elementor\/thumbs\/Stripper-Tarragona-qymx6olvifkh9f4okrmwimrygacdte4illtbirni14.jpg\" alt=\"Stripper Tarragona\" \/><\/figure><\/a><\/div><div class=\"swiper-slide\" role=\"group\" aria-roledescription=\"slide\" aria-label=\"2 von 6\"><a data-elementor-open-lightbox=\"yes\" data-elementor-lightbox-slideshow=\"ba4af07\" data-e-action-hash=\"#elementor-action%3Aaction%3Dlightbox%26settings%3DeyJpZCI6MTM0ODksInVybCI6Imh0dHBzOlwvXC9zdHJpcHBlcmNvbGxlY3Rpb24uY29tXC93cC1jb250ZW50XC91cGxvYWRzXC8yMDIzXC8wNFwvS3Jpc3RoaW4tU3RyaXBwZXItVGFycmFnb25hLmpwZyIsInNsaWRlc2hvdyI6ImJhNGFmMDcifQ%3D%3D\" href=\"https:\/\/strippercollection.com\/wp-content\/uploads\/2023\/04\/Kristhin-Stripper-Tarragona.jpg\"><figure class=\"swiper-slide-inner\"><img decoding=\"async\" class=\"swiper-slide-image\" src=\"https:\/\/strippercollection.com\/wp-content\/uploads\/elementor\/thumbs\/Kristhin-Stripper-Tarragona-qymx6jwok9e1ndbic7lro5ynhczjqwluwyjw4dugw8.jpg\" alt=\"Kristhin Stripper Tarragona\" \/><\/figure><\/a><\/div><div class=\"swiper-slide\" role=\"group\" aria-roledescription=\"slide\" aria-label=\"3 von 6\"><a data-elementor-open-lightbox=\"yes\" data-elementor-lightbox-slideshow=\"ba4af07\" data-e-action-hash=\"#elementor-action%3Aaction%3Dlightbox%26settings%3DeyJpZCI6MTM0OTcsInVybCI6Imh0dHBzOlwvXC9zdHJpcHBlcmNvbGxlY3Rpb24uY29tXC93cC1jb250ZW50XC91cGxvYWRzXC8yMDIzXC8wNFwvU3RyaXBwZXItc2V4eS1CYXJjZWxvbmEuanBnIiwic2xpZGVzaG93IjoiYmE0YWYwNyJ9\" href=\"https:\/\/strippercollection.com\/wp-content\/uploads\/2023\/04\/Stripper-sexy-Barcelona.jpg\"><figure class=\"swiper-slide-inner\"><img decoding=\"async\" class=\"swiper-slide-image\" src=\"https:\/\/strippercollection.com\/wp-content\/uploads\/elementor\/thumbs\/Stripper-sexy-Barcelona-qymx6mq74rhwm77evqtndn919ilndzx1xcick7qadk.jpg\" alt=\"Stripper sexy Barcelona\" \/><\/figure><\/a><\/div><div class=\"swiper-slide\" role=\"group\" aria-roledescription=\"slide\" aria-label=\"4 von 6\"><a data-elementor-open-lightbox=\"yes\" data-elementor-lightbox-slideshow=\"ba4af07\" data-e-action-hash=\"#elementor-action%3Aaction%3Dlightbox%26settings%3DeyJpZCI6MTM0OTMsInVybCI6Imh0dHBzOlwvXC9zdHJpcHBlcmNvbGxlY3Rpb24uY29tXC93cC1jb250ZW50XC91cGxvYWRzXC8yMDIzXC8wNFwvU3RyaXBwZXItZW4tQmFyY2Vsb25hLmpwZyIsInNsaWRlc2hvdyI6ImJhNGFmMDcifQ%3D%3D\" href=\"https:\/\/strippercollection.com\/wp-content\/uploads\/2023\/04\/Stripper-en-Barcelona.jpg\"><figure class=\"swiper-slide-inner\"><img decoding=\"async\" class=\"swiper-slide-image\" src=\"https:\/\/strippercollection.com\/wp-content\/uploads\/elementor\/thumbs\/Stripper-en-Barcelona-qymx6kuir3fbyza56q0e8nq42quwylpl937dlnt2q0.jpg\" alt=\"Stripper en Barcelona\" \/><\/figure><\/a><\/div><div class=\"swiper-slide\" role=\"group\" aria-roledescription=\"slide\" aria-label=\"5 von 6\"><a data-elementor-open-lightbox=\"yes\" data-elementor-lightbox-slideshow=\"ba4af07\" data-e-action-hash=\"#elementor-action%3Aaction%3Dlightbox%26settings%3DeyJpZCI6MTM0ODEsInVybCI6Imh0dHBzOlwvXC9zdHJpcHBlcmNvbGxlY3Rpb24uY29tXC93cC1jb250ZW50XC91cGxvYWRzXC8yMDIzXC8wNFwvQm9hdC1QYXJ0eS1TdHJpcHBlci1CYXJjZWxvbmEuanBnIiwic2xpZGVzaG93IjoiYmE0YWYwNyJ9\" href=\"https:\/\/strippercollection.com\/wp-content\/uploads\/2023\/04\/Boat-Party-Stripper-Barcelona.jpg\"><figure class=\"swiper-slide-inner\"><img decoding=\"async\" class=\"swiper-slide-image\" src=\"https:\/\/strippercollection.com\/wp-content\/uploads\/elementor\/thumbs\/Boat-Party-Stripper-Barcelona-qymx6h35zra6ojflsodvyoo9p7dg3tanwklfojynew.jpg\" alt=\"Boat Party Stripper Barcelona\" \/><\/figure><\/a><\/div><div class=\"swiper-slide\" role=\"group\" aria-roledescription=\"slide\" aria-label=\"6 von 6\"><a data-elementor-open-lightbox=\"yes\" data-elementor-lightbox-slideshow=\"ba4af07\" data-e-action-hash=\"#elementor-action%3Aaction%3Dlightbox%26settings%3DeyJpZCI6MTM0ODUsInVybCI6Imh0dHBzOlwvXC9zdHJpcHBlcmNvbGxlY3Rpb24uY29tXC93cC1jb250ZW50XC91cGxvYWRzXC8yMDIzXC8wNFwvRGVzcGVkaWRhcy1CYXJjZWxvbmEuanBnIiwic2xpZGVzaG93IjoiYmE0YWYwNyJ9\" href=\"https:\/\/strippercollection.com\/wp-content\/uploads\/2023\/04\/Despedidas-Barcelona.jpg\"><figure class=\"swiper-slide-inner\"><img decoding=\"async\" class=\"swiper-slide-image\" src=\"https:\/\/strippercollection.com\/wp-content\/uploads\/elementor\/thumbs\/Despedidas-Barcelona-qymx6i106lbh05e8n6sij6fqal8tbiee8p8x5tx98o.jpg\" alt=\"Despedidas Barcelona\" \/><\/figure><\/a><\/div>\t\t\t<\/div>\n\t\t\t\t\t\t\t\n\t\t\t\t\t\t\t\t\t<div class=\"swiper-pagination\"><\/div>\n\t\t\t\t\t\t\t\t\t<\/div>\n\t\t\t\t\t\t<\/div>\n\t\t\t\t\t<\/div>\n\t\t<\/div>\n\t\t\t\t\t<\/div>\n\t\t<\/section>\n\t\t\t\t<section class=\"elementor-section elementor-top-section elementor-element elementor-element-d281f4a elementor-section-boxed elementor-section-height-default elementor-section-height-default\" data-id=\"d281f4a\" data-element_type=\"section\" data-e-type=\"section\">\n\t\t\t\t\t\t<div class=\"elementor-container elementor-column-gap-default\">\n\t\t\t\t\t<div class=\"elementor-column elementor-col-100 elementor-top-column elementor-element elementor-element-07c85fd\" data-id=\"07c85fd\" data-element_type=\"column\" data-e-type=\"column\">\n\t\t\t<div class=\"elementor-widget-wrap elementor-element-populated\">\n\t\t\t\t\t\t<div class=\"elementor-element elementor-element-fa0a265 elementor-widget elementor-widget-text-editor\" data-id=\"fa0a265\" data-element_type=\"widget\" data-e-type=\"widget\" data-widget_type=\"text-editor.default\">\n\t\t\t\t\t\t\t\t\t<h2><span style=\"color: #000000;\"><u>KRISTHIN<\/u><\/span><\/h2><h4><span style=\"color: #000000;\">Kristhin unglaubliche blonde Playboy, sch\u00f6n mit erstaunlichen Kurven, Br\u00fcste und eine Show, die Sie erstaunt verlassen wird.<\/span><\/h4><h4><span style=\"color: #000000;\">Die Dauer der Show der K\u00fcnstlerin betr\u00e4gt 15 bis 20 Minuten, nach dem Ende der Show bleibt die Stripperin in der Regel noch eine Weile bei Ihnen, damit Sie einige Fotos mit ihr machen k\u00f6nnen.<\/span><\/h4><h4>\u00a0<\/h4><p>\u00a0<\/p>\t\t\t\t\t\t\t\t<\/div>\n\t\t\t\t\t<\/div>\n\t\t<\/div>\n\t\t\t\t\t<\/div>\n\t\t<\/section>\n\t\t\t\t<section class=\"elementor-section elementor-top-section elementor-element elementor-element-01c372e elementor-section-boxed elementor-section-height-default elementor-section-height-default\" data-id=\"01c372e\" data-element_type=\"section\" data-e-type=\"section\">\n\t\t\t\t\t\t<div class=\"elementor-container elementor-column-gap-default\">\n\t\t\t\t\t<div class=\"elementor-column elementor-col-100 elementor-top-column elementor-element elementor-element-34f42b7\" data-id=\"34f42b7\" data-element_type=\"column\" data-e-type=\"column\">\n\t\t\t<div class=\"elementor-widget-wrap elementor-element-populated\">\n\t\t\t\t\t\t<div class=\"elementor-element elementor-element-18d9345 elementor-align-center elementor-widget elementor-widget-button\" data-id=\"18d9345\" data-element_type=\"widget\" data-e-type=\"widget\" data-widget_type=\"button.default\">\n\t\t\t\t\t\t\t\t\t\t<a class=\"elementor-button elementor-button-link elementor-size-md\" href=\"https:\/\/strippercollection.com\/de\/buchung-von-kuenstlern-oder-dienstleistungen\/\">\n\t\t\t\t\t\t<span class=\"elementor-button-content-wrapper\">\n\t\t\t\t\t\t\t\t\t<span class=\"elementor-button-text\">KLICKEN SIE HIER UM ZU BUCHEN<\/span>\n\t\t\t\t\t<\/span>\n\t\t\t\t\t<\/a>\n\t\t\t\t\t\t\t\t<\/div>\n\t\t\t\t\t<\/div>\n\t\t<\/div>\n\t\t\t\t\t<\/div>\n\t\t<\/section>\n\t\t\t\t<section class=\"elementor-section elementor-top-section elementor-element elementor-element-d692c9f elementor-section-boxed elementor-section-height-default elementor-section-height-default\" data-id=\"d692c9f\" data-element_type=\"section\" data-e-type=\"section\" data-settings=\"{&quot;background_background&quot;:&quot;classic&quot;}\">\n\t\t\t\t\t\t<div class=\"elementor-container elementor-column-gap-default\">\n\t\t\t\t\t<div class=\"elementor-column elementor-col-100 elementor-top-column elementor-element elementor-element-3ebcbed\" data-id=\"3ebcbed\" data-element_type=\"column\" data-e-type=\"column\">\n\t\t\t<div class=\"elementor-widget-wrap elementor-element-populated\">\n\t\t\t\t\t\t<div class=\"elementor-element elementor-element-4a21874 elementor-align-center elementor-widget elementor-widget-button\" data-id=\"4a21874\" data-element_type=\"widget\" data-e-type=\"widget\" data-widget_type=\"button.default\">\n\t\t\t\t\t\t\t\t\t\t<a class=\"elementor-button elementor-button-link elementor-size-md\" href=\"https:\/\/strippercollection.com\/de\/stripperinnen-lleida\/\">\n\t\t\t\t\t\t<span class=\"elementor-button-content-wrapper\">\n\t\t\t\t\t\t\t\t\t<span class=\"elementor-button-text\">ZUR\u00dcCK ZU STRIPPERINNEN AUS LLEIDA<\/span>\n\t\t\t\t\t<\/span>\n\t\t\t\t\t<\/a>\n\t\t\t\t\t\t\t\t<\/div>\n\t\t\t\t\t<\/div>\n\t\t<\/div>\n\t\t\t\t\t<\/div>\n\t\t<\/section>\n\t\t\t\t<\/div>\n\t\t","protected":false},"excerpt":{"rendered":"<p>KRISTHIN KRISTHIN Kristhin unglaubliche blonde Playboy, sch\u00f6n mit erstaunlichen Kurven, Br\u00fcste und eine Show, die Sie erstaunt verlassen wird. Die Dauer der Show der K\u00fcnstlerin betr\u00e4gt 15 bis 20 Minuten, nach dem Ende der Show bleibt die Stripperin in der Regel noch eine Weile bei Ihnen, damit Sie einige Fotos mit ihr machen k\u00f6nnen. \u00a0 &#8230; <a title=\"STRIPPERINNEN LLEIDA KRISTHIN\" class=\"read-more\" href=\"https:\/\/strippercollection.com\/de\/stripperinnen-lleida-kristhin\/\" aria-label=\"Mehr Informationen \u00fcber STRIPPERINNEN LLEIDA KRISTHIN\">Weiterlesen<\/a><\/p>\n","protected":false},"author":1,"featured_media":0,"parent":0,"menu_order":0,"comment_status":"closed","ping_status":"closed","template":"elementor_header_footer","meta":{"_monsterinsights_skip_tracking":false,"_monsterinsights_sitenote_active":false,"_monsterinsights_sitenote_note":"","_monsterinsights_sitenote_category":0,"footnotes":""},"class_list":["post-17505","page","type-page","status-publish"],"yoast_head":"<!-- This site is optimized with the Yoast SEO plugin v27.3 - https:\/\/yoast.com\/product\/yoast-seo-wordpress\/ -->\n<title>STRIPPERINNEN LLEIDA KRISTHIN<\/title>\n<meta name=\"description\" content=\"KRISTHIN            KRISTHINKristhin unglaubliche blonde Playboy, sch\u00f6n mit erstaunlichen Kurven, Br\u00fcste und eine Show, die Sie erstaunt verlassen wird.Die Dauer der Show der K\u00fcnstlerin betr\u00e4gt 15 bis 20 Minuten, nach dem Ende der Show bleibt die Stripperin in der Regel noch eine Weile bei Ihnen, damit Sie einige Fotos mit ihr machen k\u00f6nnen.\u00a0\u00a0         KLICKEN SIE HIER UM ZU BUCHEN                ZUR\u00dcCK ZU STRIPPERINNEN AUS LLEIDA\" \/>\n<meta name=\"robots\" content=\"index, follow, max-snippet:-1, max-image-preview:large, max-video-preview:-1\" \/>\n<link rel=\"canonical\" href=\"https:\/\/strippercollection.com\/de\/stripperinnen-lleida-kristhin\/\" \/>\n<meta property=\"og:locale\" content=\"de_DE\" \/>\n<meta property=\"og:type\" content=\"article\" \/>\n<meta property=\"og:title\" content=\"STRIPPERINNEN LLEIDA KRISTHIN\" \/>\n<meta property=\"og:description\" content=\"KRISTHIN            KRISTHINKristhin unglaubliche blonde Playboy, sch\u00f6n mit erstaunlichen Kurven, Br\u00fcste und eine Show, die Sie erstaunt verlassen wird.Die Dauer der Show der K\u00fcnstlerin betr\u00e4gt 15 bis 20 Minuten, nach dem Ende der Show bleibt die Stripperin in der Regel noch eine Weile bei Ihnen, damit Sie einige Fotos mit ihr machen k\u00f6nnen.\u00a0\u00a0         KLICKEN SIE HIER UM ZU BUCHEN                ZUR\u00dcCK ZU STRIPPERINNEN AUS LLEIDA\" \/>\n<meta property=\"og:url\" content=\"https:\/\/strippercollection.com\/de\/stripperinnen-lleida-kristhin\/\" \/>\n<meta property=\"og:site_name\" content=\"Stripper Collection\" \/>\n<meta property=\"article:publisher\" content=\"https:\/\/www.facebook.com\/profile.php?id=100090786345031\" \/>\n<meta property=\"article:modified_time\" content=\"2025-10-24T14:26:19+00:00\" \/>\n<meta property=\"og:image\" content=\"https:\/\/strippercollection.com\/wp-content\/uploads\/elementor\/thumbs\/Stripper-Tarragona-qymx6olvifkh9f4okrmwimrygacdte4illtbirni14.jpg\" \/>\n<script type=\"application\/ld+json\" class=\"yoast-schema-graph\">{\"@context\":\"https:\\\/\\\/schema.org\",\"@graph\":[{\"@type\":\"WebPage\",\"@id\":\"https:\\\/\\\/strippercollection.com\\\/de\\\/stripperinnen-lleida-kristhin\\\/\",\"url\":\"https:\\\/\\\/strippercollection.com\\\/de\\\/stripperinnen-lleida-kristhin\\\/\",\"name\":\"STRIPPERINNEN LLEIDA KRISTHIN\",\"isPartOf\":{\"@id\":\"https:\\\/\\\/strippercollection.com\\\/de\\\/#website\"},\"primaryImageOfPage\":{\"@id\":\"https:\\\/\\\/strippercollection.com\\\/de\\\/stripperinnen-lleida-kristhin\\\/#primaryimage\"},\"image\":{\"@id\":\"https:\\\/\\\/strippercollection.com\\\/de\\\/stripperinnen-lleida-kristhin\\\/#primaryimage\"},\"thumbnailUrl\":\"https:\\\/\\\/strippercollection.com\\\/wp-content\\\/uploads\\\/elementor\\\/thumbs\\\/Stripper-Tarragona-qymx6olvifkh9f4okrmwimrygacdte4illtbirni14.jpg\",\"datePublished\":\"2023-04-12T21:46:37+00:00\",\"dateModified\":\"2025-10-24T14:26:19+00:00\",\"description\":\"KRISTHIN KRISTHINKristhin unglaubliche blonde Playboy, sch\u00f6n mit erstaunlichen Kurven, Br\u00fcste und eine Show, die Sie erstaunt verlassen wird.Die Dauer der Show der K\u00fcnstlerin betr\u00e4gt 15 bis 20 Minuten, nach dem Ende der Show bleibt die Stripperin in der Regel noch eine Weile bei Ihnen, damit Sie einige Fotos mit ihr machen k\u00f6nnen.\u00a0\u00a0 KLICKEN SIE HIER UM ZU BUCHEN ZUR\u00dcCK ZU STRIPPERINNEN AUS LLEIDA\",\"breadcrumb\":{\"@id\":\"https:\\\/\\\/strippercollection.com\\\/de\\\/stripperinnen-lleida-kristhin\\\/#breadcrumb\"},\"inLanguage\":\"de\",\"potentialAction\":[{\"@type\":\"ReadAction\",\"target\":[\"https:\\\/\\\/strippercollection.com\\\/de\\\/stripperinnen-lleida-kristhin\\\/\"]}]},{\"@type\":\"ImageObject\",\"inLanguage\":\"de\",\"@id\":\"https:\\\/\\\/strippercollection.com\\\/de\\\/stripperinnen-lleida-kristhin\\\/#primaryimage\",\"url\":\"https:\\\/\\\/strippercollection.com\\\/wp-content\\\/uploads\\\/elementor\\\/thumbs\\\/Stripper-Tarragona-qymx6olvifkh9f4okrmwimrygacdte4illtbirni14.jpg\",\"contentUrl\":\"https:\\\/\\\/strippercollection.com\\\/wp-content\\\/uploads\\\/elementor\\\/thumbs\\\/Stripper-Tarragona-qymx6olvifkh9f4okrmwimrygacdte4illtbirni14.jpg\"},{\"@type\":\"BreadcrumbList\",\"@id\":\"https:\\\/\\\/strippercollection.com\\\/de\\\/stripperinnen-lleida-kristhin\\\/#breadcrumb\",\"itemListElement\":[{\"@type\":\"ListItem\",\"position\":1,\"name\":\"Portada\",\"item\":\"https:\\\/\\\/strippercollection.com\\\/de\\\/\"},{\"@type\":\"ListItem\",\"position\":2,\"name\":\"STRIPPERINNEN LLEIDA KRISTHIN\"}]},{\"@type\":\"WebSite\",\"@id\":\"https:\\\/\\\/strippercollection.com\\\/de\\\/#website\",\"url\":\"https:\\\/\\\/strippercollection.com\\\/de\\\/\",\"name\":\"Stripper Collection\",\"description\":\"Organizaci\u00f3n de despedidas de soltera\\\/o y eventos en toda Espa\u00f1a\",\"publisher\":{\"@id\":\"https:\\\/\\\/strippercollection.com\\\/de\\\/#organization\"},\"potentialAction\":[{\"@type\":\"SearchAction\",\"target\":{\"@type\":\"EntryPoint\",\"urlTemplate\":\"https:\\\/\\\/strippercollection.com\\\/de\\\/?s={search_term_string}\"},\"query-input\":{\"@type\":\"PropertyValueSpecification\",\"valueRequired\":true,\"valueName\":\"search_term_string\"}}],\"inLanguage\":\"de\"},{\"@type\":\"Organization\",\"@id\":\"https:\\\/\\\/strippercollection.com\\\/de\\\/#organization\",\"name\":\"Stripper Collection\",\"url\":\"https:\\\/\\\/strippercollection.com\\\/de\\\/\",\"logo\":{\"@type\":\"ImageObject\",\"inLanguage\":\"de\",\"@id\":\"https:\\\/\\\/strippercollection.com\\\/de\\\/#\\\/schema\\\/logo\\\/image\\\/\",\"url\":\"https:\\\/\\\/strippercollection.com\\\/wp-content\\\/uploads\\\/2023\\\/04\\\/STRIPPER-COLLECTION-LOGO-WEB-TRANSPARENTE-EDIT.png\",\"contentUrl\":\"https:\\\/\\\/strippercollection.com\\\/wp-content\\\/uploads\\\/2023\\\/04\\\/STRIPPER-COLLECTION-LOGO-WEB-TRANSPARENTE-EDIT.png\",\"width\":169,\"height\":151,\"caption\":\"Stripper Collection\"},\"image\":{\"@id\":\"https:\\\/\\\/strippercollection.com\\\/de\\\/#\\\/schema\\\/logo\\\/image\\\/\"},\"sameAs\":[\"https:\\\/\\\/www.facebook.com\\\/profile.php?id=100090786345031\",\"https:\\\/\\\/www.instagram.com\\\/stripper_collection\\\/\"]}]}<\/script>\n<!-- \/ Yoast SEO plugin. -->","yoast_head_json":{"title":"STRIPPERINNEN LLEIDA KRISTHIN","description":"KRISTHIN            KRISTHINKristhin unglaubliche blonde Playboy, sch\u00f6n mit erstaunlichen Kurven, Br\u00fcste und eine Show, die Sie erstaunt verlassen wird.Die Dauer der Show der K\u00fcnstlerin betr\u00e4gt 15 bis 20 Minuten, nach dem Ende der Show bleibt die Stripperin in der Regel noch eine Weile bei Ihnen, damit Sie einige Fotos mit ihr machen k\u00f6nnen.\u00a0\u00a0         KLICKEN SIE HIER UM ZU BUCHEN                ZUR\u00dcCK ZU STRIPPERINNEN AUS LLEIDA","robots":{"index":"index","follow":"follow","max-snippet":"max-snippet:-1","max-image-preview":"max-image-preview:large","max-video-preview":"max-video-preview:-1"},"canonical":"https:\/\/strippercollection.com\/de\/stripperinnen-lleida-kristhin\/","og_locale":"de_DE","og_type":"article","og_title":"STRIPPERINNEN LLEIDA KRISTHIN","og_description":"KRISTHIN            KRISTHINKristhin unglaubliche blonde Playboy, sch\u00f6n mit erstaunlichen Kurven, Br\u00fcste und eine Show, die Sie erstaunt verlassen wird.Die Dauer der Show der K\u00fcnstlerin betr\u00e4gt 15 bis 20 Minuten, nach dem Ende der Show bleibt die Stripperin in der Regel noch eine Weile bei Ihnen, damit Sie einige Fotos mit ihr machen k\u00f6nnen.\u00a0\u00a0         KLICKEN SIE HIER UM ZU BUCHEN                ZUR\u00dcCK ZU STRIPPERINNEN AUS LLEIDA","og_url":"https:\/\/strippercollection.com\/de\/stripperinnen-lleida-kristhin\/","og_site_name":"Stripper Collection","article_publisher":"https:\/\/www.facebook.com\/profile.php?id=100090786345031","article_modified_time":"2025-10-24T14:26:19+00:00","og_image":[{"url":"https:\/\/strippercollection.com\/wp-content\/uploads\/elementor\/thumbs\/Stripper-Tarragona-qymx6olvifkh9f4okrmwimrygacdte4illtbirni14.jpg","type":"","width":"","height":""}],"schema":{"@context":"https:\/\/schema.org","@graph":[{"@type":"WebPage","@id":"https:\/\/strippercollection.com\/de\/stripperinnen-lleida-kristhin\/","url":"https:\/\/strippercollection.com\/de\/stripperinnen-lleida-kristhin\/","name":"STRIPPERINNEN LLEIDA KRISTHIN","isPartOf":{"@id":"https:\/\/strippercollection.com\/de\/#website"},"primaryImageOfPage":{"@id":"https:\/\/strippercollection.com\/de\/stripperinnen-lleida-kristhin\/#primaryimage"},"image":{"@id":"https:\/\/strippercollection.com\/de\/stripperinnen-lleida-kristhin\/#primaryimage"},"thumbnailUrl":"https:\/\/strippercollection.com\/wp-content\/uploads\/elementor\/thumbs\/Stripper-Tarragona-qymx6olvifkh9f4okrmwimrygacdte4illtbirni14.jpg","datePublished":"2023-04-12T21:46:37+00:00","dateModified":"2025-10-24T14:26:19+00:00","description":"KRISTHIN KRISTHINKristhin unglaubliche blonde Playboy, sch\u00f6n mit erstaunlichen Kurven, Br\u00fcste und eine Show, die Sie erstaunt verlassen wird.Die Dauer der Show der K\u00fcnstlerin betr\u00e4gt 15 bis 20 Minuten, nach dem Ende der Show bleibt die Stripperin in der Regel noch eine Weile bei Ihnen, damit Sie einige Fotos mit ihr machen k\u00f6nnen.\u00a0\u00a0 KLICKEN SIE HIER UM ZU BUCHEN ZUR\u00dcCK ZU STRIPPERINNEN AUS LLEIDA","breadcrumb":{"@id":"https:\/\/strippercollection.com\/de\/stripperinnen-lleida-kristhin\/#breadcrumb"},"inLanguage":"de","potentialAction":[{"@type":"ReadAction","target":["https:\/\/strippercollection.com\/de\/stripperinnen-lleida-kristhin\/"]}]},{"@type":"ImageObject","inLanguage":"de","@id":"https:\/\/strippercollection.com\/de\/stripperinnen-lleida-kristhin\/#primaryimage","url":"https:\/\/strippercollection.com\/wp-content\/uploads\/elementor\/thumbs\/Stripper-Tarragona-qymx6olvifkh9f4okrmwimrygacdte4illtbirni14.jpg","contentUrl":"https:\/\/strippercollection.com\/wp-content\/uploads\/elementor\/thumbs\/Stripper-Tarragona-qymx6olvifkh9f4okrmwimrygacdte4illtbirni14.jpg"},{"@type":"BreadcrumbList","@id":"https:\/\/strippercollection.com\/de\/stripperinnen-lleida-kristhin\/#breadcrumb","itemListElement":[{"@type":"ListItem","position":1,"name":"Portada","item":"https:\/\/strippercollection.com\/de\/"},{"@type":"ListItem","position":2,"name":"STRIPPERINNEN LLEIDA KRISTHIN"}]},{"@type":"WebSite","@id":"https:\/\/strippercollection.com\/de\/#website","url":"https:\/\/strippercollection.com\/de\/","name":"Stripper Collection","description":"Organizaci\u00f3n de despedidas de soltera\/o y eventos en toda Espa\u00f1a","publisher":{"@id":"https:\/\/strippercollection.com\/de\/#organization"},"potentialAction":[{"@type":"SearchAction","target":{"@type":"EntryPoint","urlTemplate":"https:\/\/strippercollection.com\/de\/?s={search_term_string}"},"query-input":{"@type":"PropertyValueSpecification","valueRequired":true,"valueName":"search_term_string"}}],"inLanguage":"de"},{"@type":"Organization","@id":"https:\/\/strippercollection.com\/de\/#organization","name":"Stripper Collection","url":"https:\/\/strippercollection.com\/de\/","logo":{"@type":"ImageObject","inLanguage":"de","@id":"https:\/\/strippercollection.com\/de\/#\/schema\/logo\/image\/","url":"https:\/\/strippercollection.com\/wp-content\/uploads\/2023\/04\/STRIPPER-COLLECTION-LOGO-WEB-TRANSPARENTE-EDIT.png","contentUrl":"https:\/\/strippercollection.com\/wp-content\/uploads\/2023\/04\/STRIPPER-COLLECTION-LOGO-WEB-TRANSPARENTE-EDIT.png","width":169,"height":151,"caption":"Stripper Collection"},"image":{"@id":"https:\/\/strippercollection.com\/de\/#\/schema\/logo\/image\/"},"sameAs":["https:\/\/www.facebook.com\/profile.php?id=100090786345031","https:\/\/www.instagram.com\/stripper_collection\/"]}]}},"_links":{"self":[{"href":"https:\/\/strippercollection.com\/de\/wp-json\/wp\/v2\/pages\/17505","targetHints":{"allow":["GET"]}}],"collection":[{"href":"https:\/\/strippercollection.com\/de\/wp-json\/wp\/v2\/pages"}],"about":[{"href":"https:\/\/strippercollection.com\/de\/wp-json\/wp\/v2\/types\/page"}],"author":[{"embeddable":true,"href":"https:\/\/strippercollection.com\/de\/wp-json\/wp\/v2\/users\/1"}],"replies":[{"embeddable":true,"href":"https:\/\/strippercollection.com\/de\/wp-json\/wp\/v2\/comments?post=17505"}],"version-history":[{"count":3,"href":"https:\/\/strippercollection.com\/de\/wp-json\/wp\/v2\/pages\/17505\/revisions"}],"predecessor-version":[{"id":38311,"href":"https:\/\/strippercollection.com\/de\/wp-json\/wp\/v2\/pages\/17505\/revisions\/38311"}],"wp:attachment":[{"href":"https:\/\/strippercollection.com\/de\/wp-json\/wp\/v2\/media?parent=17505"}],"curies":[{"name":"wp","href":"https:\/\/api.w.org\/{rel}","templated":true}]}}