{"id":17422,"date":"2023-04-13T22:31:27","date_gmt":"2023-04-13T22:31:27","guid":{"rendered":"https:\/\/strippercollection.com\/stripperinnen-malaga-belen\/"},"modified":"2023-09-06T21:32:25","modified_gmt":"2023-09-06T21:32:25","slug":"stripperinnen-malaga-belen","status":"publish","type":"page","link":"https:\/\/strippercollection.com\/de\/stripperinnen-malaga-belen\/","title":{"rendered":"STRIPPERINNEN M\u00c1LAGA BEL\u00c9N"},"content":{"rendered":"\t\t<div data-elementor-type=\"wp-page\" data-elementor-id=\"17422\" class=\"elementor elementor-17422 elementor-9156\" data-elementor-post-type=\"page\">\n\t\t\t\t\t\t<section class=\"elementor-section elementor-top-section elementor-element elementor-element-8680907 elementor-section-boxed elementor-section-height-default elementor-section-height-default\" data-id=\"8680907\" data-element_type=\"section\" data-e-type=\"section\">\n\t\t\t\t\t\t<div class=\"elementor-container elementor-column-gap-default\">\n\t\t\t\t\t<div class=\"elementor-column elementor-col-100 elementor-top-column elementor-element elementor-element-21b5c59\" data-id=\"21b5c59\" data-element_type=\"column\" data-e-type=\"column\">\n\t\t\t<div class=\"elementor-widget-wrap elementor-element-populated\">\n\t\t\t\t\t\t<div class=\"elementor-element elementor-element-c2a2c0c elementor-widget elementor-widget-heading\" data-id=\"c2a2c0c\" data-element_type=\"widget\" data-e-type=\"widget\" data-widget_type=\"heading.default\">\n\t\t\t\t\t<h1 class=\"elementor-heading-title elementor-size-default\">BEL\u00c9N<\/h1>\t\t\t\t<\/div>\n\t\t\t\t\t<\/div>\n\t\t<\/div>\n\t\t\t\t\t<\/div>\n\t\t<\/section>\n\t\t\t\t<section class=\"elementor-section elementor-top-section elementor-element elementor-element-9c9a40f elementor-section-boxed elementor-section-height-default elementor-section-height-default\" data-id=\"9c9a40f\" data-element_type=\"section\" data-e-type=\"section\">\n\t\t\t\t\t\t<div class=\"elementor-container elementor-column-gap-default\">\n\t\t\t\t\t<div class=\"elementor-column elementor-col-100 elementor-top-column elementor-element elementor-element-3218e38\" data-id=\"3218e38\" data-element_type=\"column\" data-e-type=\"column\">\n\t\t\t<div class=\"elementor-widget-wrap elementor-element-populated\">\n\t\t\t\t\t\t<div class=\"elementor-element elementor-element-3cffc12 elementor-pagination-position-outside elementor-widget elementor-widget-image-carousel\" data-id=\"3cffc12\" data-element_type=\"widget\" data-e-type=\"widget\" data-settings=\"{&quot;slides_to_show&quot;:&quot;3&quot;,&quot;slides_to_scroll&quot;:&quot;3&quot;,&quot;navigation&quot;:&quot;dots&quot;,&quot;autoplay&quot;:&quot;no&quot;,&quot;slides_to_show_mobile&quot;:&quot;1&quot;,&quot;infinite&quot;:&quot;no&quot;,&quot;speed&quot;:500}\" data-widget_type=\"image-carousel.default\">\n\t\t\t\t\t\t\t<div class=\"elementor-image-carousel-wrapper swiper\" role=\"region\" aria-roledescription=\"carousel\" aria-label=\"Bild Karussell\" dir=\"ltr\">\n\t\t\t<div class=\"elementor-image-carousel swiper-wrapper\" aria-live=\"polite\">\n\t\t\t\t\t\t\t\t<div class=\"swiper-slide\" role=\"group\" aria-roledescription=\"slide\" aria-label=\"1 von 6\"><a data-elementor-open-lightbox=\"yes\" data-elementor-lightbox-slideshow=\"3cffc12\" data-e-action-hash=\"#elementor-action%3Aaction%3Dlightbox%26settings%3DeyJpZCI6MTM1NjEsInVybCI6Imh0dHBzOlwvXC9zdHJpcHBlcmNvbGxlY3Rpb24uY29tXC93cC1jb250ZW50XC91cGxvYWRzXC8yMDIzXC8wNFwvU3RyaXBwZXItc2Vuc3VhbC1NYWxhZ2EuanBnIiwic2xpZGVzaG93IjoiM2NmZmMxMiJ9\" href=\"https:\/\/strippercollection.com\/wp-content\/uploads\/2023\/04\/Stripper-sensual-Malaga.jpg\"><figure class=\"swiper-slide-inner\"><img decoding=\"async\" class=\"swiper-slide-image\" src=\"https:\/\/strippercollection.com\/wp-content\/uploads\/elementor\/thumbs\/Stripper-sensual-Malaga-r2tf5ybem0p6kf08i8m1jqi9nclo5s54g4l5a0q5qg.jpg\" alt=\"Stripper sensual M\u00e1laga\" \/><\/figure><\/a><\/div><div class=\"swiper-slide\" role=\"group\" aria-roledescription=\"slide\" aria-label=\"2 von 6\"><a data-elementor-open-lightbox=\"yes\" data-elementor-lightbox-slideshow=\"3cffc12\" data-e-action-hash=\"#elementor-action%3Aaction%3Dlightbox%26settings%3DeyJpZCI6MTM1MTcsInVybCI6Imh0dHBzOlwvXC9zdHJpcHBlcmNvbGxlY3Rpb24uY29tXC93cC1jb250ZW50XC91cGxvYWRzXC8yMDIzXC8wNFwvU3RyaXBwZXItTWFsYWdhLXNob3ctZnVlZ28uanBnIiwic2xpZGVzaG93IjoiM2NmZmMxMiJ9\" href=\"https:\/\/strippercollection.com\/wp-content\/uploads\/2023\/04\/Stripper-Malaga-show-fuego.jpg\"><figure class=\"swiper-slide-inner\"><img decoding=\"async\" class=\"swiper-slide-image\" src=\"https:\/\/strippercollection.com\/wp-content\/uploads\/elementor\/thumbs\/Stripper-Malaga-show-fuego-r2tf5nz6iub10pf96m55ab47440mt402qpeszz5hmw.jpg\" alt=\"Stripper M\u00e1laga show fuego\" \/><\/figure><\/a><\/div><div class=\"swiper-slide\" role=\"group\" aria-roledescription=\"slide\" aria-label=\"3 von 6\"><a data-elementor-open-lightbox=\"yes\" data-elementor-lightbox-slideshow=\"3cffc12\" data-e-action-hash=\"#elementor-action%3Aaction%3Dlightbox%26settings%3DeyJpZCI6MTM1NjksInVybCI6Imh0dHBzOlwvXC9zdHJpcHBlcmNvbGxlY3Rpb24uY29tXC93cC1jb250ZW50XC91cGxvYWRzXC8yMDIzXC8wNFwvQmVsZW4tZ3VhcGlzaW1hLVN0cmlwcGVyLmpwZyIsInNsaWRlc2hvdyI6IjNjZmZjMTIifQ%3D%3D\" href=\"https:\/\/strippercollection.com\/wp-content\/uploads\/2023\/04\/Belen-guapisima-Stripper.jpg\"><figure class=\"swiper-slide-inner\"><img decoding=\"async\" class=\"swiper-slide-image\" src=\"https:\/\/strippercollection.com\/wp-content\/uploads\/elementor\/thumbs\/Belen-guapisima-Stripper-r2tf614x6it1j8w51rtx97snfi7rsvgbgijlpulz7s.jpg\" alt=\"Bel\u00e9n guap\u00edsima Stripper\" \/><\/figure><\/a><\/div><div class=\"swiper-slide\" role=\"group\" aria-roledescription=\"slide\" aria-label=\"4 von 6\"><a data-elementor-open-lightbox=\"yes\" data-elementor-lightbox-slideshow=\"3cffc12\" data-e-action-hash=\"#elementor-action%3Aaction%3Dlightbox%26settings%3DeyJpZCI6MTM1MjksInVybCI6Imh0dHBzOlwvXC9zdHJpcHBlcmNvbGxlY3Rpb24uY29tXC93cC1jb250ZW50XC91cGxvYWRzXC8yMDIzXC8wNFwvU3RyaXBwZXItYmFpbGFyaW5hLU1hcmJlbGxhLmpwZyIsInNsaWRlc2hvdyI6IjNjZmZjMTIifQ%3D%3D\" href=\"https:\/\/strippercollection.com\/wp-content\/uploads\/2023\/04\/Stripper-bailarina-Marbella.jpg\"><figure class=\"swiper-slide-inner\"><img decoding=\"async\" class=\"swiper-slide-image\" src=\"https:\/\/strippercollection.com\/wp-content\/uploads\/elementor\/thumbs\/Stripper-bailarina-Marbella-r2tf5qsp3cevzjb5q5d0zsekw9mqg7b9r3d9ft1b48.jpg\" alt=\"Stripper bailarina Marbella\" \/><\/figure><\/a><\/div><div class=\"swiper-slide\" role=\"group\" aria-roledescription=\"slide\" aria-label=\"5 von 6\"><a data-elementor-open-lightbox=\"yes\" data-elementor-lightbox-slideshow=\"3cffc12\" data-e-action-hash=\"#elementor-action%3Aaction%3Dlightbox%26settings%3DeyJpZCI6MTM1MjEsInVybCI6Imh0dHBzOlwvXC9zdHJpcHBlcmNvbGxlY3Rpb24uY29tXC93cC1jb250ZW50XC91cGxvYWRzXC8yMDIzXC8wNFwvU3RyaXBwZXItTWFyYmVsbGEtZTE2ODE0MjA0Nzc3MDkuanBnIiwic2xpZGVzaG93IjoiM2NmZmMxMiJ9\" href=\"https:\/\/strippercollection.com\/wp-content\/uploads\/2023\/04\/Stripper-Marbella-e1681420477709.jpg\"><figure class=\"swiper-slide-inner\"><img decoding=\"async\" class=\"swiper-slide-image\" src=\"https:\/\/strippercollection.com\/wp-content\/uploads\/elementor\/thumbs\/Stripper-Marbella-e1681420477709-r2tf5puuwidlnxcivmyefan4avrd8i7jeypryj2pag.jpg\" alt=\"Stripper Marbella\" \/><\/figure><\/a><\/div><div class=\"swiper-slide\" role=\"group\" aria-roledescription=\"slide\" aria-label=\"6 von 6\"><a data-elementor-open-lightbox=\"yes\" data-elementor-lightbox-slideshow=\"3cffc12\" data-e-action-hash=\"#elementor-action%3Aaction%3Dlightbox%26settings%3DeyJpZCI6MTM1MTMsInVybCI6Imh0dHBzOlwvXC9zdHJpcHBlcmNvbGxlY3Rpb24uY29tXC93cC1jb250ZW50XC91cGxvYWRzXC8yMDIzXC8wNFwvRGVzcGVkaWRhcy1NYWxhZ2EtZTE2ODE0MjA0MjA2NDIuanBnIiwic2xpZGVzaG93IjoiM2NmZmMxMiJ9\" href=\"https:\/\/strippercollection.com\/wp-content\/uploads\/2023\/04\/Despedidas-Malaga-e1681420420642.jpg\"><figure class=\"swiper-slide-inner\"><img decoding=\"async\" class=\"swiper-slide-image\" src=\"https:\/\/strippercollection.com\/wp-content\/uploads\/elementor\/thumbs\/Despedidas-Malaga-e1681420420642-r2tf5n1cc09qp3gmc3qiptcqiq59lewcekrbip6vt4.jpg\" alt=\"Despedidas M\u00e1laga\" \/><\/figure><\/a><\/div>\t\t\t<\/div>\n\t\t\t\t\t\t\t\n\t\t\t\t\t\t\t\t\t<div class=\"swiper-pagination\"><\/div>\n\t\t\t\t\t\t\t\t\t<\/div>\n\t\t\t\t\t\t<\/div>\n\t\t\t\t\t<\/div>\n\t\t<\/div>\n\t\t\t\t\t<\/div>\n\t\t<\/section>\n\t\t\t\t<section class=\"elementor-section elementor-top-section elementor-element elementor-element-0671aa9 elementor-section-boxed elementor-section-height-default elementor-section-height-default\" data-id=\"0671aa9\" data-element_type=\"section\" data-e-type=\"section\">\n\t\t\t\t\t\t<div class=\"elementor-container elementor-column-gap-default\">\n\t\t\t\t\t<div class=\"elementor-column elementor-col-100 elementor-top-column elementor-element elementor-element-1d9e116\" data-id=\"1d9e116\" data-element_type=\"column\" data-e-type=\"column\">\n\t\t\t<div class=\"elementor-widget-wrap elementor-element-populated\">\n\t\t\t\t\t\t<div class=\"elementor-element elementor-element-3221f11 elementor-widget elementor-widget-text-editor\" data-id=\"3221f11\" data-element_type=\"widget\" data-e-type=\"widget\" data-widget_type=\"text-editor.default\">\n\t\t\t\t\t\t\t\t\t<h2><span style=\"color: #000000;\"><u>BEL\u00c9N<\/u><\/span><\/h2><h4><span style=\"color: #000000;\">Bel\u00e9n sch\u00f6ne und freundliche Stripperin und T\u00e4nzerin.<\/span><\/h4><h4><span style=\"color: #000000;\">Sie wird Sie mit ihren sinnlichen Shows und T\u00e4nzen beeindrucken.<\/span><\/h4><h4><span style=\"color: #000000;\">Die Dauer der Show der K\u00fcnstlerin betr\u00e4gt 15 bis 20 Minuten, nach dem Ende der Show bleibt die Stripperin in der Regel noch eine Weile bei Ihnen, damit Sie einige Fotos mit ihr machen k\u00f6nnen.<\/span><\/h4><p>\u00a0<\/p><h4 style=\"text-align: center;\">\u00a0<\/h4>\t\t\t\t\t\t\t\t<\/div>\n\t\t\t\t\t<\/div>\n\t\t<\/div>\n\t\t\t\t\t<\/div>\n\t\t<\/section>\n\t\t\t\t<section class=\"elementor-section elementor-top-section elementor-element elementor-element-669da19 elementor-section-boxed elementor-section-height-default elementor-section-height-default\" data-id=\"669da19\" data-element_type=\"section\" data-e-type=\"section\">\n\t\t\t\t\t\t<div class=\"elementor-container elementor-column-gap-default\">\n\t\t\t\t\t<div class=\"elementor-column elementor-col-100 elementor-top-column elementor-element elementor-element-fe75ce0\" data-id=\"fe75ce0\" data-element_type=\"column\" data-e-type=\"column\">\n\t\t\t<div class=\"elementor-widget-wrap elementor-element-populated\">\n\t\t\t\t\t\t<div class=\"elementor-element elementor-element-4aa9fba elementor-align-center elementor-widget elementor-widget-button\" data-id=\"4aa9fba\" data-element_type=\"widget\" data-e-type=\"widget\" data-widget_type=\"button.default\">\n\t\t\t\t\t\t\t\t\t\t<a class=\"elementor-button elementor-button-link elementor-size-md\" href=\"https:\/\/strippercollection.com\/de\/buchung-von-kuenstlern-oder-dienstleistungen\/\">\n\t\t\t\t\t\t<span class=\"elementor-button-content-wrapper\">\n\t\t\t\t\t\t\t\t\t<span class=\"elementor-button-text\">KLICKEN SIE HIER UM ZU BUCHEN<\/span>\n\t\t\t\t\t<\/span>\n\t\t\t\t\t<\/a>\n\t\t\t\t\t\t\t\t<\/div>\n\t\t\t\t\t<\/div>\n\t\t<\/div>\n\t\t\t\t\t<\/div>\n\t\t<\/section>\n\t\t\t\t<section class=\"elementor-section elementor-top-section elementor-element elementor-element-976dfdb elementor-section-boxed elementor-section-height-default elementor-section-height-default\" data-id=\"976dfdb\" data-element_type=\"section\" data-e-type=\"section\" data-settings=\"{&quot;background_background&quot;:&quot;classic&quot;}\">\n\t\t\t\t\t\t<div class=\"elementor-container elementor-column-gap-default\">\n\t\t\t\t\t<div class=\"elementor-column elementor-col-100 elementor-top-column elementor-element elementor-element-e810282\" data-id=\"e810282\" data-element_type=\"column\" data-e-type=\"column\">\n\t\t\t<div class=\"elementor-widget-wrap elementor-element-populated\">\n\t\t\t\t\t\t<div class=\"elementor-element elementor-element-b69aa39 elementor-align-center elementor-widget elementor-widget-button\" data-id=\"b69aa39\" data-element_type=\"widget\" data-e-type=\"widget\" data-widget_type=\"button.default\">\n\t\t\t\t\t\t\t\t\t\t<a class=\"elementor-button elementor-button-link elementor-size-md\" href=\"https:\/\/strippercollection.com\/de\/stripperinnen-malaga\/\">\n\t\t\t\t\t\t<span class=\"elementor-button-content-wrapper\">\n\t\t\t\t\t\t\t\t\t<span class=\"elementor-button-text\">ZUR\u00dcCK ZU STRIPPERINNEN AUS M\u00c1LAGA<\/span>\n\t\t\t\t\t<\/span>\n\t\t\t\t\t<\/a>\n\t\t\t\t\t\t\t\t<\/div>\n\t\t\t\t\t<\/div>\n\t\t<\/div>\n\t\t\t\t\t<\/div>\n\t\t<\/section>\n\t\t\t\t<\/div>\n\t\t","protected":false},"excerpt":{"rendered":"<p>BEL\u00c9N BEL\u00c9N Bel\u00e9n sch\u00f6ne und freundliche Stripperin und T\u00e4nzerin. Sie wird Sie mit ihren sinnlichen Shows und T\u00e4nzen beeindrucken. Die Dauer der Show der K\u00fcnstlerin betr\u00e4gt 15 bis 20 Minuten, nach dem Ende der Show bleibt die Stripperin in der Regel noch eine Weile bei Ihnen, damit Sie einige Fotos mit ihr machen k\u00f6nnen. \u00a0 &#8230; <a title=\"STRIPPERINNEN M\u00c1LAGA BEL\u00c9N\" class=\"read-more\" href=\"https:\/\/strippercollection.com\/de\/stripperinnen-malaga-belen\/\" aria-label=\"Mehr Informationen \u00fcber STRIPPERINNEN M\u00c1LAGA BEL\u00c9N\">Weiterlesen<\/a><\/p>\n","protected":false},"author":1,"featured_media":0,"parent":0,"menu_order":0,"comment_status":"closed","ping_status":"closed","template":"","meta":{"_monsterinsights_skip_tracking":false,"_monsterinsights_sitenote_active":false,"_monsterinsights_sitenote_note":"","_monsterinsights_sitenote_category":0,"footnotes":""},"class_list":["post-17422","page","type-page","status-publish"],"yoast_head":"<!-- This site is optimized with the Yoast SEO plugin v27.3 - https:\/\/yoast.com\/product\/yoast-seo-wordpress\/ -->\n<title>STRIPPERINNEN M\u00c1LAGA BEL\u00c9N<\/title>\n<meta name=\"description\" content=\"BEL\u00c9N         BEL\u00c9NBel\u00e9n sch\u00f6ne und freundliche Stripperin und T\u00e4nzerin.Sie wird Sie mit ihren sinnlichen Shows und T\u00e4nzen beeindrucken.Die Dauer der Show der K\u00fcnstlerin betr\u00e4gt 15 bis 20 Minuten, nach dem Ende der Show bleibt die Stripperin in der Regel noch eine Weile bei Ihnen, damit Sie einige Fotos mit ihr machen k\u00f6nnen.\u00a0\u00a0       KLICKEN SIE HIER UM ZU BUCHEN         ZUR\u00dcCK ZU STRIPPERINNEN AUS M\u00c1LAGA\" \/>\n<meta name=\"robots\" content=\"index, follow, max-snippet:-1, max-image-preview:large, max-video-preview:-1\" \/>\n<link rel=\"canonical\" href=\"https:\/\/strippercollection.com\/de\/stripperinnen-malaga-belen\/\" \/>\n<meta property=\"og:locale\" content=\"de_DE\" \/>\n<meta property=\"og:type\" content=\"article\" \/>\n<meta property=\"og:title\" content=\"STRIPPERINNEN M\u00c1LAGA BEL\u00c9N\" \/>\n<meta property=\"og:description\" content=\"BEL\u00c9N         BEL\u00c9NBel\u00e9n sch\u00f6ne und freundliche Stripperin und T\u00e4nzerin.Sie wird Sie mit ihren sinnlichen Shows und T\u00e4nzen beeindrucken.Die Dauer der Show der K\u00fcnstlerin betr\u00e4gt 15 bis 20 Minuten, nach dem Ende der Show bleibt die Stripperin in der Regel noch eine Weile bei Ihnen, damit Sie einige Fotos mit ihr machen k\u00f6nnen.\u00a0\u00a0       KLICKEN SIE HIER UM ZU BUCHEN         ZUR\u00dcCK ZU STRIPPERINNEN AUS M\u00c1LAGA\" \/>\n<meta property=\"og:url\" content=\"https:\/\/strippercollection.com\/de\/stripperinnen-malaga-belen\/\" \/>\n<meta property=\"og:site_name\" content=\"Stripper Collection\" \/>\n<meta property=\"article:publisher\" content=\"https:\/\/www.facebook.com\/profile.php?id=100090786345031\" \/>\n<meta property=\"article:modified_time\" content=\"2023-09-06T21:32:25+00:00\" \/>\n<meta property=\"og:image\" content=\"https:\/\/strippercollection.com\/wp-content\/uploads\/elementor\/thumbs\/Stripper-sensual-Malaga-q59hsv6abo26hy0ctdueqx0ffk6s83i07qy8yha008.jpg\" \/>\n<script type=\"application\/ld+json\" class=\"yoast-schema-graph\">{\"@context\":\"https:\\\/\\\/schema.org\",\"@graph\":[{\"@type\":\"WebPage\",\"@id\":\"https:\\\/\\\/strippercollection.com\\\/de\\\/stripperinnen-malaga-belen\\\/\",\"url\":\"https:\\\/\\\/strippercollection.com\\\/de\\\/stripperinnen-malaga-belen\\\/\",\"name\":\"STRIPPERINNEN M\u00c1LAGA BEL\u00c9N\",\"isPartOf\":{\"@id\":\"https:\\\/\\\/strippercollection.com\\\/de\\\/#website\"},\"primaryImageOfPage\":{\"@id\":\"https:\\\/\\\/strippercollection.com\\\/de\\\/stripperinnen-malaga-belen\\\/#primaryimage\"},\"image\":{\"@id\":\"https:\\\/\\\/strippercollection.com\\\/de\\\/stripperinnen-malaga-belen\\\/#primaryimage\"},\"thumbnailUrl\":\"https:\\\/\\\/strippercollection.com\\\/wp-content\\\/uploads\\\/elementor\\\/thumbs\\\/Stripper-sensual-Malaga-q59hsv6abo26hy0ctdueqx0ffk6s83i07qy8yha008.jpg\",\"datePublished\":\"2023-04-13T22:31:27+00:00\",\"dateModified\":\"2023-09-06T21:32:25+00:00\",\"description\":\"BEL\u00c9N BEL\u00c9NBel\u00e9n sch\u00f6ne und freundliche Stripperin und T\u00e4nzerin.Sie wird Sie mit ihren sinnlichen Shows und T\u00e4nzen beeindrucken.Die Dauer der Show der K\u00fcnstlerin betr\u00e4gt 15 bis 20 Minuten, nach dem Ende der Show bleibt die Stripperin in der Regel noch eine Weile bei Ihnen, damit Sie einige Fotos mit ihr machen k\u00f6nnen.\u00a0\u00a0 KLICKEN SIE HIER UM ZU BUCHEN ZUR\u00dcCK ZU STRIPPERINNEN AUS M\u00c1LAGA\",\"breadcrumb\":{\"@id\":\"https:\\\/\\\/strippercollection.com\\\/de\\\/stripperinnen-malaga-belen\\\/#breadcrumb\"},\"inLanguage\":\"de\",\"potentialAction\":[{\"@type\":\"ReadAction\",\"target\":[\"https:\\\/\\\/strippercollection.com\\\/de\\\/stripperinnen-malaga-belen\\\/\"]}]},{\"@type\":\"ImageObject\",\"inLanguage\":\"de\",\"@id\":\"https:\\\/\\\/strippercollection.com\\\/de\\\/stripperinnen-malaga-belen\\\/#primaryimage\",\"url\":\"https:\\\/\\\/strippercollection.com\\\/wp-content\\\/uploads\\\/elementor\\\/thumbs\\\/Stripper-sensual-Malaga-q59hsv6abo26hy0ctdueqx0ffk6s83i07qy8yha008.jpg\",\"contentUrl\":\"https:\\\/\\\/strippercollection.com\\\/wp-content\\\/uploads\\\/elementor\\\/thumbs\\\/Stripper-sensual-Malaga-q59hsv6abo26hy0ctdueqx0ffk6s83i07qy8yha008.jpg\"},{\"@type\":\"BreadcrumbList\",\"@id\":\"https:\\\/\\\/strippercollection.com\\\/de\\\/stripperinnen-malaga-belen\\\/#breadcrumb\",\"itemListElement\":[{\"@type\":\"ListItem\",\"position\":1,\"name\":\"Portada\",\"item\":\"https:\\\/\\\/strippercollection.com\\\/de\\\/\"},{\"@type\":\"ListItem\",\"position\":2,\"name\":\"STRIPPERINNEN M\u00c1LAGA BEL\u00c9N\"}]},{\"@type\":\"WebSite\",\"@id\":\"https:\\\/\\\/strippercollection.com\\\/de\\\/#website\",\"url\":\"https:\\\/\\\/strippercollection.com\\\/de\\\/\",\"name\":\"Stripper Collection\",\"description\":\"Organizaci\u00f3n de despedidas de soltera\\\/o y eventos en toda Espa\u00f1a\",\"publisher\":{\"@id\":\"https:\\\/\\\/strippercollection.com\\\/de\\\/#organization\"},\"potentialAction\":[{\"@type\":\"SearchAction\",\"target\":{\"@type\":\"EntryPoint\",\"urlTemplate\":\"https:\\\/\\\/strippercollection.com\\\/de\\\/?s={search_term_string}\"},\"query-input\":{\"@type\":\"PropertyValueSpecification\",\"valueRequired\":true,\"valueName\":\"search_term_string\"}}],\"inLanguage\":\"de\"},{\"@type\":\"Organization\",\"@id\":\"https:\\\/\\\/strippercollection.com\\\/de\\\/#organization\",\"name\":\"Stripper Collection\",\"url\":\"https:\\\/\\\/strippercollection.com\\\/de\\\/\",\"logo\":{\"@type\":\"ImageObject\",\"inLanguage\":\"de\",\"@id\":\"https:\\\/\\\/strippercollection.com\\\/de\\\/#\\\/schema\\\/logo\\\/image\\\/\",\"url\":\"https:\\\/\\\/strippercollection.com\\\/wp-content\\\/uploads\\\/2023\\\/04\\\/STRIPPER-COLLECTION-LOGO-WEB-TRANSPARENTE-EDIT.png\",\"contentUrl\":\"https:\\\/\\\/strippercollection.com\\\/wp-content\\\/uploads\\\/2023\\\/04\\\/STRIPPER-COLLECTION-LOGO-WEB-TRANSPARENTE-EDIT.png\",\"width\":169,\"height\":151,\"caption\":\"Stripper Collection\"},\"image\":{\"@id\":\"https:\\\/\\\/strippercollection.com\\\/de\\\/#\\\/schema\\\/logo\\\/image\\\/\"},\"sameAs\":[\"https:\\\/\\\/www.facebook.com\\\/profile.php?id=100090786345031\",\"https:\\\/\\\/www.instagram.com\\\/stripper_collection\\\/\"]}]}<\/script>\n<!-- \/ Yoast SEO plugin. -->","yoast_head_json":{"title":"STRIPPERINNEN M\u00c1LAGA BEL\u00c9N","description":"BEL\u00c9N         BEL\u00c9NBel\u00e9n sch\u00f6ne und freundliche Stripperin und T\u00e4nzerin.Sie wird Sie mit ihren sinnlichen Shows und T\u00e4nzen beeindrucken.Die Dauer der Show der K\u00fcnstlerin betr\u00e4gt 15 bis 20 Minuten, nach dem Ende der Show bleibt die Stripperin in der Regel noch eine Weile bei Ihnen, damit Sie einige Fotos mit ihr machen k\u00f6nnen.\u00a0\u00a0       KLICKEN SIE HIER UM ZU BUCHEN         ZUR\u00dcCK ZU STRIPPERINNEN AUS M\u00c1LAGA","robots":{"index":"index","follow":"follow","max-snippet":"max-snippet:-1","max-image-preview":"max-image-preview:large","max-video-preview":"max-video-preview:-1"},"canonical":"https:\/\/strippercollection.com\/de\/stripperinnen-malaga-belen\/","og_locale":"de_DE","og_type":"article","og_title":"STRIPPERINNEN M\u00c1LAGA BEL\u00c9N","og_description":"BEL\u00c9N         BEL\u00c9NBel\u00e9n sch\u00f6ne und freundliche Stripperin und T\u00e4nzerin.Sie wird Sie mit ihren sinnlichen Shows und T\u00e4nzen beeindrucken.Die Dauer der Show der K\u00fcnstlerin betr\u00e4gt 15 bis 20 Minuten, nach dem Ende der Show bleibt die Stripperin in der Regel noch eine Weile bei Ihnen, damit Sie einige Fotos mit ihr machen k\u00f6nnen.\u00a0\u00a0       KLICKEN SIE HIER UM ZU BUCHEN         ZUR\u00dcCK ZU STRIPPERINNEN AUS M\u00c1LAGA","og_url":"https:\/\/strippercollection.com\/de\/stripperinnen-malaga-belen\/","og_site_name":"Stripper Collection","article_publisher":"https:\/\/www.facebook.com\/profile.php?id=100090786345031","article_modified_time":"2023-09-06T21:32:25+00:00","og_image":[{"url":"https:\/\/strippercollection.com\/wp-content\/uploads\/elementor\/thumbs\/Stripper-sensual-Malaga-q59hsv6abo26hy0ctdueqx0ffk6s83i07qy8yha008.jpg","type":"","width":"","height":""}],"schema":{"@context":"https:\/\/schema.org","@graph":[{"@type":"WebPage","@id":"https:\/\/strippercollection.com\/de\/stripperinnen-malaga-belen\/","url":"https:\/\/strippercollection.com\/de\/stripperinnen-malaga-belen\/","name":"STRIPPERINNEN M\u00c1LAGA BEL\u00c9N","isPartOf":{"@id":"https:\/\/strippercollection.com\/de\/#website"},"primaryImageOfPage":{"@id":"https:\/\/strippercollection.com\/de\/stripperinnen-malaga-belen\/#primaryimage"},"image":{"@id":"https:\/\/strippercollection.com\/de\/stripperinnen-malaga-belen\/#primaryimage"},"thumbnailUrl":"https:\/\/strippercollection.com\/wp-content\/uploads\/elementor\/thumbs\/Stripper-sensual-Malaga-q59hsv6abo26hy0ctdueqx0ffk6s83i07qy8yha008.jpg","datePublished":"2023-04-13T22:31:27+00:00","dateModified":"2023-09-06T21:32:25+00:00","description":"BEL\u00c9N BEL\u00c9NBel\u00e9n sch\u00f6ne und freundliche Stripperin und T\u00e4nzerin.Sie wird Sie mit ihren sinnlichen Shows und T\u00e4nzen beeindrucken.Die Dauer der Show der K\u00fcnstlerin betr\u00e4gt 15 bis 20 Minuten, nach dem Ende der Show bleibt die Stripperin in der Regel noch eine Weile bei Ihnen, damit Sie einige Fotos mit ihr machen k\u00f6nnen.\u00a0\u00a0 KLICKEN SIE HIER UM ZU BUCHEN ZUR\u00dcCK ZU STRIPPERINNEN AUS M\u00c1LAGA","breadcrumb":{"@id":"https:\/\/strippercollection.com\/de\/stripperinnen-malaga-belen\/#breadcrumb"},"inLanguage":"de","potentialAction":[{"@type":"ReadAction","target":["https:\/\/strippercollection.com\/de\/stripperinnen-malaga-belen\/"]}]},{"@type":"ImageObject","inLanguage":"de","@id":"https:\/\/strippercollection.com\/de\/stripperinnen-malaga-belen\/#primaryimage","url":"https:\/\/strippercollection.com\/wp-content\/uploads\/elementor\/thumbs\/Stripper-sensual-Malaga-q59hsv6abo26hy0ctdueqx0ffk6s83i07qy8yha008.jpg","contentUrl":"https:\/\/strippercollection.com\/wp-content\/uploads\/elementor\/thumbs\/Stripper-sensual-Malaga-q59hsv6abo26hy0ctdueqx0ffk6s83i07qy8yha008.jpg"},{"@type":"BreadcrumbList","@id":"https:\/\/strippercollection.com\/de\/stripperinnen-malaga-belen\/#breadcrumb","itemListElement":[{"@type":"ListItem","position":1,"name":"Portada","item":"https:\/\/strippercollection.com\/de\/"},{"@type":"ListItem","position":2,"name":"STRIPPERINNEN M\u00c1LAGA BEL\u00c9N"}]},{"@type":"WebSite","@id":"https:\/\/strippercollection.com\/de\/#website","url":"https:\/\/strippercollection.com\/de\/","name":"Stripper Collection","description":"Organizaci\u00f3n de despedidas de soltera\/o y eventos en toda Espa\u00f1a","publisher":{"@id":"https:\/\/strippercollection.com\/de\/#organization"},"potentialAction":[{"@type":"SearchAction","target":{"@type":"EntryPoint","urlTemplate":"https:\/\/strippercollection.com\/de\/?s={search_term_string}"},"query-input":{"@type":"PropertyValueSpecification","valueRequired":true,"valueName":"search_term_string"}}],"inLanguage":"de"},{"@type":"Organization","@id":"https:\/\/strippercollection.com\/de\/#organization","name":"Stripper Collection","url":"https:\/\/strippercollection.com\/de\/","logo":{"@type":"ImageObject","inLanguage":"de","@id":"https:\/\/strippercollection.com\/de\/#\/schema\/logo\/image\/","url":"https:\/\/strippercollection.com\/wp-content\/uploads\/2023\/04\/STRIPPER-COLLECTION-LOGO-WEB-TRANSPARENTE-EDIT.png","contentUrl":"https:\/\/strippercollection.com\/wp-content\/uploads\/2023\/04\/STRIPPER-COLLECTION-LOGO-WEB-TRANSPARENTE-EDIT.png","width":169,"height":151,"caption":"Stripper Collection"},"image":{"@id":"https:\/\/strippercollection.com\/de\/#\/schema\/logo\/image\/"},"sameAs":["https:\/\/www.facebook.com\/profile.php?id=100090786345031","https:\/\/www.instagram.com\/stripper_collection\/"]}]}},"_links":{"self":[{"href":"https:\/\/strippercollection.com\/de\/wp-json\/wp\/v2\/pages\/17422","targetHints":{"allow":["GET"]}}],"collection":[{"href":"https:\/\/strippercollection.com\/de\/wp-json\/wp\/v2\/pages"}],"about":[{"href":"https:\/\/strippercollection.com\/de\/wp-json\/wp\/v2\/types\/page"}],"author":[{"embeddable":true,"href":"https:\/\/strippercollection.com\/de\/wp-json\/wp\/v2\/users\/1"}],"replies":[{"embeddable":true,"href":"https:\/\/strippercollection.com\/de\/wp-json\/wp\/v2\/comments?post=17422"}],"version-history":[{"count":0,"href":"https:\/\/strippercollection.com\/de\/wp-json\/wp\/v2\/pages\/17422\/revisions"}],"wp:attachment":[{"href":"https:\/\/strippercollection.com\/de\/wp-json\/wp\/v2\/media?parent=17422"}],"curies":[{"name":"wp","href":"https:\/\/api.w.org\/{rel}","templated":true}]}}