{"id":15724,"date":"2023-06-08T23:02:14","date_gmt":"2023-06-08T23:02:14","guid":{"rendered":"https:\/\/strippercollection.com\/bachelor-und-bachelorette-party-pakete-in-palma-de-mallorca\/"},"modified":"2026-01-07T12:51:17","modified_gmt":"2026-01-07T12:51:17","slug":"bachelor-und-bachelorette-party-pakete-in-palma-de-mallorca","status":"publish","type":"page","link":"https:\/\/strippercollection.com\/de\/bachelor-und-bachelorette-party-pakete-in-palma-de-mallorca\/","title":{"rendered":"BACHELOR UND BACHELORETTE PARTY PAKETE IN PALMA DE MALLORCA"},"content":{"rendered":"\t\t<div data-elementor-type=\"wp-page\" data-elementor-id=\"15724\" class=\"elementor elementor-15724 elementor-12342\" data-elementor-post-type=\"page\">\n\t\t\t\t\t\t<section class=\"elementor-section elementor-top-section elementor-element elementor-element-b6ce1fc elementor-section-full_width cabeceraweb elementor-section-height-default elementor-section-height-default\" data-id=\"b6ce1fc\" data-element_type=\"section\" data-e-type=\"section\">\n\t\t\t\t\t\t<div class=\"elementor-container elementor-column-gap-default\">\n\t\t\t\t\t<div class=\"elementor-column elementor-col-100 elementor-top-column elementor-element elementor-element-28d750f\" data-id=\"28d750f\" data-element_type=\"column\" data-e-type=\"column\">\n\t\t\t<div class=\"elementor-widget-wrap elementor-element-populated\">\n\t\t\t\t\t\t<div class=\"elementor-element elementor-element-c7988cb elementor-widget elementor-widget-heading\" data-id=\"c7988cb\" data-element_type=\"widget\" data-e-type=\"widget\" data-widget_type=\"heading.default\">\n\t\t\t\t\t<h1 class=\"elementor-heading-title elementor-size-default\">BACHELOR UND BACHELORETTE PARTY PAKETE IN PALMA DE MALLORCA<\/h1>\t\t\t\t<\/div>\n\t\t\t\t\t<\/div>\n\t\t<\/div>\n\t\t\t\t\t<\/div>\n\t\t<\/section>\n\t\t\t\t<section class=\"elementor-section elementor-top-section elementor-element elementor-element-416db6e elementor-section-stretched elementor-section-boxed elementor-section-height-default elementor-section-height-default\" data-id=\"416db6e\" data-element_type=\"section\" data-e-type=\"section\" data-settings=\"{&quot;background_background&quot;:&quot;classic&quot;,&quot;stretch_section&quot;:&quot;section-stretched&quot;}\">\n\t\t\t\t\t\t<div class=\"elementor-container elementor-column-gap-default\">\n\t\t\t\t\t<div class=\"elementor-column elementor-col-33 elementor-top-column elementor-element elementor-element-a2d8e5d packs\" data-id=\"a2d8e5d\" data-element_type=\"column\" data-e-type=\"column\">\n\t\t\t<div class=\"elementor-widget-wrap elementor-element-populated\">\n\t\t\t\t\t\t<div class=\"elementor-element elementor-element-cfdb045 elementor-widget elementor-widget-image\" data-id=\"cfdb045\" data-element_type=\"widget\" data-e-type=\"widget\" data-widget_type=\"image.default\">\n\t\t\t\t\t\t\t\t\t\t\t\t\t\t\t\t<a href=\"https:\/\/strippercollection.com\/de\/junggesellenabschiedspakete-palma-de-mallorca-limousine-show\/\">\n\t\t\t\t\t\t\t<img decoding=\"async\" src=\"https:\/\/strippercollection.com\/wp-content\/uploads\/elementor\/thumbs\/Pack-Limusina-show-stripper-boy-en-Palma-scaled-qyzlfkf6em4aajzks8ab0z1bd5lu42nghegi7fx2tk.jpg\" title=\"Pack Limusina + show stripper-boy en Palma\" alt=\"Pack Limusina + show stripper-boy en Palma\" loading=\"lazy\" \/>\t\t\t\t\t\t\t\t<\/a>\n\t\t\t\t\t\t\t\t\t\t\t\t\t\t\t<\/div>\n\t\t\t\t<div class=\"elementor-element elementor-element-27cc229 elementor-align-center elementor-widget elementor-widget-button\" data-id=\"27cc229\" data-element_type=\"widget\" data-e-type=\"widget\" data-widget_type=\"button.default\">\n\t\t\t\t\t\t\t\t\t\t<a class=\"elementor-button elementor-button-link elementor-size-xs\" href=\"https:\/\/strippercollection.com\/de\/junggesellenabschiedspakete-palma-de-mallorca-limousine-show\/\">\n\t\t\t\t\t\t<span class=\"elementor-button-content-wrapper\">\n\t\t\t\t\t\t\t\t\t<span class=\"elementor-button-text\">SEHEN PACK<\/span>\n\t\t\t\t\t<\/span>\n\t\t\t\t\t<\/a>\n\t\t\t\t\t\t\t\t<\/div>\n\t\t\t\t<div class=\"elementor-element elementor-element-dddfb66 elementor-widget__width-initial elementor-widget elementor-widget-heading\" data-id=\"dddfb66\" data-element_type=\"widget\" data-e-type=\"widget\" data-widget_type=\"heading.default\">\n\t\t\t\t\t<h2 class=\"elementor-heading-title elementor-size-default\"><a href=\"https:\/\/strippercollection.com\/de\/junggesellenabschiedspakete-palma-de-mallorca-limousine-show\/\">LIMOUSINE + SHOW<\/a><\/h2>\t\t\t\t<\/div>\n\t\t\t\t\t<\/div>\n\t\t<\/div>\n\t\t\t\t<div class=\"elementor-column elementor-col-33 elementor-top-column elementor-element elementor-element-eaedbe2 packs\" data-id=\"eaedbe2\" data-element_type=\"column\" data-e-type=\"column\">\n\t\t\t<div class=\"elementor-widget-wrap elementor-element-populated\">\n\t\t\t\t\t\t<div class=\"elementor-element elementor-element-b5a12a8 elementor-widget elementor-widget-image\" data-id=\"b5a12a8\" data-element_type=\"widget\" data-e-type=\"widget\" data-widget_type=\"image.default\">\n\t\t\t\t\t\t\t\t\t\t\t\t\t\t\t\t<a href=\"https:\/\/strippercollection.com\/de\/abendessen-striptease-palma-mallorca-jga\">\n\t\t\t\t\t\t\t<img decoding=\"async\" src=\"https:\/\/strippercollection.com\/wp-content\/uploads\/elementor\/thumbs\/Pack-cena-show-privado-stripper-o-boy-scaled-qyzlfr01qgdajtq0pt4p0fdjiupelydkub0wkdnbm0.jpg\" title=\"Pack cena + show privado stripper o boy\" alt=\"Pack cena + show privado stripper o boy\" loading=\"lazy\" \/>\t\t\t\t\t\t\t\t<\/a>\n\t\t\t\t\t\t\t\t\t\t\t\t\t\t\t<\/div>\n\t\t\t\t<div class=\"elementor-element elementor-element-216fa5f elementor-align-center elementor-widget elementor-widget-button\" data-id=\"216fa5f\" data-element_type=\"widget\" data-e-type=\"widget\" data-widget_type=\"button.default\">\n\t\t\t\t\t\t\t\t\t\t<a class=\"elementor-button elementor-button-link elementor-size-xs\" href=\"https:\/\/strippercollection.com\/de\/abendessen-striptease-palma-mallorca-jga\">\n\t\t\t\t\t\t<span class=\"elementor-button-content-wrapper\">\n\t\t\t\t\t\t\t\t\t<span class=\"elementor-button-text\">SEHEN PACK<\/span>\n\t\t\t\t\t<\/span>\n\t\t\t\t\t<\/a>\n\t\t\t\t\t\t\t\t<\/div>\n\t\t\t\t<div class=\"elementor-element elementor-element-a2bffeb elementor-widget__width-initial elementor-widget elementor-widget-heading\" data-id=\"a2bffeb\" data-element_type=\"widget\" data-e-type=\"widget\" data-widget_type=\"heading.default\">\n\t\t\t\t\t<h2 class=\"elementor-heading-title elementor-size-default\"><a href=\"https:\/\/strippercollection.com\/de\/abendessen-striptease-palma-mallorca-jga\">DINNER + SHOW<\/a><\/h2>\t\t\t\t<\/div>\n\t\t\t\t\t<\/div>\n\t\t<\/div>\n\t\t\t\t<div class=\"elementor-column elementor-col-33 elementor-top-column elementor-element elementor-element-b8c16d1 packs\" data-id=\"b8c16d1\" data-element_type=\"column\" data-e-type=\"column\">\n\t\t\t<div class=\"elementor-widget-wrap elementor-element-populated\">\n\t\t\t\t\t\t<div class=\"elementor-element elementor-element-fcbaa3e elementor-widget elementor-widget-image\" data-id=\"fcbaa3e\" data-element_type=\"widget\" data-e-type=\"widget\" data-widget_type=\"image.default\">\n\t\t\t\t\t\t\t\t\t\t\t\t\t\t\t\t<a href=\"https:\/\/strippercollection.com\/de\/palma-de-mallorca-ganztagspaket-zum-abschied\/\">\n\t\t\t\t\t\t\t<img decoding=\"async\" src=\"https:\/\/strippercollection.com\/wp-content\/uploads\/elementor\/thumbs\/Boat-Party-Full-day-e1686585285881-qyzlfq27jmc087rdvaq2fxm2xgu1e99ui6df33ops8.jpg\" title=\"Boat Party Full day\" alt=\"Boat Party Full day\" loading=\"lazy\" \/>\t\t\t\t\t\t\t\t<\/a>\n\t\t\t\t\t\t\t\t\t\t\t\t\t\t\t<\/div>\n\t\t\t\t<div class=\"elementor-element elementor-element-2f24818 elementor-align-center elementor-widget elementor-widget-button\" data-id=\"2f24818\" data-element_type=\"widget\" data-e-type=\"widget\" data-widget_type=\"button.default\">\n\t\t\t\t\t\t\t\t\t\t<a class=\"elementor-button elementor-button-link elementor-size-xs\" href=\"https:\/\/strippercollection.com\/de\/palma-de-mallorca-ganztagspaket-zum-abschied\/\">\n\t\t\t\t\t\t<span class=\"elementor-button-content-wrapper\">\n\t\t\t\t\t\t\t\t\t<span class=\"elementor-button-text\">SEHEN PACK<\/span>\n\t\t\t\t\t<\/span>\n\t\t\t\t\t<\/a>\n\t\t\t\t\t\t\t\t<\/div>\n\t\t\t\t<div class=\"elementor-element elementor-element-e1a106e elementor-widget__width-initial elementor-widget elementor-widget-heading\" data-id=\"e1a106e\" data-element_type=\"widget\" data-e-type=\"widget\" data-widget_type=\"heading.default\">\n\t\t\t\t\t<h2 class=\"elementor-heading-title elementor-size-default\"><a href=\"https:\/\/strippercollection.com\/de\/palma-de-mallorca-ganztagspaket-zum-abschied\/\">GANZER TAG <\/a><\/h2>\t\t\t\t<\/div>\n\t\t\t\t\t<\/div>\n\t\t<\/div>\n\t\t\t\t\t<\/div>\n\t\t<\/section>\n\t\t\t\t<section class=\"elementor-section elementor-top-section elementor-element elementor-element-47ff5f2 elementor-section-full_width elementor-section-stretched elementor-section-height-default elementor-section-height-default\" data-id=\"47ff5f2\" data-element_type=\"section\" data-e-type=\"section\" data-settings=\"{&quot;stretch_section&quot;:&quot;section-stretched&quot;,&quot;background_background&quot;:&quot;classic&quot;}\">\n\t\t\t\t\t\t<div class=\"elementor-container elementor-column-gap-default\">\n\t\t\t\t\t<div class=\"elementor-column elementor-col-100 elementor-top-column elementor-element elementor-element-8f116a0\" data-id=\"8f116a0\" data-element_type=\"column\" data-e-type=\"column\">\n\t\t\t<div class=\"elementor-widget-wrap elementor-element-populated\">\n\t\t\t\t\t\t<div class=\"elementor-element elementor-element-a24444d elementor-widget elementor-widget-text-editor\" data-id=\"a24444d\" data-element_type=\"widget\" data-e-type=\"widget\" data-widget_type=\"text-editor.default\">\n\t\t\t\t\t\t\t\t\t<h2><span style=\"text-decoration: underline;\"><span style=\"color: #0b9654; text-decoration: underline;\">Welche Pakete haben wir f\u00fcr Ihren Junggesellenabschied oder Ihr Event in Palma de Mallorca?<\/span><\/span><\/h2><h3><strong>Pakete f\u00fcr JGA in Mallorca<\/strong>, wir haben das <strong>ideale Paket zum besten Preis<\/strong> <strong>f\u00fcr<\/strong> einen <strong>Junggesellinnenabschied in Palma<\/strong> nur mit Stripper Collection vorbereitet.<\/h3><h2><span style=\"text-decoration: underline;\"><span style=\"color: #0b9654; text-decoration: underline;\">Organisieren pakete f\u00fcr JGA in Mallorca<\/span><\/span><\/h2><h3><strong>100% personalisierte Pakete<\/strong>, um Ihnen maximalen Komfort und Bequemlichkeit zu bieten, wenn Sie Ihren <strong>Junggesellen- oder Junggesellinnenabschied in Palma<\/strong> organisieren, um ein einzigartiges und unvergessliches Erlebnis zu haben.<\/h3><h2><span style=\"text-decoration: underline;\"><span style=\"color: #0b9654; text-decoration: underline;\">Pakete mit Aktivit\u00e4ten und Dienstleistungen f\u00fcr Junggesellinnen- und Junggesellenabschiede oder Veranstaltungen in Palma de Mallorca<\/span><\/span><\/h2><h3>Unsere <strong>Aktivit\u00e4tspakete und Dienstleistungen f\u00fcr Junggesellinnenabschiede oder Events in Palma<\/strong> beinhalten alles, was Sie f\u00fcr ein unvergessliches Erlebnis ben\u00f6tigen.<\/h3><h3>Von <span style=\"text-decoration: underline; color: #0b9654;\"><a style=\"color: #0b9654; text-decoration: underline;\" href=\"https:\/\/strippercollection.com\/de\/restaurants-fuer-junggesellen-und-junggesellinnenabschiede-auf-mallorca\/\"><strong>restaurants mit privater Lounge in Palma<\/strong><\/a><\/span>\u00fcber professionelle <span style=\"text-decoration: underline;\"><span style=\"color: #0b9654; text-decoration: underline;\"><a style=\"color: #0b9654; text-decoration: underline;\" href=\"https:\/\/strippercollection.com\/de\/stripperinnen-mallorca\/\">stripperinen<\/a><\/span><\/span>oder <span style=\"text-decoration: underline;\"><span style=\"color: #0b9654; text-decoration: underline;\"><a style=\"color: #0b9654; text-decoration: underline;\" href=\"https:\/\/strippercollection.com\/de\/men-stripper-show-mallorca\/\">stripper<\/a>\u00a0<\/span><\/span>professionellen, sowie eine Fahrt in einer glamour\u00f6sen Limousine oder , die Sie bei Ihrer Ankunft am Flughafen abholt. <span style=\"text-decoration: underline; color: #0b9654;\"><a style=\"color: #0b9654;\" href=\"https:\/\/strippercollection.com\/de\/limousinen\/\"><strong>buchen Sie sogar eine Limousine in Palma<\/strong><\/a><\/span> die Sie bei Ihrer Ankunft am Flughafen abholt.<\/h3><h3>Sie k\u00f6nnen auch die unglaublichen Str\u00e4nde Mallorcas genie\u00dfen oder Ausfl\u00fcge zu nahe gelegenen Inseln unternehmen, die die Insel Palma de Mallorca zu bieten hat.<\/h3><h2><span style=\"text-decoration: underline;\"><span style=\"color: #0b9654; text-decoration: underline;\">Angebot pakete f\u00fcr JGA in Mallorca<\/span><\/span><\/h2><h3>Mit diesen <strong>paket<\/strong>\u00a0haben Sie die M\u00f6glichkeit, Ihre Veranstaltung in vollen Z\u00fcgen zu genie\u00dfen.<\/h3><h3>In diesem Abschnitt k\u00f6nnen Sie die Vielfalt und das Angebot an Dienstleistungen und Aktivit\u00e4ten sehen, die wir Ihnen mit unseren <strong>100% personalisierten Paketen<\/strong> anbieten, damit Sie das Beste aus Ihrer <strong>Veranstaltung in Palma<\/strong> machen k\u00f6nnen.<\/h3>\t\t\t\t\t\t\t\t<\/div>\n\t\t\t\t\t<\/div>\n\t\t<\/div>\n\t\t\t\t\t<\/div>\n\t\t<\/section>\n\t\t\t\t<\/div>\n\t\t","protected":false},"excerpt":{"rendered":"<p>BACHELOR UND BACHELORETTE PARTY PAKETE IN PALMA DE MALLORCA SEHEN PACK LIMOUSINE + SHOW SEHEN PACK DINNER + SHOW SEHEN PACK GANZER TAG Welche Pakete haben wir f\u00fcr Ihren Junggesellenabschied oder Ihr Event in Palma de Mallorca? Pakete f\u00fcr JGA in Mallorca, wir haben das ideale Paket zum besten Preis f\u00fcr einen Junggesellinnenabschied in Palma &#8230; <a title=\"BACHELOR UND BACHELORETTE PARTY PAKETE IN PALMA DE MALLORCA\" class=\"read-more\" href=\"https:\/\/strippercollection.com\/de\/bachelor-und-bachelorette-party-pakete-in-palma-de-mallorca\/\" aria-label=\"Mehr Informationen \u00fcber BACHELOR UND BACHELORETTE PARTY PAKETE IN PALMA DE MALLORCA\">Weiterlesen<\/a><\/p>\n","protected":false},"author":1,"featured_media":0,"parent":0,"menu_order":0,"comment_status":"closed","ping_status":"closed","template":"elementor_header_footer","meta":{"_monsterinsights_skip_tracking":false,"_monsterinsights_sitenote_active":false,"_monsterinsights_sitenote_note":"","_monsterinsights_sitenote_category":0,"footnotes":""},"class_list":["post-15724","page","type-page","status-publish"],"yoast_head":"<!-- This site is optimized with the Yoast SEO plugin v27.3 - https:\/\/yoast.com\/product\/yoast-seo-wordpress\/ -->\n<title>Junggesellen- und Junggesellinnenabschiedspakete in Palma de Mallorca zum besten Preis<\/title>\n<meta name=\"description\" content=\"Organisieren Sie Ihre Junggesellen- und Junggesellinnenabschiedspakete in Palma zum besten Preis. Pack-Restaurant mit privater stripperin- oder stripper-Show auf Mallorca.\" \/>\n<meta name=\"robots\" content=\"index, follow, max-snippet:-1, max-image-preview:large, max-video-preview:-1\" \/>\n<link rel=\"canonical\" href=\"https:\/\/strippercollection.com\/de\/bachelor-und-bachelorette-party-pakete-in-palma-de-mallorca\/\" \/>\n<meta property=\"og:locale\" content=\"de_DE\" \/>\n<meta property=\"og:type\" content=\"article\" \/>\n<meta property=\"og:title\" content=\"Junggesellen- und Junggesellinnenabschiedspakete in Palma de Mallorca zum besten Preis\" \/>\n<meta property=\"og:description\" content=\"Organisieren Sie Ihre Junggesellen- und Junggesellinnenabschiedspakete in Palma zum besten Preis. Pack-Restaurant mit privater stripperin- oder stripper-Show auf Mallorca.\" \/>\n<meta property=\"og:url\" content=\"https:\/\/strippercollection.com\/de\/bachelor-und-bachelorette-party-pakete-in-palma-de-mallorca\/\" \/>\n<meta property=\"og:site_name\" content=\"Stripper Collection\" \/>\n<meta property=\"article:publisher\" content=\"https:\/\/www.facebook.com\/profile.php?id=100090786345031\" \/>\n<meta property=\"article:modified_time\" content=\"2026-01-07T12:51:17+00:00\" \/>\n<meta property=\"og:image\" content=\"https:\/\/strippercollection.com\/wp-content\/uploads\/elementor\/thumbs\/Pack-Limusina-show-stripper-boy-en-Palma-scaled-qyzlfkf6em4aajzks8ab0z1bd5lu42nghegi7fx2tk.jpg\" \/>\n<script type=\"application\/ld+json\" class=\"yoast-schema-graph\">{\"@context\":\"https:\\\/\\\/schema.org\",\"@graph\":[{\"@type\":\"WebPage\",\"@id\":\"https:\\\/\\\/strippercollection.com\\\/de\\\/bachelor-und-bachelorette-party-pakete-in-palma-de-mallorca\\\/\",\"url\":\"https:\\\/\\\/strippercollection.com\\\/de\\\/bachelor-und-bachelorette-party-pakete-in-palma-de-mallorca\\\/\",\"name\":\"Junggesellen- und Junggesellinnenabschiedspakete in Palma de Mallorca zum besten Preis\",\"isPartOf\":{\"@id\":\"https:\\\/\\\/strippercollection.com\\\/de\\\/#website\"},\"primaryImageOfPage\":{\"@id\":\"https:\\\/\\\/strippercollection.com\\\/de\\\/bachelor-und-bachelorette-party-pakete-in-palma-de-mallorca\\\/#primaryimage\"},\"image\":{\"@id\":\"https:\\\/\\\/strippercollection.com\\\/de\\\/bachelor-und-bachelorette-party-pakete-in-palma-de-mallorca\\\/#primaryimage\"},\"thumbnailUrl\":\"https:\\\/\\\/strippercollection.com\\\/wp-content\\\/uploads\\\/elementor\\\/thumbs\\\/Pack-Limusina-show-stripper-boy-en-Palma-scaled-qyzlfkf6em4aajzks8ab0z1bd5lu42nghegi7fx2tk.jpg\",\"datePublished\":\"2023-06-08T23:02:14+00:00\",\"dateModified\":\"2026-01-07T12:51:17+00:00\",\"description\":\"Organisieren Sie Ihre Junggesellen- und Junggesellinnenabschiedspakete in Palma zum besten Preis. Pack-Restaurant mit privater stripperin- oder stripper-Show auf Mallorca.\",\"breadcrumb\":{\"@id\":\"https:\\\/\\\/strippercollection.com\\\/de\\\/bachelor-und-bachelorette-party-pakete-in-palma-de-mallorca\\\/#breadcrumb\"},\"inLanguage\":\"de\",\"potentialAction\":[{\"@type\":\"ReadAction\",\"target\":[\"https:\\\/\\\/strippercollection.com\\\/de\\\/bachelor-und-bachelorette-party-pakete-in-palma-de-mallorca\\\/\"]}]},{\"@type\":\"ImageObject\",\"inLanguage\":\"de\",\"@id\":\"https:\\\/\\\/strippercollection.com\\\/de\\\/bachelor-und-bachelorette-party-pakete-in-palma-de-mallorca\\\/#primaryimage\",\"url\":\"https:\\\/\\\/strippercollection.com\\\/wp-content\\\/uploads\\\/elementor\\\/thumbs\\\/Pack-Limusina-show-stripper-boy-en-Palma-scaled-qyzlfkf6em4aajzks8ab0z1bd5lu42nghegi7fx2tk.jpg\",\"contentUrl\":\"https:\\\/\\\/strippercollection.com\\\/wp-content\\\/uploads\\\/elementor\\\/thumbs\\\/Pack-Limusina-show-stripper-boy-en-Palma-scaled-qyzlfkf6em4aajzks8ab0z1bd5lu42nghegi7fx2tk.jpg\"},{\"@type\":\"BreadcrumbList\",\"@id\":\"https:\\\/\\\/strippercollection.com\\\/de\\\/bachelor-und-bachelorette-party-pakete-in-palma-de-mallorca\\\/#breadcrumb\",\"itemListElement\":[{\"@type\":\"ListItem\",\"position\":1,\"name\":\"Portada\",\"item\":\"https:\\\/\\\/strippercollection.com\\\/de\\\/\"},{\"@type\":\"ListItem\",\"position\":2,\"name\":\"BACHELOR UND BACHELORETTE PARTY PAKETE IN PALMA DE MALLORCA\"}]},{\"@type\":\"WebSite\",\"@id\":\"https:\\\/\\\/strippercollection.com\\\/de\\\/#website\",\"url\":\"https:\\\/\\\/strippercollection.com\\\/de\\\/\",\"name\":\"Stripper Collection\",\"description\":\"Organizaci\u00f3n de despedidas de soltera\\\/o y eventos en toda Espa\u00f1a\",\"publisher\":{\"@id\":\"https:\\\/\\\/strippercollection.com\\\/de\\\/#organization\"},\"potentialAction\":[{\"@type\":\"SearchAction\",\"target\":{\"@type\":\"EntryPoint\",\"urlTemplate\":\"https:\\\/\\\/strippercollection.com\\\/de\\\/?s={search_term_string}\"},\"query-input\":{\"@type\":\"PropertyValueSpecification\",\"valueRequired\":true,\"valueName\":\"search_term_string\"}}],\"inLanguage\":\"de\"},{\"@type\":\"Organization\",\"@id\":\"https:\\\/\\\/strippercollection.com\\\/de\\\/#organization\",\"name\":\"Stripper Collection\",\"url\":\"https:\\\/\\\/strippercollection.com\\\/de\\\/\",\"logo\":{\"@type\":\"ImageObject\",\"inLanguage\":\"de\",\"@id\":\"https:\\\/\\\/strippercollection.com\\\/de\\\/#\\\/schema\\\/logo\\\/image\\\/\",\"url\":\"https:\\\/\\\/strippercollection.com\\\/wp-content\\\/uploads\\\/2023\\\/04\\\/STRIPPER-COLLECTION-LOGO-WEB-TRANSPARENTE-EDIT.png\",\"contentUrl\":\"https:\\\/\\\/strippercollection.com\\\/wp-content\\\/uploads\\\/2023\\\/04\\\/STRIPPER-COLLECTION-LOGO-WEB-TRANSPARENTE-EDIT.png\",\"width\":169,\"height\":151,\"caption\":\"Stripper Collection\"},\"image\":{\"@id\":\"https:\\\/\\\/strippercollection.com\\\/de\\\/#\\\/schema\\\/logo\\\/image\\\/\"},\"sameAs\":[\"https:\\\/\\\/www.facebook.com\\\/profile.php?id=100090786345031\",\"https:\\\/\\\/www.instagram.com\\\/stripper_collection\\\/\"]}]}<\/script>\n<!-- \/ Yoast SEO plugin. -->","yoast_head_json":{"title":"Junggesellen- und Junggesellinnenabschiedspakete in Palma de Mallorca zum besten Preis","description":"Organisieren Sie Ihre Junggesellen- und Junggesellinnenabschiedspakete in Palma zum besten Preis. Pack-Restaurant mit privater stripperin- oder stripper-Show auf Mallorca.","robots":{"index":"index","follow":"follow","max-snippet":"max-snippet:-1","max-image-preview":"max-image-preview:large","max-video-preview":"max-video-preview:-1"},"canonical":"https:\/\/strippercollection.com\/de\/bachelor-und-bachelorette-party-pakete-in-palma-de-mallorca\/","og_locale":"de_DE","og_type":"article","og_title":"Junggesellen- und Junggesellinnenabschiedspakete in Palma de Mallorca zum besten Preis","og_description":"Organisieren Sie Ihre Junggesellen- und Junggesellinnenabschiedspakete in Palma zum besten Preis. Pack-Restaurant mit privater stripperin- oder stripper-Show auf Mallorca.","og_url":"https:\/\/strippercollection.com\/de\/bachelor-und-bachelorette-party-pakete-in-palma-de-mallorca\/","og_site_name":"Stripper Collection","article_publisher":"https:\/\/www.facebook.com\/profile.php?id=100090786345031","article_modified_time":"2026-01-07T12:51:17+00:00","og_image":[{"url":"https:\/\/strippercollection.com\/wp-content\/uploads\/elementor\/thumbs\/Pack-Limusina-show-stripper-boy-en-Palma-scaled-qyzlfkf6em4aajzks8ab0z1bd5lu42nghegi7fx2tk.jpg","type":"","width":"","height":""}],"schema":{"@context":"https:\/\/schema.org","@graph":[{"@type":"WebPage","@id":"https:\/\/strippercollection.com\/de\/bachelor-und-bachelorette-party-pakete-in-palma-de-mallorca\/","url":"https:\/\/strippercollection.com\/de\/bachelor-und-bachelorette-party-pakete-in-palma-de-mallorca\/","name":"Junggesellen- und Junggesellinnenabschiedspakete in Palma de Mallorca zum besten Preis","isPartOf":{"@id":"https:\/\/strippercollection.com\/de\/#website"},"primaryImageOfPage":{"@id":"https:\/\/strippercollection.com\/de\/bachelor-und-bachelorette-party-pakete-in-palma-de-mallorca\/#primaryimage"},"image":{"@id":"https:\/\/strippercollection.com\/de\/bachelor-und-bachelorette-party-pakete-in-palma-de-mallorca\/#primaryimage"},"thumbnailUrl":"https:\/\/strippercollection.com\/wp-content\/uploads\/elementor\/thumbs\/Pack-Limusina-show-stripper-boy-en-Palma-scaled-qyzlfkf6em4aajzks8ab0z1bd5lu42nghegi7fx2tk.jpg","datePublished":"2023-06-08T23:02:14+00:00","dateModified":"2026-01-07T12:51:17+00:00","description":"Organisieren Sie Ihre Junggesellen- und Junggesellinnenabschiedspakete in Palma zum besten Preis. Pack-Restaurant mit privater stripperin- oder stripper-Show auf Mallorca.","breadcrumb":{"@id":"https:\/\/strippercollection.com\/de\/bachelor-und-bachelorette-party-pakete-in-palma-de-mallorca\/#breadcrumb"},"inLanguage":"de","potentialAction":[{"@type":"ReadAction","target":["https:\/\/strippercollection.com\/de\/bachelor-und-bachelorette-party-pakete-in-palma-de-mallorca\/"]}]},{"@type":"ImageObject","inLanguage":"de","@id":"https:\/\/strippercollection.com\/de\/bachelor-und-bachelorette-party-pakete-in-palma-de-mallorca\/#primaryimage","url":"https:\/\/strippercollection.com\/wp-content\/uploads\/elementor\/thumbs\/Pack-Limusina-show-stripper-boy-en-Palma-scaled-qyzlfkf6em4aajzks8ab0z1bd5lu42nghegi7fx2tk.jpg","contentUrl":"https:\/\/strippercollection.com\/wp-content\/uploads\/elementor\/thumbs\/Pack-Limusina-show-stripper-boy-en-Palma-scaled-qyzlfkf6em4aajzks8ab0z1bd5lu42nghegi7fx2tk.jpg"},{"@type":"BreadcrumbList","@id":"https:\/\/strippercollection.com\/de\/bachelor-und-bachelorette-party-pakete-in-palma-de-mallorca\/#breadcrumb","itemListElement":[{"@type":"ListItem","position":1,"name":"Portada","item":"https:\/\/strippercollection.com\/de\/"},{"@type":"ListItem","position":2,"name":"BACHELOR UND BACHELORETTE PARTY PAKETE IN PALMA DE MALLORCA"}]},{"@type":"WebSite","@id":"https:\/\/strippercollection.com\/de\/#website","url":"https:\/\/strippercollection.com\/de\/","name":"Stripper Collection","description":"Organizaci\u00f3n de despedidas de soltera\/o y eventos en toda Espa\u00f1a","publisher":{"@id":"https:\/\/strippercollection.com\/de\/#organization"},"potentialAction":[{"@type":"SearchAction","target":{"@type":"EntryPoint","urlTemplate":"https:\/\/strippercollection.com\/de\/?s={search_term_string}"},"query-input":{"@type":"PropertyValueSpecification","valueRequired":true,"valueName":"search_term_string"}}],"inLanguage":"de"},{"@type":"Organization","@id":"https:\/\/strippercollection.com\/de\/#organization","name":"Stripper Collection","url":"https:\/\/strippercollection.com\/de\/","logo":{"@type":"ImageObject","inLanguage":"de","@id":"https:\/\/strippercollection.com\/de\/#\/schema\/logo\/image\/","url":"https:\/\/strippercollection.com\/wp-content\/uploads\/2023\/04\/STRIPPER-COLLECTION-LOGO-WEB-TRANSPARENTE-EDIT.png","contentUrl":"https:\/\/strippercollection.com\/wp-content\/uploads\/2023\/04\/STRIPPER-COLLECTION-LOGO-WEB-TRANSPARENTE-EDIT.png","width":169,"height":151,"caption":"Stripper Collection"},"image":{"@id":"https:\/\/strippercollection.com\/de\/#\/schema\/logo\/image\/"},"sameAs":["https:\/\/www.facebook.com\/profile.php?id=100090786345031","https:\/\/www.instagram.com\/stripper_collection\/"]}]}},"_links":{"self":[{"href":"https:\/\/strippercollection.com\/de\/wp-json\/wp\/v2\/pages\/15724","targetHints":{"allow":["GET"]}}],"collection":[{"href":"https:\/\/strippercollection.com\/de\/wp-json\/wp\/v2\/pages"}],"about":[{"href":"https:\/\/strippercollection.com\/de\/wp-json\/wp\/v2\/types\/page"}],"author":[{"embeddable":true,"href":"https:\/\/strippercollection.com\/de\/wp-json\/wp\/v2\/users\/1"}],"replies":[{"embeddable":true,"href":"https:\/\/strippercollection.com\/de\/wp-json\/wp\/v2\/comments?post=15724"}],"version-history":[{"count":6,"href":"https:\/\/strippercollection.com\/de\/wp-json\/wp\/v2\/pages\/15724\/revisions"}],"predecessor-version":[{"id":40295,"href":"https:\/\/strippercollection.com\/de\/wp-json\/wp\/v2\/pages\/15724\/revisions\/40295"}],"wp:attachment":[{"href":"https:\/\/strippercollection.com\/de\/wp-json\/wp\/v2\/media?parent=15724"}],"curies":[{"name":"wp","href":"https:\/\/api.w.org\/{rel}","templated":true}]}}