{"id":15090,"date":"2023-03-23T20:19:33","date_gmt":"2023-03-23T20:19:33","guid":{"rendered":"https:\/\/strippercollection.com\/jungen-barcelona-ruben-capote\/"},"modified":"2025-11-06T09:13:38","modified_gmt":"2025-11-06T09:13:38","slug":"strippers-barcelona-dante","status":"publish","type":"page","link":"https:\/\/strippercollection.com\/de\/strippers-barcelona-dante\/","title":{"rendered":"STRIPPERS BARCELONA DANTE"},"content":{"rendered":"\t\t<div data-elementor-type=\"wp-page\" data-elementor-id=\"15090\" class=\"elementor elementor-15090 elementor-5540\" data-elementor-post-type=\"page\">\n\t\t\t\t\t\t<section class=\"elementor-section elementor-top-section elementor-element elementor-element-edc1693 cabeceraweb elementor-section-boxed elementor-section-height-default elementor-section-height-default\" data-id=\"edc1693\" data-element_type=\"section\" data-e-type=\"section\">\n\t\t\t\t\t\t<div class=\"elementor-container elementor-column-gap-default\">\n\t\t\t\t\t<div class=\"elementor-column elementor-col-100 elementor-top-column elementor-element elementor-element-de3159d\" data-id=\"de3159d\" data-element_type=\"column\" data-e-type=\"column\">\n\t\t\t<div class=\"elementor-widget-wrap elementor-element-populated\">\n\t\t\t\t\t\t<div class=\"elementor-element elementor-element-6d72d78 elementor-widget elementor-widget-heading\" data-id=\"6d72d78\" data-element_type=\"widget\" data-e-type=\"widget\" data-widget_type=\"heading.default\">\n\t\t\t\t\t<h1 class=\"elementor-heading-title elementor-size-default\">DANTE<\/h1>\t\t\t\t<\/div>\n\t\t\t\t\t<\/div>\n\t\t<\/div>\n\t\t\t\t\t<\/div>\n\t\t<\/section>\n\t\t\t\t<section class=\"elementor-section elementor-top-section elementor-element elementor-element-984e9d6 elementor-section-stretched elementor-section-boxed elementor-section-height-default elementor-section-height-default\" data-id=\"984e9d6\" data-element_type=\"section\" data-e-type=\"section\" data-settings=\"{&quot;stretch_section&quot;:&quot;section-stretched&quot;,&quot;background_background&quot;:&quot;classic&quot;}\">\n\t\t\t\t\t\t<div class=\"elementor-container elementor-column-gap-default\">\n\t\t\t\t\t<div class=\"elementor-column elementor-col-100 elementor-top-column elementor-element elementor-element-d158e33\" data-id=\"d158e33\" data-element_type=\"column\" data-e-type=\"column\">\n\t\t\t<div class=\"elementor-widget-wrap elementor-element-populated\">\n\t\t\t\t\t\t<div class=\"elementor-element elementor-element-ab5ccdc elementor-pagination-position-outside elementor-widget elementor-widget-image-carousel\" data-id=\"ab5ccdc\" data-element_type=\"widget\" data-e-type=\"widget\" data-settings=\"{&quot;slides_to_show&quot;:&quot;3&quot;,&quot;slides_to_scroll&quot;:&quot;3&quot;,&quot;navigation&quot;:&quot;dots&quot;,&quot;autoplay&quot;:&quot;no&quot;,&quot;slides_to_show_mobile&quot;:&quot;1&quot;,&quot;infinite&quot;:&quot;no&quot;,&quot;speed&quot;:500}\" data-widget_type=\"image-carousel.default\">\n\t\t\t\t\t\t\t<div class=\"elementor-image-carousel-wrapper swiper\" role=\"region\" aria-roledescription=\"carousel\" aria-label=\"Carrusel de im\u00e1genes\" dir=\"ltr\">\n\t\t\t<div class=\"elementor-image-carousel swiper-wrapper\" aria-live=\"polite\">\n\t\t\t\t\t\t\t\t<div class=\"swiper-slide\" role=\"group\" aria-roledescription=\"slide\" aria-label=\"1 von 5\"><a data-elementor-open-lightbox=\"yes\" data-elementor-lightbox-slideshow=\"ab5ccdc\" data-e-action-hash=\"#elementor-action%3Aaction%3Dlightbox%26settings%3DeyJpZCI6MTMzMjEsInVybCI6Imh0dHBzOlwvXC9zdHJpcHBlcmNvbGxlY3Rpb24uY29tXC93cC1jb250ZW50XC91cGxvYWRzXC8yMDIzXC8wM1wvUnViZW4tY2Fwb3RlLWJveXMtQmFyY2Vsb25hLmpwZyIsInNsaWRlc2hvdyI6ImFiNWNjZGMifQ%3D%3D\" href=\"https:\/\/strippercollection.com\/wp-content\/uploads\/2023\/03\/Ruben-capote-boys-Barcelona.jpg\"><figure class=\"swiper-slide-inner\"><img decoding=\"async\" class=\"swiper-slide-image\" src=\"https:\/\/strippercollection.com\/wp-content\/uploads\/elementor\/thumbs\/Ruben-capote-boys-Barcelona-r00dsvungqrt1w0vqigsx9nmxg6dopap67ol56a9ag.jpg\" alt=\"Dante boys despedida Barcelona\" \/><\/figure><\/a><\/div><div class=\"swiper-slide\" role=\"group\" aria-roledescription=\"slide\" aria-label=\"2 von 5\"><a data-elementor-open-lightbox=\"yes\" data-elementor-lightbox-slideshow=\"ab5ccdc\" data-e-action-hash=\"#elementor-action%3Aaction%3Dlightbox%26settings%3DeyJpZCI6MTMzMTcsInVybCI6Imh0dHBzOlwvXC9zdHJpcHBlcmNvbGxlY3Rpb24uY29tXC93cC1jb250ZW50XC91cGxvYWRzXC8yMDIzXC8wM1wvRGVzcGVkaWRhcy1CYXJjZWxvbmEtUnViZW4tY2Fwb3RlLmpwZyIsInNsaWRlc2hvdyI6ImFiNWNjZGMifQ%3D%3D\" href=\"https:\/\/strippercollection.com\/wp-content\/uploads\/2023\/03\/Despedidas-Barcelona-Ruben-capote.jpg\"><figure class=\"swiper-slide-inner\"><img decoding=\"async\" class=\"swiper-slide-image\" src=\"https:\/\/strippercollection.com\/wp-content\/uploads\/elementor\/thumbs\/Despedidas-Barcelona-Ruben-capote-q3ycm2qlmof8mnesu3h2jzf0bcchhnjf8tdxb1293c.jpg\" alt=\"Boy para despedida de soltera en Barcelona\" \/><\/figure><\/a><\/div><div class=\"swiper-slide\" role=\"group\" aria-roledescription=\"slide\" aria-label=\"3 von 5\"><a data-elementor-open-lightbox=\"yes\" data-elementor-lightbox-slideshow=\"ab5ccdc\" data-e-action-hash=\"#elementor-action%3Aaction%3Dlightbox%26settings%3DeyJpZCI6MTMzMjUsInVybCI6Imh0dHBzOlwvXC9zdHJpcHBlcmNvbGxlY3Rpb24uY29tXC93cC1jb250ZW50XC91cGxvYWRzXC8yMDIzXC8wM1wvUnViZW4tY2Fwb3RlLWJveXMtZGVzcGVkaWRhcy5qcGciLCJzbGlkZXNob3ciOiJhYjVjY2RjIn0%3D\" href=\"https:\/\/strippercollection.com\/wp-content\/uploads\/2023\/03\/Ruben-capote-boys-despedidas.jpg\"><figure class=\"swiper-slide-inner\"><img decoding=\"async\" class=\"swiper-slide-image\" src=\"https:\/\/strippercollection.com\/wp-content\/uploads\/elementor\/thumbs\/Ruben-capote-boys-despedidas-r00dswshnkt3dhzil0vfhrf3iu1qweeficc2mg8v48.jpg\" alt=\"Dante boys despedidas Tarragona\" \/><\/figure><\/a><\/div><div class=\"swiper-slide\" role=\"group\" aria-roledescription=\"slide\" aria-label=\"4 von 5\"><a data-elementor-open-lightbox=\"yes\" data-elementor-lightbox-slideshow=\"ab5ccdc\" data-e-action-hash=\"#elementor-action%3Aaction%3Dlightbox%26settings%3DeyJpZCI6MTMzMjksInVybCI6Imh0dHBzOlwvXC9zdHJpcHBlcmNvbGxlY3Rpb24uY29tXC93cC1jb250ZW50XC91cGxvYWRzXC8yMDIzXC8wM1wvUnViZW4tY2Fwb3RlLWRlc3BlZGlkYXMtYmFyY2Vsb25hLmpwZyIsInNsaWRlc2hvdyI6ImFiNWNjZGMifQ%3D%3D\" href=\"https:\/\/strippercollection.com\/wp-content\/uploads\/2023\/03\/Ruben-capote-despedidas-barcelona.jpg\"><figure class=\"swiper-slide-inner\"><img decoding=\"async\" class=\"swiper-slide-image\" src=\"https:\/\/strippercollection.com\/wp-content\/uploads\/elementor\/thumbs\/Ruben-capote-despedidas-barcelona-qwy2iodub6t8u0f0z2zwmsjc0sezcod3h6oyqppeo8.jpg\" alt=\"Dante show despedidas Barcelona\" \/><\/figure><\/a><\/div><div class=\"swiper-slide\" role=\"group\" aria-roledescription=\"slide\" aria-label=\"5 von 5\"><a data-elementor-open-lightbox=\"yes\" data-elementor-lightbox-slideshow=\"ab5ccdc\" data-e-action-hash=\"#elementor-action%3Aaction%3Dlightbox%26settings%3DeyJpZCI6MTMzMTMsInVybCI6Imh0dHBzOlwvXC9zdHJpcHBlcmNvbGxlY3Rpb24uY29tXC93cC1jb250ZW50XC91cGxvYWRzXC8yMDIzXC8wM1wvQm95cy1SdWJlbi1jYXBvdGUtZTE2Nzk2MDY1NDcxNTYuanBnIiwic2xpZGVzaG93IjoiYWI1Y2NkYyJ9\" href=\"https:\/\/strippercollection.com\/wp-content\/uploads\/2023\/03\/Boys-Ruben-capote-e1679606547156.jpg\"><figure class=\"swiper-slide-inner\"><img decoding=\"async\" class=\"swiper-slide-image\" src=\"https:\/\/strippercollection.com\/wp-content\/uploads\/elementor\/thumbs\/Boys-Ruben-capote-e1679606547156-qwy2imi5xiqo6shra26nht0eu0o8xa5msxdzs5s70o.jpg\" alt=\"Boys para despedida de soltera en Barcelona\" \/><\/figure><\/a><\/div>\t\t\t<\/div>\n\t\t\t\t\t\t\t\n\t\t\t\t\t\t\t\t\t<div class=\"swiper-pagination\"><\/div>\n\t\t\t\t\t\t\t\t\t<\/div>\n\t\t\t\t\t\t<\/div>\n\t\t\t\t\t<\/div>\n\t\t<\/div>\n\t\t\t\t\t<\/div>\n\t\t<\/section>\n\t\t\t\t<section class=\"elementor-section elementor-top-section elementor-element elementor-element-4817eb1 elementor-section-boxed elementor-section-height-default elementor-section-height-default\" data-id=\"4817eb1\" data-element_type=\"section\" data-e-type=\"section\">\n\t\t\t\t\t\t<div class=\"elementor-container elementor-column-gap-default\">\n\t\t\t\t\t<div class=\"elementor-column elementor-col-100 elementor-top-column elementor-element elementor-element-fc95bc1\" data-id=\"fc95bc1\" data-element_type=\"column\" data-e-type=\"column\">\n\t\t\t<div class=\"elementor-widget-wrap elementor-element-populated\">\n\t\t\t\t\t\t<div class=\"elementor-element elementor-element-6898adb elementor-widget elementor-widget-text-editor\" data-id=\"6898adb\" data-element_type=\"widget\" data-e-type=\"widget\" data-widget_type=\"text-editor.default\">\n\t\t\t\t\t\t\t\t\t<h2><span style=\"text-decoration: underline;\"><span style=\"color: #000000; text-decoration: underline;\">DANTE<\/span><\/span><\/h2><h4><span style=\"color: #000000;\"><span style=\"color: #000000;\">Sie suchen<\/span><\/span><span style=\"color: #000000;\"> suchen eine Show mit Spa\u00df und Eleganz&#8230; <\/span><\/h4><h4><span style=\"color: #000000;\">Dante ist gekommen, um euch alle mit seinen gro\u00dfartigen Shows in Erstaunen zu versetzen&#8230;<\/span><\/h4><h4><span style=\"color: #000000;\">Sinnlichkeit und Spa\u00df garantiert!<\/span><\/h4><h4><span style=\"color: #000000;\">Die Show des K\u00fcnstlers dauert 15 bis 20 Minuten. Nach der Show bleibt der stripper in der Regel noch eine Weile bei Ihnen, damit Sie ein paar Fotos mit ihm machen k\u00f6nnen.<\/span><\/h4><h2><span style=\"color: #000000;\"><u>UMKLEIDER\u00c4UME ZEIGEN<\/u><\/span><\/h2><h4><span style=\"color: #000000;\">POLIZEI<\/span><\/h4><h4><span style=\"color: #000000;\">MILIT\u00c4R<\/span><\/h4><h4><span style=\"color: #000000;\">FEUERWEHR<\/span><\/h4><h4><span style=\"color: #000000;\">MEERESAKROBATEN<\/span><\/h4><h4><span style=\"color: #000000;\">COWBOY<\/span><\/h4><h4><span style=\"color: #000000;\">GENTLEMAN<\/span><\/h4><p>\u00a0<\/p><p>\u00a0<\/p><p>\u00a0<\/p>\t\t\t\t\t\t\t\t<\/div>\n\t\t\t\t\t<\/div>\n\t\t<\/div>\n\t\t\t\t\t<\/div>\n\t\t<\/section>\n\t\t\t\t<section class=\"elementor-section elementor-top-section elementor-element elementor-element-3bd7080 elementor-section-boxed elementor-section-height-default elementor-section-height-default\" data-id=\"3bd7080\" data-element_type=\"section\" data-e-type=\"section\">\n\t\t\t\t\t\t<div class=\"elementor-container elementor-column-gap-default\">\n\t\t\t\t\t<div class=\"elementor-column elementor-col-100 elementor-top-column elementor-element elementor-element-33221f4\" data-id=\"33221f4\" data-element_type=\"column\" data-e-type=\"column\">\n\t\t\t<div class=\"elementor-widget-wrap elementor-element-populated\">\n\t\t\t\t\t\t<div class=\"elementor-element elementor-element-b1e8877 elementor-align-center elementor-widget elementor-widget-button\" data-id=\"b1e8877\" data-element_type=\"widget\" data-e-type=\"widget\" data-widget_type=\"button.default\">\n\t\t\t\t\t\t\t\t\t\t<a class=\"elementor-button elementor-button-link elementor-size-md\" href=\"https:\/\/strippercollection.com\/de\/buchung-von-kuenstlern-oder-dienstleistungen\/\">\n\t\t\t\t\t\t<span class=\"elementor-button-content-wrapper\">\n\t\t\t\t\t\t\t\t\t<span class=\"elementor-button-text\">KLICKEN SIE HIER UM ZU BUCHEN<\/span>\n\t\t\t\t\t<\/span>\n\t\t\t\t\t<\/a>\n\t\t\t\t\t\t\t\t<\/div>\n\t\t\t\t\t<\/div>\n\t\t<\/div>\n\t\t\t\t\t<\/div>\n\t\t<\/section>\n\t\t\t\t<section class=\"elementor-section elementor-top-section elementor-element elementor-element-b9a3791 elementor-section-boxed elementor-section-height-default elementor-section-height-default\" data-id=\"b9a3791\" data-element_type=\"section\" data-e-type=\"section\" data-settings=\"{&quot;background_background&quot;:&quot;classic&quot;}\">\n\t\t\t\t\t\t<div class=\"elementor-container elementor-column-gap-default\">\n\t\t\t\t\t<div class=\"elementor-column elementor-col-100 elementor-top-column elementor-element elementor-element-8c0ddab\" data-id=\"8c0ddab\" data-element_type=\"column\" data-e-type=\"column\">\n\t\t\t<div class=\"elementor-widget-wrap elementor-element-populated\">\n\t\t\t\t\t\t<div class=\"elementor-element elementor-element-e141b3a elementor-align-center elementor-widget elementor-widget-button\" data-id=\"e141b3a\" data-element_type=\"widget\" data-e-type=\"widget\" data-widget_type=\"button.default\">\n\t\t\t\t\t\t\t\t\t\t<a class=\"elementor-button elementor-button-link elementor-size-md\" href=\"https:\/\/strippercollection.com\/de\/strippers-barcelona\/\">\n\t\t\t\t\t\t<span class=\"elementor-button-content-wrapper\">\n\t\t\t\t\t\t\t\t\t<span class=\"elementor-button-text\">ZUR\u00dcCK ZU STRIPPERS BARCELONA<\/span>\n\t\t\t\t\t<\/span>\n\t\t\t\t\t<\/a>\n\t\t\t\t\t\t\t\t<\/div>\n\t\t\t\t\t<\/div>\n\t\t<\/div>\n\t\t\t\t\t<\/div>\n\t\t<\/section>\n\t\t\t\t<\/div>\n\t\t","protected":false},"excerpt":{"rendered":"<p>DANTE DANTE Sie suchen suchen eine Show mit Spa\u00df und Eleganz&#8230; Dante ist gekommen, um euch alle mit seinen gro\u00dfartigen Shows in Erstaunen zu versetzen&#8230; Sinnlichkeit und Spa\u00df garantiert! Die Show des K\u00fcnstlers dauert 15 bis 20 Minuten. Nach der Show bleibt der stripper in der Regel noch eine Weile bei Ihnen, damit Sie ein &#8230; <a title=\"STRIPPERS BARCELONA DANTE\" class=\"read-more\" href=\"https:\/\/strippercollection.com\/de\/strippers-barcelona-dante\/\" aria-label=\"Mehr Informationen \u00fcber STRIPPERS BARCELONA DANTE\">Weiterlesen<\/a><\/p>\n","protected":false},"author":1,"featured_media":0,"parent":0,"menu_order":0,"comment_status":"closed","ping_status":"closed","template":"elementor_header_footer","meta":{"_monsterinsights_skip_tracking":false,"_monsterinsights_sitenote_active":false,"_monsterinsights_sitenote_note":"","_monsterinsights_sitenote_category":0,"footnotes":""},"class_list":["post-15090","page","type-page","status-publish"],"yoast_head":"<!-- This site is optimized with the Yoast SEO plugin v27.3 - https:\/\/yoast.com\/product\/yoast-seo-wordpress\/ -->\n<title>Strippers Barcelona Dante<\/title>\n<meta name=\"description\" content=\"Sie suchen suchen eine Show mit Spa\u00df und Eleganz... Dante ist gekommen, um euch alle mit seinen gro\u00dfartigen Shows in Erstaunen zu versetzen...\" \/>\n<meta name=\"robots\" content=\"index, follow, max-snippet:-1, max-image-preview:large, max-video-preview:-1\" \/>\n<link rel=\"canonical\" href=\"https:\/\/strippercollection.com\/de\/strippers-barcelona-dante\/\" \/>\n<meta property=\"og:locale\" content=\"de_DE\" \/>\n<meta property=\"og:type\" content=\"article\" \/>\n<meta property=\"og:title\" content=\"Strippers Barcelona Dante\" \/>\n<meta property=\"og:description\" content=\"Sie suchen suchen eine Show mit Spa\u00df und Eleganz... Dante ist gekommen, um euch alle mit seinen gro\u00dfartigen Shows in Erstaunen zu versetzen...\" \/>\n<meta property=\"og:url\" content=\"https:\/\/strippercollection.com\/de\/strippers-barcelona-dante\/\" \/>\n<meta property=\"og:site_name\" content=\"Stripper Collection\" \/>\n<meta property=\"article:publisher\" content=\"https:\/\/www.facebook.com\/profile.php?id=100090786345031\" \/>\n<meta property=\"article:modified_time\" content=\"2025-11-06T09:13:38+00:00\" \/>\n<meta property=\"og:image\" content=\"https:\/\/strippercollection.com\/wp-content\/uploads\/elementor\/thumbs\/Ruben-capote-boys-Barcelona-r00dsvungqrt1w0vqigsx9nmxg6dopap67ol56a9ag.jpg\" \/>\n<script type=\"application\/ld+json\" class=\"yoast-schema-graph\">{\"@context\":\"https:\\\/\\\/schema.org\",\"@graph\":[{\"@type\":\"WebPage\",\"@id\":\"https:\\\/\\\/strippercollection.com\\\/de\\\/strippers-barcelona-dante\\\/\",\"url\":\"https:\\\/\\\/strippercollection.com\\\/de\\\/strippers-barcelona-dante\\\/\",\"name\":\"Strippers Barcelona Dante\",\"isPartOf\":{\"@id\":\"https:\\\/\\\/strippercollection.com\\\/de\\\/#website\"},\"primaryImageOfPage\":{\"@id\":\"https:\\\/\\\/strippercollection.com\\\/de\\\/strippers-barcelona-dante\\\/#primaryimage\"},\"image\":{\"@id\":\"https:\\\/\\\/strippercollection.com\\\/de\\\/strippers-barcelona-dante\\\/#primaryimage\"},\"thumbnailUrl\":\"https:\\\/\\\/strippercollection.com\\\/wp-content\\\/uploads\\\/elementor\\\/thumbs\\\/Ruben-capote-boys-Barcelona-r00dsvungqrt1w0vqigsx9nmxg6dopap67ol56a9ag.jpg\",\"datePublished\":\"2023-03-23T20:19:33+00:00\",\"dateModified\":\"2025-11-06T09:13:38+00:00\",\"description\":\"Sie suchen suchen eine Show mit Spa\u00df und Eleganz... Dante ist gekommen, um euch alle mit seinen gro\u00dfartigen Shows in Erstaunen zu versetzen...\",\"breadcrumb\":{\"@id\":\"https:\\\/\\\/strippercollection.com\\\/de\\\/strippers-barcelona-dante\\\/#breadcrumb\"},\"inLanguage\":\"de\",\"potentialAction\":[{\"@type\":\"ReadAction\",\"target\":[\"https:\\\/\\\/strippercollection.com\\\/de\\\/strippers-barcelona-dante\\\/\"]}]},{\"@type\":\"ImageObject\",\"inLanguage\":\"de\",\"@id\":\"https:\\\/\\\/strippercollection.com\\\/de\\\/strippers-barcelona-dante\\\/#primaryimage\",\"url\":\"https:\\\/\\\/strippercollection.com\\\/wp-content\\\/uploads\\\/elementor\\\/thumbs\\\/Ruben-capote-boys-Barcelona-r00dsvungqrt1w0vqigsx9nmxg6dopap67ol56a9ag.jpg\",\"contentUrl\":\"https:\\\/\\\/strippercollection.com\\\/wp-content\\\/uploads\\\/elementor\\\/thumbs\\\/Ruben-capote-boys-Barcelona-r00dsvungqrt1w0vqigsx9nmxg6dopap67ol56a9ag.jpg\"},{\"@type\":\"BreadcrumbList\",\"@id\":\"https:\\\/\\\/strippercollection.com\\\/de\\\/strippers-barcelona-dante\\\/#breadcrumb\",\"itemListElement\":[{\"@type\":\"ListItem\",\"position\":1,\"name\":\"Portada\",\"item\":\"https:\\\/\\\/strippercollection.com\\\/de\\\/\"},{\"@type\":\"ListItem\",\"position\":2,\"name\":\"STRIPPERS BARCELONA DANTE\"}]},{\"@type\":\"WebSite\",\"@id\":\"https:\\\/\\\/strippercollection.com\\\/de\\\/#website\",\"url\":\"https:\\\/\\\/strippercollection.com\\\/de\\\/\",\"name\":\"Stripper Collection\",\"description\":\"Organizaci\u00f3n de despedidas de soltera\\\/o y eventos en toda Espa\u00f1a\",\"publisher\":{\"@id\":\"https:\\\/\\\/strippercollection.com\\\/de\\\/#organization\"},\"potentialAction\":[{\"@type\":\"SearchAction\",\"target\":{\"@type\":\"EntryPoint\",\"urlTemplate\":\"https:\\\/\\\/strippercollection.com\\\/de\\\/?s={search_term_string}\"},\"query-input\":{\"@type\":\"PropertyValueSpecification\",\"valueRequired\":true,\"valueName\":\"search_term_string\"}}],\"inLanguage\":\"de\"},{\"@type\":\"Organization\",\"@id\":\"https:\\\/\\\/strippercollection.com\\\/de\\\/#organization\",\"name\":\"Stripper Collection\",\"url\":\"https:\\\/\\\/strippercollection.com\\\/de\\\/\",\"logo\":{\"@type\":\"ImageObject\",\"inLanguage\":\"de\",\"@id\":\"https:\\\/\\\/strippercollection.com\\\/de\\\/#\\\/schema\\\/logo\\\/image\\\/\",\"url\":\"https:\\\/\\\/strippercollection.com\\\/wp-content\\\/uploads\\\/2023\\\/04\\\/STRIPPER-COLLECTION-LOGO-WEB-TRANSPARENTE-EDIT.png\",\"contentUrl\":\"https:\\\/\\\/strippercollection.com\\\/wp-content\\\/uploads\\\/2023\\\/04\\\/STRIPPER-COLLECTION-LOGO-WEB-TRANSPARENTE-EDIT.png\",\"width\":169,\"height\":151,\"caption\":\"Stripper Collection\"},\"image\":{\"@id\":\"https:\\\/\\\/strippercollection.com\\\/de\\\/#\\\/schema\\\/logo\\\/image\\\/\"},\"sameAs\":[\"https:\\\/\\\/www.facebook.com\\\/profile.php?id=100090786345031\",\"https:\\\/\\\/www.instagram.com\\\/stripper_collection\\\/\"]}]}<\/script>\n<!-- \/ Yoast SEO plugin. -->","yoast_head_json":{"title":"Strippers Barcelona Dante","description":"Sie suchen suchen eine Show mit Spa\u00df und Eleganz... Dante ist gekommen, um euch alle mit seinen gro\u00dfartigen Shows in Erstaunen zu versetzen...","robots":{"index":"index","follow":"follow","max-snippet":"max-snippet:-1","max-image-preview":"max-image-preview:large","max-video-preview":"max-video-preview:-1"},"canonical":"https:\/\/strippercollection.com\/de\/strippers-barcelona-dante\/","og_locale":"de_DE","og_type":"article","og_title":"Strippers Barcelona Dante","og_description":"Sie suchen suchen eine Show mit Spa\u00df und Eleganz... Dante ist gekommen, um euch alle mit seinen gro\u00dfartigen Shows in Erstaunen zu versetzen...","og_url":"https:\/\/strippercollection.com\/de\/strippers-barcelona-dante\/","og_site_name":"Stripper Collection","article_publisher":"https:\/\/www.facebook.com\/profile.php?id=100090786345031","article_modified_time":"2025-11-06T09:13:38+00:00","og_image":[{"url":"https:\/\/strippercollection.com\/wp-content\/uploads\/elementor\/thumbs\/Ruben-capote-boys-Barcelona-r00dsvungqrt1w0vqigsx9nmxg6dopap67ol56a9ag.jpg","type":"","width":"","height":""}],"schema":{"@context":"https:\/\/schema.org","@graph":[{"@type":"WebPage","@id":"https:\/\/strippercollection.com\/de\/strippers-barcelona-dante\/","url":"https:\/\/strippercollection.com\/de\/strippers-barcelona-dante\/","name":"Strippers Barcelona Dante","isPartOf":{"@id":"https:\/\/strippercollection.com\/de\/#website"},"primaryImageOfPage":{"@id":"https:\/\/strippercollection.com\/de\/strippers-barcelona-dante\/#primaryimage"},"image":{"@id":"https:\/\/strippercollection.com\/de\/strippers-barcelona-dante\/#primaryimage"},"thumbnailUrl":"https:\/\/strippercollection.com\/wp-content\/uploads\/elementor\/thumbs\/Ruben-capote-boys-Barcelona-r00dsvungqrt1w0vqigsx9nmxg6dopap67ol56a9ag.jpg","datePublished":"2023-03-23T20:19:33+00:00","dateModified":"2025-11-06T09:13:38+00:00","description":"Sie suchen suchen eine Show mit Spa\u00df und Eleganz... Dante ist gekommen, um euch alle mit seinen gro\u00dfartigen Shows in Erstaunen zu versetzen...","breadcrumb":{"@id":"https:\/\/strippercollection.com\/de\/strippers-barcelona-dante\/#breadcrumb"},"inLanguage":"de","potentialAction":[{"@type":"ReadAction","target":["https:\/\/strippercollection.com\/de\/strippers-barcelona-dante\/"]}]},{"@type":"ImageObject","inLanguage":"de","@id":"https:\/\/strippercollection.com\/de\/strippers-barcelona-dante\/#primaryimage","url":"https:\/\/strippercollection.com\/wp-content\/uploads\/elementor\/thumbs\/Ruben-capote-boys-Barcelona-r00dsvungqrt1w0vqigsx9nmxg6dopap67ol56a9ag.jpg","contentUrl":"https:\/\/strippercollection.com\/wp-content\/uploads\/elementor\/thumbs\/Ruben-capote-boys-Barcelona-r00dsvungqrt1w0vqigsx9nmxg6dopap67ol56a9ag.jpg"},{"@type":"BreadcrumbList","@id":"https:\/\/strippercollection.com\/de\/strippers-barcelona-dante\/#breadcrumb","itemListElement":[{"@type":"ListItem","position":1,"name":"Portada","item":"https:\/\/strippercollection.com\/de\/"},{"@type":"ListItem","position":2,"name":"STRIPPERS BARCELONA DANTE"}]},{"@type":"WebSite","@id":"https:\/\/strippercollection.com\/de\/#website","url":"https:\/\/strippercollection.com\/de\/","name":"Stripper Collection","description":"Organizaci\u00f3n de despedidas de soltera\/o y eventos en toda Espa\u00f1a","publisher":{"@id":"https:\/\/strippercollection.com\/de\/#organization"},"potentialAction":[{"@type":"SearchAction","target":{"@type":"EntryPoint","urlTemplate":"https:\/\/strippercollection.com\/de\/?s={search_term_string}"},"query-input":{"@type":"PropertyValueSpecification","valueRequired":true,"valueName":"search_term_string"}}],"inLanguage":"de"},{"@type":"Organization","@id":"https:\/\/strippercollection.com\/de\/#organization","name":"Stripper Collection","url":"https:\/\/strippercollection.com\/de\/","logo":{"@type":"ImageObject","inLanguage":"de","@id":"https:\/\/strippercollection.com\/de\/#\/schema\/logo\/image\/","url":"https:\/\/strippercollection.com\/wp-content\/uploads\/2023\/04\/STRIPPER-COLLECTION-LOGO-WEB-TRANSPARENTE-EDIT.png","contentUrl":"https:\/\/strippercollection.com\/wp-content\/uploads\/2023\/04\/STRIPPER-COLLECTION-LOGO-WEB-TRANSPARENTE-EDIT.png","width":169,"height":151,"caption":"Stripper Collection"},"image":{"@id":"https:\/\/strippercollection.com\/de\/#\/schema\/logo\/image\/"},"sameAs":["https:\/\/www.facebook.com\/profile.php?id=100090786345031","https:\/\/www.instagram.com\/stripper_collection\/"]}]}},"_links":{"self":[{"href":"https:\/\/strippercollection.com\/de\/wp-json\/wp\/v2\/pages\/15090","targetHints":{"allow":["GET"]}}],"collection":[{"href":"https:\/\/strippercollection.com\/de\/wp-json\/wp\/v2\/pages"}],"about":[{"href":"https:\/\/strippercollection.com\/de\/wp-json\/wp\/v2\/types\/page"}],"author":[{"embeddable":true,"href":"https:\/\/strippercollection.com\/de\/wp-json\/wp\/v2\/users\/1"}],"replies":[{"embeddable":true,"href":"https:\/\/strippercollection.com\/de\/wp-json\/wp\/v2\/comments?post=15090"}],"version-history":[{"count":3,"href":"https:\/\/strippercollection.com\/de\/wp-json\/wp\/v2\/pages\/15090\/revisions"}],"predecessor-version":[{"id":38993,"href":"https:\/\/strippercollection.com\/de\/wp-json\/wp\/v2\/pages\/15090\/revisions\/38993"}],"wp:attachment":[{"href":"https:\/\/strippercollection.com\/de\/wp-json\/wp\/v2\/media?parent=15090"}],"curies":[{"name":"wp","href":"https:\/\/api.w.org\/{rel}","templated":true}]}}