{"id":14689,"date":"2023-03-16T11:11:14","date_gmt":"2023-03-16T11:11:14","guid":{"rendered":"https:\/\/strippercollection.com\/jungen-alicante-cristhian\/"},"modified":"2025-11-06T07:41:14","modified_gmt":"2025-11-06T07:41:14","slug":"strippers-alicante-cristhian","status":"publish","type":"page","link":"https:\/\/strippercollection.com\/de\/strippers-alicante-cristhian\/","title":{"rendered":"JUNGEN ALICANTE CRISTHIAN"},"content":{"rendered":"\t\t<div data-elementor-type=\"wp-page\" data-elementor-id=\"14689\" class=\"elementor elementor-14689 elementor-3547\" data-elementor-post-type=\"page\">\n\t\t\t\t\t\t<section class=\"elementor-section elementor-top-section elementor-element elementor-element-9139527 cabeceraweb elementor-section-boxed elementor-section-height-default elementor-section-height-default\" data-id=\"9139527\" data-element_type=\"section\" data-e-type=\"section\">\n\t\t\t\t\t\t<div class=\"elementor-container elementor-column-gap-default\">\n\t\t\t\t\t<div class=\"elementor-column elementor-col-100 elementor-top-column elementor-element elementor-element-4440546\" data-id=\"4440546\" data-element_type=\"column\" data-e-type=\"column\">\n\t\t\t<div class=\"elementor-widget-wrap elementor-element-populated\">\n\t\t\t\t\t\t<div class=\"elementor-element elementor-element-13d05fc elementor-widget elementor-widget-heading\" data-id=\"13d05fc\" data-element_type=\"widget\" data-e-type=\"widget\" data-widget_type=\"heading.default\">\n\t\t\t\t\t<h1 class=\"elementor-heading-title elementor-size-default\">CRISTHIAN<\/h1>\t\t\t\t<\/div>\n\t\t\t\t\t<\/div>\n\t\t<\/div>\n\t\t\t\t\t<\/div>\n\t\t<\/section>\n\t\t\t\t<section class=\"elementor-section elementor-top-section elementor-element elementor-element-75ef17e elementor-section-stretched elementor-section-boxed elementor-section-height-default elementor-section-height-default\" data-id=\"75ef17e\" data-element_type=\"section\" data-e-type=\"section\" data-settings=\"{&quot;stretch_section&quot;:&quot;section-stretched&quot;,&quot;background_background&quot;:&quot;classic&quot;}\">\n\t\t\t\t\t\t<div class=\"elementor-container elementor-column-gap-default\">\n\t\t\t\t\t<div class=\"elementor-column elementor-col-100 elementor-top-column elementor-element elementor-element-af15cac\" data-id=\"af15cac\" data-element_type=\"column\" data-e-type=\"column\">\n\t\t\t<div class=\"elementor-widget-wrap elementor-element-populated\">\n\t\t\t\t\t\t<div class=\"elementor-element elementor-element-0339c1b elementor-pagination-position-outside elementor-widget elementor-widget-image-carousel\" data-id=\"0339c1b\" data-element_type=\"widget\" data-e-type=\"widget\" data-settings=\"{&quot;slides_to_show&quot;:&quot;3&quot;,&quot;slides_to_scroll&quot;:&quot;3&quot;,&quot;navigation&quot;:&quot;dots&quot;,&quot;autoplay&quot;:&quot;no&quot;,&quot;slides_to_show_mobile&quot;:&quot;1&quot;,&quot;infinite&quot;:&quot;yes&quot;,&quot;speed&quot;:500}\" data-widget_type=\"image-carousel.default\">\n\t\t\t\t\t\t\t<div class=\"elementor-image-carousel-wrapper swiper\" role=\"region\" aria-roledescription=\"carousel\" aria-label=\"Carrusel de im\u00e1genes\" dir=\"ltr\">\n\t\t\t<div class=\"elementor-image-carousel swiper-wrapper\" aria-live=\"polite\">\n\t\t\t\t\t\t\t\t<div class=\"swiper-slide\" role=\"group\" aria-roledescription=\"slide\" aria-label=\"1 von 5\"><a data-elementor-open-lightbox=\"yes\" data-elementor-lightbox-slideshow=\"0339c1b\" data-e-action-hash=\"#elementor-action%3Aaction%3Dlightbox%26settings%3DeyJpZCI6MTMwMzMsInVybCI6Imh0dHBzOlwvXC9zdHJpcHBlcmNvbGxlY3Rpb24uY29tXC93cC1jb250ZW50XC91cGxvYWRzXC8yMDIzXC8wM1wvQ3Jpc3RoaWFuLUJveXMtQWxpY2FudGUtZTE2NzkyNjg1MTMxMDkuanBnIiwic2xpZGVzaG93IjoiMDMzOWMxYiJ9\" href=\"https:\/\/strippercollection.com\/wp-content\/uploads\/2023\/03\/Cristhian-Boys-Alicante-e1679268513109.jpg\"><figure class=\"swiper-slide-inner\"><img decoding=\"async\" class=\"swiper-slide-image\" src=\"https:\/\/strippercollection.com\/wp-content\/uploads\/elementor\/thumbs\/Cristhian-Boys-Alicante-e1679268513109-qzq4hrbgh6qwizxpxmdna8w1x25s68kh9g6xpf3mh4.jpg\" alt=\"Cristhian Boys Alicante\" \/><\/figure><\/a><\/div><div class=\"swiper-slide\" role=\"group\" aria-roledescription=\"slide\" aria-label=\"2 von 5\"><a data-elementor-open-lightbox=\"yes\" data-elementor-lightbox-slideshow=\"0339c1b\" data-e-action-hash=\"#elementor-action%3Aaction%3Dlightbox%26settings%3DeyJpZCI6MTMwMjUsInVybCI6Imh0dHBzOlwvXC9zdHJpcHBlcmNvbGxlY3Rpb24uY29tXC93cC1jb250ZW50XC91cGxvYWRzXC8yMDIzXC8wM1wvQ3Jpc3RoaWFuLUJveS1BbGljYW50ZS5qcGciLCJzbGlkZXNob3ciOiIwMzM5YzFiIn0%3D\" href=\"https:\/\/strippercollection.com\/wp-content\/uploads\/2023\/03\/Cristhian-Boy-Alicante.jpg\"><figure class=\"swiper-slide-inner\"><img decoding=\"async\" class=\"swiper-slide-image\" src=\"https:\/\/strippercollection.com\/wp-content\/uploads\/elementor\/thumbs\/Cristhian-Boy-Alicante-q3ptnhz8fz0lycznfx9fh23lnh8djmikxjfu6zv24o.jpg\" alt=\"Cristhian Boy Alicante\" \/><\/figure><\/a><\/div><div class=\"swiper-slide\" role=\"group\" aria-roledescription=\"slide\" aria-label=\"3 von 5\"><a data-elementor-open-lightbox=\"yes\" data-elementor-lightbox-slideshow=\"0339c1b\" data-e-action-hash=\"#elementor-action%3Aaction%3Dlightbox%26settings%3DeyJpZCI6MTMwMjksInVybCI6Imh0dHBzOlwvXC9zdHJpcHBlcmNvbGxlY3Rpb24uY29tXC93cC1jb250ZW50XC91cGxvYWRzXC8yMDIzXC8wM1wvQ3Jpc3RoaWFuLWJveS1zZXh5LmpwZyIsInNsaWRlc2hvdyI6IjAzMzljMWIifQ%3D%3D\" href=\"https:\/\/strippercollection.com\/wp-content\/uploads\/2023\/03\/Cristhian-boy-sexy.jpg\"><figure class=\"swiper-slide-inner\"><img decoding=\"async\" class=\"swiper-slide-image\" src=\"https:\/\/strippercollection.com\/wp-content\/uploads\/elementor\/thumbs\/Cristhian-boy-sexy-qzq4hnk3pulr8k36jkr509u7jiobbg5jwxkzsb9760.jpg\" alt=\"Cristhian boy sexy\" \/><\/figure><\/a><\/div><div class=\"swiper-slide\" role=\"group\" aria-roledescription=\"slide\" aria-label=\"4 von 5\"><a data-elementor-open-lightbox=\"yes\" data-elementor-lightbox-slideshow=\"0339c1b\" data-e-action-hash=\"#elementor-action%3Aaction%3Dlightbox%26settings%3DeyJpZCI6MTMwMjEsInVybCI6Imh0dHBzOlwvXC9zdHJpcHBlcmNvbGxlY3Rpb24uY29tXC93cC1jb250ZW50XC91cGxvYWRzXC8yMDIzXC8wM1wvQ3Jpc3RoaWFuLUFsaWNhbnRlLmpwZyIsInNsaWRlc2hvdyI6IjAzMzljMWIifQ%3D%3D\" href=\"https:\/\/strippercollection.com\/wp-content\/uploads\/2023\/03\/Cristhian-Alicante.jpg\"><figure class=\"swiper-slide-inner\"><img decoding=\"async\" class=\"swiper-slide-image\" src=\"https:\/\/strippercollection.com\/wp-content\/uploads\/elementor\/thumbs\/Cristhian-Alicante-qzq4hgz8e0cqzacqlzwr0thzdtkqtkffk10lfdiydk.jpg\" alt=\"Cristhian Alicante\" \/><\/figure><\/a><\/div><div class=\"swiper-slide\" role=\"group\" aria-roledescription=\"slide\" aria-label=\"5 von 5\"><a data-elementor-open-lightbox=\"yes\" data-elementor-lightbox-slideshow=\"0339c1b\" data-e-action-hash=\"#elementor-action%3Aaction%3Dlightbox%26settings%3DeyJpZCI6MTMwMzcsInVybCI6Imh0dHBzOlwvXC9zdHJpcHBlcmNvbGxlY3Rpb24uY29tXC93cC1jb250ZW50XC91cGxvYWRzXC8yMDIzXC8wM1wvQ3Jpc3RoaWFuLUFsaWNhbnRlLUJveS5qcGciLCJzbGlkZXNob3ciOiIwMzM5YzFiIn0%3D\" href=\"https:\/\/strippercollection.com\/wp-content\/uploads\/2023\/03\/Cristhian-Alicante-Boy.jpg\"><figure class=\"swiper-slide-inner\"><img decoding=\"async\" class=\"swiper-slide-image\" src=\"https:\/\/strippercollection.com\/wp-content\/uploads\/elementor\/thumbs\/Cristhian-Alicante-Boy-qzq4hu4z1ourhttmh5lizq6fp7rvtbvo9u5e58zfyg.jpg\" alt=\"Cristhian Alicante Boy\" \/><\/figure><\/a><\/div>\t\t\t<\/div>\n\t\t\t\t\t\t\t\n\t\t\t\t\t\t\t\t\t<div class=\"swiper-pagination\"><\/div>\n\t\t\t\t\t\t\t\t\t<\/div>\n\t\t\t\t\t\t<\/div>\n\t\t\t\t\t<\/div>\n\t\t<\/div>\n\t\t\t\t\t<\/div>\n\t\t<\/section>\n\t\t\t\t<section class=\"elementor-section elementor-top-section elementor-element elementor-element-0fafb32 elementor-section-boxed elementor-section-height-default elementor-section-height-default\" data-id=\"0fafb32\" data-element_type=\"section\" data-e-type=\"section\">\n\t\t\t\t\t\t<div class=\"elementor-container elementor-column-gap-default\">\n\t\t\t\t\t<div class=\"elementor-column elementor-col-100 elementor-top-column elementor-element elementor-element-a7c5b8f\" data-id=\"a7c5b8f\" data-element_type=\"column\" data-e-type=\"column\">\n\t\t\t<div class=\"elementor-widget-wrap elementor-element-populated\">\n\t\t\t\t\t\t<div class=\"elementor-element elementor-element-8be47a4 elementor-widget elementor-widget-text-editor\" data-id=\"8be47a4\" data-element_type=\"widget\" data-e-type=\"widget\" data-widget_type=\"text-editor.default\">\n\t\t\t\t\t\t\t\t\t<h2><span style=\"text-decoration: underline;\"><span style=\"color: #000000; text-decoration: underline;\">CRISTHIAN<\/span><\/span><\/h2><h4><span style=\"color: #000000;\">Cristhian wird, wie ein guter Wein, jedes Jahr besser.<\/span><\/h4><h4><span style=\"color: #000000;\">Ein gro\u00dfer Profi mit viel Erfahrung und ein Experte f\u00fcr T\u00e4nze verschiedener Stilrichtungen, die Sie \u00fcberraschen und faszinieren werden.<\/span><\/h4><h4><span style=\"color: #000000;\">Er bezeichnet sich selbst als verantwortungsbewusste Person mit einer positiven Einstellung, die nicht z\u00f6gert, bei jeder Veranstaltung alles zu geben, eine Leidenschaft f\u00fcr den Sport hat und sich immer f\u00fcr alles einsetzt, was er tut.<\/span><\/h4><h4><span style=\"color: #000000;\">Die Show des K\u00fcnstlers dauert 15 bis 20 Minuten. Nach der Show bleibt der stripper in der Regel noch eine Weile bei Ihnen, damit Sie ein paar Fotos mit ihm machen k\u00f6nnen.<\/span><\/h4><h2><span style=\"color: #000000;\"><u>UMKLEIDER\u00c4UMEZEIGEN<\/u><\/span><\/h2><h4><span style=\"color: #000000;\">POLIZEI<\/span><\/h4><h4><span style=\"color: #000000;\">CRISTHISCHES GRAU<\/span><\/h4><h4><span style=\"color: #000000;\">MILIT\u00c4R<\/span><\/h4><h4><span style=\"color: #000000;\">GENTLEMAN<\/span><\/h4><h4>\u00a0<\/h4><h4 style=\"text-align: center;\">\u00a0<\/h4>\t\t\t\t\t\t\t\t<\/div>\n\t\t\t\t\t<\/div>\n\t\t<\/div>\n\t\t\t\t\t<\/div>\n\t\t<\/section>\n\t\t\t\t<section class=\"elementor-section elementor-top-section elementor-element elementor-element-72c12c2 elementor-section-boxed elementor-section-height-default elementor-section-height-default\" data-id=\"72c12c2\" data-element_type=\"section\" data-e-type=\"section\">\n\t\t\t\t\t\t<div class=\"elementor-container elementor-column-gap-default\">\n\t\t\t\t\t<div class=\"elementor-column elementor-col-100 elementor-top-column elementor-element elementor-element-88cdd75\" data-id=\"88cdd75\" data-element_type=\"column\" data-e-type=\"column\">\n\t\t\t<div class=\"elementor-widget-wrap elementor-element-populated\">\n\t\t\t\t\t\t<div class=\"elementor-element elementor-element-d1f0785 elementor-align-center elementor-widget elementor-widget-button\" data-id=\"d1f0785\" data-element_type=\"widget\" data-e-type=\"widget\" data-widget_type=\"button.default\">\n\t\t\t\t\t\t\t\t\t\t<a class=\"elementor-button elementor-button-link elementor-size-md\" href=\"https:\/\/strippercollection.com\/de\/buchung-von-kuenstlern-oder-dienstleistungen\/\">\n\t\t\t\t\t\t<span class=\"elementor-button-content-wrapper\">\n\t\t\t\t\t\t\t\t\t<span class=\"elementor-button-text\">KLICKEN SIE HIER UM ZU BUCHEN<\/span>\n\t\t\t\t\t<\/span>\n\t\t\t\t\t<\/a>\n\t\t\t\t\t\t\t\t<\/div>\n\t\t\t\t\t<\/div>\n\t\t<\/div>\n\t\t\t\t\t<\/div>\n\t\t<\/section>\n\t\t\t\t<section class=\"elementor-section elementor-top-section elementor-element elementor-element-13eb29e elementor-section-boxed elementor-section-height-default elementor-section-height-default\" data-id=\"13eb29e\" data-element_type=\"section\" data-e-type=\"section\" data-settings=\"{&quot;background_background&quot;:&quot;classic&quot;}\">\n\t\t\t\t\t\t<div class=\"elementor-container elementor-column-gap-default\">\n\t\t\t\t\t<div class=\"elementor-column elementor-col-100 elementor-top-column elementor-element elementor-element-4728474\" data-id=\"4728474\" data-element_type=\"column\" data-e-type=\"column\">\n\t\t\t<div class=\"elementor-widget-wrap elementor-element-populated\">\n\t\t\t\t\t\t<div class=\"elementor-element elementor-element-01244ca elementor-align-center elementor-widget elementor-widget-button\" data-id=\"01244ca\" data-element_type=\"widget\" data-e-type=\"widget\" data-widget_type=\"button.default\">\n\t\t\t\t\t\t\t\t\t\t<a class=\"elementor-button elementor-button-link elementor-size-md\" href=\"https:\/\/strippercollection.com\/de\/strippers-alicante\/\">\n\t\t\t\t\t\t<span class=\"elementor-button-content-wrapper\">\n\t\t\t\t\t\t\t\t\t<span class=\"elementor-button-text\">ZUR\u00dcCK ZU STRIPPERS ALICANTE<\/span>\n\t\t\t\t\t<\/span>\n\t\t\t\t\t<\/a>\n\t\t\t\t\t\t\t\t<\/div>\n\t\t\t\t\t<\/div>\n\t\t<\/div>\n\t\t\t\t\t<\/div>\n\t\t<\/section>\n\t\t\t\t<\/div>\n\t\t","protected":false},"excerpt":{"rendered":"<p>CRISTHIAN CRISTHIAN Cristhian wird, wie ein guter Wein, jedes Jahr besser. Ein gro\u00dfer Profi mit viel Erfahrung und ein Experte f\u00fcr T\u00e4nze verschiedener Stilrichtungen, die Sie \u00fcberraschen und faszinieren werden. Er bezeichnet sich selbst als verantwortungsbewusste Person mit einer positiven Einstellung, die nicht z\u00f6gert, bei jeder Veranstaltung alles zu geben, eine Leidenschaft f\u00fcr den Sport &#8230; <a title=\"JUNGEN ALICANTE CRISTHIAN\" class=\"read-more\" href=\"https:\/\/strippercollection.com\/de\/strippers-alicante-cristhian\/\" aria-label=\"Mehr Informationen \u00fcber JUNGEN ALICANTE CRISTHIAN\">Weiterlesen<\/a><\/p>\n","protected":false},"author":1,"featured_media":0,"parent":0,"menu_order":0,"comment_status":"closed","ping_status":"closed","template":"elementor_header_footer","meta":{"_monsterinsights_skip_tracking":false,"_monsterinsights_sitenote_active":false,"_monsterinsights_sitenote_note":"","_monsterinsights_sitenote_category":0,"footnotes":""},"class_list":["post-14689","page","type-page","status-publish"],"yoast_head":"<!-- This site is optimized with the Yoast SEO plugin v27.3 - https:\/\/yoast.com\/product\/yoast-seo-wordpress\/ -->\n<title>Strippers Alicante Cristhian f\u00fcr Junggesellinnenabschied<\/title>\n<meta name=\"description\" content=\"Strippers Alicante Cristhian wird, wie ein guter Wein, jedes Jahr besser. Ein gro\u00dfer Profi mit viel Erfahrung und ein Experte f\u00fcr T\u00e4nze...\" \/>\n<meta name=\"robots\" content=\"index, follow, max-snippet:-1, max-image-preview:large, max-video-preview:-1\" \/>\n<link rel=\"canonical\" href=\"https:\/\/strippercollection.com\/de\/strippers-alicante-cristhian\/\" \/>\n<meta property=\"og:locale\" content=\"de_DE\" \/>\n<meta property=\"og:type\" content=\"article\" \/>\n<meta property=\"og:title\" content=\"Strippers Alicante Cristhian f\u00fcr Junggesellinnenabschied\" \/>\n<meta property=\"og:description\" content=\"Strippers Alicante Cristhian wird, wie ein guter Wein, jedes Jahr besser. Ein gro\u00dfer Profi mit viel Erfahrung und ein Experte f\u00fcr T\u00e4nze...\" \/>\n<meta property=\"og:url\" content=\"https:\/\/strippercollection.com\/de\/strippers-alicante-cristhian\/\" \/>\n<meta property=\"og:site_name\" content=\"Stripper Collection\" \/>\n<meta property=\"article:publisher\" content=\"https:\/\/www.facebook.com\/profile.php?id=100090786345031\" \/>\n<meta property=\"article:modified_time\" content=\"2025-11-06T07:41:14+00:00\" \/>\n<meta property=\"og:image\" content=\"https:\/\/strippercollection.com\/wp-content\/uploads\/elementor\/thumbs\/Cristhian-Boys-Alicante-e1679268513109-qzq4hrbgh6qwizxpxmdna8w1x25s68kh9g6xpf3mh4.jpg\" \/>\n<script type=\"application\/ld+json\" class=\"yoast-schema-graph\">{\"@context\":\"https:\\\/\\\/schema.org\",\"@graph\":[{\"@type\":\"WebPage\",\"@id\":\"https:\\\/\\\/strippercollection.com\\\/de\\\/strippers-alicante-cristhian\\\/\",\"url\":\"https:\\\/\\\/strippercollection.com\\\/de\\\/strippers-alicante-cristhian\\\/\",\"name\":\"Strippers Alicante Cristhian f\u00fcr Junggesellinnenabschied\",\"isPartOf\":{\"@id\":\"https:\\\/\\\/strippercollection.com\\\/de\\\/#website\"},\"primaryImageOfPage\":{\"@id\":\"https:\\\/\\\/strippercollection.com\\\/de\\\/strippers-alicante-cristhian\\\/#primaryimage\"},\"image\":{\"@id\":\"https:\\\/\\\/strippercollection.com\\\/de\\\/strippers-alicante-cristhian\\\/#primaryimage\"},\"thumbnailUrl\":\"https:\\\/\\\/strippercollection.com\\\/wp-content\\\/uploads\\\/elementor\\\/thumbs\\\/Cristhian-Boys-Alicante-e1679268513109-qzq4hrbgh6qwizxpxmdna8w1x25s68kh9g6xpf3mh4.jpg\",\"datePublished\":\"2023-03-16T11:11:14+00:00\",\"dateModified\":\"2025-11-06T07:41:14+00:00\",\"description\":\"Strippers Alicante Cristhian wird, wie ein guter Wein, jedes Jahr besser. Ein gro\u00dfer Profi mit viel Erfahrung und ein Experte f\u00fcr T\u00e4nze...\",\"breadcrumb\":{\"@id\":\"https:\\\/\\\/strippercollection.com\\\/de\\\/strippers-alicante-cristhian\\\/#breadcrumb\"},\"inLanguage\":\"de\",\"potentialAction\":[{\"@type\":\"ReadAction\",\"target\":[\"https:\\\/\\\/strippercollection.com\\\/de\\\/strippers-alicante-cristhian\\\/\"]}]},{\"@type\":\"ImageObject\",\"inLanguage\":\"de\",\"@id\":\"https:\\\/\\\/strippercollection.com\\\/de\\\/strippers-alicante-cristhian\\\/#primaryimage\",\"url\":\"https:\\\/\\\/strippercollection.com\\\/wp-content\\\/uploads\\\/elementor\\\/thumbs\\\/Cristhian-Boys-Alicante-e1679268513109-qzq4hrbgh6qwizxpxmdna8w1x25s68kh9g6xpf3mh4.jpg\",\"contentUrl\":\"https:\\\/\\\/strippercollection.com\\\/wp-content\\\/uploads\\\/elementor\\\/thumbs\\\/Cristhian-Boys-Alicante-e1679268513109-qzq4hrbgh6qwizxpxmdna8w1x25s68kh9g6xpf3mh4.jpg\"},{\"@type\":\"BreadcrumbList\",\"@id\":\"https:\\\/\\\/strippercollection.com\\\/de\\\/strippers-alicante-cristhian\\\/#breadcrumb\",\"itemListElement\":[{\"@type\":\"ListItem\",\"position\":1,\"name\":\"Portada\",\"item\":\"https:\\\/\\\/strippercollection.com\\\/de\\\/\"},{\"@type\":\"ListItem\",\"position\":2,\"name\":\"JUNGEN ALICANTE CRISTHIAN\"}]},{\"@type\":\"WebSite\",\"@id\":\"https:\\\/\\\/strippercollection.com\\\/de\\\/#website\",\"url\":\"https:\\\/\\\/strippercollection.com\\\/de\\\/\",\"name\":\"Stripper Collection\",\"description\":\"Organizaci\u00f3n de despedidas de soltera\\\/o y eventos en toda Espa\u00f1a\",\"publisher\":{\"@id\":\"https:\\\/\\\/strippercollection.com\\\/de\\\/#organization\"},\"potentialAction\":[{\"@type\":\"SearchAction\",\"target\":{\"@type\":\"EntryPoint\",\"urlTemplate\":\"https:\\\/\\\/strippercollection.com\\\/de\\\/?s={search_term_string}\"},\"query-input\":{\"@type\":\"PropertyValueSpecification\",\"valueRequired\":true,\"valueName\":\"search_term_string\"}}],\"inLanguage\":\"de\"},{\"@type\":\"Organization\",\"@id\":\"https:\\\/\\\/strippercollection.com\\\/de\\\/#organization\",\"name\":\"Stripper Collection\",\"url\":\"https:\\\/\\\/strippercollection.com\\\/de\\\/\",\"logo\":{\"@type\":\"ImageObject\",\"inLanguage\":\"de\",\"@id\":\"https:\\\/\\\/strippercollection.com\\\/de\\\/#\\\/schema\\\/logo\\\/image\\\/\",\"url\":\"https:\\\/\\\/strippercollection.com\\\/wp-content\\\/uploads\\\/2023\\\/04\\\/STRIPPER-COLLECTION-LOGO-WEB-TRANSPARENTE-EDIT.png\",\"contentUrl\":\"https:\\\/\\\/strippercollection.com\\\/wp-content\\\/uploads\\\/2023\\\/04\\\/STRIPPER-COLLECTION-LOGO-WEB-TRANSPARENTE-EDIT.png\",\"width\":169,\"height\":151,\"caption\":\"Stripper Collection\"},\"image\":{\"@id\":\"https:\\\/\\\/strippercollection.com\\\/de\\\/#\\\/schema\\\/logo\\\/image\\\/\"},\"sameAs\":[\"https:\\\/\\\/www.facebook.com\\\/profile.php?id=100090786345031\",\"https:\\\/\\\/www.instagram.com\\\/stripper_collection\\\/\"]}]}<\/script>\n<!-- \/ Yoast SEO plugin. -->","yoast_head_json":{"title":"Strippers Alicante Cristhian f\u00fcr Junggesellinnenabschied","description":"Strippers Alicante Cristhian wird, wie ein guter Wein, jedes Jahr besser. Ein gro\u00dfer Profi mit viel Erfahrung und ein Experte f\u00fcr T\u00e4nze...","robots":{"index":"index","follow":"follow","max-snippet":"max-snippet:-1","max-image-preview":"max-image-preview:large","max-video-preview":"max-video-preview:-1"},"canonical":"https:\/\/strippercollection.com\/de\/strippers-alicante-cristhian\/","og_locale":"de_DE","og_type":"article","og_title":"Strippers Alicante Cristhian f\u00fcr Junggesellinnenabschied","og_description":"Strippers Alicante Cristhian wird, wie ein guter Wein, jedes Jahr besser. Ein gro\u00dfer Profi mit viel Erfahrung und ein Experte f\u00fcr T\u00e4nze...","og_url":"https:\/\/strippercollection.com\/de\/strippers-alicante-cristhian\/","og_site_name":"Stripper Collection","article_publisher":"https:\/\/www.facebook.com\/profile.php?id=100090786345031","article_modified_time":"2025-11-06T07:41:14+00:00","og_image":[{"url":"https:\/\/strippercollection.com\/wp-content\/uploads\/elementor\/thumbs\/Cristhian-Boys-Alicante-e1679268513109-qzq4hrbgh6qwizxpxmdna8w1x25s68kh9g6xpf3mh4.jpg","type":"","width":"","height":""}],"schema":{"@context":"https:\/\/schema.org","@graph":[{"@type":"WebPage","@id":"https:\/\/strippercollection.com\/de\/strippers-alicante-cristhian\/","url":"https:\/\/strippercollection.com\/de\/strippers-alicante-cristhian\/","name":"Strippers Alicante Cristhian f\u00fcr Junggesellinnenabschied","isPartOf":{"@id":"https:\/\/strippercollection.com\/de\/#website"},"primaryImageOfPage":{"@id":"https:\/\/strippercollection.com\/de\/strippers-alicante-cristhian\/#primaryimage"},"image":{"@id":"https:\/\/strippercollection.com\/de\/strippers-alicante-cristhian\/#primaryimage"},"thumbnailUrl":"https:\/\/strippercollection.com\/wp-content\/uploads\/elementor\/thumbs\/Cristhian-Boys-Alicante-e1679268513109-qzq4hrbgh6qwizxpxmdna8w1x25s68kh9g6xpf3mh4.jpg","datePublished":"2023-03-16T11:11:14+00:00","dateModified":"2025-11-06T07:41:14+00:00","description":"Strippers Alicante Cristhian wird, wie ein guter Wein, jedes Jahr besser. Ein gro\u00dfer Profi mit viel Erfahrung und ein Experte f\u00fcr T\u00e4nze...","breadcrumb":{"@id":"https:\/\/strippercollection.com\/de\/strippers-alicante-cristhian\/#breadcrumb"},"inLanguage":"de","potentialAction":[{"@type":"ReadAction","target":["https:\/\/strippercollection.com\/de\/strippers-alicante-cristhian\/"]}]},{"@type":"ImageObject","inLanguage":"de","@id":"https:\/\/strippercollection.com\/de\/strippers-alicante-cristhian\/#primaryimage","url":"https:\/\/strippercollection.com\/wp-content\/uploads\/elementor\/thumbs\/Cristhian-Boys-Alicante-e1679268513109-qzq4hrbgh6qwizxpxmdna8w1x25s68kh9g6xpf3mh4.jpg","contentUrl":"https:\/\/strippercollection.com\/wp-content\/uploads\/elementor\/thumbs\/Cristhian-Boys-Alicante-e1679268513109-qzq4hrbgh6qwizxpxmdna8w1x25s68kh9g6xpf3mh4.jpg"},{"@type":"BreadcrumbList","@id":"https:\/\/strippercollection.com\/de\/strippers-alicante-cristhian\/#breadcrumb","itemListElement":[{"@type":"ListItem","position":1,"name":"Portada","item":"https:\/\/strippercollection.com\/de\/"},{"@type":"ListItem","position":2,"name":"JUNGEN ALICANTE CRISTHIAN"}]},{"@type":"WebSite","@id":"https:\/\/strippercollection.com\/de\/#website","url":"https:\/\/strippercollection.com\/de\/","name":"Stripper Collection","description":"Organizaci\u00f3n de despedidas de soltera\/o y eventos en toda Espa\u00f1a","publisher":{"@id":"https:\/\/strippercollection.com\/de\/#organization"},"potentialAction":[{"@type":"SearchAction","target":{"@type":"EntryPoint","urlTemplate":"https:\/\/strippercollection.com\/de\/?s={search_term_string}"},"query-input":{"@type":"PropertyValueSpecification","valueRequired":true,"valueName":"search_term_string"}}],"inLanguage":"de"},{"@type":"Organization","@id":"https:\/\/strippercollection.com\/de\/#organization","name":"Stripper Collection","url":"https:\/\/strippercollection.com\/de\/","logo":{"@type":"ImageObject","inLanguage":"de","@id":"https:\/\/strippercollection.com\/de\/#\/schema\/logo\/image\/","url":"https:\/\/strippercollection.com\/wp-content\/uploads\/2023\/04\/STRIPPER-COLLECTION-LOGO-WEB-TRANSPARENTE-EDIT.png","contentUrl":"https:\/\/strippercollection.com\/wp-content\/uploads\/2023\/04\/STRIPPER-COLLECTION-LOGO-WEB-TRANSPARENTE-EDIT.png","width":169,"height":151,"caption":"Stripper Collection"},"image":{"@id":"https:\/\/strippercollection.com\/de\/#\/schema\/logo\/image\/"},"sameAs":["https:\/\/www.facebook.com\/profile.php?id=100090786345031","https:\/\/www.instagram.com\/stripper_collection\/"]}]}},"_links":{"self":[{"href":"https:\/\/strippercollection.com\/de\/wp-json\/wp\/v2\/pages\/14689","targetHints":{"allow":["GET"]}}],"collection":[{"href":"https:\/\/strippercollection.com\/de\/wp-json\/wp\/v2\/pages"}],"about":[{"href":"https:\/\/strippercollection.com\/de\/wp-json\/wp\/v2\/types\/page"}],"author":[{"embeddable":true,"href":"https:\/\/strippercollection.com\/de\/wp-json\/wp\/v2\/users\/1"}],"replies":[{"embeddable":true,"href":"https:\/\/strippercollection.com\/de\/wp-json\/wp\/v2\/comments?post=14689"}],"version-history":[{"count":3,"href":"https:\/\/strippercollection.com\/de\/wp-json\/wp\/v2\/pages\/14689\/revisions"}],"predecessor-version":[{"id":38851,"href":"https:\/\/strippercollection.com\/de\/wp-json\/wp\/v2\/pages\/14689\/revisions\/38851"}],"wp:attachment":[{"href":"https:\/\/strippercollection.com\/de\/wp-json\/wp\/v2\/media?parent=14689"}],"curies":[{"name":"wp","href":"https:\/\/api.w.org\/{rel}","templated":true}]}}